{"id":123,"date":"2018-06-29T12:57:03","date_gmt":"2018-06-29T12:57:03","guid":{"rendered":"https:\/\/villapelangi.nl\/?page_id=123"},"modified":"2022-02-25T11:50:08","modified_gmt":"2022-02-25T10:50:08","slug":"haus-in-bali-mieten","status":"publish","type":"page","link":"https:\/\/villapelangi.nl\/de\/haus-in-bali-mieten\/","title":{"rendered":"Haus in Bali mieten"},"content":{"rendered":"<p><span class=\"tlid-translation translation\" lang=\"de\"><span class=\"\" title=\"\">Direkt am Meer \/ Haus in Bali mieten<br \/>\n<\/span><\/span><\/p>\n<h2><span id=\"result_box\" class=\"short_text\" lang=\"de\"><span class=\"\">Haus in Bali mieten<\/span><\/span> \/ lage<\/h2>\n<h3><strong>Phantastische Lage, Sonne, Meer und der Strand von Bali vor der Haust\u00fcr<\/strong><\/h3>\n<p>In unmittelbarer Strandn\u00e4he mit atemberaubendem Blick auf das Meer.<br \/>\nDie Villa, das G\u00e4stehaus, der Garten und das Schwimmbad befinden sich auf einem Privatgrundst\u00fcck. Sodass Sie nicht von anderen Urlaubern gest\u00f6rt werden.<br \/>\nAuf der R\u00fcckseite geht Ihr Blick \u00fcber die Reisfelder und Weing\u00e4rten zu den Bergen des Bratansees.<\/p>\n<h4><strong>Tr\u00e4umen in dieser Ferienvilla auf Bali<\/strong><\/h4>\n<p>Beispielsweise auf der \u00fcberdachten Terrasse mit Blick auf das Schwimmbad und das balinesische Meer.<br \/>\n<a href=\"https:\/\/villapelangi.nl\/wp-content\/uploads\/2018\/07\/welkom2.jpg\"><img loading=\"lazy\" decoding=\"async\" class=\"alignnone wp-image-457\" title=\"Haus in Bali mieten\" src=\"https:\/\/villapelangi.nl\/wp-content\/uploads\/2018\/07\/welkom2-300x203.jpg\" alt=\"Haus in Bali mieten\" width=\"274\" height=\"185\" srcset=\"https:\/\/villapelangi.nl\/wp-content\/uploads\/2018\/07\/welkom2-300x203.jpg 300w, https:\/\/villapelangi.nl\/wp-content\/uploads\/2018\/07\/welkom2-768x519.jpg 768w, https:\/\/villapelangi.nl\/wp-content\/uploads\/2018\/07\/welkom2-1024x691.jpg 1024w\" sizes=\"auto, (max-width: 274px) 100vw, 274px\" \/><\/a> <a href=\"https:\/\/villapelangi.nl\/wp-content\/uploads\/2018\/07\/Villa-Pelangi-hoofd-foto-1.jpg\"><img loading=\"lazy\" decoding=\"async\" class=\"alignnone wp-image-455\" title=\"Haus in Bali mieten\" src=\"https:\/\/villapelangi.nl\/wp-content\/uploads\/2018\/07\/Villa-Pelangi-hoofd-foto-1-300x164.jpg\" alt=\"Haus in Bali mieten\" width=\"338\" height=\"185\" srcset=\"https:\/\/villapelangi.nl\/wp-content\/uploads\/2018\/07\/Villa-Pelangi-hoofd-foto-1-300x164.jpg 300w, https:\/\/villapelangi.nl\/wp-content\/uploads\/2018\/07\/Villa-Pelangi-hoofd-foto-1-768x420.jpg 768w, https:\/\/villapelangi.nl\/wp-content\/uploads\/2018\/07\/Villa-Pelangi-hoofd-foto-1-1024x560.jpg 1024w\" sizes=\"auto, (max-width: 338px) 100vw, 338px\" \/><\/a> <a href=\"https:\/\/villapelangi.nl\/wp-content\/uploads\/2018\/07\/Villa-Pelangi-Bali-1.jpg\"><img loading=\"lazy\" decoding=\"async\" class=\"alignnone wp-image-448\" title=\"Haus in Bali mieten\" src=\"https:\/\/villapelangi.nl\/wp-content\/uploads\/2018\/07\/Villa-Pelangi-Bali-1-300x225.jpg\" alt=\"Haus in Bali mieten\" width=\"247\" height=\"185\" srcset=\"https:\/\/villapelangi.nl\/wp-content\/uploads\/2018\/07\/Villa-Pelangi-Bali-1-300x225.jpg 300w, https:\/\/villapelangi.nl\/wp-content\/uploads\/2018\/07\/Villa-Pelangi-Bali-1-768x576.jpg 768w, https:\/\/villapelangi.nl\/wp-content\/uploads\/2018\/07\/Villa-Pelangi-Bali-1-1024x768.jpg 1024w, https:\/\/villapelangi.nl\/wp-content\/uploads\/2018\/07\/Villa-Pelangi-Bali-1.jpg 2007w\" sizes=\"auto, (max-width: 247px) 100vw, 247px\" \/><\/a><br \/>\nHaus in Bali mieten.<br \/>\nAuf der \u00fcberdachten Terrasse warten eine Essecke f\u00fcr 8 Personen und einige Sessel auf Sie.<br \/>\nWenige hundert Meter vor der K\u00fcste liegt ein Riff, in dem Sie herrlich schnorcheln und tauchen k\u00f6nnen.<br \/>\nRund um das Schwimmbad finden Sie auf dem Pooldeck 8 Sonnenliegen und 4 Sonnenschirme.<\/p>\n<p>Auch auf dem sogenannten Bali benoug k\u00f6nnen Sie bei einer erfrischenden Brise herrlich entspannen.<\/p>\n<p><span id=\"result_box\" class=\"short_text\" lang=\"de\"><span class=\"hps\">Hier unten sehen sie,<\/span><span class=\"hps\">\u00a0bei der Roten Ballon \/ gr\u00fcne<\/span>\u00a0<span class=\"hps\">Flagge<\/span>\u00a0wo der villa\u00a0<span class=\"hps\">steht. Entfernung zum Zentrum von Lovina 10km, Entfernung zum Zentrum von Seririt 1.5km.<br \/>\nUnsere Adresse Jalan Samudra V6 \/ Sulanyah \/ Seririt \/ Lovina \/ Bali 81153 Indonesi\u00eb<br \/>\n<span class=\"VIiyi\" lang=\"de\"><span class=\"JLqJ4b ChMk0b\" data-language-for-alternatives=\"de\" data-language-to-translate-into=\"nl\" data-phrase-index=\"0\" data-number-of-phrases=\"1\">Pr\u00fcfen Sie <a href=\"https:\/\/villapelangi.nl\/de\/strandurlaubes-auf-bali\/\" target=\"_blank\" rel=\"noopener\">hier<\/a>, ob die Villa noch verf\u00fcgbar ist.<\/span><\/span><br \/>\n<\/span><\/span><\/p>\n<p><img loading=\"lazy\" decoding=\"async\" class=\"size-full wp-image-1964 alignnone\" src=\"https:\/\/villapelangi.nl\/wp-content\/uploads\/2018\/08\/location-3-1.jpg\" alt=\"\" width=\"452\" height=\"450\" srcset=\"https:\/\/villapelangi.nl\/wp-content\/uploads\/2018\/08\/location-3-1.jpg 452w, https:\/\/villapelangi.nl\/wp-content\/uploads\/2018\/08\/location-3-1-150x150.jpg 150w, https:\/\/villapelangi.nl\/wp-content\/uploads\/2018\/08\/location-3-1-300x300.jpg 300w\" sizes=\"auto, (max-width: 452px) 100vw, 452px\" \/><\/p>\n<div class=\"contact-map\">\n<div id=\"gmap_canvas\"><\/div>\n<\/div>\n","protected":false},"excerpt":{"rendered":"<p>Direkt am Meer \/ Haus in Bali mieten Haus in Bali mieten \/ lage Phantastische Lage, Sonne, Meer und der Strand von Bali vor der Haust\u00fcr In unmittelbarer Strandn\u00e4he mit atemberaubendem Blick auf das Meer. Die Villa, das G\u00e4stehaus, der Garten und das Schwimmbad befinden sich auf einem Privatgrundst\u00fcck. Sodass Sie nicht von anderen Urlaubern [&hellip;]<\/p>\n","protected":false},"author":2,"featured_media":0,"parent":0,"menu_order":0,"comment_status":"closed","ping_status":"closed","template":"template-contact.php","meta":{"_acf_changed":false,"_exactmetrics_skip_tracking":false,"_exactmetrics_sitenote_active":false,"_exactmetrics_sitenote_note":"","_exactmetrics_sitenote_category":0,"footnotes":""},"class_list":["post-123","page","type-page","status-publish","hentry"],"acf":[],"yoast_head":"<!-- This site is optimized with the Yoast SEO plugin v27.3 - https:\/\/yoast.com\/product\/yoast-seo-wordpress\/ -->\n<title>Haus in Bali mieten | Villa Pelangi | Bali Luxusstrandhaus am Meer<\/title>\n<meta name=\"description\" content=\"Haus in Bali mieten. Villa Bali Beach House am Strand mit privatem Pool auf einem privaten Grundstuck. Einschlie\u00dflich Personal.\" \/>\n<meta name=\"robots\" content=\"index, follow, max-snippet:-1, max-image-preview:large, max-video-preview:-1\" \/>\n<link rel=\"canonical\" href=\"https:\/\/villapelangi.nl\/de\/haus-in-bali-mieten\/\" \/>\n<meta property=\"og:locale\" content=\"de_DE\" \/>\n<meta property=\"og:type\" content=\"article\" \/>\n<meta property=\"og:title\" content=\"Haus in Bali mieten | Villa Pelangi | Bali Luxusstrandhaus am Meer\" \/>\n<meta property=\"og:description\" content=\"Haus in Bali mieten. Villa Bali Beach House am Strand mit privatem Pool auf einem privaten Grundstuck. Einschlie\u00dflich Personal.\" \/>\n<meta property=\"og:url\" content=\"https:\/\/villapelangi.nl\/de\/haus-in-bali-mieten\/\" \/>\n<meta property=\"og:site_name\" content=\"Villa Pelangi | Bali\" \/>\n<meta property=\"article:modified_time\" content=\"2022-02-25T10:50:08+00:00\" \/>\n<meta property=\"og:image\" content=\"https:\/\/villapelangi.nl\/wp-content\/uploads\/2018\/07\/welkom2-300x203.jpg\" \/>\n<meta name=\"twitter:card\" content=\"summary_large_image\" \/>\n<meta name=\"twitter:label1\" content=\"Gesch\u00e4tzte Lesezeit\" \/>\n\t<meta name=\"twitter:data1\" content=\"2 minutes\" \/>\n<script type=\"application\/ld+json\" class=\"yoast-schema-graph\">{\"@context\":\"https:\\\/\\\/schema.org\",\"@graph\":[{\"@type\":\"WebPage\",\"@id\":\"https:\\\/\\\/villapelangi.nl\\\/de\\\/haus-in-bali-mieten\\\/\",\"url\":\"https:\\\/\\\/villapelangi.nl\\\/de\\\/haus-in-bali-mieten\\\/\",\"name\":\"Haus in Bali mieten | Villa Pelangi | Bali Luxusstrandhaus am Meer\",\"isPartOf\":{\"@id\":\"https:\\\/\\\/villapelangi.nl\\\/#website\"},\"primaryImageOfPage\":{\"@id\":\"https:\\\/\\\/villapelangi.nl\\\/de\\\/haus-in-bali-mieten\\\/#primaryimage\"},\"image\":{\"@id\":\"https:\\\/\\\/villapelangi.nl\\\/de\\\/haus-in-bali-mieten\\\/#primaryimage\"},\"thumbnailUrl\":\"https:\\\/\\\/villapelangi.nl\\\/wp-content\\\/uploads\\\/2018\\\/07\\\/welkom2-300x203.jpg\",\"datePublished\":\"2018-06-29T12:57:03+00:00\",\"dateModified\":\"2022-02-25T10:50:08+00:00\",\"description\":\"Haus in Bali mieten. Villa Bali Beach House am Strand mit privatem Pool auf einem privaten Grundstuck. Einschlie\u00dflich Personal.\",\"breadcrumb\":{\"@id\":\"https:\\\/\\\/villapelangi.nl\\\/de\\\/haus-in-bali-mieten\\\/#breadcrumb\"},\"inLanguage\":\"de-DE\",\"potentialAction\":[{\"@type\":\"ReadAction\",\"target\":[\"https:\\\/\\\/villapelangi.nl\\\/de\\\/haus-in-bali-mieten\\\/\"]}]},{\"@type\":\"ImageObject\",\"inLanguage\":\"de-DE\",\"@id\":\"https:\\\/\\\/villapelangi.nl\\\/de\\\/haus-in-bali-mieten\\\/#primaryimage\",\"url\":\"https:\\\/\\\/villapelangi.nl\\\/wp-content\\\/uploads\\\/2018\\\/07\\\/welkom2-300x203.jpg\",\"contentUrl\":\"https:\\\/\\\/villapelangi.nl\\\/wp-content\\\/uploads\\\/2018\\\/07\\\/welkom2-300x203.jpg\"},{\"@type\":\"BreadcrumbList\",\"@id\":\"https:\\\/\\\/villapelangi.nl\\\/de\\\/haus-in-bali-mieten\\\/#breadcrumb\",\"itemListElement\":[{\"@type\":\"ListItem\",\"position\":1,\"name\":\"Home\",\"item\":\"https:\\\/\\\/villapelangi.nl\\\/de\\\/\"},{\"@type\":\"ListItem\",\"position\":2,\"name\":\"Haus in Bali mieten\"}]},{\"@type\":\"WebSite\",\"@id\":\"https:\\\/\\\/villapelangi.nl\\\/#website\",\"url\":\"https:\\\/\\\/villapelangi.nl\\\/\",\"name\":\"Villa Pelangi | Bali\",\"description\":\"verhuur vakantie huis op Bali\",\"potentialAction\":[{\"@type\":\"SearchAction\",\"target\":{\"@type\":\"EntryPoint\",\"urlTemplate\":\"https:\\\/\\\/villapelangi.nl\\\/?s={search_term_string}\"},\"query-input\":{\"@type\":\"PropertyValueSpecification\",\"valueRequired\":true,\"valueName\":\"search_term_string\"}}],\"inLanguage\":\"de-DE\"}]}<\/script>\n<!-- \/ Yoast SEO plugin. -->","yoast_head_json":{"title":"Haus in Bali mieten | Villa Pelangi | Bali Luxusstrandhaus am Meer","description":"Haus in Bali mieten. Villa Bali Beach House am Strand mit privatem Pool auf einem privaten Grundstuck. Einschlie\u00dflich Personal.","robots":{"index":"index","follow":"follow","max-snippet":"max-snippet:-1","max-image-preview":"max-image-preview:large","max-video-preview":"max-video-preview:-1"},"canonical":"https:\/\/villapelangi.nl\/de\/haus-in-bali-mieten\/","og_locale":"de_DE","og_type":"article","og_title":"Haus in Bali mieten | Villa Pelangi | Bali Luxusstrandhaus am Meer","og_description":"Haus in Bali mieten. Villa Bali Beach House am Strand mit privatem Pool auf einem privaten Grundstuck. Einschlie\u00dflich Personal.","og_url":"https:\/\/villapelangi.nl\/de\/haus-in-bali-mieten\/","og_site_name":"Villa Pelangi | Bali","article_modified_time":"2022-02-25T10:50:08+00:00","og_image":[{"url":"https:\/\/villapelangi.nl\/wp-content\/uploads\/2018\/07\/welkom2-300x203.jpg","type":"","width":"","height":""}],"twitter_card":"summary_large_image","twitter_misc":{"Gesch\u00e4tzte Lesezeit":"2 minutes"},"schema":{"@context":"https:\/\/schema.org","@graph":[{"@type":"WebPage","@id":"https:\/\/villapelangi.nl\/de\/haus-in-bali-mieten\/","url":"https:\/\/villapelangi.nl\/de\/haus-in-bali-mieten\/","name":"Haus in Bali mieten | Villa Pelangi | Bali Luxusstrandhaus am Meer","isPartOf":{"@id":"https:\/\/villapelangi.nl\/#website"},"primaryImageOfPage":{"@id":"https:\/\/villapelangi.nl\/de\/haus-in-bali-mieten\/#primaryimage"},"image":{"@id":"https:\/\/villapelangi.nl\/de\/haus-in-bali-mieten\/#primaryimage"},"thumbnailUrl":"https:\/\/villapelangi.nl\/wp-content\/uploads\/2018\/07\/welkom2-300x203.jpg","datePublished":"2018-06-29T12:57:03+00:00","dateModified":"2022-02-25T10:50:08+00:00","description":"Haus in Bali mieten. Villa Bali Beach House am Strand mit privatem Pool auf einem privaten Grundstuck. Einschlie\u00dflich Personal.","breadcrumb":{"@id":"https:\/\/villapelangi.nl\/de\/haus-in-bali-mieten\/#breadcrumb"},"inLanguage":"de-DE","potentialAction":[{"@type":"ReadAction","target":["https:\/\/villapelangi.nl\/de\/haus-in-bali-mieten\/"]}]},{"@type":"ImageObject","inLanguage":"de-DE","@id":"https:\/\/villapelangi.nl\/de\/haus-in-bali-mieten\/#primaryimage","url":"https:\/\/villapelangi.nl\/wp-content\/uploads\/2018\/07\/welkom2-300x203.jpg","contentUrl":"https:\/\/villapelangi.nl\/wp-content\/uploads\/2018\/07\/welkom2-300x203.jpg"},{"@type":"BreadcrumbList","@id":"https:\/\/villapelangi.nl\/de\/haus-in-bali-mieten\/#breadcrumb","itemListElement":[{"@type":"ListItem","position":1,"name":"Home","item":"https:\/\/villapelangi.nl\/de\/"},{"@type":"ListItem","position":2,"name":"Haus in Bali mieten"}]},{"@type":"WebSite","@id":"https:\/\/villapelangi.nl\/#website","url":"https:\/\/villapelangi.nl\/","name":"Villa Pelangi | Bali","description":"verhuur vakantie huis op Bali","potentialAction":[{"@type":"SearchAction","target":{"@type":"EntryPoint","urlTemplate":"https:\/\/villapelangi.nl\/?s={search_term_string}"},"query-input":{"@type":"PropertyValueSpecification","valueRequired":true,"valueName":"search_term_string"}}],"inLanguage":"de-DE"}]}},"_links":{"self":[{"href":"https:\/\/villapelangi.nl\/de\/wp-json\/wp\/v2\/pages\/123","targetHints":{"allow":["GET"]}}],"collection":[{"href":"https:\/\/villapelangi.nl\/de\/wp-json\/wp\/v2\/pages"}],"about":[{"href":"https:\/\/villapelangi.nl\/de\/wp-json\/wp\/v2\/types\/page"}],"author":[{"embeddable":true,"href":"https:\/\/villapelangi.nl\/de\/wp-json\/wp\/v2\/users\/2"}],"replies":[{"embeddable":true,"href":"https:\/\/villapelangi.nl\/de\/wp-json\/wp\/v2\/comments?post=123"}],"version-history":[{"count":17,"href":"https:\/\/villapelangi.nl\/de\/wp-json\/wp\/v2\/pages\/123\/revisions"}],"predecessor-version":[{"id":9151,"href":"https:\/\/villapelangi.nl\/de\/wp-json\/wp\/v2\/pages\/123\/revisions\/9151"}],"wp:attachment":[{"href":"https:\/\/villapelangi.nl\/de\/wp-json\/wp\/v2\/media?parent=123"}],"curies":[{"name":"wp","href":"https:\/\/api.w.org\/{rel}","templated":true}]}}