{"id":131,"date":"2018-06-29T12:59:47","date_gmt":"2018-06-29T12:59:47","guid":{"rendered":"https:\/\/villapelangi.nl\/?page_id=131"},"modified":"2022-02-25T12:00:21","modified_gmt":"2022-02-25T11:00:21","slug":"strandvilla-auf-bali-mieten","status":"publish","type":"page","link":"https:\/\/villapelangi.nl\/de\/strandvilla-auf-bali-mieten\/","title":{"rendered":"Strandvilla auf Bali mieten"},"content":{"rendered":"<p>Grundriss villa auf Bali \/ Strandvilla auf Bali mieten<\/p>\n<h2>Luxusstrandvilla mit privatem Schwimmbad \/ Strandvilla auf Bali mieten<\/h2>\n<p>Villa Pelangi Bali auf einem 2.100 m2 gro\u00dfen Grundst\u00fcck.<\/p>\n<p><a href=\"https:\/\/villapelangi.nl\/wp-content\/uploads\/2018\/07\/platte-grond-villa-1.jpg\"><img loading=\"lazy\" decoding=\"async\" class=\"alignnone wp-image-442\" title=\"Strandvilla auf Bali mieten\" src=\"https:\/\/villapelangi.nl\/wp-content\/uploads\/2018\/07\/platte-grond-villa-1-e1534149810841.jpg\" alt=\"Strandvilla auf Bali mieten\" width=\"620\" height=\"444\" srcset=\"https:\/\/villapelangi.nl\/wp-content\/uploads\/2018\/07\/platte-grond-villa-1-e1534149810841.jpg 567w, https:\/\/villapelangi.nl\/wp-content\/uploads\/2018\/07\/platte-grond-villa-1-e1534149810841-300x215.jpg 300w\" sizes=\"auto, (max-width: 620px) 100vw, 620px\" \/><\/a><\/p>\n<p><a href=\"https:\/\/villapelangi.nl\/wp-content\/uploads\/2018\/07\/platte-grond-villa-2-.jpg\"><img loading=\"lazy\" decoding=\"async\" class=\"alignnone wp-image-443 size-full\" title=\"Strandvilla auf Bali mieten\" src=\"https:\/\/villapelangi.nl\/wp-content\/uploads\/2018\/07\/platte-grond-villa-2-.jpg\" alt=\"Strandvilla auf Bali mieten\" width=\"695\" height=\"619\" srcset=\"https:\/\/villapelangi.nl\/wp-content\/uploads\/2018\/07\/platte-grond-villa-2-.jpg 695w, https:\/\/villapelangi.nl\/wp-content\/uploads\/2018\/07\/platte-grond-villa-2--300x267.jpg 300w\" sizes=\"auto, (max-width: 695px) 100vw, 695px\" \/><\/a><\/p>\n<p><a href=\"https:\/\/villapelangi.nl\/wp-content\/uploads\/2018\/07\/platte-grond-villa-4.jpg\"><img loading=\"lazy\" decoding=\"async\" class=\"alignnone wp-image-445 size-large\" title=\"Strandvilla auf Bali mieten\" src=\"https:\/\/villapelangi.nl\/wp-content\/uploads\/2018\/07\/platte-grond-villa-4-1024x567.jpg\" alt=\"Strandvilla auf Bali mieten\" width=\"1024\" height=\"567\" srcset=\"https:\/\/villapelangi.nl\/wp-content\/uploads\/2018\/07\/platte-grond-villa-4-1024x567.jpg 1024w, https:\/\/villapelangi.nl\/wp-content\/uploads\/2018\/07\/platte-grond-villa-4-300x166.jpg 300w, https:\/\/villapelangi.nl\/wp-content\/uploads\/2018\/07\/platte-grond-villa-4-768x425.jpg 768w, https:\/\/villapelangi.nl\/wp-content\/uploads\/2018\/07\/platte-grond-villa-4.jpg 1111w\" sizes=\"auto, (max-width: 1024px) 100vw, 1024px\" \/><\/a><\/p>\n<p><a href=\"https:\/\/villapelangi.nl\/wp-content\/uploads\/2018\/07\/platte-grond-villa-3.jpg\"><img loading=\"lazy\" decoding=\"async\" class=\"alignnone wp-image-444 size-full\" title=\"Luxusstrandvilla mit privatem Schwimmbad\" src=\"https:\/\/villapelangi.nl\/wp-content\/uploads\/2018\/07\/platte-grond-villa-3.jpg\" alt=\"Luxusstrandvilla mit privatem Schwimmbad\" width=\"693\" height=\"608\" srcset=\"https:\/\/villapelangi.nl\/wp-content\/uploads\/2018\/07\/platte-grond-villa-3.jpg 693w, https:\/\/villapelangi.nl\/wp-content\/uploads\/2018\/07\/platte-grond-villa-3-300x263.jpg 300w\" sizes=\"auto, (max-width: 693px) 100vw, 693px\" \/><\/a><\/p>\n<p><span class=\"VIiyi\" lang=\"de\"><span class=\"JLqJ4b ChMk0b\" data-language-for-alternatives=\"de\" data-language-to-translate-into=\"nl\" data-phrase-index=\"0\" data-number-of-phrases=\"1\">Klicken Sie <a href=\"https:\/\/villapelangi.nl\/de\/preise-ferienwohnung-auf-bali\/\" target=\"_blank\" rel=\"noopener\">hier<\/a> f\u00fcr die Preise der Villa.<\/span><\/span><\/p>\n","protected":false},"excerpt":{"rendered":"<p>Grundriss villa auf Bali \/ Strandvilla auf Bali mieten Luxusstrandvilla mit privatem Schwimmbad \/ Strandvilla auf Bali mieten Villa Pelangi Bali auf einem 2.100 m2 gro\u00dfen Grundst\u00fcck. Klicken Sie hier f\u00fcr die Preise der Villa.<\/p>\n","protected":false},"author":2,"featured_media":0,"parent":0,"menu_order":0,"comment_status":"closed","ping_status":"closed","template":"","meta":{"_acf_changed":false,"_exactmetrics_skip_tracking":false,"_exactmetrics_sitenote_active":false,"_exactmetrics_sitenote_note":"","_exactmetrics_sitenote_category":0,"footnotes":""},"class_list":["post-131","page","type-page","status-publish","hentry"],"acf":[],"yoast_head":"<!-- This site is optimized with the Yoast SEO plugin v27.3 - https:\/\/yoast.com\/product\/yoast-seo-wordpress\/ -->\n<title>Strandvilla auf Bali mieten | Villa Pelangi | mit privatem Pool<\/title>\n<meta name=\"description\" content=\"Strandvilla auf Bali mieten. Luxus-Ferienvilla mit privatem Pool auf einem 2.100 m2 Grundstuck. Sechs Tagen pro Woche Personal f\u00fcr Sie.\" \/>\n<meta name=\"robots\" content=\"index, follow, max-snippet:-1, max-image-preview:large, max-video-preview:-1\" \/>\n<link rel=\"canonical\" href=\"https:\/\/villapelangi.nl\/de\/strandvilla-auf-bali-mieten\/\" \/>\n<meta property=\"og:locale\" content=\"de_DE\" \/>\n<meta property=\"og:type\" content=\"article\" \/>\n<meta property=\"og:title\" content=\"Strandvilla auf Bali mieten | Villa Pelangi | mit privatem Pool\" \/>\n<meta property=\"og:description\" content=\"Strandvilla auf Bali mieten. Luxus-Ferienvilla mit privatem Pool auf einem 2.100 m2 Grundstuck. Sechs Tagen pro Woche Personal f\u00fcr Sie.\" \/>\n<meta property=\"og:url\" content=\"https:\/\/villapelangi.nl\/de\/strandvilla-auf-bali-mieten\/\" \/>\n<meta property=\"og:site_name\" content=\"Villa Pelangi | Bali\" \/>\n<meta property=\"article:modified_time\" content=\"2022-02-25T11:00:21+00:00\" \/>\n<meta property=\"og:image\" content=\"https:\/\/villapelangi.nl\/wp-content\/uploads\/2018\/07\/platte-grond-villa-1-e1534149810841.jpg\" \/>\n<meta name=\"twitter:card\" content=\"summary_large_image\" \/>\n<meta name=\"twitter:label1\" content=\"Gesch\u00e4tzte Lesezeit\" \/>\n\t<meta name=\"twitter:data1\" content=\"1 minute\" \/>\n<script type=\"application\/ld+json\" class=\"yoast-schema-graph\">{\"@context\":\"https:\\\/\\\/schema.org\",\"@graph\":[{\"@type\":\"WebPage\",\"@id\":\"https:\\\/\\\/villapelangi.nl\\\/de\\\/strandvilla-auf-bali-mieten\\\/\",\"url\":\"https:\\\/\\\/villapelangi.nl\\\/de\\\/strandvilla-auf-bali-mieten\\\/\",\"name\":\"Strandvilla auf Bali mieten | Villa Pelangi | mit privatem Pool\",\"isPartOf\":{\"@id\":\"https:\\\/\\\/villapelangi.nl\\\/#website\"},\"primaryImageOfPage\":{\"@id\":\"https:\\\/\\\/villapelangi.nl\\\/de\\\/strandvilla-auf-bali-mieten\\\/#primaryimage\"},\"image\":{\"@id\":\"https:\\\/\\\/villapelangi.nl\\\/de\\\/strandvilla-auf-bali-mieten\\\/#primaryimage\"},\"thumbnailUrl\":\"https:\\\/\\\/villapelangi.nl\\\/wp-content\\\/uploads\\\/2018\\\/07\\\/platte-grond-villa-1-e1534149810841.jpg\",\"datePublished\":\"2018-06-29T12:59:47+00:00\",\"dateModified\":\"2022-02-25T11:00:21+00:00\",\"description\":\"Strandvilla auf Bali mieten. Luxus-Ferienvilla mit privatem Pool auf einem 2.100 m2 Grundstuck. Sechs Tagen pro Woche Personal f\u00fcr Sie.\",\"breadcrumb\":{\"@id\":\"https:\\\/\\\/villapelangi.nl\\\/de\\\/strandvilla-auf-bali-mieten\\\/#breadcrumb\"},\"inLanguage\":\"de-DE\",\"potentialAction\":[{\"@type\":\"ReadAction\",\"target\":[\"https:\\\/\\\/villapelangi.nl\\\/de\\\/strandvilla-auf-bali-mieten\\\/\"]}]},{\"@type\":\"ImageObject\",\"inLanguage\":\"de-DE\",\"@id\":\"https:\\\/\\\/villapelangi.nl\\\/de\\\/strandvilla-auf-bali-mieten\\\/#primaryimage\",\"url\":\"https:\\\/\\\/villapelangi.nl\\\/wp-content\\\/uploads\\\/2018\\\/07\\\/platte-grond-villa-1-e1534149810841.jpg\",\"contentUrl\":\"https:\\\/\\\/villapelangi.nl\\\/wp-content\\\/uploads\\\/2018\\\/07\\\/platte-grond-villa-1-e1534149810841.jpg\"},{\"@type\":\"BreadcrumbList\",\"@id\":\"https:\\\/\\\/villapelangi.nl\\\/de\\\/strandvilla-auf-bali-mieten\\\/#breadcrumb\",\"itemListElement\":[{\"@type\":\"ListItem\",\"position\":1,\"name\":\"Home\",\"item\":\"https:\\\/\\\/villapelangi.nl\\\/de\\\/\"},{\"@type\":\"ListItem\",\"position\":2,\"name\":\"Strandvilla auf Bali mieten\"}]},{\"@type\":\"WebSite\",\"@id\":\"https:\\\/\\\/villapelangi.nl\\\/#website\",\"url\":\"https:\\\/\\\/villapelangi.nl\\\/\",\"name\":\"Villa Pelangi | Bali\",\"description\":\"verhuur vakantie huis op Bali\",\"potentialAction\":[{\"@type\":\"SearchAction\",\"target\":{\"@type\":\"EntryPoint\",\"urlTemplate\":\"https:\\\/\\\/villapelangi.nl\\\/?s={search_term_string}\"},\"query-input\":{\"@type\":\"PropertyValueSpecification\",\"valueRequired\":true,\"valueName\":\"search_term_string\"}}],\"inLanguage\":\"de-DE\"}]}<\/script>\n<!-- \/ Yoast SEO plugin. -->","yoast_head_json":{"title":"Strandvilla auf Bali mieten | Villa Pelangi | mit privatem Pool","description":"Strandvilla auf Bali mieten. Luxus-Ferienvilla mit privatem Pool auf einem 2.100 m2 Grundstuck. Sechs Tagen pro Woche Personal f\u00fcr Sie.","robots":{"index":"index","follow":"follow","max-snippet":"max-snippet:-1","max-image-preview":"max-image-preview:large","max-video-preview":"max-video-preview:-1"},"canonical":"https:\/\/villapelangi.nl\/de\/strandvilla-auf-bali-mieten\/","og_locale":"de_DE","og_type":"article","og_title":"Strandvilla auf Bali mieten | Villa Pelangi | mit privatem Pool","og_description":"Strandvilla auf Bali mieten. Luxus-Ferienvilla mit privatem Pool auf einem 2.100 m2 Grundstuck. Sechs Tagen pro Woche Personal f\u00fcr Sie.","og_url":"https:\/\/villapelangi.nl\/de\/strandvilla-auf-bali-mieten\/","og_site_name":"Villa Pelangi | Bali","article_modified_time":"2022-02-25T11:00:21+00:00","og_image":[{"url":"https:\/\/villapelangi.nl\/wp-content\/uploads\/2018\/07\/platte-grond-villa-1-e1534149810841.jpg","type":"","width":"","height":""}],"twitter_card":"summary_large_image","twitter_misc":{"Gesch\u00e4tzte Lesezeit":"1 minute"},"schema":{"@context":"https:\/\/schema.org","@graph":[{"@type":"WebPage","@id":"https:\/\/villapelangi.nl\/de\/strandvilla-auf-bali-mieten\/","url":"https:\/\/villapelangi.nl\/de\/strandvilla-auf-bali-mieten\/","name":"Strandvilla auf Bali mieten | Villa Pelangi | mit privatem Pool","isPartOf":{"@id":"https:\/\/villapelangi.nl\/#website"},"primaryImageOfPage":{"@id":"https:\/\/villapelangi.nl\/de\/strandvilla-auf-bali-mieten\/#primaryimage"},"image":{"@id":"https:\/\/villapelangi.nl\/de\/strandvilla-auf-bali-mieten\/#primaryimage"},"thumbnailUrl":"https:\/\/villapelangi.nl\/wp-content\/uploads\/2018\/07\/platte-grond-villa-1-e1534149810841.jpg","datePublished":"2018-06-29T12:59:47+00:00","dateModified":"2022-02-25T11:00:21+00:00","description":"Strandvilla auf Bali mieten. Luxus-Ferienvilla mit privatem Pool auf einem 2.100 m2 Grundstuck. Sechs Tagen pro Woche Personal f\u00fcr Sie.","breadcrumb":{"@id":"https:\/\/villapelangi.nl\/de\/strandvilla-auf-bali-mieten\/#breadcrumb"},"inLanguage":"de-DE","potentialAction":[{"@type":"ReadAction","target":["https:\/\/villapelangi.nl\/de\/strandvilla-auf-bali-mieten\/"]}]},{"@type":"ImageObject","inLanguage":"de-DE","@id":"https:\/\/villapelangi.nl\/de\/strandvilla-auf-bali-mieten\/#primaryimage","url":"https:\/\/villapelangi.nl\/wp-content\/uploads\/2018\/07\/platte-grond-villa-1-e1534149810841.jpg","contentUrl":"https:\/\/villapelangi.nl\/wp-content\/uploads\/2018\/07\/platte-grond-villa-1-e1534149810841.jpg"},{"@type":"BreadcrumbList","@id":"https:\/\/villapelangi.nl\/de\/strandvilla-auf-bali-mieten\/#breadcrumb","itemListElement":[{"@type":"ListItem","position":1,"name":"Home","item":"https:\/\/villapelangi.nl\/de\/"},{"@type":"ListItem","position":2,"name":"Strandvilla auf Bali mieten"}]},{"@type":"WebSite","@id":"https:\/\/villapelangi.nl\/#website","url":"https:\/\/villapelangi.nl\/","name":"Villa Pelangi | Bali","description":"verhuur vakantie huis op Bali","potentialAction":[{"@type":"SearchAction","target":{"@type":"EntryPoint","urlTemplate":"https:\/\/villapelangi.nl\/?s={search_term_string}"},"query-input":{"@type":"PropertyValueSpecification","valueRequired":true,"valueName":"search_term_string"}}],"inLanguage":"de-DE"}]}},"_links":{"self":[{"href":"https:\/\/villapelangi.nl\/de\/wp-json\/wp\/v2\/pages\/131","targetHints":{"allow":["GET"]}}],"collection":[{"href":"https:\/\/villapelangi.nl\/de\/wp-json\/wp\/v2\/pages"}],"about":[{"href":"https:\/\/villapelangi.nl\/de\/wp-json\/wp\/v2\/types\/page"}],"author":[{"embeddable":true,"href":"https:\/\/villapelangi.nl\/de\/wp-json\/wp\/v2\/users\/2"}],"replies":[{"embeddable":true,"href":"https:\/\/villapelangi.nl\/de\/wp-json\/wp\/v2\/comments?post=131"}],"version-history":[{"count":8,"href":"https:\/\/villapelangi.nl\/de\/wp-json\/wp\/v2\/pages\/131\/revisions"}],"predecessor-version":[{"id":9153,"href":"https:\/\/villapelangi.nl\/de\/wp-json\/wp\/v2\/pages\/131\/revisions\/9153"}],"wp:attachment":[{"href":"https:\/\/villapelangi.nl\/de\/wp-json\/wp\/v2\/media?parent=131"}],"curies":[{"name":"wp","href":"https:\/\/api.w.org\/{rel}","templated":true}]}}