{"id":138,"date":"2018-06-29T13:03:36","date_gmt":"2018-06-29T13:03:36","guid":{"rendered":"https:\/\/villapelangi.nl\/?page_id=138"},"modified":"2022-03-18T09:46:45","modified_gmt":"2022-03-18T08:46:45","slug":"ferienwohnung-bali-mieten","status":"publish","type":"page","link":"https:\/\/villapelangi.nl\/de\/ferienwohnung-bali-mieten\/","title":{"rendered":"FerienWohnung Bali mieten"},"content":{"rendered":"<p>FerienWohnung Bali mieten \/ <span class=\"VIiyi\" lang=\"de\"><span class=\"JLqJ4b ChMk0b\" data-language-for-alternatives=\"de\" data-language-to-translate-into=\"nl\" data-phrase-index=\"0\" data-number-of-phrases=\"1\">Luxus und Komfort<\/span><\/span><\/p>\n<h2><strong>Service und Personal \/ FerienWohnung Bali mieten<br \/>\n<\/strong><\/h2>\n<p>An sechs Tagen pro Woche kocht, w\u00e4scht und putzt unser Personal f\u00fcr Sie. <em><span style=\"text-decoration: underline;\"><span class=\"VIiyi\" lang=\"de\"><span class=\"JLqJ4b ChMk0b\" data-language-for-alternatives=\"de\" data-language-to-translate-into=\"nl\" data-phrase-index=\"0\" data-number-of-phrases=\"1\">(unser Personal ist vollst\u00e4ndig geimpft inkl. Auffrischimpfung)<\/span><\/span>\u00a0<\/span><\/em><\/p>\n<table style=\"height: 291px;\" border=\"0\" width=\"314\" align=\"right\">\n<tbody>\n<tr>\n<td colspan=\"5\" align=\"center\"><a href=\"https:\/\/villapelangi.nl\/wp-content\/uploads\/2018\/07\/faciliteiten.jpg\"><img loading=\"lazy\" decoding=\"async\" class=\"alignnone wp-image-430 size-medium\" title=\"FerienWohnung Bali mieten\" src=\"https:\/\/villapelangi.nl\/wp-content\/uploads\/2018\/07\/faciliteiten-300x225.jpg\" alt=\"FerienWohnung Bali mieten\" width=\"300\" height=\"225\" srcset=\"https:\/\/villapelangi.nl\/wp-content\/uploads\/2018\/07\/faciliteiten-300x225.jpg 300w, https:\/\/villapelangi.nl\/wp-content\/uploads\/2018\/07\/faciliteiten-768x576.jpg 768w, https:\/\/villapelangi.nl\/wp-content\/uploads\/2018\/07\/faciliteiten.jpg 1024w\" sizes=\"auto, (max-width: 300px) 100vw, 300px\" \/><\/a><\/td>\n<\/tr>\n<tr>\n<td><\/td>\n<td><\/td>\n<td><\/td>\n<td><\/td>\n<td><\/td>\n<\/tr>\n<\/tbody>\n<\/table>\n<p>Eventuell \u00fcbernimmt unser Personal auch die Eink\u00e4ufe f\u00fcr Sie, die Sie allerdings selbst zahlen m\u00fcssen. Die Preise auf Bali sind sehr niedrig. Auch das Schwimmbad und der Garten werden an sechs Tagen pro Woche gepflegt.<\/p>\n<h3><strong>Sicherheit<\/strong><\/h3>\n<p>Die Villa verf\u00fcgt \u00fcber einen eigenen Sicherheitsposten, der abends und nachts bemannt ist, damit Sie beruhigt schlafen k\u00f6nnen.<\/p>\n<h4><strong>Chauffeur<\/strong><\/h4>\n<p>FerienWohnung Bali mieten.<br \/>\nAuf Wunsch k\u00f6nnen wir f\u00fcr einen Chauffeur sorgen, der Sie vom Flughafen zur Villa bringt (Pick-up-Service). Die Fahrzeit betr\u00e4gt ungef\u00e4hr 2,5-3,5 Stunden. Der Chauffeur wird am Ausgang des Flughafens mit einem Schild mit Ihrem Namen auf Sie warten. Die Kosten f\u00fcr den Chauffeursdienst betragen ungef\u00e4hr 650.000 Rupien pro Auto ( je nach Wechselkurs ca. 45,00-50,00 Euro). Diese Kosten m\u00fcssen Sie selbst tragen. <span id=\"result_box\" class=\"\" lang=\"de\"><span class=\"\">Klicken Sie <span style=\"text-decoration: underline;\"><strong><a href=\"https:\/\/villapelangi.nl\/de\/taxi-flughafen-bali\/\" target=\"_blank\" rel=\"noopener\">hier<\/a><\/strong><\/span> f\u00fcr eine \u00dcbersicht der Kosten und Fahrzeugoptionen<\/span><\/span><\/p>\n<p>Diese(n) Chauffeur(e) k\u00f6nnen Sie auch f\u00fcr Tagesausfl\u00fcge mieten. Sie zeigen Ihnen die sch\u00f6nsten Orte auf Bali. Sie k\u00f6nnen dies vor Ort mit dem\/ den Chauffeur(en) regeln. Wir raten Ihnen, wenn Sie keine Erfahrung haben, aufgrund des Linksverkehrs und des hohen Verkehrsaufkommens davon ab, selbst zu fahren, insbesondere im verkehrsreichen S\u00fcden von Bali.<\/p>\n<h5><strong>Helpdesk<\/strong><\/h5>\n<p>Dar\u00fcber hinaus verf\u00fcgen wir \u00fcber ein Helpdesk, an das Sie sich mit Fragen \u00fcber die Villa wenden k\u00f6nnen, beispielsweise wenn etwas kaputt geht. Alle Informationen finden Sie in der Infomappe in der Villa.<\/p>\n<h6><strong>Infomappe<\/strong><\/h6>\n<p>In dieser Mappe finden Sie praktische Informationen \u00fcber die Villa und die n\u00e4here Umgebung, die Telefonnummer des Chauffeurs, des Arztes und des Helpdesk sowie viele weitere n\u00fctzliche Informationen.<\/p>\n","protected":false},"excerpt":{"rendered":"<p>FerienWohnung Bali mieten \/ Luxus und Komfort Service und Personal \/ FerienWohnung Bali mieten An sechs Tagen pro Woche kocht, w\u00e4scht und putzt unser Personal f\u00fcr Sie. (unser Personal ist vollst\u00e4ndig geimpft inkl. Auffrischimpfung)\u00a0 Eventuell \u00fcbernimmt unser Personal auch die Eink\u00e4ufe f\u00fcr Sie, die Sie allerdings selbst zahlen m\u00fcssen. Die Preise auf Bali sind sehr [&hellip;]<\/p>\n","protected":false},"author":2,"featured_media":0,"parent":0,"menu_order":0,"comment_status":"closed","ping_status":"closed","template":"","meta":{"_acf_changed":false,"_exactmetrics_skip_tracking":false,"_exactmetrics_sitenote_active":false,"_exactmetrics_sitenote_note":"","_exactmetrics_sitenote_category":0,"footnotes":""},"class_list":["post-138","page","type-page","status-publish","hentry"],"acf":[],"yoast_head":"<!-- This site is optimized with the Yoast SEO plugin v27.4 - https:\/\/yoast.com\/product\/yoast-seo-wordpress\/ -->\n<title>FerienWohnung Bali mieten | Villa Pelangi | Service und Personal<\/title>\n<meta name=\"description\" content=\"FerienWohnung Bali mieten. Mit Service und Personal , die kochen fur Sie, und machen sauber. Verf\u00fcgt \u00fcber einen eigenen Sicherheitsposten\" \/>\n<meta name=\"robots\" content=\"index, follow, max-snippet:-1, max-image-preview:large, max-video-preview:-1\" \/>\n<link rel=\"canonical\" href=\"https:\/\/villapelangi.nl\/de\/ferienwohnung-bali-mieten\/\" \/>\n<meta property=\"og:locale\" content=\"de_DE\" \/>\n<meta property=\"og:type\" content=\"article\" \/>\n<meta property=\"og:title\" content=\"FerienWohnung Bali mieten | Villa Pelangi | Service und Personal\" \/>\n<meta property=\"og:description\" content=\"FerienWohnung Bali mieten. Mit Service und Personal , die kochen fur Sie, und machen sauber. Verf\u00fcgt \u00fcber einen eigenen Sicherheitsposten\" \/>\n<meta property=\"og:url\" content=\"https:\/\/villapelangi.nl\/de\/ferienwohnung-bali-mieten\/\" \/>\n<meta property=\"og:site_name\" content=\"Villa Pelangi | Bali\" \/>\n<meta property=\"article:modified_time\" content=\"2022-03-18T08:46:45+00:00\" \/>\n<meta property=\"og:image\" content=\"https:\/\/villapelangi.nl\/wp-content\/uploads\/2018\/07\/faciliteiten-300x225.jpg\" \/>\n<meta name=\"twitter:card\" content=\"summary_large_image\" \/>\n<meta name=\"twitter:label1\" content=\"Gesch\u00e4tzte Lesezeit\" \/>\n\t<meta name=\"twitter:data1\" content=\"2 minutes\" \/>\n<script type=\"application\/ld+json\" class=\"yoast-schema-graph\">{\"@context\":\"https:\\\/\\\/schema.org\",\"@graph\":[{\"@type\":\"WebPage\",\"@id\":\"https:\\\/\\\/villapelangi.nl\\\/de\\\/ferienwohnung-bali-mieten\\\/\",\"url\":\"https:\\\/\\\/villapelangi.nl\\\/de\\\/ferienwohnung-bali-mieten\\\/\",\"name\":\"FerienWohnung Bali mieten | Villa Pelangi | Service und Personal\",\"isPartOf\":{\"@id\":\"https:\\\/\\\/villapelangi.nl\\\/#website\"},\"primaryImageOfPage\":{\"@id\":\"https:\\\/\\\/villapelangi.nl\\\/de\\\/ferienwohnung-bali-mieten\\\/#primaryimage\"},\"image\":{\"@id\":\"https:\\\/\\\/villapelangi.nl\\\/de\\\/ferienwohnung-bali-mieten\\\/#primaryimage\"},\"thumbnailUrl\":\"https:\\\/\\\/villapelangi.nl\\\/wp-content\\\/uploads\\\/2018\\\/07\\\/faciliteiten-300x225.jpg\",\"datePublished\":\"2018-06-29T13:03:36+00:00\",\"dateModified\":\"2022-03-18T08:46:45+00:00\",\"description\":\"FerienWohnung Bali mieten. Mit Service und Personal , die kochen fur Sie, und machen sauber. Verf\u00fcgt \u00fcber einen eigenen Sicherheitsposten\",\"breadcrumb\":{\"@id\":\"https:\\\/\\\/villapelangi.nl\\\/de\\\/ferienwohnung-bali-mieten\\\/#breadcrumb\"},\"inLanguage\":\"de-DE\",\"potentialAction\":[{\"@type\":\"ReadAction\",\"target\":[\"https:\\\/\\\/villapelangi.nl\\\/de\\\/ferienwohnung-bali-mieten\\\/\"]}]},{\"@type\":\"ImageObject\",\"inLanguage\":\"de-DE\",\"@id\":\"https:\\\/\\\/villapelangi.nl\\\/de\\\/ferienwohnung-bali-mieten\\\/#primaryimage\",\"url\":\"https:\\\/\\\/villapelangi.nl\\\/wp-content\\\/uploads\\\/2018\\\/07\\\/faciliteiten-300x225.jpg\",\"contentUrl\":\"https:\\\/\\\/villapelangi.nl\\\/wp-content\\\/uploads\\\/2018\\\/07\\\/faciliteiten-300x225.jpg\"},{\"@type\":\"BreadcrumbList\",\"@id\":\"https:\\\/\\\/villapelangi.nl\\\/de\\\/ferienwohnung-bali-mieten\\\/#breadcrumb\",\"itemListElement\":[{\"@type\":\"ListItem\",\"position\":1,\"name\":\"Home\",\"item\":\"https:\\\/\\\/villapelangi.nl\\\/de\\\/\"},{\"@type\":\"ListItem\",\"position\":2,\"name\":\"FerienWohnung Bali mieten\"}]},{\"@type\":\"WebSite\",\"@id\":\"https:\\\/\\\/villapelangi.nl\\\/#website\",\"url\":\"https:\\\/\\\/villapelangi.nl\\\/\",\"name\":\"Villa Pelangi | Bali\",\"description\":\"verhuur vakantie huis op Bali\",\"potentialAction\":[{\"@type\":\"SearchAction\",\"target\":{\"@type\":\"EntryPoint\",\"urlTemplate\":\"https:\\\/\\\/villapelangi.nl\\\/?s={search_term_string}\"},\"query-input\":{\"@type\":\"PropertyValueSpecification\",\"valueRequired\":true,\"valueName\":\"search_term_string\"}}],\"inLanguage\":\"de-DE\"}]}<\/script>\n<!-- \/ Yoast SEO plugin. -->","yoast_head_json":{"title":"FerienWohnung Bali mieten | Villa Pelangi | Service und Personal","description":"FerienWohnung Bali mieten. Mit Service und Personal , die kochen fur Sie, und machen sauber. Verf\u00fcgt \u00fcber einen eigenen Sicherheitsposten","robots":{"index":"index","follow":"follow","max-snippet":"max-snippet:-1","max-image-preview":"max-image-preview:large","max-video-preview":"max-video-preview:-1"},"canonical":"https:\/\/villapelangi.nl\/de\/ferienwohnung-bali-mieten\/","og_locale":"de_DE","og_type":"article","og_title":"FerienWohnung Bali mieten | Villa Pelangi | Service und Personal","og_description":"FerienWohnung Bali mieten. Mit Service und Personal , die kochen fur Sie, und machen sauber. Verf\u00fcgt \u00fcber einen eigenen Sicherheitsposten","og_url":"https:\/\/villapelangi.nl\/de\/ferienwohnung-bali-mieten\/","og_site_name":"Villa Pelangi | Bali","article_modified_time":"2022-03-18T08:46:45+00:00","og_image":[{"url":"https:\/\/villapelangi.nl\/wp-content\/uploads\/2018\/07\/faciliteiten-300x225.jpg","type":"","width":"","height":""}],"twitter_card":"summary_large_image","twitter_misc":{"Gesch\u00e4tzte Lesezeit":"2 minutes"},"schema":{"@context":"https:\/\/schema.org","@graph":[{"@type":"WebPage","@id":"https:\/\/villapelangi.nl\/de\/ferienwohnung-bali-mieten\/","url":"https:\/\/villapelangi.nl\/de\/ferienwohnung-bali-mieten\/","name":"FerienWohnung Bali mieten | Villa Pelangi | Service und Personal","isPartOf":{"@id":"https:\/\/villapelangi.nl\/#website"},"primaryImageOfPage":{"@id":"https:\/\/villapelangi.nl\/de\/ferienwohnung-bali-mieten\/#primaryimage"},"image":{"@id":"https:\/\/villapelangi.nl\/de\/ferienwohnung-bali-mieten\/#primaryimage"},"thumbnailUrl":"https:\/\/villapelangi.nl\/wp-content\/uploads\/2018\/07\/faciliteiten-300x225.jpg","datePublished":"2018-06-29T13:03:36+00:00","dateModified":"2022-03-18T08:46:45+00:00","description":"FerienWohnung Bali mieten. Mit Service und Personal , die kochen fur Sie, und machen sauber. Verf\u00fcgt \u00fcber einen eigenen Sicherheitsposten","breadcrumb":{"@id":"https:\/\/villapelangi.nl\/de\/ferienwohnung-bali-mieten\/#breadcrumb"},"inLanguage":"de-DE","potentialAction":[{"@type":"ReadAction","target":["https:\/\/villapelangi.nl\/de\/ferienwohnung-bali-mieten\/"]}]},{"@type":"ImageObject","inLanguage":"de-DE","@id":"https:\/\/villapelangi.nl\/de\/ferienwohnung-bali-mieten\/#primaryimage","url":"https:\/\/villapelangi.nl\/wp-content\/uploads\/2018\/07\/faciliteiten-300x225.jpg","contentUrl":"https:\/\/villapelangi.nl\/wp-content\/uploads\/2018\/07\/faciliteiten-300x225.jpg"},{"@type":"BreadcrumbList","@id":"https:\/\/villapelangi.nl\/de\/ferienwohnung-bali-mieten\/#breadcrumb","itemListElement":[{"@type":"ListItem","position":1,"name":"Home","item":"https:\/\/villapelangi.nl\/de\/"},{"@type":"ListItem","position":2,"name":"FerienWohnung Bali mieten"}]},{"@type":"WebSite","@id":"https:\/\/villapelangi.nl\/#website","url":"https:\/\/villapelangi.nl\/","name":"Villa Pelangi | Bali","description":"verhuur vakantie huis op Bali","potentialAction":[{"@type":"SearchAction","target":{"@type":"EntryPoint","urlTemplate":"https:\/\/villapelangi.nl\/?s={search_term_string}"},"query-input":{"@type":"PropertyValueSpecification","valueRequired":true,"valueName":"search_term_string"}}],"inLanguage":"de-DE"}]}},"_links":{"self":[{"href":"https:\/\/villapelangi.nl\/de\/wp-json\/wp\/v2\/pages\/138","targetHints":{"allow":["GET"]}}],"collection":[{"href":"https:\/\/villapelangi.nl\/de\/wp-json\/wp\/v2\/pages"}],"about":[{"href":"https:\/\/villapelangi.nl\/de\/wp-json\/wp\/v2\/types\/page"}],"author":[{"embeddable":true,"href":"https:\/\/villapelangi.nl\/de\/wp-json\/wp\/v2\/users\/2"}],"replies":[{"embeddable":true,"href":"https:\/\/villapelangi.nl\/de\/wp-json\/wp\/v2\/comments?post=138"}],"version-history":[{"count":11,"href":"https:\/\/villapelangi.nl\/de\/wp-json\/wp\/v2\/pages\/138\/revisions"}],"predecessor-version":[{"id":9421,"href":"https:\/\/villapelangi.nl\/de\/wp-json\/wp\/v2\/pages\/138\/revisions\/9421"}],"wp:attachment":[{"href":"https:\/\/villapelangi.nl\/de\/wp-json\/wp\/v2\/media?parent=138"}],"curies":[{"name":"wp","href":"https:\/\/api.w.org\/{rel}","templated":true}]}}