{"id":1890,"date":"2018-08-13T13:51:39","date_gmt":"2018-08-13T13:51:39","guid":{"rendered":"https:\/\/villapelangi.nl\/transfer-luchthaven-villa-pelangi\/"},"modified":"2024-07-03T05:47:54","modified_gmt":"2024-07-03T04:47:54","slug":"taxi-flughafen-bali","status":"publish","type":"page","link":"https:\/\/villapelangi.nl\/de\/taxi-flughafen-bali\/","title":{"rendered":"Taxi Flughafen Bali"},"content":{"rendered":"<p>Taxi Bali \/ Taxi Flughafen Bali<\/p>\n<h2><span class=\"tlid-translation translation\"><span class=\"\" title=\"\">Preise \/ Bedingungen Transport \/ Tagesausfl\u00fcge \/ Taxi Flughafen Bali<br \/>\n<\/span><\/span><\/h2>\n<p><span class=\"VIiyi\" lang=\"de\"><span class=\"JLqJ4b\" data-language-for-alternatives=\"de\" data-language-to-translate-into=\"en\" data-phrase-index=\"0\" data-number-of-phrases=\"1\">Preise \/ Gesch\u00e4ftsbedingungen Transport \/ Tagesausfl\u00fcge von oder nach Villa Pelangi <\/span><\/span><\/p>\n<p><span class=\"VIiyi\" lang=\"de\"><span class=\"JLqJ4b\" data-language-for-alternatives=\"de\" data-language-to-translate-into=\"en\" data-phrase-index=\"0\" data-number-of-phrases=\"1\">Wenn Sie also auf unserer Website gelesen haben, k\u00f6nnen wir den Transfer zur Villa oder zur\u00fcck zum Flughafen oder zu einem Hotel f\u00fcr Sie arrangieren. Seit Kurzem bieten wir Ihnen die M\u00f6glichkeit, (falls verf\u00fcgbar) aus mehreren Fahrzeugen auszuw\u00e4hlen, siehe Tabelle. Wir haben auch angegeben, dass die endg\u00fcltige Kapazit\u00e4t von der Menge und der Gr\u00f6\u00dfe des Gep\u00e4cks abh\u00e4ngt, also denken Sie daran. Wenn es nicht alles passt, k\u00f6nnen die Fahrer am Flughafen ein zus\u00e4tzliches Auto mit Fahrer arrangieren. Der Ratschlag ist, dass eine Person Ihrer Gruppe mit diesem Fahrer zusammen reisen sollte, da es auch jemand sein k\u00f6nnte, den wir nicht kennen wissen!<br \/>\n<\/span><\/span><\/p>\n<p><span class=\"VIiyi\" lang=\"de\"><span class=\"JLqJ4b\" data-language-for-alternatives=\"de\" data-language-to-translate-into=\"en\" data-phrase-index=\"0\" data-number-of-phrases=\"1\"><strong>BITTE BEACHTEN SIE!:<\/strong> Wir arrangieren nur den Transfer f\u00fcr Sie, Zahlungen erfolgen immer au\u00dferhalb von uns, direkt an den\/die Fahrer bei Ankunft an Ihrem Zielort. Sie k\u00f6nnen den\/die Fahrer nur bar bezahlen, denken Sie also daran, dass Sie bei Ihrer Ankunft in der Villa ausreichend Bargeld haben. Die nachstehenden Preise basieren auf einer Fahrt vom Flughafen zur Villa oder einem Tagesausflug mit einer Dauer von 8 Stunden.<\/span><\/span><\/p>\n<p><span class=\"VIiyi\" lang=\"de\"><span class=\"JLqJ4b ChMk0b\" data-language-for-alternatives=\"de\" data-language-to-translate-into=\"en\" data-phrase-index=\"0\" data-number-of-phrases=\"1\">Die nachstehenden Preise basieren auf einer Fahrt vom Flughafen zur Villa oder einem Tagesausflug mit einer Dauer von 8 Stunden.<\/span><\/span><\/p>\n<table style=\"height: 146px; width: 68.6871%;\" border=\"1\" width=\"702\" cellspacing=\"1\" cellpadding=\"1\" align=\"left\">\n<tbody>\n<tr style=\"height: 24px;\">\n<td style=\"width: 96.5833px; height: 24px; text-align: center;\"><strong>Type<\/strong><\/td>\n<td style=\"width: 166.8px; height: 24px; text-align: center;\"><strong>Capicity of people<\/strong><\/td>\n<td style=\"width: 171.317px; height: 24px; text-align: center;\"><strong>Capicity of people<\/strong><\/td>\n<td style=\"width: 126.3px; height: 24px; text-align: center;\"><strong>All in price<\/strong><\/td>\n<\/tr>\n<tr style=\"height: 24px;\">\n<td style=\"width: 96.5833px; height: 24px; text-align: center;\"><strong>vehicle<\/strong><\/td>\n<td style=\"width: 166.8px; height: 24px; text-align: center;\"><strong>without luggage<br \/>\n<\/strong><\/td>\n<td style=\"width: 171.317px; height: 24px; text-align: center;\"><strong>within luggage<br \/>\n<\/strong><\/td>\n<td style=\"width: 126.3px; height: 24px; text-align: center;\"><strong>in Indonesische<\/strong><\/td>\n<\/tr>\n<tr style=\"height: 24px;\">\n<td style=\"width: 96.5833px; height: 24px;\"><\/td>\n<td style=\"width: 166.8px; height: 24px; text-align: center;\"><strong>including driver<br \/>\n<\/strong><\/td>\n<td style=\"width: 171.317px; height: 24px; text-align: center;\"><strong>including driver<\/strong><\/td>\n<td style=\"width: 126.3px; height: 24px; text-align: center;\"><strong>Roepia<\/strong><\/td>\n<\/tr>\n<tr style=\"height: 24px;\">\n<td style=\"width: 96.5833px; height: 37px; text-align: center;\">Car<\/td>\n<td style=\"width: 166.8px; height: 37px;\">\u00a0\u00a0\u00a0\u00a0\u00a0\u00a0\u00a0\u00a0\u00a0\u00a0\u00a0\u00a0\u00a0\u00a0\u00a0\u00a0\u00a0\u00a0\u00a0\u00a0\u00a0\u00a0 7<\/td>\n<td style=\"width: 171.317px; height: 37px;\">\u00a0\u00a0\u00a0\u00a0\u00a0\u00a0\u00a0\u00a0\u00a0\u00a0\u00a0\u00a0\u00a0\u00a0\u00a0\u00a0\u00a0\u00a0\u00a0\u00a0 5<\/td>\n<td style=\"width: 126.3px; height: 37px;\">\u00a0\u00a0\u00a0\u00a0\u00a0\u00a0\u00a0\u00a0\u00a0\u00a0 750.000<\/td>\n<\/tr>\n<tr style=\"height: 24px;\">\n<td style=\"width: 96.5833px; height: 24px; text-align: center;\"><\/td>\n<td style=\"width: 166.8px; height: 24px;\"><\/td>\n<td style=\"width: 171.317px; height: 24px;\"><\/td>\n<td style=\"width: 126.3px; height: 24px;\"><\/td>\n<\/tr>\n<tr style=\"height: 48px;\">\n<td style=\"width: 96.5833px; height: 13px; text-align: center;\">Bus \/ medium<\/td>\n<td style=\"width: 166.8px; height: 13px;\">\u00a0\u00a0\u00a0\u00a0\u00a0\u00a0\u00a0\u00a0\u00a0\u00a0\u00a0\u00a0\u00a0\u00a0\u00a0\u00a0\u00a0\u00a0 \u00a0\u00a0 13<\/td>\n<td style=\"width: 171.317px; height: 13px;\">\u00a0\u00a0\u00a0\u00a0\u00a0\u00a0\u00a0\u00a0\u00a0\u00a0\u00a0\u00a0\u00a0\u00a0\u00a0\u00a0\u00a0\u00a0\u00a0 11<\/td>\n<td style=\"width: 126.3px; height: 13px;\">\u00a0\u00a0\u00a0\u00a0\u00a0\u00a0\u00a0 1.350.000<\/td>\n<\/tr>\n<\/tbody>\n<\/table>\n<p>&nbsp;<\/p>\n<p>&nbsp;<\/p>\n<p>&nbsp;<\/p>\n<p>&nbsp;<\/p>\n<p>&nbsp;<\/p>\n<p>&nbsp;<\/p>\n<p><span class=\"VIiyi\" lang=\"de\"><span class=\"JLqJ4b ChMk0b\" data-language-for-alternatives=\"de\" data-language-to-translate-into=\"en\" data-phrase-index=\"0\" data-number-of-phrases=\"1\">Die Preise gelten pro Fahrzeug, nicht pro Person<\/span><\/span><\/p>\n<table style=\"border-collapse: collapse; width: 100%; height: 24px;\">\n<tbody>\n<tr style=\"height: 24px;\">\n<td style=\"width: 50%; height: 24px;\"><img loading=\"lazy\" decoding=\"async\" class=\"alignleft wp-image-20270\" src=\"https:\/\/villapelangi.nl\/wp-content\/uploads\/2024\/07\/Toyota-Innova.jpg\" alt=\"\" width=\"395\" height=\"240\" srcset=\"https:\/\/villapelangi.nl\/wp-content\/uploads\/2024\/07\/Toyota-Innova.jpg 764w, https:\/\/villapelangi.nl\/wp-content\/uploads\/2024\/07\/Toyota-Innova-300x182.jpg 300w\" sizes=\"auto, (max-width: 395px) 100vw, 395px\" \/><\/td>\n<td style=\"width: 50%; height: 24px;\"><img loading=\"lazy\" decoding=\"async\" class=\"alignleft wp-image-20266\" src=\"https:\/\/villapelangi.nl\/wp-content\/uploads\/2024\/07\/Toyota-Haice.jpg\" alt=\"\" width=\"392\" height=\"240\" srcset=\"https:\/\/villapelangi.nl\/wp-content\/uploads\/2024\/07\/Toyota-Haice.jpg 963w, https:\/\/villapelangi.nl\/wp-content\/uploads\/2024\/07\/Toyota-Haice-300x184.jpg 300w, https:\/\/villapelangi.nl\/wp-content\/uploads\/2024\/07\/Toyota-Haice-768x471.jpg 768w\" sizes=\"auto, (max-width: 392px) 100vw, 392px\" \/><\/td>\n<\/tr>\n<\/tbody>\n<\/table>\n<table style=\"border-collapse: collapse; width: 100%;\">\n<tbody>\n<tr>\n<td style=\"width: 100%;\"><\/td>\n<\/tr>\n<\/tbody>\n<\/table>\n<p>&nbsp;<\/p>\n<p><strong>Bali Fuel Prices<br \/>\n<\/strong>In Bali, Fuel Prices in Bali effective 03 September 2022 are as follows:<br \/>\n<strong>PERTALITE:<\/strong>\u00a0Increased from Rp. 7,650 per liter to Rp. 10,000 per liter.<br \/>\n<strong>DIESEL (SOLAR<\/strong>): Increased from Rp. 5,150 per liter to Rp. 6,800 per liter<br \/>\n<strong>PERTAMAX:\u00a0<\/strong>Increased from Rp. 12,500 per liter to Rp. 14,500 per liter.<\/p>\n<ul>\n<li><strong>Pertamax Turbo<\/strong>\u00a0Rp. 15,900 per liter<\/li>\n<li><strong>Dexlite<\/strong>\u00a0Rp. 17,100 per liter<\/li>\n<li><strong>Pertalite<\/strong>\u00a0Dex Rp. 17,400 per liter<\/li>\n<\/ul>\n<p><span class=\"HwtZe\" lang=\"de\"><span class=\"jCAhz JxVs2d ChMk0b\"><span class=\"ryNqvb\"><span style=\"text-decoration: underline;\">F\u00fcr den Besuch dieser Seite gelten die oben beschriebenen Informationen.<\/span><br \/>\n<\/span><\/span><span class=\"jCAhz JxVs2d ChMk0b\"><span class=\"ryNqvb\">Kraftstoffpreise und Arbeitsl\u00f6hne werden von der Regierung festgelegt. <\/span><\/span><span class=\"jCAhz JxVs2d ChMk0b\"><span class=\"ryNqvb\">Wenn Sie Ihren Transfer gebucht und gesichert haben und die Regierung die Treibstoffpreise und\/oder den Mindestlohn anpasst, sind wir gezwungen, Ihnen dies bei Inanspruchnahme weiterzugeben.<\/span><\/span><\/span><\/p>\n","protected":false},"excerpt":{"rendered":"<p>Taxi Bali \/ Taxi Flughafen Bali Preise \/ Bedingungen Transport \/ Tagesausfl\u00fcge \/ Taxi Flughafen Bali Preise \/ Gesch\u00e4ftsbedingungen Transport \/ Tagesausfl\u00fcge von oder nach Villa Pelangi Wenn Sie also auf unserer Website gelesen haben, k\u00f6nnen wir den Transfer zur Villa oder zur\u00fcck zum Flughafen oder zu einem Hotel f\u00fcr Sie arrangieren. Seit Kurzem bieten [&hellip;]<\/p>\n","protected":false},"author":2,"featured_media":0,"parent":0,"menu_order":0,"comment_status":"closed","ping_status":"closed","template":"","meta":{"_acf_changed":false,"_exactmetrics_skip_tracking":false,"_exactmetrics_sitenote_active":false,"_exactmetrics_sitenote_note":"","_exactmetrics_sitenote_category":0,"footnotes":""},"class_list":["post-1890","page","type-page","status-publish","hentry"],"acf":[],"yoast_head":"<!-- This site is optimized with the Yoast SEO plugin v27.6 - https:\/\/yoast.com\/product\/yoast-seo-wordpress\/ -->\n<title>Taxi Flughafen Bali | Villa Pelangi | Preise Transport<\/title>\n<meta name=\"description\" content=\"Taxi Flughafen Bali. Preise Transport \/ Tagesausfl\u00fcge. Auf Wunsch k\u00f6nnen wir f\u00fcr einen Chauffeur sorgen, der Sie vom zur Villa bringt\" \/>\n<meta name=\"robots\" content=\"index, follow, max-snippet:-1, max-image-preview:large, max-video-preview:-1\" \/>\n<link rel=\"canonical\" href=\"https:\/\/villapelangi.nl\/de\/taxi-flughafen-bali\/\" \/>\n<meta property=\"og:locale\" content=\"de_DE\" \/>\n<meta property=\"og:type\" content=\"article\" \/>\n<meta property=\"og:title\" content=\"Taxi Flughafen Bali | Villa Pelangi | Preise Transport\" \/>\n<meta property=\"og:description\" content=\"Taxi Flughafen Bali. Preise Transport \/ Tagesausfl\u00fcge. Auf Wunsch k\u00f6nnen wir f\u00fcr einen Chauffeur sorgen, der Sie vom zur Villa bringt\" \/>\n<meta property=\"og:url\" content=\"https:\/\/villapelangi.nl\/de\/taxi-flughafen-bali\/\" \/>\n<meta property=\"og:site_name\" content=\"Villa Pelangi | Bali\" \/>\n<meta property=\"article:modified_time\" content=\"2024-07-03T04:47:54+00:00\" \/>\n<meta property=\"og:image\" content=\"https:\/\/villapelangi.nl\/wp-content\/uploads\/2024\/07\/Toyota-Innova.jpg\" \/>\n<meta name=\"twitter:card\" content=\"summary_large_image\" \/>\n<meta name=\"twitter:label1\" content=\"Gesch\u00e4tzte Lesezeit\" \/>\n\t<meta name=\"twitter:data1\" content=\"3 minutes\" \/>\n<script type=\"application\/ld+json\" class=\"yoast-schema-graph\">{\"@context\":\"https:\\\/\\\/schema.org\",\"@graph\":[{\"@type\":\"WebPage\",\"@id\":\"https:\\\/\\\/villapelangi.nl\\\/de\\\/taxi-flughafen-bali\\\/\",\"url\":\"https:\\\/\\\/villapelangi.nl\\\/de\\\/taxi-flughafen-bali\\\/\",\"name\":\"Taxi Flughafen Bali | Villa Pelangi | Preise Transport\",\"isPartOf\":{\"@id\":\"https:\\\/\\\/villapelangi.nl\\\/#website\"},\"primaryImageOfPage\":{\"@id\":\"https:\\\/\\\/villapelangi.nl\\\/de\\\/taxi-flughafen-bali\\\/#primaryimage\"},\"image\":{\"@id\":\"https:\\\/\\\/villapelangi.nl\\\/de\\\/taxi-flughafen-bali\\\/#primaryimage\"},\"thumbnailUrl\":\"https:\\\/\\\/villapelangi.nl\\\/wp-content\\\/uploads\\\/2024\\\/07\\\/Toyota-Innova.jpg\",\"datePublished\":\"2018-08-13T13:51:39+00:00\",\"dateModified\":\"2024-07-03T04:47:54+00:00\",\"description\":\"Taxi Flughafen Bali. Preise Transport \\\/ Tagesausfl\u00fcge. Auf Wunsch k\u00f6nnen wir f\u00fcr einen Chauffeur sorgen, der Sie vom zur Villa bringt\",\"breadcrumb\":{\"@id\":\"https:\\\/\\\/villapelangi.nl\\\/de\\\/taxi-flughafen-bali\\\/#breadcrumb\"},\"inLanguage\":\"de-DE\",\"potentialAction\":[{\"@type\":\"ReadAction\",\"target\":[\"https:\\\/\\\/villapelangi.nl\\\/de\\\/taxi-flughafen-bali\\\/\"]}]},{\"@type\":\"ImageObject\",\"inLanguage\":\"de-DE\",\"@id\":\"https:\\\/\\\/villapelangi.nl\\\/de\\\/taxi-flughafen-bali\\\/#primaryimage\",\"url\":\"https:\\\/\\\/villapelangi.nl\\\/wp-content\\\/uploads\\\/2024\\\/07\\\/Toyota-Innova.jpg\",\"contentUrl\":\"https:\\\/\\\/villapelangi.nl\\\/wp-content\\\/uploads\\\/2024\\\/07\\\/Toyota-Innova.jpg\"},{\"@type\":\"BreadcrumbList\",\"@id\":\"https:\\\/\\\/villapelangi.nl\\\/de\\\/taxi-flughafen-bali\\\/#breadcrumb\",\"itemListElement\":[{\"@type\":\"ListItem\",\"position\":1,\"name\":\"Home\",\"item\":\"https:\\\/\\\/villapelangi.nl\\\/de\\\/\"},{\"@type\":\"ListItem\",\"position\":2,\"name\":\"Taxi Flughafen Bali\"}]},{\"@type\":\"WebSite\",\"@id\":\"https:\\\/\\\/villapelangi.nl\\\/#website\",\"url\":\"https:\\\/\\\/villapelangi.nl\\\/\",\"name\":\"Villa Pelangi | Bali\",\"description\":\"verhuur vakantie huis op Bali\",\"potentialAction\":[{\"@type\":\"SearchAction\",\"target\":{\"@type\":\"EntryPoint\",\"urlTemplate\":\"https:\\\/\\\/villapelangi.nl\\\/?s={search_term_string}\"},\"query-input\":{\"@type\":\"PropertyValueSpecification\",\"valueRequired\":true,\"valueName\":\"search_term_string\"}}],\"inLanguage\":\"de-DE\"}]}<\/script>\n<!-- \/ Yoast SEO plugin. -->","yoast_head_json":{"title":"Taxi Flughafen Bali | Villa Pelangi | Preise Transport","description":"Taxi Flughafen Bali. Preise Transport \/ Tagesausfl\u00fcge. Auf Wunsch k\u00f6nnen wir f\u00fcr einen Chauffeur sorgen, der Sie vom zur Villa bringt","robots":{"index":"index","follow":"follow","max-snippet":"max-snippet:-1","max-image-preview":"max-image-preview:large","max-video-preview":"max-video-preview:-1"},"canonical":"https:\/\/villapelangi.nl\/de\/taxi-flughafen-bali\/","og_locale":"de_DE","og_type":"article","og_title":"Taxi Flughafen Bali | Villa Pelangi | Preise Transport","og_description":"Taxi Flughafen Bali. Preise Transport \/ Tagesausfl\u00fcge. Auf Wunsch k\u00f6nnen wir f\u00fcr einen Chauffeur sorgen, der Sie vom zur Villa bringt","og_url":"https:\/\/villapelangi.nl\/de\/taxi-flughafen-bali\/","og_site_name":"Villa Pelangi | Bali","article_modified_time":"2024-07-03T04:47:54+00:00","og_image":[{"url":"https:\/\/villapelangi.nl\/wp-content\/uploads\/2024\/07\/Toyota-Innova.jpg","type":"","width":"","height":""}],"twitter_card":"summary_large_image","twitter_misc":{"Gesch\u00e4tzte Lesezeit":"3 minutes"},"schema":{"@context":"https:\/\/schema.org","@graph":[{"@type":"WebPage","@id":"https:\/\/villapelangi.nl\/de\/taxi-flughafen-bali\/","url":"https:\/\/villapelangi.nl\/de\/taxi-flughafen-bali\/","name":"Taxi Flughafen Bali | Villa Pelangi | Preise Transport","isPartOf":{"@id":"https:\/\/villapelangi.nl\/#website"},"primaryImageOfPage":{"@id":"https:\/\/villapelangi.nl\/de\/taxi-flughafen-bali\/#primaryimage"},"image":{"@id":"https:\/\/villapelangi.nl\/de\/taxi-flughafen-bali\/#primaryimage"},"thumbnailUrl":"https:\/\/villapelangi.nl\/wp-content\/uploads\/2024\/07\/Toyota-Innova.jpg","datePublished":"2018-08-13T13:51:39+00:00","dateModified":"2024-07-03T04:47:54+00:00","description":"Taxi Flughafen Bali. Preise Transport \/ Tagesausfl\u00fcge. Auf Wunsch k\u00f6nnen wir f\u00fcr einen Chauffeur sorgen, der Sie vom zur Villa bringt","breadcrumb":{"@id":"https:\/\/villapelangi.nl\/de\/taxi-flughafen-bali\/#breadcrumb"},"inLanguage":"de-DE","potentialAction":[{"@type":"ReadAction","target":["https:\/\/villapelangi.nl\/de\/taxi-flughafen-bali\/"]}]},{"@type":"ImageObject","inLanguage":"de-DE","@id":"https:\/\/villapelangi.nl\/de\/taxi-flughafen-bali\/#primaryimage","url":"https:\/\/villapelangi.nl\/wp-content\/uploads\/2024\/07\/Toyota-Innova.jpg","contentUrl":"https:\/\/villapelangi.nl\/wp-content\/uploads\/2024\/07\/Toyota-Innova.jpg"},{"@type":"BreadcrumbList","@id":"https:\/\/villapelangi.nl\/de\/taxi-flughafen-bali\/#breadcrumb","itemListElement":[{"@type":"ListItem","position":1,"name":"Home","item":"https:\/\/villapelangi.nl\/de\/"},{"@type":"ListItem","position":2,"name":"Taxi Flughafen Bali"}]},{"@type":"WebSite","@id":"https:\/\/villapelangi.nl\/#website","url":"https:\/\/villapelangi.nl\/","name":"Villa Pelangi | Bali","description":"verhuur vakantie huis op Bali","potentialAction":[{"@type":"SearchAction","target":{"@type":"EntryPoint","urlTemplate":"https:\/\/villapelangi.nl\/?s={search_term_string}"},"query-input":{"@type":"PropertyValueSpecification","valueRequired":true,"valueName":"search_term_string"}}],"inLanguage":"de-DE"}]}},"_links":{"self":[{"href":"https:\/\/villapelangi.nl\/de\/wp-json\/wp\/v2\/pages\/1890","targetHints":{"allow":["GET"]}}],"collection":[{"href":"https:\/\/villapelangi.nl\/de\/wp-json\/wp\/v2\/pages"}],"about":[{"href":"https:\/\/villapelangi.nl\/de\/wp-json\/wp\/v2\/types\/page"}],"author":[{"embeddable":true,"href":"https:\/\/villapelangi.nl\/de\/wp-json\/wp\/v2\/users\/2"}],"replies":[{"embeddable":true,"href":"https:\/\/villapelangi.nl\/de\/wp-json\/wp\/v2\/comments?post=1890"}],"version-history":[{"count":23,"href":"https:\/\/villapelangi.nl\/de\/wp-json\/wp\/v2\/pages\/1890\/revisions"}],"predecessor-version":[{"id":20289,"href":"https:\/\/villapelangi.nl\/de\/wp-json\/wp\/v2\/pages\/1890\/revisions\/20289"}],"wp:attachment":[{"href":"https:\/\/villapelangi.nl\/de\/wp-json\/wp\/v2\/media?parent=1890"}],"curies":[{"name":"wp","href":"https:\/\/api.w.org\/{rel}","templated":true}]}}