{"id":206,"date":"2018-06-29T15:45:20","date_gmt":"2018-06-29T15:45:20","guid":{"rendered":"https:\/\/villapelangi.nl\/?page_id=206"},"modified":"2022-02-25T14:06:30","modified_gmt":"2022-02-25T13:06:30","slug":"reservierung-villa-auf-bali","status":"publish","type":"page","link":"https:\/\/villapelangi.nl\/de\/reservierung-villa-auf-bali\/","title":{"rendered":"Reservierung Villa auf Bali"},"content":{"rendered":"<p>Reservierung Villa auf Bali<\/p>\n<p><span class=\"VIiyi\" lang=\"de\"><span class=\"JLqJ4b ChMk0b\" data-language-for-alternatives=\"de\" data-language-to-translate-into=\"nl\" data-phrase-index=\"0\"><br \/>\n<a href=\"mailto:info@villapelangi.nl\" target=\"_blank\" rel=\"noopener\">info@villapelangi.nl<\/a><\/span><\/span><\/p>\n<h2><strong>Strandvilla auf Bali reservieren \/ Reservierung Villa auf Bali<br \/>\n<\/strong><\/h2>\n<p>F\u00fcllen Sie das nachfolgende Formular aus, um die Strandvilla Villa Pelangi zu mieten\/reservieren. \/ Reservierung Villa auf Bali<\/p>\n<p><span class=\"tlid-translation translation\"><span style=\"text-decoration: underline;\"><strong><span class=\"\" title=\"\">ACHTUNG!<\/span> <\/strong><\/span><span class=\"\" title=\"\">Unsere Website ist gegen Spam gesch\u00fctzt. Platzieren Sie keine Website oder E-Mail-Adressen im Nachrichtenfenster. Sie erhalten eine Fehlermeldung.<\/span><br \/>\n<span class=\"\" title=\"\">Ihre Nachricht kann nicht gesendet werden.<\/span><\/span><\/p>\n<div class=\"row\">\n<div class=\"col-12 col-sm-8\">\n<div class=\"wpcf7 no-js\" id=\"wpcf7-f209-o1\" lang=\"nl-NL\" dir=\"ltr\" data-wpcf7-id=\"209\">\n<div class=\"screen-reader-response\"><p role=\"status\" aria-live=\"polite\" aria-atomic=\"true\"><\/p> <ul><\/ul><\/div>\n<form action=\"\/de\/wp-json\/wp\/v2\/pages\/206#wpcf7-f209-o1\" method=\"post\" class=\"wpcf7-form init\" aria-label=\"Kontaktformular\" novalidate=\"novalidate\" data-status=\"init\">\n<fieldset class=\"hidden-fields-container\"><input type=\"hidden\" name=\"_wpcf7\" value=\"209\" \/><input type=\"hidden\" name=\"_wpcf7_version\" value=\"6.1.5\" \/><input type=\"hidden\" name=\"_wpcf7_locale\" value=\"nl_NL\" \/><input type=\"hidden\" name=\"_wpcf7_unit_tag\" value=\"wpcf7-f209-o1\" \/><input type=\"hidden\" name=\"_wpcf7_container_post\" value=\"0\" \/><input type=\"hidden\" name=\"_wpcf7_posted_data_hash\" value=\"\" \/><input type=\"hidden\" name=\"_wpcf7_recaptcha_response\" value=\"\" \/>\n<\/fieldset>\n<p><label>Vorname:*<br \/>\n<span class=\"wpcf7-form-control-wrap\" data-name=\"your-name\"><input size=\"40\" maxlength=\"400\" class=\"wpcf7-form-control wpcf7-text wpcf7-validates-as-required\" aria-required=\"true\" aria-invalid=\"false\" value=\"\" type=\"text\" name=\"your-name\" \/><\/span> <\/label><br \/>\n<label>Nachname:*<br \/>\n<span class=\"wpcf7-form-control-wrap\" data-name=\"your-surname\"><input size=\"40\" maxlength=\"400\" class=\"wpcf7-form-control wpcf7-text wpcf7-validates-as-required\" aria-required=\"true\" aria-invalid=\"false\" value=\"\" type=\"text\" name=\"your-surname\" \/><\/span> <\/label><br \/>\n<label>E-mail:*<br \/>\n<span class=\"wpcf7-form-control-wrap\" data-name=\"your-email\"><input size=\"40\" maxlength=\"400\" class=\"wpcf7-form-control wpcf7-email wpcf7-validates-as-required wpcf7-text wpcf7-validates-as-email\" aria-required=\"true\" aria-invalid=\"false\" value=\"\" type=\"email\" name=\"your-email\" \/><\/span> <\/label><br \/>\n<label>Telefonnummer:*<br \/>\n<span class=\"wpcf7-form-control-wrap\" data-name=\"your-tel\"><input size=\"40\" maxlength=\"400\" class=\"wpcf7-form-control wpcf7-tel wpcf7-validates-as-required wpcf7-text wpcf7-validates-as-tel\" aria-required=\"true\" aria-invalid=\"false\" value=\"\" type=\"tel\" name=\"your-tel\" \/><\/span> <\/label><br \/>\n<label>Adresse:*<br \/>\n<span class=\"wpcf7-form-control-wrap\" data-name=\"your-adres\"><input size=\"40\" maxlength=\"400\" class=\"wpcf7-form-control wpcf7-text wpcf7-validates-as-required\" aria-required=\"true\" aria-invalid=\"false\" value=\"\" type=\"text\" name=\"your-adres\" \/><\/span> <\/label><br \/>\n<label>Ort:*<br \/>\n<span class=\"wpcf7-form-control-wrap\" data-name=\"your-place\"><input size=\"40\" maxlength=\"400\" class=\"wpcf7-form-control wpcf7-text wpcf7-validates-as-required\" aria-required=\"true\" aria-invalid=\"false\" value=\"\" type=\"text\" name=\"your-place\" \/><\/span> <\/label><br \/>\n<label>Land:*<br \/>\n<span class=\"wpcf7-form-control-wrap\" data-name=\"your-country\"><select class=\"wpcf7-form-control wpcf7-select\" aria-invalid=\"false\" name=\"your-country\"><option value=\"Aruba\">Aruba<\/option><option value=\"Afghanistan\">Afghanistan<\/option><option value=\"Angola\">Angola<\/option><option value=\"Albanien\">Albanien<\/option><option value=\"Andorra\">Andorra<\/option><option value=\"Vereinigte Arabische Emirate\">Vereinigte Arabische Emirate<\/option><option value=\"Argentinien\">Argentinien<\/option><option value=\"Armenien\">Armenien<\/option><option value=\"Amerikanisch-Samoa\">Amerikanisch-Samoa<\/option><option value=\"Antigua und Barbuda\">Antigua und Barbuda<\/option><option value=\"Australien\">Australien<\/option><option value=\"\u00d6sterreich\">\u00d6sterreich<\/option><option value=\"Aserbaidschan\">Aserbaidschan<\/option><option value=\"Burundi\">Burundi<\/option><option value=\"Belgien\">Belgien<\/option><option value=\"Benin\">Benin<\/option><option value=\"Burkina Faso\">Burkina Faso<\/option><option value=\"Bangladesch\">Bangladesch<\/option><option value=\"Bulgarien\">Bulgarien<\/option><option value=\"Bahrain\">Bahrain<\/option><option value=\"Bahamas\">Bahamas<\/option><option value=\"Bosnien und Herzegowina\">Bosnien und Herzegowina<\/option><option value=\"Belarus\">Belarus<\/option><option value=\"Belize\">Belize<\/option><option value=\"Bermuda\">Bermuda<\/option><option value=\"Bolivien\">Bolivien<\/option><option value=\"Brasilien\">Brasilien<\/option><option value=\"Barbados\">Barbados<\/option><option value=\"Brunei\">Brunei<\/option><option value=\"Bhutan\">Bhutan<\/option><option value=\"Botswana\">Botswana<\/option><option value=\"Zentralafrikanische Republik\">Zentralafrikanische Republik<\/option><option value=\"Kanada\">Kanada<\/option><option value=\"Schweiz\">Schweiz<\/option><option value=\"Chile\">Chile<\/option><option value=\"China\">China<\/option><option value=\"Elfenbeink\u00fcste\">Elfenbeink\u00fcste<\/option><option value=\"Kamerun\">Kamerun<\/option><option value=\"Demokratische Republik Kongo\">Demokratische Republik Kongo<\/option><option value=\"Kongo\">Kongo<\/option><option value=\"Cookinseln\">Cookinseln<\/option><option value=\"Kolumbien\">Kolumbien<\/option><option value=\"Komoren\">Komoren<\/option><option value=\"Kap Verde\">Kap Verde<\/option><option value=\"Costa Rica\">Costa Rica<\/option><option value=\"Kuba\">Kuba<\/option><option value=\"Kaimaninseln\">Kaimaninseln<\/option><option value=\"Zypern\">Zypern<\/option><option value=\"Tschechien\">Tschechien<\/option><option value=\"Deutschland\">Deutschland<\/option><option value=\"Dschibuti\">Dschibuti<\/option><option value=\"Dominica\">Dominica<\/option><option value=\"D\u00e4nemark\">D\u00e4nemark<\/option><option value=\"Dominikanische Republik\">Dominikanische Republik<\/option><option value=\"Algerien\">Algerien<\/option><option value=\"Ecuador\">Ecuador<\/option><option value=\"\u00c4gypten\">\u00c4gypten<\/option><option value=\"Eritrea\">Eritrea<\/option><option value=\"Spanien\">Spanien<\/option><option value=\"Estland\">Estland<\/option><option value=\"\u00c4thiopien\">\u00c4thiopien<\/option><option value=\"Finnland\">Finnland<\/option><option value=\"Fidschi\">Fidschi<\/option><option value=\"Frankreich\">Frankreich<\/option><option value=\"Mikronesien, F\u00f6derierte Staaten von\">Mikronesien, F\u00f6derierte Staaten von<\/option><option value=\"Gabun\">Gabun<\/option><option value=\"Vereinigtes K\u00f6nigreich von Gro\u00dfbritannien und Nordirland\">Vereinigtes K\u00f6nigreich von Gro\u00dfbritannien und Nordirland<\/option><option value=\"Georgien\">Georgien<\/option><option value=\"Ghana\">Ghana<\/option><option value=\"Guinea\">Guinea<\/option><option value=\"Gambia\">Gambia<\/option><option value=\"Guinea-Bissau\">Guinea-Bissau<\/option><option value=\"\u00c4quatorialguinea\">\u00c4quatorialguinea<\/option><option value=\"Griechenland\">Griechenland<\/option><option value=\"Grenada\">Grenada<\/option><option value=\"Guatemala\">Guatemala<\/option><option value=\"Guam\">Guam<\/option><option value=\"Guyana\">Guyana<\/option><option value=\"Hongkong\">Hongkong<\/option><option value=\"Honduras\">Honduras<\/option><option value=\"Kroatien\">Kroatien<\/option><option value=\"Haiti\">Haiti<\/option><option value=\"Ungarn\">Ungarn<\/option><option value=\"Indonesien\">Indonesien<\/option><option value=\"Indien\">Indien<\/option><option value=\"Irland\">Irland<\/option><option value=\"Iran\">Iran<\/option><option value=\"Irak\">Irak<\/option><option value=\"Island\">Island<\/option><option value=\"Israel\">Israel<\/option><option value=\"Italien\">Italien<\/option><option value=\"Jamaika\">Jamaika<\/option><option value=\"Jordanien\">Jordanien<\/option><option value=\"Japan\">Japan<\/option><option value=\"Kasachstan\">Kasachstan<\/option><option value=\"Kenia\">Kenia<\/option><option value=\"Kirgisistan\">Kirgisistan<\/option><option value=\"Kambodscha\">Kambodscha<\/option><option value=\"Kiribati\">Kiribati<\/option><option value=\"St. Kitts und Nevis\">St. Kitts und Nevis<\/option><option value=\"S\u00fcdkorea\">S\u00fcdkorea<\/option><option value=\"Kuwait\">Kuwait<\/option><option value=\"Laos\">Laos<\/option><option value=\"Libanon\">Libanon<\/option><option value=\"Liberia\">Liberia<\/option><option value=\"Libyen\">Libyen<\/option><option value=\"St. Lucia\">St. Lucia<\/option><option value=\"Liechtenstein\">Liechtenstein<\/option><option value=\"Sri Lanka\">Sri Lanka<\/option><option value=\"Lesotho\">Lesotho<\/option><option value=\"Litauen\">Litauen<\/option><option value=\"Luxemburg\">Luxemburg<\/option><option value=\"Lettland\">Lettland<\/option><option value=\"Marokko\">Marokko<\/option><option value=\"Monaco\">Monaco<\/option><option value=\"Moldawien\">Moldawien<\/option><option value=\"Madagaskar\">Madagaskar<\/option><option value=\"Malediven\">Malediven<\/option><option value=\"Mexiko\">Mexiko<\/option><option value=\"Marshallinseln\">Marshallinseln<\/option><option value=\"Nordmazedonien\">Nordmazedonien<\/option><option value=\"Mali\">Mali<\/option><option value=\"Malta\">Malta<\/option><option value=\"Myanmar\">Myanmar<\/option><option value=\"Montenegro\">Montenegro<\/option><option value=\"Mongolei\">Mongolei<\/option><option value=\"Mosambik\">Mosambik<\/option><option value=\"Mauretanien\">Mauretanien<\/option><option value=\"Mauritius\">Mauritius<\/option><option value=\"Malawi\">Malawi<\/option><option value=\"Malaysia\">Malaysia<\/option><option value=\"Namibia\">Namibia<\/option><option value=\"Niger\">Niger<\/option><option value=\"Nigeria\">Nigeria<\/option><option value=\"Nicaragua\">Nicaragua<\/option><option value=\"K\u00f6nigreich der Niederlande\">K\u00f6nigreich der Niederlande<\/option><option value=\"Norwegen\">Norwegen<\/option><option value=\"Nepal\">Nepal<\/option><option value=\"Nauru\">Nauru<\/option><option value=\"Neuseeland\">Neuseeland<\/option><option value=\"Oman\">Oman<\/option><option value=\"Pakistan\">Pakistan<\/option><option value=\"Panama\">Panama<\/option><option value=\"Peru\">Peru<\/option><option value=\"Philippinen\">Philippinen<\/option><option value=\"Palau\">Palau<\/option><option value=\"Papua-Neuguinea\">Papua-Neuguinea<\/option><option value=\"Polen\">Polen<\/option><option value=\"Puerto Rico\">Puerto Rico<\/option><option value=\"Nordkorea\">Nordkorea<\/option><option value=\"Portugal\">Portugal<\/option><option value=\"Paraguay\">Paraguay<\/option><option value=\"Pal\u00e4stina\">Pal\u00e4stina<\/option><option value=\"Katar\">Katar<\/option><option value=\"Rum\u00e4nien\">Rum\u00e4nien<\/option><option value=\"Russland\">Russland<\/option><option value=\"Ruanda\">Ruanda<\/option><option value=\"Saudi-Arabien\">Saudi-Arabien<\/option><option value=\"Sudan\">Sudan<\/option><option value=\"Senegal\">Senegal<\/option><option value=\"Singapur\">Singapur<\/option><option value=\"Salomonen\">Salomonen<\/option><option value=\"Sierra Leone\">Sierra Leone<\/option><option value=\"El Salvador\">El Salvador<\/option><option value=\"San Marino\">San Marino<\/option><option value=\"Somalia\">Somalia<\/option><option value=\"Serbien\">Serbien<\/option><option value=\"S\u00fcdsudan\">S\u00fcdsudan<\/option><option value=\"S\u00e3o Tom\u00e9 und Pr\u00edncipe\">S\u00e3o Tom\u00e9 und Pr\u00edncipe<\/option><option value=\"Surinam\">Surinam<\/option><option value=\"Slowakei\">Slowakei<\/option><option value=\"Slowenien\">Slowenien<\/option><option value=\"Schweden\">Schweden<\/option><option value=\"Eswatini\">Eswatini<\/option><option value=\"Seychellen\">Seychellen<\/option><option value=\"Syrien\">Syrien<\/option><option value=\"Tschad\">Tschad<\/option><option value=\"Togo\">Togo<\/option><option value=\"Thailand\">Thailand<\/option><option value=\"Tadschikistan\">Tadschikistan<\/option><option value=\"Turkmenistan\">Turkmenistan<\/option><option value=\"Osttimor\">Osttimor<\/option><option value=\"Tonga\">Tonga<\/option><option value=\"Trinidad und Tobago\">Trinidad und Tobago<\/option><option value=\"Tunesien\">Tunesien<\/option><option value=\"T\u00fcrkei\">T\u00fcrkei<\/option><option value=\"Tuvalu\">Tuvalu<\/option><option value=\"Taiwan\">Taiwan<\/option><option value=\"Tansania\">Tansania<\/option><option value=\"Uganda\">Uganda<\/option><option value=\"Ukraine\">Ukraine<\/option><option value=\"Uruguay\">Uruguay<\/option><option value=\"Vereinigte Staaten von Amerika\">Vereinigte Staaten von Amerika<\/option><option value=\"Usbekistan\">Usbekistan<\/option><option value=\"St. Vincent und die Grenadinen\">St. Vincent und die Grenadinen<\/option><option value=\"Venezuela\">Venezuela<\/option><option value=\"Britische Jungferninseln\">Britische Jungferninseln<\/option><option value=\"Amerikanische Jungferninseln\">Amerikanische Jungferninseln<\/option><option value=\"Vietnam\">Vietnam<\/option><option value=\"Vanuatu\">Vanuatu<\/option><option value=\"Samoa\">Samoa<\/option><option value=\"Jemen\">Jemen<\/option><option value=\"S\u00fcdafrika\">S\u00fcdafrika<\/option><option value=\"Sambia\">Sambia<\/option><option value=\"Simbabwe\">Simbabwe<\/option><\/select><\/span> <\/label><br \/>\n<label>Ankunft:*<br \/>\n<span class=\"wpcf7-form-control-wrap\" data-name=\"your-aankomst\"><input class=\"wpcf7-form-control wpcf7-date wpcf7-validates-as-required wpcf7-validates-as-date required\" min=\"2018-01-01\" max=\"2030-12-31\" step=\"1\" aria-required=\"true\" aria-invalid=\"false\" value=\"\" type=\"date\" name=\"your-aankomst\" \/><\/span> <\/label><label>Abreise:*<br \/>\n<span class=\"wpcf7-form-control-wrap\" data-name=\"your-vertrek\"><input class=\"wpcf7-form-control wpcf7-date wpcf7-validates-as-required wpcf7-validates-as-date required\" min=\"2018-01-01\" max=\"2030-12-31\" step=\"1\" aria-required=\"true\" aria-invalid=\"false\" value=\"\" type=\"date\" name=\"your-vertrek\" \/><\/span> <\/label><br \/>\n<label>Personenzahl:*<br \/>\n<span class=\"wpcf7-form-control-wrap\" data-name=\"your-personen\"><select class=\"wpcf7-form-control wpcf7-select wpcf7-validates-as-required\" aria-required=\"true\" aria-invalid=\"false\" name=\"your-personen\"><option value=\"\">&#8211; Bitte ausw\u00e4hlen &#8211;<\/option><option value=\"1\">1<\/option><option value=\"2\">2<\/option><option value=\"3\">3<\/option><option value=\"4\">4<\/option><option value=\"5\">5<\/option><option value=\"6\">6<\/option><option value=\"7\">7<\/option><option value=\"8\">8<\/option><option value=\"9\">9<\/option><option value=\"10\">10<\/option><option value=\"11\">11<\/option><option value=\"12\">12<\/option><\/select><\/span> <\/label><br \/>\n<label>Sonstige Bemerkungen:<br \/>\n<span class=\"wpcf7-form-control-wrap\" data-name=\"your-bericht\"><textarea cols=\"40\" rows=\"10\" maxlength=\"2000\" class=\"wpcf7-form-control wpcf7-textarea\" aria-invalid=\"false\" name=\"your-bericht\"><\/textarea><\/span>\t <\/label><br \/>\n\n<\/p>\n<p><input class=\"wpcf7-form-control wpcf7-submit has-spinner\" type=\"submit\" value=\"Senden\" \/>\n<\/p>\n<p>(* Pflichtfelder)\n<\/p><div class=\"wpcf7-response-output\" aria-hidden=\"true\"><\/div>\n<\/form>\n<\/div>\n<\/div>\n<div class=\"col-12 col-sm-4\">\n<p><a href=\"https:\/\/villapelangi.nl\/wp-content\/uploads\/2018\/07\/waterval-7.jpg\"><img loading=\"lazy\" decoding=\"async\" class=\"alignnone wp-image-364\" title=\"Reservierung Villa auf Bali\" src=\"https:\/\/villapelangi.nl\/wp-content\/uploads\/2018\/07\/waterval-7-300x282.jpg\" alt=\"Reservierung Villa auf Bali\" width=\"197\" height=\"185\" srcset=\"https:\/\/villapelangi.nl\/wp-content\/uploads\/2018\/07\/waterval-7-300x282.jpg 300w, https:\/\/villapelangi.nl\/wp-content\/uploads\/2018\/07\/waterval-7.jpg 319w\" sizes=\"auto, (max-width: 197px) 100vw, 197px\" \/><\/a> <a href=\"https:\/\/villapelangi.nl\/wp-content\/uploads\/2018\/07\/Botanische-tuin-2.jpg\"><img loading=\"lazy\" decoding=\"async\" class=\"alignnone wp-image-385\" title=\"Reservierung Villa auf Bali\" src=\"https:\/\/villapelangi.nl\/wp-content\/uploads\/2018\/07\/Botanische-tuin-2-300x207.jpg\" alt=\"Reservierung Villa auf Bali\" width=\"268\" height=\"185\" srcset=\"https:\/\/villapelangi.nl\/wp-content\/uploads\/2018\/07\/Botanische-tuin-2-300x207.jpg 300w, https:\/\/villapelangi.nl\/wp-content\/uploads\/2018\/07\/Botanische-tuin-2.jpg 350w\" sizes=\"auto, (max-width: 268px) 100vw, 268px\" \/><\/a><\/p>\n<div class=\"imright\"><\/div>\n<\/div>\n<\/div>\n","protected":false},"excerpt":{"rendered":"<p>Reservierung Villa auf Bali info@villapelangi.nl Strandvilla auf Bali reservieren \/ Reservierung Villa auf Bali F\u00fcllen Sie das nachfolgende Formular aus, um die Strandvilla Villa Pelangi zu mieten\/reservieren. \/ Reservierung Villa auf Bali ACHTUNG! Unsere Website ist gegen Spam gesch\u00fctzt. Platzieren Sie keine Website oder E-Mail-Adressen im Nachrichtenfenster. Sie erhalten eine Fehlermeldung. Ihre Nachricht kann nicht [&hellip;]<\/p>\n","protected":false},"author":2,"featured_media":0,"parent":0,"menu_order":0,"comment_status":"closed","ping_status":"closed","template":"","meta":{"_acf_changed":false,"_exactmetrics_skip_tracking":false,"_exactmetrics_sitenote_active":false,"_exactmetrics_sitenote_note":"","_exactmetrics_sitenote_category":0,"footnotes":""},"class_list":["post-206","page","type-page","status-publish","hentry"],"acf":[],"yoast_head":"<!-- This site is optimized with the Yoast SEO plugin v27.4 - https:\/\/yoast.com\/product\/yoast-seo-wordpress\/ -->\n<title>Reservierung Villa auf Bali | Villa Pelangi | Bali Ferienvilla<\/title>\n<meta name=\"description\" content=\"Reservierung Villa auf Bali. Villa Pelangi Bali. Platz f\u00fcr 12 Personen, 8 Personen in der Villa und 4 Personen im G\u00e4stehaus\" \/>\n<meta name=\"robots\" content=\"index, follow, max-snippet:-1, max-image-preview:large, max-video-preview:-1\" \/>\n<link rel=\"canonical\" href=\"https:\/\/villapelangi.nl\/de\/reservierung-villa-auf-bali\/\" \/>\n<meta property=\"og:locale\" content=\"de_DE\" \/>\n<meta property=\"og:type\" content=\"article\" \/>\n<meta property=\"og:title\" content=\"Reservierung Villa auf Bali | Villa Pelangi | Bali Ferienvilla\" \/>\n<meta property=\"og:description\" content=\"Reservierung Villa auf Bali. Villa Pelangi Bali. Platz f\u00fcr 12 Personen, 8 Personen in der Villa und 4 Personen im G\u00e4stehaus\" \/>\n<meta property=\"og:url\" content=\"https:\/\/villapelangi.nl\/de\/reservierung-villa-auf-bali\/\" \/>\n<meta property=\"og:site_name\" content=\"Villa Pelangi | Bali\" \/>\n<meta property=\"article:modified_time\" content=\"2022-02-25T13:06:30+00:00\" \/>\n<meta property=\"og:image\" content=\"https:\/\/villapelangi.nl\/wp-content\/uploads\/2018\/07\/waterval-7-300x282.jpg\" \/>\n<meta name=\"twitter:card\" content=\"summary_large_image\" \/>\n<meta name=\"twitter:label1\" content=\"Gesch\u00e4tzte Lesezeit\" \/>\n\t<meta name=\"twitter:data1\" content=\"1 minute\" \/>\n<script type=\"application\/ld+json\" class=\"yoast-schema-graph\">{\"@context\":\"https:\\\/\\\/schema.org\",\"@graph\":[{\"@type\":\"WebPage\",\"@id\":\"https:\\\/\\\/villapelangi.nl\\\/de\\\/reservierung-villa-auf-bali\\\/\",\"url\":\"https:\\\/\\\/villapelangi.nl\\\/de\\\/reservierung-villa-auf-bali\\\/\",\"name\":\"Reservierung Villa auf Bali | Villa Pelangi | Bali Ferienvilla\",\"isPartOf\":{\"@id\":\"https:\\\/\\\/villapelangi.nl\\\/#website\"},\"primaryImageOfPage\":{\"@id\":\"https:\\\/\\\/villapelangi.nl\\\/de\\\/reservierung-villa-auf-bali\\\/#primaryimage\"},\"image\":{\"@id\":\"https:\\\/\\\/villapelangi.nl\\\/de\\\/reservierung-villa-auf-bali\\\/#primaryimage\"},\"thumbnailUrl\":\"https:\\\/\\\/villapelangi.nl\\\/wp-content\\\/uploads\\\/2018\\\/07\\\/waterval-7-300x282.jpg\",\"datePublished\":\"2018-06-29T15:45:20+00:00\",\"dateModified\":\"2022-02-25T13:06:30+00:00\",\"description\":\"Reservierung Villa auf Bali. Villa Pelangi Bali. Platz f\u00fcr 12 Personen, 8 Personen in der Villa und 4 Personen im G\u00e4stehaus\",\"breadcrumb\":{\"@id\":\"https:\\\/\\\/villapelangi.nl\\\/de\\\/reservierung-villa-auf-bali\\\/#breadcrumb\"},\"inLanguage\":\"de-DE\",\"potentialAction\":[{\"@type\":\"ReadAction\",\"target\":[\"https:\\\/\\\/villapelangi.nl\\\/de\\\/reservierung-villa-auf-bali\\\/\"]}]},{\"@type\":\"ImageObject\",\"inLanguage\":\"de-DE\",\"@id\":\"https:\\\/\\\/villapelangi.nl\\\/de\\\/reservierung-villa-auf-bali\\\/#primaryimage\",\"url\":\"https:\\\/\\\/villapelangi.nl\\\/wp-content\\\/uploads\\\/2018\\\/07\\\/waterval-7-300x282.jpg\",\"contentUrl\":\"https:\\\/\\\/villapelangi.nl\\\/wp-content\\\/uploads\\\/2018\\\/07\\\/waterval-7-300x282.jpg\"},{\"@type\":\"BreadcrumbList\",\"@id\":\"https:\\\/\\\/villapelangi.nl\\\/de\\\/reservierung-villa-auf-bali\\\/#breadcrumb\",\"itemListElement\":[{\"@type\":\"ListItem\",\"position\":1,\"name\":\"Home\",\"item\":\"https:\\\/\\\/villapelangi.nl\\\/de\\\/\"},{\"@type\":\"ListItem\",\"position\":2,\"name\":\"Reservierung Villa auf Bali\"}]},{\"@type\":\"WebSite\",\"@id\":\"https:\\\/\\\/villapelangi.nl\\\/#website\",\"url\":\"https:\\\/\\\/villapelangi.nl\\\/\",\"name\":\"Villa Pelangi | Bali\",\"description\":\"verhuur vakantie huis op Bali\",\"potentialAction\":[{\"@type\":\"SearchAction\",\"target\":{\"@type\":\"EntryPoint\",\"urlTemplate\":\"https:\\\/\\\/villapelangi.nl\\\/?s={search_term_string}\"},\"query-input\":{\"@type\":\"PropertyValueSpecification\",\"valueRequired\":true,\"valueName\":\"search_term_string\"}}],\"inLanguage\":\"de-DE\"}]}<\/script>\n<!-- \/ Yoast SEO plugin. -->","yoast_head_json":{"title":"Reservierung Villa auf Bali | Villa Pelangi | Bali Ferienvilla","description":"Reservierung Villa auf Bali. Villa Pelangi Bali. Platz f\u00fcr 12 Personen, 8 Personen in der Villa und 4 Personen im G\u00e4stehaus","robots":{"index":"index","follow":"follow","max-snippet":"max-snippet:-1","max-image-preview":"max-image-preview:large","max-video-preview":"max-video-preview:-1"},"canonical":"https:\/\/villapelangi.nl\/de\/reservierung-villa-auf-bali\/","og_locale":"de_DE","og_type":"article","og_title":"Reservierung Villa auf Bali | Villa Pelangi | Bali Ferienvilla","og_description":"Reservierung Villa auf Bali. Villa Pelangi Bali. Platz f\u00fcr 12 Personen, 8 Personen in der Villa und 4 Personen im G\u00e4stehaus","og_url":"https:\/\/villapelangi.nl\/de\/reservierung-villa-auf-bali\/","og_site_name":"Villa Pelangi | Bali","article_modified_time":"2022-02-25T13:06:30+00:00","og_image":[{"url":"https:\/\/villapelangi.nl\/wp-content\/uploads\/2018\/07\/waterval-7-300x282.jpg","type":"","width":"","height":""}],"twitter_card":"summary_large_image","twitter_misc":{"Gesch\u00e4tzte Lesezeit":"1 minute"},"schema":{"@context":"https:\/\/schema.org","@graph":[{"@type":"WebPage","@id":"https:\/\/villapelangi.nl\/de\/reservierung-villa-auf-bali\/","url":"https:\/\/villapelangi.nl\/de\/reservierung-villa-auf-bali\/","name":"Reservierung Villa auf Bali | Villa Pelangi | Bali Ferienvilla","isPartOf":{"@id":"https:\/\/villapelangi.nl\/#website"},"primaryImageOfPage":{"@id":"https:\/\/villapelangi.nl\/de\/reservierung-villa-auf-bali\/#primaryimage"},"image":{"@id":"https:\/\/villapelangi.nl\/de\/reservierung-villa-auf-bali\/#primaryimage"},"thumbnailUrl":"https:\/\/villapelangi.nl\/wp-content\/uploads\/2018\/07\/waterval-7-300x282.jpg","datePublished":"2018-06-29T15:45:20+00:00","dateModified":"2022-02-25T13:06:30+00:00","description":"Reservierung Villa auf Bali. Villa Pelangi Bali. Platz f\u00fcr 12 Personen, 8 Personen in der Villa und 4 Personen im G\u00e4stehaus","breadcrumb":{"@id":"https:\/\/villapelangi.nl\/de\/reservierung-villa-auf-bali\/#breadcrumb"},"inLanguage":"de-DE","potentialAction":[{"@type":"ReadAction","target":["https:\/\/villapelangi.nl\/de\/reservierung-villa-auf-bali\/"]}]},{"@type":"ImageObject","inLanguage":"de-DE","@id":"https:\/\/villapelangi.nl\/de\/reservierung-villa-auf-bali\/#primaryimage","url":"https:\/\/villapelangi.nl\/wp-content\/uploads\/2018\/07\/waterval-7-300x282.jpg","contentUrl":"https:\/\/villapelangi.nl\/wp-content\/uploads\/2018\/07\/waterval-7-300x282.jpg"},{"@type":"BreadcrumbList","@id":"https:\/\/villapelangi.nl\/de\/reservierung-villa-auf-bali\/#breadcrumb","itemListElement":[{"@type":"ListItem","position":1,"name":"Home","item":"https:\/\/villapelangi.nl\/de\/"},{"@type":"ListItem","position":2,"name":"Reservierung Villa auf Bali"}]},{"@type":"WebSite","@id":"https:\/\/villapelangi.nl\/#website","url":"https:\/\/villapelangi.nl\/","name":"Villa Pelangi | Bali","description":"verhuur vakantie huis op Bali","potentialAction":[{"@type":"SearchAction","target":{"@type":"EntryPoint","urlTemplate":"https:\/\/villapelangi.nl\/?s={search_term_string}"},"query-input":{"@type":"PropertyValueSpecification","valueRequired":true,"valueName":"search_term_string"}}],"inLanguage":"de-DE"}]}},"_links":{"self":[{"href":"https:\/\/villapelangi.nl\/de\/wp-json\/wp\/v2\/pages\/206","targetHints":{"allow":["GET"]}}],"collection":[{"href":"https:\/\/villapelangi.nl\/de\/wp-json\/wp\/v2\/pages"}],"about":[{"href":"https:\/\/villapelangi.nl\/de\/wp-json\/wp\/v2\/types\/page"}],"author":[{"embeddable":true,"href":"https:\/\/villapelangi.nl\/de\/wp-json\/wp\/v2\/users\/2"}],"replies":[{"embeddable":true,"href":"https:\/\/villapelangi.nl\/de\/wp-json\/wp\/v2\/comments?post=206"}],"version-history":[{"count":17,"href":"https:\/\/villapelangi.nl\/de\/wp-json\/wp\/v2\/pages\/206\/revisions"}],"predecessor-version":[{"id":9165,"href":"https:\/\/villapelangi.nl\/de\/wp-json\/wp\/v2\/pages\/206\/revisions\/9165"}],"wp:attachment":[{"href":"https:\/\/villapelangi.nl\/de\/wp-json\/wp\/v2\/media?parent=206"}],"curies":[{"name":"wp","href":"https:\/\/api.w.org\/{rel}","templated":true}]}}