{"id":2279,"date":"2018-08-13T13:51:39","date_gmt":"2018-08-13T13:51:39","guid":{"rendered":"https:\/\/villapelangi.nl\/transfer-luchthaven-villa-pelangi-2\/"},"modified":"2024-12-19T15:45:10","modified_gmt":"2024-12-19T14:45:10","slug":"transfer-luchthaven-villa-pelangi","status":"publish","type":"page","link":"https:\/\/villapelangi.nl\/de\/transfer-luchthaven-villa-pelangi\/","title":{"rendered":"Taxi Bali airport"},"content":{"rendered":"<h2>Transfers taxi Bali airport \/ daytrips<\/h2>\n<p>Rates \/ terms and conditions transport \/ daytrips to or from villa pelangi<\/p>\n<p>So if you may have read on our website, we can arrange the transfer for you to the villa, or back to the airport or an hotel. Recently, we have the ability to let you choose <em><strong>(if available)<\/strong><\/em> from multiple vehicles, see table. We have also given that the final capacity depends on the amount of luggage and the size of it, so keep that in mind. If it doesn&#8217;t all fit, the driver(s) can arrange an extra car whit driver at the airport, advice is, that one person of your group should be travel together with that driver, because it could be also someone we do not know!<br \/>\n<span style=\"text-decoration: underline;\"><strong>PLEASE NOTE!:<\/strong><\/span> We only arrange the transfer for you, payments always affected outside us, directly to the driver(s) upon arrival at your final destination. You can only pay the driver(s) cash, so keep that in mind that you have sufficient cash when you arrive at the villa.<\/p>\n<p>Below prices based on a trip from the airport to the villa or a daytrip with the duration of 8 hours.<\/p>\n<table style=\"height: 133px;\" border=\"1\" width=\"702\" cellspacing=\"1\" cellpadding=\"1\" align=\"left\">\n<tbody>\n<tr style=\"height: 24px;\">\n<td style=\"width: 113.5px; height: 24px; text-align: center;\"><strong>Type<\/strong><\/td>\n<td style=\"width: 208.917px; height: 24px; text-align: center;\"><strong>Capicity of people<\/strong><\/td>\n<td style=\"width: 220.983px; height: 24px; text-align: center;\"><strong>Capicity of people<\/strong><\/td>\n<td style=\"width: 135.6px; height: 24px; text-align: center;\"><strong>All in price<\/strong><\/td>\n<\/tr>\n<tr style=\"height: 24px;\">\n<td style=\"width: 113.5px; height: 24px; text-align: center;\"><strong>vehicle<\/strong><\/td>\n<td style=\"width: 208.917px; height: 24px; text-align: center;\"><strong>without luggage<br \/>\n<\/strong><\/td>\n<td style=\"width: 220.983px; height: 24px; text-align: center;\"><strong>within luggage<br \/>\n<\/strong><\/td>\n<td style=\"width: 135.6px; height: 24px; text-align: center;\"><strong>in Indonesische<\/strong><\/td>\n<\/tr>\n<tr style=\"height: 24px;\">\n<td style=\"width: 113.5px; height: 24px;\"><\/td>\n<td style=\"width: 208.917px; height: 24px; text-align: center;\"><strong>including driver<br \/>\n<\/strong><\/td>\n<td style=\"width: 220.983px; height: 24px; text-align: center;\"><strong>including driver<\/strong><\/td>\n<td style=\"width: 135.6px; height: 24px; text-align: center;\"><strong>Roepia<\/strong><\/td>\n<\/tr>\n<tr style=\"height: 24px;\">\n<td style=\"width: 113.5px; height: 24px; text-align: center;\">Car<\/td>\n<td style=\"width: 208.917px; height: 24px;\">\u00a0\u00a0\u00a0\u00a0\u00a0\u00a0\u00a0\u00a0\u00a0\u00a0\u00a0\u00a0\u00a0\u00a0\u00a0\u00a0\u00a0\u00a0\u00a0\u00a0\u00a0\u00a0 7<\/td>\n<td style=\"width: 220.983px; height: 24px;\">\u00a0\u00a0\u00a0\u00a0\u00a0\u00a0\u00a0\u00a0\u00a0\u00a0\u00a0\u00a0\u00a0\u00a0\u00a0\u00a0\u00a0\u00a0\u00a0\u00a0 4-5<\/td>\n<td style=\"width: 135.6px; height: 24px;\">\u00a0\u00a0\u00a0\u00a0\u00a0\u00a0\u00a0 750.000<\/td>\n<\/tr>\n<tr style=\"height: 24px;\">\n<td style=\"width: 113.5px; height: 24px; text-align: center;\"><\/td>\n<td style=\"width: 208.917px; height: 24px;\"><\/td>\n<td style=\"width: 220.983px; height: 24px;\"><\/td>\n<td style=\"width: 135.6px; height: 24px;\"><\/td>\n<\/tr>\n<tr style=\"height: 48px;\">\n<td style=\"width: 113.5px; height: 13px; text-align: center;\">Bus \/ medium<\/td>\n<td style=\"width: 208.917px; height: 13px;\">\u00a0\u00a0\u00a0\u00a0\u00a0\u00a0\u00a0\u00a0\u00a0\u00a0\u00a0\u00a0\u00a0\u00a0\u00a0\u00a0\u00a0\u00a0 \u00a0\u00a0 13<\/td>\n<td style=\"width: 220.983px; height: 13px;\">\u00a0\u00a0\u00a0\u00a0\u00a0\u00a0\u00a0\u00a0\u00a0\u00a0\u00a0\u00a0\u00a0\u00a0\u00a0\u00a0\u00a0\u00a0\u00a0 11<\/td>\n<td style=\"width: 135.6px; height: 13px;\">\u00a0\u00a0\u00a0\u00a0\u00a0 1.350.000<\/td>\n<\/tr>\n<\/tbody>\n<\/table>\n<p>&nbsp;<\/p>\n<p>&nbsp;<\/p>\n<p>&nbsp;<\/p>\n<p>&nbsp;<\/p>\n<p>&nbsp;<\/p>\n<p>&nbsp;<\/p>\n<p>Prices are per vehicle not per person, prices are including: salery driver, petrol and car hire.<br \/>\nVehicles with which the trips are carried out indicated in the column above are similar to the images below.<br \/>\n<span id=\"result_box\" class=\"\" lang=\"en\"><\/span><\/p>\n<p><img loading=\"lazy\" decoding=\"async\" class=\"alignleft wp-image-2266 size-full\" title=\"Rental cars \/ busses Bali\" src=\"https:\/\/villapelangi.nl\/wp-content\/uploads\/2018\/11\/bussen.jpg\" alt=\"\" width=\"985\" height=\"630\" srcset=\"https:\/\/villapelangi.nl\/wp-content\/uploads\/2018\/11\/bussen.jpg 985w, https:\/\/villapelangi.nl\/wp-content\/uploads\/2018\/11\/bussen-300x192.jpg 300w, https:\/\/villapelangi.nl\/wp-content\/uploads\/2018\/11\/bussen-768x491.jpg 768w\" sizes=\"auto, (max-width: 985px) 100vw, 985px\" \/><\/p>\n","protected":false},"excerpt":{"rendered":"<p>Transfers taxi Bali airport \/ daytrips Rates \/ terms and conditions transport \/ daytrips to or from villa pelangi So if you may have read on our website, we can arrange the transfer for you to the villa, or back to the airport or an hotel. Recently, we have the ability to let you choose [&hellip;]<\/p>\n","protected":false},"author":2,"featured_media":0,"parent":0,"menu_order":0,"comment_status":"closed","ping_status":"closed","template":"","meta":{"_acf_changed":false,"_exactmetrics_skip_tracking":false,"_exactmetrics_sitenote_active":false,"_exactmetrics_sitenote_note":"","_exactmetrics_sitenote_category":0,"footnotes":""},"class_list":["post-2279","page","type-page","status-publish","hentry"],"acf":[],"yoast_head":"<!-- This site is optimized with the Yoast SEO plugin v27.3 - https:\/\/yoast.com\/product\/yoast-seo-wordpress\/ -->\n<title>Taxi Bali airport | Villa Pelangi | Bali Flughafen Transport<\/title>\n<meta name=\"description\" content=\"UnsereTransport vom und zum Flughafen Fahrer stehen auch f\u00fcr Ausfl\u00fcge in Bali zur Verf\u00fcgung. Mit eigenen Fahrern. Taxi auf Bali\" \/>\n<meta name=\"robots\" content=\"index, follow, max-snippet:-1, max-image-preview:large, max-video-preview:-1\" \/>\n<link rel=\"canonical\" href=\"https:\/\/villapelangi.nl\/de\/transfer-luchthaven-villa-pelangi\/\" \/>\n<meta property=\"og:locale\" content=\"de_DE\" \/>\n<meta property=\"og:type\" content=\"article\" \/>\n<meta property=\"og:title\" content=\"Taxi Bali airport | Villa Pelangi | Bali Flughafen Transport\" \/>\n<meta property=\"og:description\" content=\"UnsereTransport vom und zum Flughafen Fahrer stehen auch f\u00fcr Ausfl\u00fcge in Bali zur Verf\u00fcgung. Mit eigenen Fahrern. Taxi auf Bali\" \/>\n<meta property=\"og:url\" content=\"https:\/\/villapelangi.nl\/de\/transfer-luchthaven-villa-pelangi\/\" \/>\n<meta property=\"og:site_name\" content=\"Villa Pelangi | Bali\" \/>\n<meta property=\"article:modified_time\" content=\"2024-12-19T14:45:10+00:00\" \/>\n<meta property=\"og:image\" content=\"https:\/\/villapelangi.nl\/wp-content\/uploads\/2018\/11\/bussen.jpg\" \/>\n\t<meta property=\"og:image:width\" content=\"985\" \/>\n\t<meta property=\"og:image:height\" content=\"630\" \/>\n\t<meta property=\"og:image:type\" content=\"image\/jpeg\" \/>\n<meta name=\"twitter:card\" content=\"summary_large_image\" \/>\n<meta name=\"twitter:label1\" content=\"Gesch\u00e4tzte Lesezeit\" \/>\n\t<meta name=\"twitter:data1\" content=\"2 minutes\" \/>\n<script type=\"application\/ld+json\" class=\"yoast-schema-graph\">{\"@context\":\"https:\\\/\\\/schema.org\",\"@graph\":[{\"@type\":\"WebPage\",\"@id\":\"https:\\\/\\\/villapelangi.nl\\\/de\\\/transfer-luchthaven-villa-pelangi\\\/\",\"url\":\"https:\\\/\\\/villapelangi.nl\\\/de\\\/transfer-luchthaven-villa-pelangi\\\/\",\"name\":\"Taxi Bali airport | Villa Pelangi | Bali Flughafen Transport\",\"isPartOf\":{\"@id\":\"https:\\\/\\\/villapelangi.nl\\\/#website\"},\"primaryImageOfPage\":{\"@id\":\"https:\\\/\\\/villapelangi.nl\\\/de\\\/transfer-luchthaven-villa-pelangi\\\/#primaryimage\"},\"image\":{\"@id\":\"https:\\\/\\\/villapelangi.nl\\\/de\\\/transfer-luchthaven-villa-pelangi\\\/#primaryimage\"},\"thumbnailUrl\":\"https:\\\/\\\/villapelangi.nl\\\/wp-content\\\/uploads\\\/2018\\\/11\\\/bussen.jpg\",\"datePublished\":\"2018-08-13T13:51:39+00:00\",\"dateModified\":\"2024-12-19T14:45:10+00:00\",\"description\":\"UnsereTransport vom und zum Flughafen Fahrer stehen auch f\u00fcr Ausfl\u00fcge in Bali zur Verf\u00fcgung. Mit eigenen Fahrern. Taxi auf Bali\",\"breadcrumb\":{\"@id\":\"https:\\\/\\\/villapelangi.nl\\\/de\\\/transfer-luchthaven-villa-pelangi\\\/#breadcrumb\"},\"inLanguage\":\"de-DE\",\"potentialAction\":[{\"@type\":\"ReadAction\",\"target\":[\"https:\\\/\\\/villapelangi.nl\\\/de\\\/transfer-luchthaven-villa-pelangi\\\/\"]}]},{\"@type\":\"ImageObject\",\"inLanguage\":\"de-DE\",\"@id\":\"https:\\\/\\\/villapelangi.nl\\\/de\\\/transfer-luchthaven-villa-pelangi\\\/#primaryimage\",\"url\":\"https:\\\/\\\/villapelangi.nl\\\/wp-content\\\/uploads\\\/2018\\\/11\\\/bussen.jpg\",\"contentUrl\":\"https:\\\/\\\/villapelangi.nl\\\/wp-content\\\/uploads\\\/2018\\\/11\\\/bussen.jpg\"},{\"@type\":\"BreadcrumbList\",\"@id\":\"https:\\\/\\\/villapelangi.nl\\\/de\\\/transfer-luchthaven-villa-pelangi\\\/#breadcrumb\",\"itemListElement\":[{\"@type\":\"ListItem\",\"position\":1,\"name\":\"Home\",\"item\":\"https:\\\/\\\/villapelangi.nl\\\/de\\\/\"},{\"@type\":\"ListItem\",\"position\":2,\"name\":\"Taxi Bali airport\"}]},{\"@type\":\"WebSite\",\"@id\":\"https:\\\/\\\/villapelangi.nl\\\/#website\",\"url\":\"https:\\\/\\\/villapelangi.nl\\\/\",\"name\":\"Villa Pelangi | Bali\",\"description\":\"verhuur vakantie huis op Bali\",\"potentialAction\":[{\"@type\":\"SearchAction\",\"target\":{\"@type\":\"EntryPoint\",\"urlTemplate\":\"https:\\\/\\\/villapelangi.nl\\\/?s={search_term_string}\"},\"query-input\":{\"@type\":\"PropertyValueSpecification\",\"valueRequired\":true,\"valueName\":\"search_term_string\"}}],\"inLanguage\":\"de-DE\"}]}<\/script>\n<!-- \/ Yoast SEO plugin. -->","yoast_head_json":{"title":"Taxi Bali airport | Villa Pelangi | Bali Flughafen Transport","description":"UnsereTransport vom und zum Flughafen Fahrer stehen auch f\u00fcr Ausfl\u00fcge in Bali zur Verf\u00fcgung. Mit eigenen Fahrern. Taxi auf Bali","robots":{"index":"index","follow":"follow","max-snippet":"max-snippet:-1","max-image-preview":"max-image-preview:large","max-video-preview":"max-video-preview:-1"},"canonical":"https:\/\/villapelangi.nl\/de\/transfer-luchthaven-villa-pelangi\/","og_locale":"de_DE","og_type":"article","og_title":"Taxi Bali airport | Villa Pelangi | Bali Flughafen Transport","og_description":"UnsereTransport vom und zum Flughafen Fahrer stehen auch f\u00fcr Ausfl\u00fcge in Bali zur Verf\u00fcgung. Mit eigenen Fahrern. Taxi auf Bali","og_url":"https:\/\/villapelangi.nl\/de\/transfer-luchthaven-villa-pelangi\/","og_site_name":"Villa Pelangi | Bali","article_modified_time":"2024-12-19T14:45:10+00:00","og_image":[{"width":985,"height":630,"url":"https:\/\/villapelangi.nl\/wp-content\/uploads\/2018\/11\/bussen.jpg","type":"image\/jpeg"}],"twitter_card":"summary_large_image","twitter_misc":{"Gesch\u00e4tzte Lesezeit":"2 minutes"},"schema":{"@context":"https:\/\/schema.org","@graph":[{"@type":"WebPage","@id":"https:\/\/villapelangi.nl\/de\/transfer-luchthaven-villa-pelangi\/","url":"https:\/\/villapelangi.nl\/de\/transfer-luchthaven-villa-pelangi\/","name":"Taxi Bali airport | Villa Pelangi | Bali Flughafen Transport","isPartOf":{"@id":"https:\/\/villapelangi.nl\/#website"},"primaryImageOfPage":{"@id":"https:\/\/villapelangi.nl\/de\/transfer-luchthaven-villa-pelangi\/#primaryimage"},"image":{"@id":"https:\/\/villapelangi.nl\/de\/transfer-luchthaven-villa-pelangi\/#primaryimage"},"thumbnailUrl":"https:\/\/villapelangi.nl\/wp-content\/uploads\/2018\/11\/bussen.jpg","datePublished":"2018-08-13T13:51:39+00:00","dateModified":"2024-12-19T14:45:10+00:00","description":"UnsereTransport vom und zum Flughafen Fahrer stehen auch f\u00fcr Ausfl\u00fcge in Bali zur Verf\u00fcgung. Mit eigenen Fahrern. Taxi auf Bali","breadcrumb":{"@id":"https:\/\/villapelangi.nl\/de\/transfer-luchthaven-villa-pelangi\/#breadcrumb"},"inLanguage":"de-DE","potentialAction":[{"@type":"ReadAction","target":["https:\/\/villapelangi.nl\/de\/transfer-luchthaven-villa-pelangi\/"]}]},{"@type":"ImageObject","inLanguage":"de-DE","@id":"https:\/\/villapelangi.nl\/de\/transfer-luchthaven-villa-pelangi\/#primaryimage","url":"https:\/\/villapelangi.nl\/wp-content\/uploads\/2018\/11\/bussen.jpg","contentUrl":"https:\/\/villapelangi.nl\/wp-content\/uploads\/2018\/11\/bussen.jpg"},{"@type":"BreadcrumbList","@id":"https:\/\/villapelangi.nl\/de\/transfer-luchthaven-villa-pelangi\/#breadcrumb","itemListElement":[{"@type":"ListItem","position":1,"name":"Home","item":"https:\/\/villapelangi.nl\/de\/"},{"@type":"ListItem","position":2,"name":"Taxi Bali airport"}]},{"@type":"WebSite","@id":"https:\/\/villapelangi.nl\/#website","url":"https:\/\/villapelangi.nl\/","name":"Villa Pelangi | Bali","description":"verhuur vakantie huis op Bali","potentialAction":[{"@type":"SearchAction","target":{"@type":"EntryPoint","urlTemplate":"https:\/\/villapelangi.nl\/?s={search_term_string}"},"query-input":{"@type":"PropertyValueSpecification","valueRequired":true,"valueName":"search_term_string"}}],"inLanguage":"de-DE"}]}},"_links":{"self":[{"href":"https:\/\/villapelangi.nl\/de\/wp-json\/wp\/v2\/pages\/2279","targetHints":{"allow":["GET"]}}],"collection":[{"href":"https:\/\/villapelangi.nl\/de\/wp-json\/wp\/v2\/pages"}],"about":[{"href":"https:\/\/villapelangi.nl\/de\/wp-json\/wp\/v2\/types\/page"}],"author":[{"embeddable":true,"href":"https:\/\/villapelangi.nl\/de\/wp-json\/wp\/v2\/users\/2"}],"replies":[{"embeddable":true,"href":"https:\/\/villapelangi.nl\/de\/wp-json\/wp\/v2\/comments?post=2279"}],"version-history":[{"count":4,"href":"https:\/\/villapelangi.nl\/de\/wp-json\/wp\/v2\/pages\/2279\/revisions"}],"predecessor-version":[{"id":21839,"href":"https:\/\/villapelangi.nl\/de\/wp-json\/wp\/v2\/pages\/2279\/revisions\/21839"}],"wp:attachment":[{"href":"https:\/\/villapelangi.nl\/de\/wp-json\/wp\/v2\/media?parent=2279"}],"curies":[{"name":"wp","href":"https:\/\/api.w.org\/{rel}","templated":true}]}}