{"id":261,"date":"2018-07-02T09:58:55","date_gmt":"2018-07-02T09:58:55","guid":{"rendered":"https:\/\/villapelangi.nl\/?page_id=261"},"modified":"2022-02-25T14:19:24","modified_gmt":"2022-02-25T13:19:24","slug":"mietvilla-auf-bali","status":"publish","type":"page","link":"https:\/\/villapelangi.nl\/de\/mietvilla-auf-bali\/","title":{"rendered":"Mietvilla auf Bali"},"content":{"rendered":"<div class=\"row\">\n<div>\n<h2>Kontakt- Mietvilla auf Bali<\/h2>\n<p>Urlaub Bali \/ Mietvilla auf Bali<\/p>\n<table style=\"border-collapse: collapse; width: 100%;\">\n<tbody>\n<tr>\n<td style=\"width: 100%;\"><img loading=\"lazy\" decoding=\"async\" class=\"alignleft wp-image-2248 size-medium\" title=\"Mietvilla auf Bali\" src=\"https:\/\/villapelangi.nl\/wp-content\/uploads\/2018\/11\/Drone-3-kopie-300x179.jpg\" alt=\"Mietvilla auf Bali\" width=\"300\" height=\"179\" srcset=\"https:\/\/villapelangi.nl\/wp-content\/uploads\/2018\/11\/Drone-3-kopie-300x179.jpg 300w, https:\/\/villapelangi.nl\/wp-content\/uploads\/2018\/11\/Drone-3-kopie-768x458.jpg 768w, https:\/\/villapelangi.nl\/wp-content\/uploads\/2018\/11\/Drone-3-kopie-1024x610.jpg 1024w, https:\/\/villapelangi.nl\/wp-content\/uploads\/2018\/11\/Drone-3-kopie.jpg 1326w\" sizes=\"auto, (max-width: 300px) 100vw, 300px\" \/><\/td>\n<\/tr>\n<\/tbody>\n<\/table>\n<p><span class=\"VIiyi\" lang=\"de\"><span class=\"JLqJ4b ChMk0b\" data-language-for-alternatives=\"de\" data-language-to-translate-into=\"nl\" data-phrase-index=\"0\">Diese Website enth\u00e4lt viele Informationen \u00fcber unsere Villa und \u00fcber Bali.<\/span> <span class=\"JLqJ4b ChMk0b\" data-language-for-alternatives=\"de\" data-language-to-translate-into=\"nl\" data-phrase-index=\"1\">M\u00f6glicherweise haben Sie jedoch noch Fragen.<\/span> <span class=\"JLqJ4b ChMk0b\" data-language-for-alternatives=\"de\" data-language-to-translate-into=\"nl\" data-phrase-index=\"3\">Das ist \u00fcberhaupt kein Problem.<\/span> <span class=\"JLqJ4b ChMk0b\" data-language-for-alternatives=\"de\" data-language-to-translate-into=\"nl\" data-phrase-index=\"4\">Wenn es welche gibt, kontaktieren Sie uns bitte.<\/span><\/span><\/p>\n<p><em><span class=\"JLqJ4b ChMk0b\" data-language-for-alternatives=\"de\" data-language-to-translate-into=\"nl\" data-phrase-index=\"6\">Da wir einen Gro\u00dfteil des Jahres im Ausland bleiben, ist es aufgrund des Zeitunterschieds nur m\u00f6glich, uns per E-Mail oder SMS \u00fcber WhatsApp zu kontaktieren.<\/span> <span class=\"JLqJ4b ChMk0b\" data-language-for-alternatives=\"de\" data-language-to-translate-into=\"nl\" data-phrase-index=\"8\">Wir werden Ihre Fragen oder Kommentare so schnell wie m\u00f6glich beantworten<\/span> <\/em><\/p>\n<p><span class=\"JLqJ4b ChMk0b\" data-language-for-alternatives=\"de\" data-language-to-translate-into=\"nl\" data-phrase-index=\"10\"><strong>Per E-Mail: <\/strong><a href=\"mailto:info@villapelangi.nl\" target=\"_blank\" rel=\"noopener\">Villa Pelangi<\/a><\/span><\/p>\n<p><span class=\"tlid-translation translation\"><span style=\"text-decoration: underline;\"><strong><span class=\"\" title=\"\">ACHTUNG!<\/span><\/strong><\/span> <span class=\"\" title=\"\">Unsere Website ist gegen Spam gesch\u00fctzt. Platzieren Sie keine Website oder E-Mail-Adressen im Nachrichtenfenster. Sie erhalten eine Fehlermeldung.<\/span><br \/>\n<span class=\"\" title=\"\">Ihre Nachricht kann nicht gesendet werden.<\/span><\/span><\/p>\n<\/div>\n<div><\/div>\n<div class=\"col-12 col-lg-6\">\n<div class=\"wpcf7 no-js\" id=\"wpcf7-f326-o1\" lang=\"nl-NL\" dir=\"ltr\" data-wpcf7-id=\"326\">\n<div class=\"screen-reader-response\"><p role=\"status\" aria-live=\"polite\" aria-atomic=\"true\"><\/p> <ul><\/ul><\/div>\n<form action=\"\/de\/wp-json\/wp\/v2\/pages\/261#wpcf7-f326-o1\" method=\"post\" class=\"wpcf7-form init\" aria-label=\"Kontaktformular\" novalidate=\"novalidate\" data-status=\"init\">\n<fieldset class=\"hidden-fields-container\"><input type=\"hidden\" name=\"_wpcf7\" value=\"326\" \/><input type=\"hidden\" name=\"_wpcf7_version\" value=\"6.1.6\" \/><input type=\"hidden\" name=\"_wpcf7_locale\" value=\"nl_NL\" \/><input type=\"hidden\" name=\"_wpcf7_unit_tag\" value=\"wpcf7-f326-o1\" \/><input type=\"hidden\" name=\"_wpcf7_container_post\" value=\"0\" \/><input type=\"hidden\" name=\"_wpcf7_posted_data_hash\" value=\"\" \/><input type=\"hidden\" name=\"_wpcf7_recaptcha_response\" value=\"\" \/>\n<\/fieldset>\n<p><label> Firmenname:<br \/>\n<span class=\"wpcf7-form-control-wrap\" data-name=\"your-name\"><input size=\"40\" maxlength=\"400\" class=\"wpcf7-form-control wpcf7-text\" aria-invalid=\"false\" value=\"\" type=\"text\" name=\"your-name\" \/><\/span> <\/label><br \/>\n<label> Name: *<br \/>\n<span class=\"wpcf7-form-control-wrap\" data-name=\"your-name\"><input size=\"40\" maxlength=\"400\" class=\"wpcf7-form-control wpcf7-text wpcf7-validates-as-required\" aria-required=\"true\" aria-invalid=\"false\" value=\"\" type=\"text\" name=\"your-name\" \/><\/span> <\/label><br \/>\n<label> E-Mail: *<br \/>\n<span class=\"wpcf7-form-control-wrap\" data-name=\"your-email\"><input size=\"40\" maxlength=\"400\" class=\"wpcf7-form-control wpcf7-email wpcf7-validates-as-required wpcf7-text wpcf7-validates-as-email\" aria-required=\"true\" aria-invalid=\"false\" value=\"\" type=\"email\" name=\"your-email\" \/><\/span> <\/label><br \/>\n<label> Telefon:<br \/>\n<span class=\"wpcf7-form-control-wrap\" data-name=\"your-tel\"><input size=\"40\" maxlength=\"400\" class=\"wpcf7-form-control wpcf7-tel wpcf7-text wpcf7-validates-as-tel\" aria-invalid=\"false\" value=\"\" type=\"tel\" name=\"your-tel\" \/><\/span> <\/label><br \/>\n<label> Land: *<br \/>\n<span class=\"wpcf7-form-control-wrap\" data-name=\"your-country\"><select class=\"wpcf7-form-control wpcf7-select\" aria-invalid=\"false\" name=\"your-country\"><option value=\"Aruba\">Aruba<\/option><option value=\"Afghanistan\">Afghanistan<\/option><option value=\"Angola\">Angola<\/option><option value=\"Albanien\">Albanien<\/option><option value=\"Andorra\">Andorra<\/option><option value=\"Vereinigte Arabische Emirate\">Vereinigte Arabische Emirate<\/option><option value=\"Argentinien\">Argentinien<\/option><option value=\"Armenien\">Armenien<\/option><option value=\"Amerikanisch-Samoa\">Amerikanisch-Samoa<\/option><option value=\"Antigua und Barbuda\">Antigua und Barbuda<\/option><option value=\"Australien\">Australien<\/option><option value=\"\u00d6sterreich\">\u00d6sterreich<\/option><option value=\"Aserbaidschan\">Aserbaidschan<\/option><option value=\"Burundi\">Burundi<\/option><option value=\"Belgien\">Belgien<\/option><option value=\"Benin\">Benin<\/option><option value=\"Burkina Faso\">Burkina Faso<\/option><option value=\"Bangladesch\">Bangladesch<\/option><option value=\"Bulgarien\">Bulgarien<\/option><option value=\"Bahrain\">Bahrain<\/option><option value=\"Bahamas\">Bahamas<\/option><option value=\"Bosnien und Herzegowina\">Bosnien und Herzegowina<\/option><option value=\"Belarus\">Belarus<\/option><option value=\"Belize\">Belize<\/option><option value=\"Bermuda\">Bermuda<\/option><option value=\"Bolivien\">Bolivien<\/option><option value=\"Brasilien\">Brasilien<\/option><option value=\"Barbados\">Barbados<\/option><option value=\"Brunei\">Brunei<\/option><option value=\"Bhutan\">Bhutan<\/option><option value=\"Botswana\">Botswana<\/option><option value=\"Zentralafrikanische Republik\">Zentralafrikanische Republik<\/option><option value=\"Kanada\">Kanada<\/option><option value=\"Schweiz\">Schweiz<\/option><option value=\"Chile\">Chile<\/option><option value=\"China\">China<\/option><option value=\"Elfenbeink\u00fcste\">Elfenbeink\u00fcste<\/option><option value=\"Kamerun\">Kamerun<\/option><option value=\"Demokratische Republik Kongo\">Demokratische Republik Kongo<\/option><option value=\"Kongo\">Kongo<\/option><option value=\"Cookinseln\">Cookinseln<\/option><option value=\"Kolumbien\">Kolumbien<\/option><option value=\"Komoren\">Komoren<\/option><option value=\"Kap Verde\">Kap Verde<\/option><option value=\"Costa Rica\">Costa Rica<\/option><option value=\"Kuba\">Kuba<\/option><option value=\"Kaimaninseln\">Kaimaninseln<\/option><option value=\"Zypern\">Zypern<\/option><option value=\"Tschechien\">Tschechien<\/option><option value=\"Deutschland\">Deutschland<\/option><option value=\"Dschibuti\">Dschibuti<\/option><option value=\"Dominica\">Dominica<\/option><option value=\"D\u00e4nemark\">D\u00e4nemark<\/option><option value=\"Dominikanische Republik\">Dominikanische Republik<\/option><option value=\"Algerien\">Algerien<\/option><option value=\"Ecuador\">Ecuador<\/option><option value=\"\u00c4gypten\">\u00c4gypten<\/option><option value=\"Eritrea\">Eritrea<\/option><option value=\"Spanien\">Spanien<\/option><option value=\"Estland\">Estland<\/option><option value=\"\u00c4thiopien\">\u00c4thiopien<\/option><option value=\"Finnland\">Finnland<\/option><option value=\"Fidschi\">Fidschi<\/option><option value=\"Frankreich\">Frankreich<\/option><option value=\"Mikronesien, F\u00f6derierte Staaten von\">Mikronesien, F\u00f6derierte Staaten von<\/option><option value=\"Gabun\">Gabun<\/option><option value=\"Vereinigtes K\u00f6nigreich von Gro\u00dfbritannien und Nordirland\">Vereinigtes K\u00f6nigreich von Gro\u00dfbritannien und Nordirland<\/option><option value=\"Georgien\">Georgien<\/option><option value=\"Ghana\">Ghana<\/option><option value=\"Guinea\">Guinea<\/option><option value=\"Gambia\">Gambia<\/option><option value=\"Guinea-Bissau\">Guinea-Bissau<\/option><option value=\"\u00c4quatorialguinea\">\u00c4quatorialguinea<\/option><option value=\"Griechenland\">Griechenland<\/option><option value=\"Grenada\">Grenada<\/option><option value=\"Guatemala\">Guatemala<\/option><option value=\"Guam\">Guam<\/option><option value=\"Guyana\">Guyana<\/option><option value=\"Hongkong\">Hongkong<\/option><option value=\"Honduras\">Honduras<\/option><option value=\"Kroatien\">Kroatien<\/option><option value=\"Haiti\">Haiti<\/option><option value=\"Ungarn\">Ungarn<\/option><option value=\"Indonesien\">Indonesien<\/option><option value=\"Indien\">Indien<\/option><option value=\"Irland\">Irland<\/option><option value=\"Iran\">Iran<\/option><option value=\"Irak\">Irak<\/option><option value=\"Island\">Island<\/option><option value=\"Israel\">Israel<\/option><option value=\"Italien\">Italien<\/option><option value=\"Jamaika\">Jamaika<\/option><option value=\"Jordanien\">Jordanien<\/option><option value=\"Japan\">Japan<\/option><option value=\"Kasachstan\">Kasachstan<\/option><option value=\"Kenia\">Kenia<\/option><option value=\"Kirgisistan\">Kirgisistan<\/option><option value=\"Kambodscha\">Kambodscha<\/option><option value=\"Kiribati\">Kiribati<\/option><option value=\"St. Kitts und Nevis\">St. Kitts und Nevis<\/option><option value=\"S\u00fcdkorea\">S\u00fcdkorea<\/option><option value=\"Kuwait\">Kuwait<\/option><option value=\"Laos\">Laos<\/option><option value=\"Libanon\">Libanon<\/option><option value=\"Liberia\">Liberia<\/option><option value=\"Libyen\">Libyen<\/option><option value=\"St. Lucia\">St. Lucia<\/option><option value=\"Liechtenstein\">Liechtenstein<\/option><option value=\"Sri Lanka\">Sri Lanka<\/option><option value=\"Lesotho\">Lesotho<\/option><option value=\"Litauen\">Litauen<\/option><option value=\"Luxemburg\">Luxemburg<\/option><option value=\"Lettland\">Lettland<\/option><option value=\"Marokko\">Marokko<\/option><option value=\"Monaco\">Monaco<\/option><option value=\"Moldawien\">Moldawien<\/option><option value=\"Madagaskar\">Madagaskar<\/option><option value=\"Malediven\">Malediven<\/option><option value=\"Mexiko\">Mexiko<\/option><option value=\"Marshallinseln\">Marshallinseln<\/option><option value=\"Nordmazedonien\">Nordmazedonien<\/option><option value=\"Mali\">Mali<\/option><option value=\"Malta\">Malta<\/option><option value=\"Myanmar\">Myanmar<\/option><option value=\"Montenegro\">Montenegro<\/option><option value=\"Mongolei\">Mongolei<\/option><option value=\"Mosambik\">Mosambik<\/option><option value=\"Mauretanien\">Mauretanien<\/option><option value=\"Mauritius\">Mauritius<\/option><option value=\"Malawi\">Malawi<\/option><option value=\"Malaysia\">Malaysia<\/option><option value=\"Namibia\">Namibia<\/option><option value=\"Niger\">Niger<\/option><option value=\"Nigeria\">Nigeria<\/option><option value=\"Nicaragua\">Nicaragua<\/option><option value=\"K\u00f6nigreich der Niederlande\">K\u00f6nigreich der Niederlande<\/option><option value=\"Norwegen\">Norwegen<\/option><option value=\"Nepal\">Nepal<\/option><option value=\"Nauru\">Nauru<\/option><option value=\"Neuseeland\">Neuseeland<\/option><option value=\"Oman\">Oman<\/option><option value=\"Pakistan\">Pakistan<\/option><option value=\"Panama\">Panama<\/option><option value=\"Peru\">Peru<\/option><option value=\"Philippinen\">Philippinen<\/option><option value=\"Palau\">Palau<\/option><option value=\"Papua-Neuguinea\">Papua-Neuguinea<\/option><option value=\"Polen\">Polen<\/option><option value=\"Puerto Rico\">Puerto Rico<\/option><option value=\"Nordkorea\">Nordkorea<\/option><option value=\"Portugal\">Portugal<\/option><option value=\"Paraguay\">Paraguay<\/option><option value=\"Pal\u00e4stina\">Pal\u00e4stina<\/option><option value=\"Katar\">Katar<\/option><option value=\"Rum\u00e4nien\">Rum\u00e4nien<\/option><option value=\"Russland\">Russland<\/option><option value=\"Ruanda\">Ruanda<\/option><option value=\"Saudi-Arabien\">Saudi-Arabien<\/option><option value=\"Sudan\">Sudan<\/option><option value=\"Senegal\">Senegal<\/option><option value=\"Singapur\">Singapur<\/option><option value=\"Salomonen\">Salomonen<\/option><option value=\"Sierra Leone\">Sierra Leone<\/option><option value=\"El Salvador\">El Salvador<\/option><option value=\"San Marino\">San Marino<\/option><option value=\"Somalia\">Somalia<\/option><option value=\"Serbien\">Serbien<\/option><option value=\"S\u00fcdsudan\">S\u00fcdsudan<\/option><option value=\"S\u00e3o Tom\u00e9 und Pr\u00edncipe\">S\u00e3o Tom\u00e9 und Pr\u00edncipe<\/option><option value=\"Surinam\">Surinam<\/option><option value=\"Slowakei\">Slowakei<\/option><option value=\"Slowenien\">Slowenien<\/option><option value=\"Schweden\">Schweden<\/option><option value=\"Eswatini\">Eswatini<\/option><option value=\"Seychellen\">Seychellen<\/option><option value=\"Syrien\">Syrien<\/option><option value=\"Tschad\">Tschad<\/option><option value=\"Togo\">Togo<\/option><option value=\"Thailand\">Thailand<\/option><option value=\"Tadschikistan\">Tadschikistan<\/option><option value=\"Turkmenistan\">Turkmenistan<\/option><option value=\"Osttimor\">Osttimor<\/option><option value=\"Tonga\">Tonga<\/option><option value=\"Trinidad und Tobago\">Trinidad und Tobago<\/option><option value=\"Tunesien\">Tunesien<\/option><option value=\"T\u00fcrkei\">T\u00fcrkei<\/option><option value=\"Tuvalu\">Tuvalu<\/option><option value=\"Taiwan\">Taiwan<\/option><option value=\"Tansania\">Tansania<\/option><option value=\"Uganda\">Uganda<\/option><option value=\"Ukraine\">Ukraine<\/option><option value=\"Uruguay\">Uruguay<\/option><option value=\"Vereinigte Staaten von Amerika\">Vereinigte Staaten von Amerika<\/option><option value=\"Usbekistan\">Usbekistan<\/option><option value=\"St. Vincent und die Grenadinen\">St. Vincent und die Grenadinen<\/option><option value=\"Venezuela\">Venezuela<\/option><option value=\"Britische Jungferninseln\">Britische Jungferninseln<\/option><option value=\"Amerikanische Jungferninseln\">Amerikanische Jungferninseln<\/option><option value=\"Vietnam\">Vietnam<\/option><option value=\"Vanuatu\">Vanuatu<\/option><option value=\"Samoa\">Samoa<\/option><option value=\"Jemen\">Jemen<\/option><option value=\"S\u00fcdafrika\">S\u00fcdafrika<\/option><option value=\"Sambia\">Sambia<\/option><option value=\"Simbabwe\">Simbabwe<\/option><\/select><\/span><br \/>\n<\/label><br \/>\n<label><br \/>\nBetreff: *<br \/>\n<span class=\"wpcf7-form-control-wrap\" data-name=\"your-subject\"><input size=\"40\" maxlength=\"400\" class=\"wpcf7-form-control wpcf7-text wpcf7-validates-as-required\" aria-required=\"true\" aria-invalid=\"false\" value=\"\" type=\"text\" name=\"your-subject\" \/><\/span><br \/>\n<\/label><br \/>\n<label> Mitteilung: *<br \/>\n<span class=\"wpcf7-form-control-wrap\" data-name=\"your-message\"><textarea cols=\"40\" rows=\"10\" maxlength=\"2000\" class=\"wpcf7-form-control wpcf7-textarea\" aria-invalid=\"false\" name=\"your-message\"><\/textarea><\/span> <\/label><br \/>\n\n<\/p>\n<p><input class=\"wpcf7-form-control wpcf7-submit has-spinner\" type=\"submit\" value=\"Senden\" \/>\n<\/p><div class=\"wpcf7-response-output\" aria-hidden=\"true\"><\/div>\n<\/form>\n<\/div>\n<\/div>\n<div class=\"col-12 col-lg-6\">\n<div class=\"contact-map\">\n<div id=\"gmap_canvas\"><iframe loading=\"lazy\" src=\"https:\/\/maps.google.com\/maps?width=700&amp;height=600&amp;hl=en&amp;q=Villa%20Pelangi%20Bali%20Jalan%20Samudra%20V6%2C%20Sulanyah%2C%20Seririt%2C%20Kabupaten%20Buleleng%2C%20Bali%2081153%2C%20Indonesi%C3%AB+(Villa%20Pelangi%20Bali)&amp;ie=UTF8&amp;t=k&amp;z=21&amp;iwloc=B&amp;output=embed\" width=\"100%\" height=\"600\" frameborder=\"0\" marginwidth=\"0\" marginheight=\"0\" scrolling=\"no\"><\/iframe><\/div>\n<\/div>\n<\/div>\n<\/div>\n","protected":false},"excerpt":{"rendered":"<p>Kontakt- Mietvilla auf Bali Urlaub Bali \/ Mietvilla auf Bali Diese Website enth\u00e4lt viele Informationen \u00fcber unsere Villa und \u00fcber Bali. M\u00f6glicherweise haben Sie jedoch noch Fragen. Das ist \u00fcberhaupt kein Problem. Wenn es welche gibt, kontaktieren Sie uns bitte. Da wir einen Gro\u00dfteil des Jahres im Ausland bleiben, ist es aufgrund des Zeitunterschieds nur [&hellip;]<\/p>\n","protected":false},"author":2,"featured_media":0,"parent":0,"menu_order":0,"comment_status":"closed","ping_status":"closed","template":"template-contact.php","meta":{"_acf_changed":false,"_exactmetrics_skip_tracking":false,"_exactmetrics_sitenote_active":false,"_exactmetrics_sitenote_note":"","_exactmetrics_sitenote_category":0,"footnotes":""},"class_list":["post-261","page","type-page","status-publish","hentry"],"acf":[],"yoast_head":"<!-- This site is optimized with the Yoast SEO plugin v27.6 - https:\/\/yoast.com\/product\/yoast-seo-wordpress\/ -->\n<title>Mietvilla auf Bali | Villa Pelangi | Bali Urlaubshausvermietungen<\/title>\n<meta name=\"description\" content=\"Mietvilla auf Bali, Urlaubshausvermietungen, Informations-und Kontakt-Formular Villa Pelangi Bali. Urlaub am Strand.\" \/>\n<meta name=\"robots\" content=\"index, follow, max-snippet:-1, max-image-preview:large, max-video-preview:-1\" \/>\n<link rel=\"canonical\" href=\"https:\/\/villapelangi.nl\/de\/mietvilla-auf-bali\/\" \/>\n<meta property=\"og:locale\" content=\"de_DE\" \/>\n<meta property=\"og:type\" content=\"article\" \/>\n<meta property=\"og:title\" content=\"Mietvilla auf Bali | Villa Pelangi | Bali Urlaubshausvermietungen\" \/>\n<meta property=\"og:description\" content=\"Mietvilla auf Bali, Urlaubshausvermietungen, Informations-und Kontakt-Formular Villa Pelangi Bali. Urlaub am Strand.\" \/>\n<meta property=\"og:url\" content=\"https:\/\/villapelangi.nl\/de\/mietvilla-auf-bali\/\" \/>\n<meta property=\"og:site_name\" content=\"Villa Pelangi | Bali\" \/>\n<meta property=\"article:modified_time\" content=\"2022-02-25T13:19:24+00:00\" \/>\n<meta property=\"og:image\" content=\"https:\/\/villapelangi.nl\/wp-content\/uploads\/2018\/11\/Drone-3-kopie-300x179.jpg\" \/>\n<meta name=\"twitter:card\" content=\"summary_large_image\" \/>\n<meta name=\"twitter:label1\" content=\"Gesch\u00e4tzte Lesezeit\" \/>\n\t<meta name=\"twitter:data1\" content=\"1 minute\" \/>\n<script type=\"application\/ld+json\" class=\"yoast-schema-graph\">{\"@context\":\"https:\\\/\\\/schema.org\",\"@graph\":[{\"@type\":\"WebPage\",\"@id\":\"https:\\\/\\\/villapelangi.nl\\\/de\\\/mietvilla-auf-bali\\\/\",\"url\":\"https:\\\/\\\/villapelangi.nl\\\/de\\\/mietvilla-auf-bali\\\/\",\"name\":\"Mietvilla auf Bali | Villa Pelangi | Bali Urlaubshausvermietungen\",\"isPartOf\":{\"@id\":\"https:\\\/\\\/villapelangi.nl\\\/#website\"},\"primaryImageOfPage\":{\"@id\":\"https:\\\/\\\/villapelangi.nl\\\/de\\\/mietvilla-auf-bali\\\/#primaryimage\"},\"image\":{\"@id\":\"https:\\\/\\\/villapelangi.nl\\\/de\\\/mietvilla-auf-bali\\\/#primaryimage\"},\"thumbnailUrl\":\"https:\\\/\\\/villapelangi.nl\\\/wp-content\\\/uploads\\\/2018\\\/11\\\/Drone-3-kopie-300x179.jpg\",\"datePublished\":\"2018-07-02T09:58:55+00:00\",\"dateModified\":\"2022-02-25T13:19:24+00:00\",\"description\":\"Mietvilla auf Bali, Urlaubshausvermietungen, Informations-und Kontakt-Formular Villa Pelangi Bali. Urlaub am Strand.\",\"breadcrumb\":{\"@id\":\"https:\\\/\\\/villapelangi.nl\\\/de\\\/mietvilla-auf-bali\\\/#breadcrumb\"},\"inLanguage\":\"de-DE\",\"potentialAction\":[{\"@type\":\"ReadAction\",\"target\":[\"https:\\\/\\\/villapelangi.nl\\\/de\\\/mietvilla-auf-bali\\\/\"]}]},{\"@type\":\"ImageObject\",\"inLanguage\":\"de-DE\",\"@id\":\"https:\\\/\\\/villapelangi.nl\\\/de\\\/mietvilla-auf-bali\\\/#primaryimage\",\"url\":\"https:\\\/\\\/villapelangi.nl\\\/wp-content\\\/uploads\\\/2018\\\/11\\\/Drone-3-kopie-300x179.jpg\",\"contentUrl\":\"https:\\\/\\\/villapelangi.nl\\\/wp-content\\\/uploads\\\/2018\\\/11\\\/Drone-3-kopie-300x179.jpg\"},{\"@type\":\"BreadcrumbList\",\"@id\":\"https:\\\/\\\/villapelangi.nl\\\/de\\\/mietvilla-auf-bali\\\/#breadcrumb\",\"itemListElement\":[{\"@type\":\"ListItem\",\"position\":1,\"name\":\"Home\",\"item\":\"https:\\\/\\\/villapelangi.nl\\\/de\\\/\"},{\"@type\":\"ListItem\",\"position\":2,\"name\":\"Mietvilla auf Bali\"}]},{\"@type\":\"WebSite\",\"@id\":\"https:\\\/\\\/villapelangi.nl\\\/#website\",\"url\":\"https:\\\/\\\/villapelangi.nl\\\/\",\"name\":\"Villa Pelangi | Bali\",\"description\":\"verhuur vakantie huis op Bali\",\"potentialAction\":[{\"@type\":\"SearchAction\",\"target\":{\"@type\":\"EntryPoint\",\"urlTemplate\":\"https:\\\/\\\/villapelangi.nl\\\/?s={search_term_string}\"},\"query-input\":{\"@type\":\"PropertyValueSpecification\",\"valueRequired\":true,\"valueName\":\"search_term_string\"}}],\"inLanguage\":\"de-DE\"}]}<\/script>\n<!-- \/ Yoast SEO plugin. -->","yoast_head_json":{"title":"Mietvilla auf Bali | Villa Pelangi | Bali Urlaubshausvermietungen","description":"Mietvilla auf Bali, Urlaubshausvermietungen, Informations-und Kontakt-Formular Villa Pelangi Bali. Urlaub am Strand.","robots":{"index":"index","follow":"follow","max-snippet":"max-snippet:-1","max-image-preview":"max-image-preview:large","max-video-preview":"max-video-preview:-1"},"canonical":"https:\/\/villapelangi.nl\/de\/mietvilla-auf-bali\/","og_locale":"de_DE","og_type":"article","og_title":"Mietvilla auf Bali | Villa Pelangi | Bali Urlaubshausvermietungen","og_description":"Mietvilla auf Bali, Urlaubshausvermietungen, Informations-und Kontakt-Formular Villa Pelangi Bali. Urlaub am Strand.","og_url":"https:\/\/villapelangi.nl\/de\/mietvilla-auf-bali\/","og_site_name":"Villa Pelangi | Bali","article_modified_time":"2022-02-25T13:19:24+00:00","og_image":[{"url":"https:\/\/villapelangi.nl\/wp-content\/uploads\/2018\/11\/Drone-3-kopie-300x179.jpg","type":"","width":"","height":""}],"twitter_card":"summary_large_image","twitter_misc":{"Gesch\u00e4tzte Lesezeit":"1 minute"},"schema":{"@context":"https:\/\/schema.org","@graph":[{"@type":"WebPage","@id":"https:\/\/villapelangi.nl\/de\/mietvilla-auf-bali\/","url":"https:\/\/villapelangi.nl\/de\/mietvilla-auf-bali\/","name":"Mietvilla auf Bali | Villa Pelangi | Bali Urlaubshausvermietungen","isPartOf":{"@id":"https:\/\/villapelangi.nl\/#website"},"primaryImageOfPage":{"@id":"https:\/\/villapelangi.nl\/de\/mietvilla-auf-bali\/#primaryimage"},"image":{"@id":"https:\/\/villapelangi.nl\/de\/mietvilla-auf-bali\/#primaryimage"},"thumbnailUrl":"https:\/\/villapelangi.nl\/wp-content\/uploads\/2018\/11\/Drone-3-kopie-300x179.jpg","datePublished":"2018-07-02T09:58:55+00:00","dateModified":"2022-02-25T13:19:24+00:00","description":"Mietvilla auf Bali, Urlaubshausvermietungen, Informations-und Kontakt-Formular Villa Pelangi Bali. Urlaub am Strand.","breadcrumb":{"@id":"https:\/\/villapelangi.nl\/de\/mietvilla-auf-bali\/#breadcrumb"},"inLanguage":"de-DE","potentialAction":[{"@type":"ReadAction","target":["https:\/\/villapelangi.nl\/de\/mietvilla-auf-bali\/"]}]},{"@type":"ImageObject","inLanguage":"de-DE","@id":"https:\/\/villapelangi.nl\/de\/mietvilla-auf-bali\/#primaryimage","url":"https:\/\/villapelangi.nl\/wp-content\/uploads\/2018\/11\/Drone-3-kopie-300x179.jpg","contentUrl":"https:\/\/villapelangi.nl\/wp-content\/uploads\/2018\/11\/Drone-3-kopie-300x179.jpg"},{"@type":"BreadcrumbList","@id":"https:\/\/villapelangi.nl\/de\/mietvilla-auf-bali\/#breadcrumb","itemListElement":[{"@type":"ListItem","position":1,"name":"Home","item":"https:\/\/villapelangi.nl\/de\/"},{"@type":"ListItem","position":2,"name":"Mietvilla auf Bali"}]},{"@type":"WebSite","@id":"https:\/\/villapelangi.nl\/#website","url":"https:\/\/villapelangi.nl\/","name":"Villa Pelangi | Bali","description":"verhuur vakantie huis op Bali","potentialAction":[{"@type":"SearchAction","target":{"@type":"EntryPoint","urlTemplate":"https:\/\/villapelangi.nl\/?s={search_term_string}"},"query-input":{"@type":"PropertyValueSpecification","valueRequired":true,"valueName":"search_term_string"}}],"inLanguage":"de-DE"}]}},"_links":{"self":[{"href":"https:\/\/villapelangi.nl\/de\/wp-json\/wp\/v2\/pages\/261","targetHints":{"allow":["GET"]}}],"collection":[{"href":"https:\/\/villapelangi.nl\/de\/wp-json\/wp\/v2\/pages"}],"about":[{"href":"https:\/\/villapelangi.nl\/de\/wp-json\/wp\/v2\/types\/page"}],"author":[{"embeddable":true,"href":"https:\/\/villapelangi.nl\/de\/wp-json\/wp\/v2\/users\/2"}],"replies":[{"embeddable":true,"href":"https:\/\/villapelangi.nl\/de\/wp-json\/wp\/v2\/comments?post=261"}],"version-history":[{"count":23,"href":"https:\/\/villapelangi.nl\/de\/wp-json\/wp\/v2\/pages\/261\/revisions"}],"predecessor-version":[{"id":9166,"href":"https:\/\/villapelangi.nl\/de\/wp-json\/wp\/v2\/pages\/261\/revisions\/9166"}],"wp:attachment":[{"href":"https:\/\/villapelangi.nl\/de\/wp-json\/wp\/v2\/media?parent=261"}],"curies":[{"name":"wp","href":"https:\/\/api.w.org\/{rel}","templated":true}]}}