{"id":333,"date":"2018-07-02T14:36:23","date_gmt":"2018-07-02T14:36:23","guid":{"rendered":"https:\/\/villapelangi.nl\/?page_id=333"},"modified":"2025-03-31T01:14:01","modified_gmt":"2025-03-31T00:14:01","slug":"20_personen","status":"publish","type":"page","link":"https:\/\/villapelangi.nl\/de\/20_personen\/","title":{"rendered":"Villa mieten 20 Personen in Bali"},"content":{"rendered":"<p><span class=\"tlid-translation translation\"><span class=\"\" title=\"\">Villa mieten <\/span><\/span><span class=\"tlid-translation translation\"><span class=\"\" title=\"\">in Bali<\/span><\/span><\/p>\n<h2><strong><span class=\"tlid-translation translation\"><span class=\"\" title=\"\">M\u00f6glichkeit f\u00fcr maximal 20 Personen<\/span><\/span><\/strong><\/h2>\n<p><span class=\"tlid-translation translation\" lang=\"de\"><span class=\"\" title=\"\">Wir arbeiten dann mit unseren Nachbarn zusammen.<\/span> <span class=\"\" title=\"\">Sie haben eine \u00e4hnliche Villa wie wir (falls verf\u00fcgbar).<\/span> <span class=\"\" title=\"\">Diese Villa wird auch vermietet, einschlie\u00dflich Personal, das f\u00fcr Sie kocht und putzt.<\/span><br \/>\n<span class=\"\" title=\"\">Unser Grundst\u00fcck und das der Nachbarn sind nur durch eine Trennwand getrennt.<\/span> <span class=\"\" title=\"\">Beide Grundst\u00fccke sind \u00fcber den Strand (20 m) und die Stra\u00dfe (10 m) leicht voneinander zu erreichen.<\/span><\/span><\/p>\n<p><span class=\"\" title=\"\">Die Villa verf\u00fcgt \u00fcber 4 Schlafzimmer, 3 im Erdgeschoss und 1 im ersten Stock.<\/span><br \/>\n<span class=\"\" title=\"\">Dar\u00fcber hinaus verf\u00fcgt diese Villa \u00fcber 3 Badezimmer, alle im Erdgeschoss.<\/span><\/p>\n<p><strong><span title=\"\">Informationen zu Preisen und Verf\u00fcgbarkeit auf Anfrage.<\/span><\/strong> <span title=\"\">Mail an: info@villapelangi.nl<\/span><\/p>\n<p>&nbsp;<\/p>\n<p>&nbsp;<\/p>\n","protected":false},"excerpt":{"rendered":"<p>Villa mieten in Bali M\u00f6glichkeit f\u00fcr maximal 20 Personen Wir arbeiten dann mit unseren Nachbarn zusammen. Sie haben eine \u00e4hnliche Villa wie wir (falls verf\u00fcgbar). Diese Villa wird auch vermietet, einschlie\u00dflich Personal, das f\u00fcr Sie kocht und putzt. Unser Grundst\u00fcck und das der Nachbarn sind nur durch eine Trennwand getrennt. Beide Grundst\u00fccke sind \u00fcber den [&hellip;]<\/p>\n","protected":false},"author":2,"featured_media":0,"parent":0,"menu_order":0,"comment_status":"closed","ping_status":"closed","template":"","meta":{"_acf_changed":false,"_exactmetrics_skip_tracking":false,"_exactmetrics_sitenote_active":false,"_exactmetrics_sitenote_note":"","_exactmetrics_sitenote_category":0,"footnotes":""},"class_list":["post-333","page","type-page","status-publish","hentry"],"acf":[],"yoast_head":"<!-- This site is optimized with the Yoast SEO plugin v27.4 - https:\/\/yoast.com\/product\/yoast-seo-wordpress\/ -->\n<title>Villa mieten 20 Personen in Bali | Villa Pelangi | Bali Ferienhaus<\/title>\n<meta name=\"description\" content=\"Ferienhaus in Nord-Bali am Meer f\u00fcr eine gro\u00dfe Gruppe bis zu 20 Personen. Etwas zu feiern, zum Beispiel eine Hochzeit in Bali\" \/>\n<meta name=\"robots\" content=\"index, follow, max-snippet:-1, max-image-preview:large, max-video-preview:-1\" \/>\n<link rel=\"canonical\" href=\"https:\/\/villapelangi.nl\/de\/20_personen\/\" \/>\n<meta property=\"og:locale\" content=\"de_DE\" \/>\n<meta property=\"og:type\" content=\"article\" \/>\n<meta property=\"og:title\" content=\"Villa mieten 20 Personen in Bali | Villa Pelangi | Bali Ferienhaus\" \/>\n<meta property=\"og:description\" content=\"Ferienhaus in Nord-Bali am Meer f\u00fcr eine gro\u00dfe Gruppe bis zu 20 Personen. Etwas zu feiern, zum Beispiel eine Hochzeit in Bali\" \/>\n<meta property=\"og:url\" content=\"https:\/\/villapelangi.nl\/de\/20_personen\/\" \/>\n<meta property=\"og:site_name\" content=\"Villa Pelangi | Bali\" \/>\n<meta property=\"article:modified_time\" content=\"2025-03-31T00:14:01+00:00\" \/>\n<meta name=\"twitter:card\" content=\"summary_large_image\" \/>\n<meta name=\"twitter:label1\" content=\"Gesch\u00e4tzte Lesezeit\" \/>\n\t<meta name=\"twitter:data1\" content=\"1 minute\" \/>\n<script type=\"application\/ld+json\" class=\"yoast-schema-graph\">{\"@context\":\"https:\\\/\\\/schema.org\",\"@graph\":[{\"@type\":\"WebPage\",\"@id\":\"https:\\\/\\\/villapelangi.nl\\\/de\\\/20_personen\\\/\",\"url\":\"https:\\\/\\\/villapelangi.nl\\\/de\\\/20_personen\\\/\",\"name\":\"Villa mieten 20 Personen in Bali | Villa Pelangi | Bali Ferienhaus\",\"isPartOf\":{\"@id\":\"https:\\\/\\\/villapelangi.nl\\\/#website\"},\"datePublished\":\"2018-07-02T14:36:23+00:00\",\"dateModified\":\"2025-03-31T00:14:01+00:00\",\"description\":\"Ferienhaus in Nord-Bali am Meer f\u00fcr eine gro\u00dfe Gruppe bis zu 20 Personen. Etwas zu feiern, zum Beispiel eine Hochzeit in Bali\",\"breadcrumb\":{\"@id\":\"https:\\\/\\\/villapelangi.nl\\\/de\\\/20_personen\\\/#breadcrumb\"},\"inLanguage\":\"de-DE\",\"potentialAction\":[{\"@type\":\"ReadAction\",\"target\":[\"https:\\\/\\\/villapelangi.nl\\\/de\\\/20_personen\\\/\"]}]},{\"@type\":\"BreadcrumbList\",\"@id\":\"https:\\\/\\\/villapelangi.nl\\\/de\\\/20_personen\\\/#breadcrumb\",\"itemListElement\":[{\"@type\":\"ListItem\",\"position\":1,\"name\":\"Home\",\"item\":\"https:\\\/\\\/villapelangi.nl\\\/de\\\/\"},{\"@type\":\"ListItem\",\"position\":2,\"name\":\"Villa mieten 20 Personen in Bali\"}]},{\"@type\":\"WebSite\",\"@id\":\"https:\\\/\\\/villapelangi.nl\\\/#website\",\"url\":\"https:\\\/\\\/villapelangi.nl\\\/\",\"name\":\"Villa Pelangi | Bali\",\"description\":\"verhuur vakantie huis op Bali\",\"potentialAction\":[{\"@type\":\"SearchAction\",\"target\":{\"@type\":\"EntryPoint\",\"urlTemplate\":\"https:\\\/\\\/villapelangi.nl\\\/?s={search_term_string}\"},\"query-input\":{\"@type\":\"PropertyValueSpecification\",\"valueRequired\":true,\"valueName\":\"search_term_string\"}}],\"inLanguage\":\"de-DE\"}]}<\/script>\n<!-- \/ Yoast SEO plugin. -->","yoast_head_json":{"title":"Villa mieten 20 Personen in Bali | Villa Pelangi | Bali Ferienhaus","description":"Ferienhaus in Nord-Bali am Meer f\u00fcr eine gro\u00dfe Gruppe bis zu 20 Personen. Etwas zu feiern, zum Beispiel eine Hochzeit in Bali","robots":{"index":"index","follow":"follow","max-snippet":"max-snippet:-1","max-image-preview":"max-image-preview:large","max-video-preview":"max-video-preview:-1"},"canonical":"https:\/\/villapelangi.nl\/de\/20_personen\/","og_locale":"de_DE","og_type":"article","og_title":"Villa mieten 20 Personen in Bali | Villa Pelangi | Bali Ferienhaus","og_description":"Ferienhaus in Nord-Bali am Meer f\u00fcr eine gro\u00dfe Gruppe bis zu 20 Personen. Etwas zu feiern, zum Beispiel eine Hochzeit in Bali","og_url":"https:\/\/villapelangi.nl\/de\/20_personen\/","og_site_name":"Villa Pelangi | Bali","article_modified_time":"2025-03-31T00:14:01+00:00","twitter_card":"summary_large_image","twitter_misc":{"Gesch\u00e4tzte Lesezeit":"1 minute"},"schema":{"@context":"https:\/\/schema.org","@graph":[{"@type":"WebPage","@id":"https:\/\/villapelangi.nl\/de\/20_personen\/","url":"https:\/\/villapelangi.nl\/de\/20_personen\/","name":"Villa mieten 20 Personen in Bali | Villa Pelangi | Bali Ferienhaus","isPartOf":{"@id":"https:\/\/villapelangi.nl\/#website"},"datePublished":"2018-07-02T14:36:23+00:00","dateModified":"2025-03-31T00:14:01+00:00","description":"Ferienhaus in Nord-Bali am Meer f\u00fcr eine gro\u00dfe Gruppe bis zu 20 Personen. Etwas zu feiern, zum Beispiel eine Hochzeit in Bali","breadcrumb":{"@id":"https:\/\/villapelangi.nl\/de\/20_personen\/#breadcrumb"},"inLanguage":"de-DE","potentialAction":[{"@type":"ReadAction","target":["https:\/\/villapelangi.nl\/de\/20_personen\/"]}]},{"@type":"BreadcrumbList","@id":"https:\/\/villapelangi.nl\/de\/20_personen\/#breadcrumb","itemListElement":[{"@type":"ListItem","position":1,"name":"Home","item":"https:\/\/villapelangi.nl\/de\/"},{"@type":"ListItem","position":2,"name":"Villa mieten 20 Personen in Bali"}]},{"@type":"WebSite","@id":"https:\/\/villapelangi.nl\/#website","url":"https:\/\/villapelangi.nl\/","name":"Villa Pelangi | Bali","description":"verhuur vakantie huis op Bali","potentialAction":[{"@type":"SearchAction","target":{"@type":"EntryPoint","urlTemplate":"https:\/\/villapelangi.nl\/?s={search_term_string}"},"query-input":{"@type":"PropertyValueSpecification","valueRequired":true,"valueName":"search_term_string"}}],"inLanguage":"de-DE"}]}},"_links":{"self":[{"href":"https:\/\/villapelangi.nl\/de\/wp-json\/wp\/v2\/pages\/333","targetHints":{"allow":["GET"]}}],"collection":[{"href":"https:\/\/villapelangi.nl\/de\/wp-json\/wp\/v2\/pages"}],"about":[{"href":"https:\/\/villapelangi.nl\/de\/wp-json\/wp\/v2\/types\/page"}],"author":[{"embeddable":true,"href":"https:\/\/villapelangi.nl\/de\/wp-json\/wp\/v2\/users\/2"}],"replies":[{"embeddable":true,"href":"https:\/\/villapelangi.nl\/de\/wp-json\/wp\/v2\/comments?post=333"}],"version-history":[{"count":9,"href":"https:\/\/villapelangi.nl\/de\/wp-json\/wp\/v2\/pages\/333\/revisions"}],"predecessor-version":[{"id":22481,"href":"https:\/\/villapelangi.nl\/de\/wp-json\/wp\/v2\/pages\/333\/revisions\/22481"}],"wp:attachment":[{"href":"https:\/\/villapelangi.nl\/de\/wp-json\/wp\/v2\/media?parent=333"}],"curies":[{"name":"wp","href":"https:\/\/api.w.org\/{rel}","templated":true}]}}