{"id":50,"date":"2018-06-29T09:55:44","date_gmt":"2018-06-29T09:55:44","guid":{"rendered":"https:\/\/villapelangi.nl\/?page_id=50"},"modified":"2025-10-08T05:09:01","modified_gmt":"2025-10-08T04:09:01","slug":"villa-auf-bali-am-strand","status":"publish","type":"page","link":"https:\/\/villapelangi.nl\/de\/","title":{"rendered":"Villa auf Bali am Strand"},"content":{"rendered":"<div id=\"content\">\n<div id=\"content\">\n<p><span id=\"result_box\" class=\"short_text\" lang=\"de\"><span class=\"\"><span class=\"HwtZe\" lang=\"de\"><span class=\"jCAhz ChMk0b\"><span class=\"ryNqvb\">Willkommen auf der offiziellen Website von<\/span><\/span><\/span> Villa Pelangi Bali<br \/>\nLuxusstrandhaus auf Bali \/ Villa auf Bali am Strand<br \/>\n<em>Villa Pelangi is a CHSE certified Bali Hotels Association Member property <strong>CHSE NO 05527\/2021<\/strong><\/em><br \/>\n<\/span><\/span><\/p>\n<h2><strong>Gro\u00dfe Luxusvilla auf Bali <\/strong><em>(6 Schlafzimmer \/ 4 Badezimmer)<\/em><strong>\u00a0direkt am Meer <em><span class=\"tlid-translation translation\"><span class=\"\" title=\"\">(inklusive Personal (im Preis inbegriffen))<\/span><\/span>.<\/em><\/strong><\/h2>\n<p>Nach einer langen und vielleicht erm\u00fcdenden Reise sind Sie jetzt an der Reihe. Lassen Sie sich w\u00e4hrend Ihres Aufenthaltes in dieser Ferienvilla auf Bali von unserem Personal verw\u00f6hnen. Sie m\u00fcssen sich um nichts k\u00fcmmern, denn es wird f\u00fcr Sie gekocht, gewaschen, geputzt und eingekauft. Und selbstverst\u00e4ndlich k\u00fcmmern wir uns auch um das Schwimmbad und den Garten. An Ihrem eigenen Schwimmbad im wundersch\u00f6n angelegten tropischen Garten mit Blick auf das balinesische Meer k\u00f6nnen Sie das Leben einfach nur genie\u00dfen.<\/p>\n<table style=\"border-collapse: collapse; width: 100%;\">\n<tbody>\n<tr>\n<td style=\"width: 100%;\"><img loading=\"lazy\" decoding=\"async\" class=\"alignleft wp-image-15275\" title=\"Villa auf Bali am Strand\" src=\"https:\/\/villapelangi.nl\/wp-content\/uploads\/2023\/02\/1-hoofd-foto.jpg\" alt=\"Villa auf Bali am Strand\" width=\"338\" height=\"185\" srcset=\"https:\/\/villapelangi.nl\/wp-content\/uploads\/2023\/02\/1-hoofd-foto.jpg 1020w, https:\/\/villapelangi.nl\/wp-content\/uploads\/2023\/02\/1-hoofd-foto-300x164.jpg 300w, https:\/\/villapelangi.nl\/wp-content\/uploads\/2023\/02\/1-hoofd-foto-768x420.jpg 768w\" sizes=\"auto, (max-width: 338px) 100vw, 338px\" \/><img loading=\"lazy\" decoding=\"async\" class=\"alignleft wp-image-1241\" title=\"Villa auf Bali am Strand\" src=\"https:\/\/villapelangi.nl\/wp-content\/uploads\/2018\/08\/bali-juni-2010-002-1024x768.jpg\" alt=\"Villa auf Bali am Strand\" width=\"247\" height=\"185\" srcset=\"https:\/\/villapelangi.nl\/wp-content\/uploads\/2018\/08\/bali-juni-2010-002-1024x768.jpg 1024w, https:\/\/villapelangi.nl\/wp-content\/uploads\/2018\/08\/bali-juni-2010-002-300x225.jpg 300w, https:\/\/villapelangi.nl\/wp-content\/uploads\/2018\/08\/bali-juni-2010-002-768x576.jpg 768w\" sizes=\"auto, (max-width: 247px) 100vw, 247px\" \/><img loading=\"lazy\" decoding=\"async\" class=\"alignleft wp-image-1163\" title=\"Villa auf Bali am Strand\" src=\"https:\/\/villapelangi.nl\/wp-content\/uploads\/2018\/08\/bali-juni-2009-189-1024x691.jpg\" alt=\"Villa auf Bali am Strand\" width=\"274\" height=\"185\" srcset=\"https:\/\/villapelangi.nl\/wp-content\/uploads\/2018\/08\/bali-juni-2009-189-1024x691.jpg 1024w, https:\/\/villapelangi.nl\/wp-content\/uploads\/2018\/08\/bali-juni-2009-189-300x203.jpg 300w, https:\/\/villapelangi.nl\/wp-content\/uploads\/2018\/08\/bali-juni-2009-189-768x519.jpg 768w\" sizes=\"auto, (max-width: 274px) 100vw, 274px\" \/><\/td>\n<\/tr>\n<\/tbody>\n<\/table>\n<h3><strong>Ihr Traumurlaub in diesem Luxusstrandhaus auf Bali<\/strong><\/h3>\n<p>Villa auf Bali am Strand.<br \/>\nAuf dieser Website finden Sie alle Informationen, um diesen Ferientraum auf Bali (nur 15 Autominuten von Lovina entfernt) zu mieten. Dieses Luxusstrandhaus bietet Platz f\u00fcr 12 Personen. Unser Personal steht Ihnen an sechs Tagen pro Woche zur Verf\u00fcgung. Um Ihren Urlaubstraum wahr werden zu lassen \u2013 und das alles ist im Preis inbegriffen.<\/p>\n<h4><strong><span class=\"tlid-translation translation\"><span class=\"\" title=\"\">M\u00f6glichkeit f\u00fcr maximal 20 Personen<\/span><\/span><\/strong><\/h4>\n<p><span class=\"tlid-translation translation\" lang=\"de\"><span class=\"\" title=\"\">Wenn Sie mit mehr als 12 Personen zusammen bleiben m\u00f6chten, arbeiten wir mit unserem Nachbarn zusammen.<br \/>\n<\/span><\/span><span class=\"tlid-translation translation\" lang=\"de\"><span class=\"\" title=\"\">F\u00fcr weitere Informationen klicken Sie <a href=\"https:\/\/villapelangi.nl\/de\/20_personen\/\" target=\"_blank\" rel=\"noopener noreferrer\">hier<\/a><\/span><\/span><\/p>\n<p><iframe loading=\"lazy\" src=\"https:\/\/www.youtube.com\/embed\/raRKq-LJAzk\" width=\"100%\" height=\"400px\" frameborder=\"0\" allowfullscreen=\"allowfullscreen\" data-mce-fragment=\"1\"><\/iframe><\/p>\n<table style=\"border-collapse: collapse; width: 100%;\">\n<tbody>\n<tr>\n<td style=\"width: 100%;\"><\/td>\n<\/tr>\n<\/tbody>\n<\/table>\n<\/div>\n<\/div>\n","protected":false},"excerpt":{"rendered":"<p>Willkommen auf der offiziellen Website von Villa Pelangi Bali Luxusstrandhaus auf Bali \/ Villa auf Bali am Strand Villa Pelangi is a CHSE certified Bali Hotels Association Member property CHSE NO 05527\/2021 Gro\u00dfe Luxusvilla auf Bali (6 Schlafzimmer \/ 4 Badezimmer)\u00a0direkt am Meer (inklusive Personal (im Preis inbegriffen)). Nach einer langen und vielleicht erm\u00fcdenden Reise [&hellip;]<\/p>\n","protected":false},"author":2,"featured_media":0,"parent":0,"menu_order":0,"comment_status":"closed","ping_status":"closed","template":"","meta":{"_acf_changed":false,"_exactmetrics_skip_tracking":false,"_exactmetrics_sitenote_active":false,"_exactmetrics_sitenote_note":"","_exactmetrics_sitenote_category":0,"footnotes":""},"class_list":["post-50","page","type-page","status-publish","hentry"],"acf":[],"yoast_head":"<!-- This site is optimized with the Yoast SEO plugin v27.4 - https:\/\/yoast.com\/product\/yoast-seo-wordpress\/ -->\n<title>Villa auf Bali am Strand | Villa Pelangi | Bali inklusive Personal<\/title>\n<meta name=\"description\" content=\"Villa auf Bali am Strand. Entspannen in diesem Luxus Ferienhaus auf Bali,Ihrem eigenen Pool mit Blick auf den balinesischen Meer\" \/>\n<meta name=\"robots\" content=\"index, follow, max-snippet:-1, max-image-preview:large, max-video-preview:-1\" \/>\n<link rel=\"canonical\" href=\"https:\/\/villapelangi.nl\/de\/\" \/>\n<meta property=\"og:locale\" content=\"de_DE\" \/>\n<meta property=\"og:type\" content=\"article\" \/>\n<meta property=\"og:title\" content=\"Villa auf Bali am Strand\" \/>\n<meta property=\"og:description\" content=\"Gro\u00dfe Luxusvilla auf Bali (6 Schlafzimmer \/ 4 Badezimmer)\u00a0direkt am Meer (inklusive Personal (im Preis inbegriffen)).\" \/>\n<meta property=\"og:url\" content=\"https:\/\/villapelangi.nl\/de\/\" \/>\n<meta property=\"og:site_name\" content=\"Villa Pelangi | Bali\" \/>\n<meta property=\"article:modified_time\" content=\"2025-10-08T04:09:01+00:00\" \/>\n<meta property=\"og:image\" content=\"https:\/\/villapelangi.nl\/wp-content\/uploads\/2023\/02\/1-hoofd-foto.jpg\" \/>\n\t<meta property=\"og:image:width\" content=\"1020\" \/>\n\t<meta property=\"og:image:height\" content=\"558\" \/>\n\t<meta property=\"og:image:type\" content=\"image\/jpeg\" \/>\n<meta name=\"twitter:card\" content=\"summary_large_image\" \/>\n<meta name=\"twitter:label1\" content=\"Gesch\u00e4tzte Lesezeit\" \/>\n\t<meta name=\"twitter:data1\" content=\"2 minutes\" \/>\n<script type=\"application\/ld+json\" class=\"yoast-schema-graph\">{\"@context\":\"https:\\\/\\\/schema.org\",\"@graph\":[{\"@type\":\"WebPage\",\"@id\":\"https:\\\/\\\/villapelangi.nl\\\/de\\\/\",\"url\":\"https:\\\/\\\/villapelangi.nl\\\/de\\\/\",\"name\":\"Villa auf Bali am Strand | Villa Pelangi | Bali inklusive Personal\",\"isPartOf\":{\"@id\":\"https:\\\/\\\/villapelangi.nl\\\/#website\"},\"primaryImageOfPage\":{\"@id\":\"https:\\\/\\\/villapelangi.nl\\\/de\\\/#primaryimage\"},\"image\":{\"@id\":\"https:\\\/\\\/villapelangi.nl\\\/de\\\/#primaryimage\"},\"thumbnailUrl\":\"https:\\\/\\\/villapelangi.nl\\\/wp-content\\\/uploads\\\/2023\\\/02\\\/1-hoofd-foto.jpg\",\"datePublished\":\"2018-06-29T09:55:44+00:00\",\"dateModified\":\"2025-10-08T04:09:01+00:00\",\"description\":\"Villa auf Bali am Strand. Entspannen in diesem Luxus Ferienhaus auf Bali,Ihrem eigenen Pool mit Blick auf den balinesischen Meer\",\"breadcrumb\":{\"@id\":\"https:\\\/\\\/villapelangi.nl\\\/de\\\/#breadcrumb\"},\"inLanguage\":\"de-DE\",\"potentialAction\":[{\"@type\":\"ReadAction\",\"target\":[\"https:\\\/\\\/villapelangi.nl\\\/de\\\/\"]}]},{\"@type\":\"ImageObject\",\"inLanguage\":\"de-DE\",\"@id\":\"https:\\\/\\\/villapelangi.nl\\\/de\\\/#primaryimage\",\"url\":\"https:\\\/\\\/villapelangi.nl\\\/wp-content\\\/uploads\\\/2023\\\/02\\\/1-hoofd-foto.jpg\",\"contentUrl\":\"https:\\\/\\\/villapelangi.nl\\\/wp-content\\\/uploads\\\/2023\\\/02\\\/1-hoofd-foto.jpg\"},{\"@type\":\"BreadcrumbList\",\"@id\":\"https:\\\/\\\/villapelangi.nl\\\/de\\\/#breadcrumb\",\"itemListElement\":[{\"@type\":\"ListItem\",\"position\":1,\"name\":\"Home\",\"item\":\"https:\\\/\\\/villapelangi.nl\\\/de\\\/\"},{\"@type\":\"ListItem\",\"position\":2,\"name\":\"Villa auf Bali am Strand\"}]},{\"@type\":\"WebSite\",\"@id\":\"https:\\\/\\\/villapelangi.nl\\\/#website\",\"url\":\"https:\\\/\\\/villapelangi.nl\\\/\",\"name\":\"Villa Pelangi | Bali\",\"description\":\"verhuur vakantie huis op Bali\",\"potentialAction\":[{\"@type\":\"SearchAction\",\"target\":{\"@type\":\"EntryPoint\",\"urlTemplate\":\"https:\\\/\\\/villapelangi.nl\\\/?s={search_term_string}\"},\"query-input\":{\"@type\":\"PropertyValueSpecification\",\"valueRequired\":true,\"valueName\":\"search_term_string\"}}],\"inLanguage\":\"de-DE\"}]}<\/script>\n<!-- \/ Yoast SEO plugin. -->","yoast_head_json":{"title":"Villa auf Bali am Strand | Villa Pelangi | Bali inklusive Personal","description":"Villa auf Bali am Strand. Entspannen in diesem Luxus Ferienhaus auf Bali,Ihrem eigenen Pool mit Blick auf den balinesischen Meer","robots":{"index":"index","follow":"follow","max-snippet":"max-snippet:-1","max-image-preview":"max-image-preview:large","max-video-preview":"max-video-preview:-1"},"canonical":"https:\/\/villapelangi.nl\/de\/","og_locale":"de_DE","og_type":"article","og_title":"Villa auf Bali am Strand","og_description":"Gro\u00dfe Luxusvilla auf Bali (6 Schlafzimmer \/ 4 Badezimmer)\u00a0direkt am Meer (inklusive Personal (im Preis inbegriffen)).","og_url":"https:\/\/villapelangi.nl\/de\/","og_site_name":"Villa Pelangi | Bali","article_modified_time":"2025-10-08T04:09:01+00:00","og_image":[{"width":1020,"height":558,"url":"https:\/\/villapelangi.nl\/wp-content\/uploads\/2023\/02\/1-hoofd-foto.jpg","type":"image\/jpeg"}],"twitter_card":"summary_large_image","twitter_misc":{"Gesch\u00e4tzte Lesezeit":"2 minutes"},"schema":{"@context":"https:\/\/schema.org","@graph":[{"@type":"WebPage","@id":"https:\/\/villapelangi.nl\/de\/","url":"https:\/\/villapelangi.nl\/de\/","name":"Villa auf Bali am Strand | Villa Pelangi | Bali inklusive Personal","isPartOf":{"@id":"https:\/\/villapelangi.nl\/#website"},"primaryImageOfPage":{"@id":"https:\/\/villapelangi.nl\/de\/#primaryimage"},"image":{"@id":"https:\/\/villapelangi.nl\/de\/#primaryimage"},"thumbnailUrl":"https:\/\/villapelangi.nl\/wp-content\/uploads\/2023\/02\/1-hoofd-foto.jpg","datePublished":"2018-06-29T09:55:44+00:00","dateModified":"2025-10-08T04:09:01+00:00","description":"Villa auf Bali am Strand. Entspannen in diesem Luxus Ferienhaus auf Bali,Ihrem eigenen Pool mit Blick auf den balinesischen Meer","breadcrumb":{"@id":"https:\/\/villapelangi.nl\/de\/#breadcrumb"},"inLanguage":"de-DE","potentialAction":[{"@type":"ReadAction","target":["https:\/\/villapelangi.nl\/de\/"]}]},{"@type":"ImageObject","inLanguage":"de-DE","@id":"https:\/\/villapelangi.nl\/de\/#primaryimage","url":"https:\/\/villapelangi.nl\/wp-content\/uploads\/2023\/02\/1-hoofd-foto.jpg","contentUrl":"https:\/\/villapelangi.nl\/wp-content\/uploads\/2023\/02\/1-hoofd-foto.jpg"},{"@type":"BreadcrumbList","@id":"https:\/\/villapelangi.nl\/de\/#breadcrumb","itemListElement":[{"@type":"ListItem","position":1,"name":"Home","item":"https:\/\/villapelangi.nl\/de\/"},{"@type":"ListItem","position":2,"name":"Villa auf Bali am Strand"}]},{"@type":"WebSite","@id":"https:\/\/villapelangi.nl\/#website","url":"https:\/\/villapelangi.nl\/","name":"Villa Pelangi | Bali","description":"verhuur vakantie huis op Bali","potentialAction":[{"@type":"SearchAction","target":{"@type":"EntryPoint","urlTemplate":"https:\/\/villapelangi.nl\/?s={search_term_string}"},"query-input":{"@type":"PropertyValueSpecification","valueRequired":true,"valueName":"search_term_string"}}],"inLanguage":"de-DE"}]}},"_links":{"self":[{"href":"https:\/\/villapelangi.nl\/de\/wp-json\/wp\/v2\/pages\/50","targetHints":{"allow":["GET"]}}],"collection":[{"href":"https:\/\/villapelangi.nl\/de\/wp-json\/wp\/v2\/pages"}],"about":[{"href":"https:\/\/villapelangi.nl\/de\/wp-json\/wp\/v2\/types\/page"}],"author":[{"embeddable":true,"href":"https:\/\/villapelangi.nl\/de\/wp-json\/wp\/v2\/users\/2"}],"replies":[{"embeddable":true,"href":"https:\/\/villapelangi.nl\/de\/wp-json\/wp\/v2\/comments?post=50"}],"version-history":[{"count":20,"href":"https:\/\/villapelangi.nl\/de\/wp-json\/wp\/v2\/pages\/50\/revisions"}],"predecessor-version":[{"id":22812,"href":"https:\/\/villapelangi.nl\/de\/wp-json\/wp\/v2\/pages\/50\/revisions\/22812"}],"wp:attachment":[{"href":"https:\/\/villapelangi.nl\/de\/wp-json\/wp\/v2\/media?parent=50"}],"curies":[{"name":"wp","href":"https:\/\/api.w.org\/{rel}","templated":true}]}}