{"id":99,"date":"2018-06-29T12:35:08","date_gmt":"2018-06-29T12:35:08","guid":{"rendered":"https:\/\/villapelangi.nl\/?page_id=99"},"modified":"2022-02-25T11:52:47","modified_gmt":"2022-02-25T10:52:47","slug":"ferienhaus-auf-bali-mieten","status":"publish","type":"page","link":"https:\/\/villapelangi.nl\/de\/ferienhaus-auf-bali-mieten\/","title":{"rendered":"Ferienhaus auf Bali mieten"},"content":{"rendered":"<p><span id=\"result_box\" class=\"short_text\" lang=\"de\"><span class=\"\">Villa Pelangi Bali \/ Lovina \/ Ferienhaus auf Bali mieten<br \/>\n<\/span><\/span><\/p>\n<h2><strong>Villa auf Bali mieten mit 6 Schlafzimmer<\/strong><\/h2>\n<p>Neben der Villa befindet sich auf dem 2.100 m2 gro\u00dfen Grundst\u00fcck auch ein G\u00e4stehaus.<br \/>\nBeide H\u00e4user bieten gemeinsam Platz f\u00fcr 12 Personen, 8 Personen in der Villa und 4 Personen im G\u00e4stehaus.<\/p>\n<p><a href=\"https:\/\/villapelangi.nl\/wp-content\/uploads\/2018\/07\/Villa-Pelangi-Bali-1.jpg\"><img loading=\"lazy\" decoding=\"async\" class=\"alignnone wp-image-448\" title=\"Ferienhaus auf Bali mieten\" src=\"https:\/\/villapelangi.nl\/wp-content\/uploads\/2018\/07\/Villa-Pelangi-Bali-1-300x225.jpg\" alt=\"Ferienhaus auf Bali mieten\" width=\"400\" height=\"300\" srcset=\"https:\/\/villapelangi.nl\/wp-content\/uploads\/2018\/07\/Villa-Pelangi-Bali-1-300x225.jpg 300w, https:\/\/villapelangi.nl\/wp-content\/uploads\/2018\/07\/Villa-Pelangi-Bali-1-768x576.jpg 768w, https:\/\/villapelangi.nl\/wp-content\/uploads\/2018\/07\/Villa-Pelangi-Bali-1-1024x768.jpg 1024w, https:\/\/villapelangi.nl\/wp-content\/uploads\/2018\/07\/Villa-Pelangi-Bali-1.jpg 2007w\" sizes=\"auto, (max-width: 400px) 100vw, 400px\" \/><\/a><a href=\"https:\/\/villapelangi.nl\/wp-content\/uploads\/2018\/08\/CIMG6946.jpg\"><img loading=\"lazy\" decoding=\"async\" class=\"alignright wp-image-926\" src=\"https:\/\/villapelangi.nl\/wp-content\/uploads\/2018\/08\/CIMG6946-1024x768.jpg\" alt=\"Gastenhuis villa op Bali\" width=\"400\" height=\"300\" srcset=\"https:\/\/villapelangi.nl\/wp-content\/uploads\/2018\/08\/CIMG6946-1024x768.jpg 1024w, https:\/\/villapelangi.nl\/wp-content\/uploads\/2018\/08\/CIMG6946-300x225.jpg 300w, https:\/\/villapelangi.nl\/wp-content\/uploads\/2018\/08\/CIMG6946-768x576.jpg 768w\" sizes=\"auto, (max-width: 400px) 100vw, 400px\" \/><\/a><\/p>\n<p>Die Villa auf Bali verf\u00fcgt \u00fcber vier Schlafzimmer mit Himmelbett mit Moskitonetz, drei Badezimmer, eine K\u00fcche und ein gro\u00dfes Wohnzimmer mit Fl\u00fcgelt\u00fcren zur Terrasse. Von der Sie einen phantastischen Blick auf das Meer haben.<br \/>\nDas G\u00e4stehaus bietet Ihnen 2 Schlafzimmer, 1 Badezimmer. Alle Schlafzimmer sind mit einer Klimaanlage ausgestattet, die f\u00fcr eine angenehme Nachttemperatur sorgt.<br \/>\nAuch Bettw\u00e4sche und Handt\u00fccher k\u00f6nnen Sie zu Hause lassen. Jedes Schlafzimmer verf\u00fcgt zudem \u00fcber einen Safe,in dem Sie Geld und Wertsachen sicher aufbewahren k\u00f6nnen.<\/p>\n<p><a href=\"https:\/\/villapelangi.nl\/wp-content\/uploads\/2018\/07\/Villa-Pelangi-Bali-6.jpg\"><img loading=\"lazy\" decoding=\"async\" class=\"alignnone wp-image-453\" title=\"Ferienhaus auf Bali mieten\" src=\"https:\/\/villapelangi.nl\/wp-content\/uploads\/2018\/07\/Villa-Pelangi-Bali-6-300x225.jpg\" alt=\"Ferienhaus auf Bali mieten\" width=\"270\" height=\"203\" srcset=\"https:\/\/villapelangi.nl\/wp-content\/uploads\/2018\/07\/Villa-Pelangi-Bali-6-300x225.jpg 300w, https:\/\/villapelangi.nl\/wp-content\/uploads\/2018\/07\/Villa-Pelangi-Bali-6-768x576.jpg 768w, https:\/\/villapelangi.nl\/wp-content\/uploads\/2018\/07\/Villa-Pelangi-Bali-6-1024x768.jpg 1024w\" sizes=\"auto, (max-width: 270px) 100vw, 270px\" \/><\/a> <a href=\"https:\/\/villapelangi.nl\/wp-content\/uploads\/2018\/07\/Villa-Pelangi-Bali-7.jpg\"><img loading=\"lazy\" decoding=\"async\" class=\"alignnone wp-image-454\" title=\"Ferienhaus auf Bali mieten\" src=\"https:\/\/villapelangi.nl\/wp-content\/uploads\/2018\/07\/Villa-Pelangi-Bali-7-300x203.jpg\" alt=\"Ferienhaus auf Bali mieten\" width=\"301\" height=\"203\" srcset=\"https:\/\/villapelangi.nl\/wp-content\/uploads\/2018\/07\/Villa-Pelangi-Bali-7-300x203.jpg 300w, https:\/\/villapelangi.nl\/wp-content\/uploads\/2018\/07\/Villa-Pelangi-Bali-7-768x519.jpg 768w, https:\/\/villapelangi.nl\/wp-content\/uploads\/2018\/07\/Villa-Pelangi-Bali-7-1024x691.jpg 1024w\" sizes=\"auto, (max-width: 301px) 100vw, 301px\" \/><\/a> <a href=\"https:\/\/villapelangi.nl\/wp-content\/uploads\/2018\/07\/Villa-Pelangi-Bali-5.jpg\"><img loading=\"lazy\" decoding=\"async\" class=\"alignnone wp-image-452\" title=\"Ferienhaus auf Bali mieten\" src=\"https:\/\/villapelangi.nl\/wp-content\/uploads\/2018\/07\/Villa-Pelangi-Bali-5-300x203.jpg\" alt=\"Ferienhaus auf Bali mieten\" width=\"301\" height=\"203\" srcset=\"https:\/\/villapelangi.nl\/wp-content\/uploads\/2018\/07\/Villa-Pelangi-Bali-5-300x203.jpg 300w, https:\/\/villapelangi.nl\/wp-content\/uploads\/2018\/07\/Villa-Pelangi-Bali-5-768x519.jpg 768w, https:\/\/villapelangi.nl\/wp-content\/uploads\/2018\/07\/Villa-Pelangi-Bali-5-1024x691.jpg 1024w\" sizes=\"auto, (max-width: 301px) 100vw, 301px\" \/><\/a><\/p>\n<p><a href=\"https:\/\/villapelangi.nl\/wp-content\/uploads\/2018\/07\/Villa-Pelangi-Bali-4-1.jpg\"><img loading=\"lazy\" decoding=\"async\" class=\"alignleft wp-image-451\" title=\"Ferienhaus auf Bali mieten\" src=\"https:\/\/villapelangi.nl\/wp-content\/uploads\/2018\/07\/Villa-Pelangi-Bali-4-1-300x203.jpg\" alt=\"Ferienhaus auf Bali mieten\" width=\"289\" height=\"195\" srcset=\"https:\/\/villapelangi.nl\/wp-content\/uploads\/2018\/07\/Villa-Pelangi-Bali-4-1-300x203.jpg 300w, https:\/\/villapelangi.nl\/wp-content\/uploads\/2018\/07\/Villa-Pelangi-Bali-4-1-768x519.jpg 768w, https:\/\/villapelangi.nl\/wp-content\/uploads\/2018\/07\/Villa-Pelangi-Bali-4-1-1024x691.jpg 1024w\" sizes=\"auto, (max-width: 289px) 100vw, 289px\" \/><\/a> <a href=\"https:\/\/villapelangi.nl\/wp-content\/uploads\/2018\/07\/Villa-Pelangi-Bali-2.jpg\"><img loading=\"lazy\" decoding=\"async\" class=\"alignnone wp-image-449\" title=\"Ferienhaus auf Bali mieten\" src=\"https:\/\/villapelangi.nl\/wp-content\/uploads\/2018\/07\/Villa-Pelangi-Bali-2-300x203.jpg\" alt=\"Ferienhaus auf Bali mieten\" width=\"289\" height=\"195\" srcset=\"https:\/\/villapelangi.nl\/wp-content\/uploads\/2018\/07\/Villa-Pelangi-Bali-2-300x203.jpg 300w, https:\/\/villapelangi.nl\/wp-content\/uploads\/2018\/07\/Villa-Pelangi-Bali-2-768x519.jpg 768w, https:\/\/villapelangi.nl\/wp-content\/uploads\/2018\/07\/Villa-Pelangi-Bali-2-1024x691.jpg 1024w\" sizes=\"auto, (max-width: 289px) 100vw, 289px\" \/><\/a><a href=\"https:\/\/villapelangi.nl\/wp-content\/uploads\/2018\/07\/Villa-Pelangi-Bali-3.jpg\"><img loading=\"lazy\" decoding=\"async\" class=\"alignnone wp-image-450\" src=\"https:\/\/villapelangi.nl\/wp-content\/uploads\/2018\/07\/Villa-Pelangi-Bali-3-300x203.jpg\" alt=\"\" width=\"289\" height=\"195\" srcset=\"https:\/\/villapelangi.nl\/wp-content\/uploads\/2018\/07\/Villa-Pelangi-Bali-3-300x203.jpg 300w, https:\/\/villapelangi.nl\/wp-content\/uploads\/2018\/07\/Villa-Pelangi-Bali-3-768x519.jpg 768w, https:\/\/villapelangi.nl\/wp-content\/uploads\/2018\/07\/Villa-Pelangi-Bali-3-1024x691.jpg 1024w\" sizes=\"auto, (max-width: 289px) 100vw, 289px\" \/><\/a><\/p>\n<h3><strong>Einrichtung Ihrer Ferienvilla auf Bali<\/strong><\/h3>\n<p>Ferienhaus auf Bali mieten.<br \/>\n<span class=\"VIiyi\" lang=\"de\"><span class=\"JLqJ4b ChMk0b\" data-language-for-alternatives=\"de\" data-language-to-translate-into=\"nl\" data-phrase-index=\"0\" data-number-of-phrases=\"1\">Die Villa und das G\u00e4stehaus sind im sogenannten Kolonialstil eingerichtet.<\/span><\/span><br \/>\nIm Wohnzimmer finden Sie eine ger\u00e4umige Essecke f\u00fcr 12 Personen, ein gro\u00dfes Ecksofa und Sessel, einen Wohnzimmertisch und einen LCD-Fernseher.<br \/>\nDie K\u00fcche ist mit einer K\u00fchl-Gefrier-Kombination, einem Wasserk\u00fchler und allem, was Sie f\u00fcr die Zubereitung einer k\u00f6stlichen Mahlzeit ben\u00f6tigen, ausgestattet.<br \/>\nEs steht Ihnen auch eine\u00a0<strong>kostenlose<\/strong> drahtlose Internetverbindung zur Verf\u00fcgung. <span class=\"VIiyi\" lang=\"de\"><span class=\"JLqJ4b ChMk0b\" data-language-for-alternatives=\"de\" data-language-to-translate-into=\"nl\" data-phrase-index=\"2\" data-number-of-phrases=\"3\">Glasfaser-Internetverbindung<\/span><\/span> <a href=\"https:\/\/www.indihome.co.id\/landingpage\/regional5\/dualplay-tv-disney\" target=\"_blank\" rel=\"noopener\"><em>(30Mbps).<\/em><\/a><\/p>\n<p><a href=\"https:\/\/villapelangi.nl\/wp-content\/uploads\/2018\/07\/211.jpg\"><img loading=\"lazy\" decoding=\"async\" class=\"alignnone wp-image-1214\" src=\"https:\/\/villapelangi.nl\/wp-content\/uploads\/2018\/08\/bali-jan.-2009-095-1024x691.jpg\" alt=\"Keuken in villa op Bali\" width=\"289\" height=\"195\" srcset=\"https:\/\/villapelangi.nl\/wp-content\/uploads\/2018\/08\/bali-jan.-2009-095-1024x691.jpg 1024w, https:\/\/villapelangi.nl\/wp-content\/uploads\/2018\/08\/bali-jan.-2009-095-300x203.jpg 300w, https:\/\/villapelangi.nl\/wp-content\/uploads\/2018\/08\/bali-jan.-2009-095-768x519.jpg 768w\" sizes=\"auto, (max-width: 289px) 100vw, 289px\" \/><img loading=\"lazy\" decoding=\"async\" class=\"alignleft wp-image-1159\" src=\"https:\/\/villapelangi.nl\/wp-content\/uploads\/2018\/08\/bali-juni-2009-178-1024x691.jpg\" alt=\"\" width=\"289\" height=\"195\" srcset=\"https:\/\/villapelangi.nl\/wp-content\/uploads\/2018\/08\/bali-juni-2009-178-1024x691.jpg 1024w, https:\/\/villapelangi.nl\/wp-content\/uploads\/2018\/08\/bali-juni-2009-178-300x203.jpg 300w, https:\/\/villapelangi.nl\/wp-content\/uploads\/2018\/08\/bali-juni-2009-178-768x519.jpg 768w\" sizes=\"auto, (max-width: 289px) 100vw, 289px\" \/><\/a><a href=\"https:\/\/villapelangi.nl\/wp-content\/uploads\/2018\/08\/bali-juni-2009-175.jpg\"><img loading=\"lazy\" decoding=\"async\" class=\"alignnone wp-image-1218\" src=\"https:\/\/villapelangi.nl\/wp-content\/uploads\/2018\/08\/bali-juni-2009-175-1024x691.jpg\" alt=\"Tv kijken op Bali\" width=\"289\" height=\"195\" srcset=\"https:\/\/villapelangi.nl\/wp-content\/uploads\/2018\/08\/bali-juni-2009-175-1024x691.jpg 1024w, https:\/\/villapelangi.nl\/wp-content\/uploads\/2018\/08\/bali-juni-2009-175-300x203.jpg 300w, https:\/\/villapelangi.nl\/wp-content\/uploads\/2018\/08\/bali-juni-2009-175-768x519.jpg 768w\" sizes=\"auto, (max-width: 289px) 100vw, 289px\" \/><\/a><\/p>\n<p><span class=\"VIiyi\" lang=\"de\"><span class=\"JLqJ4b ChMk0b\" data-language-for-alternatives=\"de\" data-language-to-translate-into=\"nl\" data-phrase-index=\"0\" data-number-of-phrases=\"1\">Pr\u00fcfen Sie <a href=\"https:\/\/villapelangi.nl\/de\/strandurlaubes-auf-bali\/\" target=\"_blank\" rel=\"noopener\">hier<\/a>, ob die Villa noch verf\u00fcgbar ist.<\/span><\/span><\/p>\n","protected":false},"excerpt":{"rendered":"<p>Villa Pelangi Bali \/ Lovina \/ Ferienhaus auf Bali mieten Villa auf Bali mieten mit 6 Schlafzimmer Neben der Villa befindet sich auf dem 2.100 m2 gro\u00dfen Grundst\u00fcck auch ein G\u00e4stehaus. Beide H\u00e4user bieten gemeinsam Platz f\u00fcr 12 Personen, 8 Personen in der Villa und 4 Personen im G\u00e4stehaus. Die Villa auf Bali verf\u00fcgt \u00fcber [&hellip;]<\/p>\n","protected":false},"author":2,"featured_media":0,"parent":0,"menu_order":0,"comment_status":"closed","ping_status":"closed","template":"","meta":{"_acf_changed":false,"_exactmetrics_skip_tracking":false,"_exactmetrics_sitenote_active":false,"_exactmetrics_sitenote_note":"","_exactmetrics_sitenote_category":0,"footnotes":""},"class_list":["post-99","page","type-page","status-publish","hentry"],"acf":[],"yoast_head":"<!-- This site is optimized with the Yoast SEO plugin v27.4 - https:\/\/yoast.com\/product\/yoast-seo-wordpress\/ -->\n<title>Ferienhaus auf Bali mieten | Villa Pelangi | 1-12 Personen<\/title>\n<meta name=\"description\" content=\"Ferienhaus auf Bali mieten. 6 Schlafzimmer mit Himmelbett und Klimaanlage, 4 Badezimmer, Terrasse mit eigenen Schwimmbad.\" \/>\n<meta name=\"robots\" content=\"index, follow, max-snippet:-1, max-image-preview:large, max-video-preview:-1\" \/>\n<link rel=\"canonical\" href=\"https:\/\/villapelangi.nl\/de\/ferienhaus-auf-bali-mieten\/\" \/>\n<meta property=\"og:locale\" content=\"de_DE\" \/>\n<meta property=\"og:type\" content=\"article\" \/>\n<meta property=\"og:title\" content=\"Ferienhaus auf Bali mieten | Villa Pelangi | 1-12 Personen\" \/>\n<meta property=\"og:description\" content=\"Ferienhaus auf Bali mieten. 6 Schlafzimmer mit Himmelbett und Klimaanlage, 4 Badezimmer, Terrasse mit eigenen Schwimmbad.\" \/>\n<meta property=\"og:url\" content=\"https:\/\/villapelangi.nl\/de\/ferienhaus-auf-bali-mieten\/\" \/>\n<meta property=\"og:site_name\" content=\"Villa Pelangi | Bali\" \/>\n<meta property=\"article:modified_time\" content=\"2022-02-25T10:52:47+00:00\" \/>\n<meta property=\"og:image\" content=\"https:\/\/villapelangi.nl\/wp-content\/uploads\/2018\/07\/Villa-Pelangi-Bali-1-300x225.jpg\" \/>\n<meta name=\"twitter:card\" content=\"summary_large_image\" \/>\n<meta name=\"twitter:label1\" content=\"Gesch\u00e4tzte Lesezeit\" \/>\n\t<meta name=\"twitter:data1\" content=\"4 minutes\" \/>\n<script type=\"application\/ld+json\" class=\"yoast-schema-graph\">{\"@context\":\"https:\\\/\\\/schema.org\",\"@graph\":[{\"@type\":\"WebPage\",\"@id\":\"https:\\\/\\\/villapelangi.nl\\\/de\\\/ferienhaus-auf-bali-mieten\\\/\",\"url\":\"https:\\\/\\\/villapelangi.nl\\\/de\\\/ferienhaus-auf-bali-mieten\\\/\",\"name\":\"Ferienhaus auf Bali mieten | Villa Pelangi | 1-12 Personen\",\"isPartOf\":{\"@id\":\"https:\\\/\\\/villapelangi.nl\\\/#website\"},\"primaryImageOfPage\":{\"@id\":\"https:\\\/\\\/villapelangi.nl\\\/de\\\/ferienhaus-auf-bali-mieten\\\/#primaryimage\"},\"image\":{\"@id\":\"https:\\\/\\\/villapelangi.nl\\\/de\\\/ferienhaus-auf-bali-mieten\\\/#primaryimage\"},\"thumbnailUrl\":\"https:\\\/\\\/villapelangi.nl\\\/wp-content\\\/uploads\\\/2018\\\/07\\\/Villa-Pelangi-Bali-1-300x225.jpg\",\"datePublished\":\"2018-06-29T12:35:08+00:00\",\"dateModified\":\"2022-02-25T10:52:47+00:00\",\"description\":\"Ferienhaus auf Bali mieten. 6 Schlafzimmer mit Himmelbett und Klimaanlage, 4 Badezimmer, Terrasse mit eigenen Schwimmbad.\",\"breadcrumb\":{\"@id\":\"https:\\\/\\\/villapelangi.nl\\\/de\\\/ferienhaus-auf-bali-mieten\\\/#breadcrumb\"},\"inLanguage\":\"de-DE\",\"potentialAction\":[{\"@type\":\"ReadAction\",\"target\":[\"https:\\\/\\\/villapelangi.nl\\\/de\\\/ferienhaus-auf-bali-mieten\\\/\"]}]},{\"@type\":\"ImageObject\",\"inLanguage\":\"de-DE\",\"@id\":\"https:\\\/\\\/villapelangi.nl\\\/de\\\/ferienhaus-auf-bali-mieten\\\/#primaryimage\",\"url\":\"https:\\\/\\\/villapelangi.nl\\\/wp-content\\\/uploads\\\/2018\\\/07\\\/Villa-Pelangi-Bali-1-300x225.jpg\",\"contentUrl\":\"https:\\\/\\\/villapelangi.nl\\\/wp-content\\\/uploads\\\/2018\\\/07\\\/Villa-Pelangi-Bali-1-300x225.jpg\"},{\"@type\":\"BreadcrumbList\",\"@id\":\"https:\\\/\\\/villapelangi.nl\\\/de\\\/ferienhaus-auf-bali-mieten\\\/#breadcrumb\",\"itemListElement\":[{\"@type\":\"ListItem\",\"position\":1,\"name\":\"Home\",\"item\":\"https:\\\/\\\/villapelangi.nl\\\/de\\\/\"},{\"@type\":\"ListItem\",\"position\":2,\"name\":\"Ferienhaus auf Bali mieten\"}]},{\"@type\":\"WebSite\",\"@id\":\"https:\\\/\\\/villapelangi.nl\\\/#website\",\"url\":\"https:\\\/\\\/villapelangi.nl\\\/\",\"name\":\"Villa Pelangi | Bali\",\"description\":\"verhuur vakantie huis op Bali\",\"potentialAction\":[{\"@type\":\"SearchAction\",\"target\":{\"@type\":\"EntryPoint\",\"urlTemplate\":\"https:\\\/\\\/villapelangi.nl\\\/?s={search_term_string}\"},\"query-input\":{\"@type\":\"PropertyValueSpecification\",\"valueRequired\":true,\"valueName\":\"search_term_string\"}}],\"inLanguage\":\"de-DE\"}]}<\/script>\n<!-- \/ Yoast SEO plugin. -->","yoast_head_json":{"title":"Ferienhaus auf Bali mieten | Villa Pelangi | 1-12 Personen","description":"Ferienhaus auf Bali mieten. 6 Schlafzimmer mit Himmelbett und Klimaanlage, 4 Badezimmer, Terrasse mit eigenen Schwimmbad.","robots":{"index":"index","follow":"follow","max-snippet":"max-snippet:-1","max-image-preview":"max-image-preview:large","max-video-preview":"max-video-preview:-1"},"canonical":"https:\/\/villapelangi.nl\/de\/ferienhaus-auf-bali-mieten\/","og_locale":"de_DE","og_type":"article","og_title":"Ferienhaus auf Bali mieten | Villa Pelangi | 1-12 Personen","og_description":"Ferienhaus auf Bali mieten. 6 Schlafzimmer mit Himmelbett und Klimaanlage, 4 Badezimmer, Terrasse mit eigenen Schwimmbad.","og_url":"https:\/\/villapelangi.nl\/de\/ferienhaus-auf-bali-mieten\/","og_site_name":"Villa Pelangi | Bali","article_modified_time":"2022-02-25T10:52:47+00:00","og_image":[{"url":"https:\/\/villapelangi.nl\/wp-content\/uploads\/2018\/07\/Villa-Pelangi-Bali-1-300x225.jpg","type":"","width":"","height":""}],"twitter_card":"summary_large_image","twitter_misc":{"Gesch\u00e4tzte Lesezeit":"4 minutes"},"schema":{"@context":"https:\/\/schema.org","@graph":[{"@type":"WebPage","@id":"https:\/\/villapelangi.nl\/de\/ferienhaus-auf-bali-mieten\/","url":"https:\/\/villapelangi.nl\/de\/ferienhaus-auf-bali-mieten\/","name":"Ferienhaus auf Bali mieten | Villa Pelangi | 1-12 Personen","isPartOf":{"@id":"https:\/\/villapelangi.nl\/#website"},"primaryImageOfPage":{"@id":"https:\/\/villapelangi.nl\/de\/ferienhaus-auf-bali-mieten\/#primaryimage"},"image":{"@id":"https:\/\/villapelangi.nl\/de\/ferienhaus-auf-bali-mieten\/#primaryimage"},"thumbnailUrl":"https:\/\/villapelangi.nl\/wp-content\/uploads\/2018\/07\/Villa-Pelangi-Bali-1-300x225.jpg","datePublished":"2018-06-29T12:35:08+00:00","dateModified":"2022-02-25T10:52:47+00:00","description":"Ferienhaus auf Bali mieten. 6 Schlafzimmer mit Himmelbett und Klimaanlage, 4 Badezimmer, Terrasse mit eigenen Schwimmbad.","breadcrumb":{"@id":"https:\/\/villapelangi.nl\/de\/ferienhaus-auf-bali-mieten\/#breadcrumb"},"inLanguage":"de-DE","potentialAction":[{"@type":"ReadAction","target":["https:\/\/villapelangi.nl\/de\/ferienhaus-auf-bali-mieten\/"]}]},{"@type":"ImageObject","inLanguage":"de-DE","@id":"https:\/\/villapelangi.nl\/de\/ferienhaus-auf-bali-mieten\/#primaryimage","url":"https:\/\/villapelangi.nl\/wp-content\/uploads\/2018\/07\/Villa-Pelangi-Bali-1-300x225.jpg","contentUrl":"https:\/\/villapelangi.nl\/wp-content\/uploads\/2018\/07\/Villa-Pelangi-Bali-1-300x225.jpg"},{"@type":"BreadcrumbList","@id":"https:\/\/villapelangi.nl\/de\/ferienhaus-auf-bali-mieten\/#breadcrumb","itemListElement":[{"@type":"ListItem","position":1,"name":"Home","item":"https:\/\/villapelangi.nl\/de\/"},{"@type":"ListItem","position":2,"name":"Ferienhaus auf Bali mieten"}]},{"@type":"WebSite","@id":"https:\/\/villapelangi.nl\/#website","url":"https:\/\/villapelangi.nl\/","name":"Villa Pelangi | Bali","description":"verhuur vakantie huis op Bali","potentialAction":[{"@type":"SearchAction","target":{"@type":"EntryPoint","urlTemplate":"https:\/\/villapelangi.nl\/?s={search_term_string}"},"query-input":{"@type":"PropertyValueSpecification","valueRequired":true,"valueName":"search_term_string"}}],"inLanguage":"de-DE"}]}},"_links":{"self":[{"href":"https:\/\/villapelangi.nl\/de\/wp-json\/wp\/v2\/pages\/99","targetHints":{"allow":["GET"]}}],"collection":[{"href":"https:\/\/villapelangi.nl\/de\/wp-json\/wp\/v2\/pages"}],"about":[{"href":"https:\/\/villapelangi.nl\/de\/wp-json\/wp\/v2\/types\/page"}],"author":[{"embeddable":true,"href":"https:\/\/villapelangi.nl\/de\/wp-json\/wp\/v2\/users\/2"}],"replies":[{"embeddable":true,"href":"https:\/\/villapelangi.nl\/de\/wp-json\/wp\/v2\/comments?post=99"}],"version-history":[{"count":19,"href":"https:\/\/villapelangi.nl\/de\/wp-json\/wp\/v2\/pages\/99\/revisions"}],"predecessor-version":[{"id":9152,"href":"https:\/\/villapelangi.nl\/de\/wp-json\/wp\/v2\/pages\/99\/revisions\/9152"}],"wp:attachment":[{"href":"https:\/\/villapelangi.nl\/de\/wp-json\/wp\/v2\/media?parent=99"}],"curies":[{"name":"wp","href":"https:\/\/api.w.org\/{rel}","templated":true}]}}