{"id":119,"date":"2018-06-29T12:56:15","date_gmt":"2018-06-29T12:56:15","guid":{"rendered":"https:\/\/villapelangi.nl\/?page_id=119"},"modified":"2022-03-18T10:49:18","modified_gmt":"2022-03-18T09:49:18","slug":"maison-de-vacances-a-bali","status":"publish","type":"page","link":"https:\/\/villapelangi.nl\/fr\/maison-de-vacances-a-bali\/","title":{"rendered":"Maison de vacances \u00e0 Bali"},"content":{"rendered":"<h2>Situation \/ <span class=\"VIiyi\" lang=\"fr\"><span class=\"JLqJ4b ChMk0b\" data-language-for-alternatives=\"fr\" data-language-to-translate-into=\"nl\" data-phrase-index=\"0\" data-number-of-phrases=\"1\">Maison de vacances \u00e0 Bali<\/span><\/span><\/h2>\n<p><strong>Une vue fantastique, le soleil, la mer et la plage de Bali<br \/>\n<\/strong><span class=\"VIiyi\" lang=\"fr\"><span class=\"JLqJ4b ChMk0b\" data-language-for-alternatives=\"fr\" data-language-to-translate-into=\"nl\" data-phrase-index=\"0\" data-number-of-phrases=\"1\">Maison de vacances \u00e0 Bali<\/span><\/span><br \/>\nEn bord de plage, avec une vue magnifique sur la mer. La villa, le logement d\u2019appoint, le jardin et la piscine se trouvent sur un terrain priv\u00e9. Ainsi vous ne serez pas d\u00e9rang\u00e9 par des locataires environnants. Derri\u00e8re la villa, vous apercevez les champs de riz et les vignes, ainsi que les montagnes du lac Bratan.<br \/>\nThe villa, the guest house, the garden and the swimming pool are all on private property so you will not be bothered by other tourists. At the back you have a view over the rice paddies and the vineyards to the mountains of Bratan lake.<\/p>\n<p><strong>R\u00eaveries dans une maison de vacances \u00e0 Bali\u00a0<\/strong><br \/>\nSur la terrasse couverte avec vue sur la piscine et la mer par exemple.<br \/>\n<a href=\"https:\/\/villapelangi.nl\/wp-content\/uploads\/2018\/07\/welkom2.jpg\"><img loading=\"lazy\" decoding=\"async\" class=\"alignnone wp-image-457\" title=\"Maison de vacances \u00e0 Bali \" src=\"https:\/\/villapelangi.nl\/wp-content\/uploads\/2018\/07\/welkom2-300x203.jpg\" alt=\"Maison de vacances \u00e0 Bali \" width=\"259\" height=\"175\" srcset=\"https:\/\/villapelangi.nl\/wp-content\/uploads\/2018\/07\/welkom2-300x203.jpg 300w, https:\/\/villapelangi.nl\/wp-content\/uploads\/2018\/07\/welkom2-768x519.jpg 768w, https:\/\/villapelangi.nl\/wp-content\/uploads\/2018\/07\/welkom2-1024x691.jpg 1024w\" sizes=\"auto, (max-width: 259px) 100vw, 259px\" \/><\/a> <a href=\"https:\/\/villapelangi.nl\/wp-content\/uploads\/2018\/07\/Villa-Pelangi-hoofd-foto-1.jpg\"><img loading=\"lazy\" decoding=\"async\" class=\"alignnone wp-image-455\" title=\"Maison de vacances \u00e0 Bali \" src=\"https:\/\/villapelangi.nl\/wp-content\/uploads\/2018\/07\/Villa-Pelangi-hoofd-foto-1-300x164.jpg\" alt=\"Maison de vacances \u00e0 Bali \" width=\"320\" height=\"175\" srcset=\"https:\/\/villapelangi.nl\/wp-content\/uploads\/2018\/07\/Villa-Pelangi-hoofd-foto-1-300x164.jpg 300w, https:\/\/villapelangi.nl\/wp-content\/uploads\/2018\/07\/Villa-Pelangi-hoofd-foto-1-768x420.jpg 768w, https:\/\/villapelangi.nl\/wp-content\/uploads\/2018\/07\/Villa-Pelangi-hoofd-foto-1-1024x560.jpg 1024w\" sizes=\"auto, (max-width: 320px) 100vw, 320px\" \/><\/a> <a href=\"https:\/\/villapelangi.nl\/wp-content\/uploads\/2018\/07\/Villa-Pelangi-Bali-1.jpg\"><img loading=\"lazy\" decoding=\"async\" class=\"alignnone wp-image-448\" title=\"Maison de vacances \u00e0 Bali \" src=\"https:\/\/villapelangi.nl\/wp-content\/uploads\/2018\/07\/Villa-Pelangi-Bali-1-300x225.jpg\" alt=\"Maison de vacances \u00e0 Bali \" width=\"233\" height=\"175\" srcset=\"https:\/\/villapelangi.nl\/wp-content\/uploads\/2018\/07\/Villa-Pelangi-Bali-1-300x225.jpg 300w, https:\/\/villapelangi.nl\/wp-content\/uploads\/2018\/07\/Villa-Pelangi-Bali-1-768x576.jpg 768w, https:\/\/villapelangi.nl\/wp-content\/uploads\/2018\/07\/Villa-Pelangi-Bali-1-1024x768.jpg 1024w, https:\/\/villapelangi.nl\/wp-content\/uploads\/2018\/07\/Villa-Pelangi-Bali-1.jpg 2007w\" sizes=\"auto, (max-width: 233px) 100vw, 233px\" \/><\/a><br \/>\nLa terrasse couverte abrite un coin repas pour 8 personnes, ainsi que quelques fauteuils. \u00c0 quelques centaines de m\u00e8tres de la c\u00f4te, vous pourrez faire de la plong\u00e9e dans le r\u00e9cif. En bord de piscine, 8 chaises longues et 4 parasols vous attendent pour vous relaxer, ainsi que le bali benoung local, o\u00f9 il fait bon ressentir la caresse de la brise marine.<\/p>\n<p><span id=\"result_box\" lang=\"fr\"><span class=\"hps\">Voir ci-dessous ballon rouge \/ pour les drapeaux de l&#8217;emplacement de la Villa Pelangi.<br \/>\nNotre adresse: Jalan Samudra V6 \/ Sulanyah \/ Seririt \/ Lovina \/ Bali 81153 Indonesi\u00eb<\/span><\/span><\/p>\n<p><img loading=\"lazy\" decoding=\"async\" class=\"size-full wp-image-1961 alignnone\" src=\"https:\/\/villapelangi.nl\/wp-content\/uploads\/2018\/08\/location-3-1.jpg\" alt=\"\" width=\"452\" height=\"450\" srcset=\"https:\/\/villapelangi.nl\/wp-content\/uploads\/2018\/08\/location-3-1.jpg 452w, https:\/\/villapelangi.nl\/wp-content\/uploads\/2018\/08\/location-3-1-150x150.jpg 150w, https:\/\/villapelangi.nl\/wp-content\/uploads\/2018\/08\/location-3-1-300x300.jpg 300w\" sizes=\"auto, (max-width: 452px) 100vw, 452px\" \/><\/p>\n<div class=\"contact-map\">\n<div id=\"gmap_canvas\"><\/div>\n<\/div>\n","protected":false},"excerpt":{"rendered":"<p>Situation \/ Maison de vacances \u00e0 Bali Une vue fantastique, le soleil, la mer et la plage de Bali Maison de vacances \u00e0 Bali En bord de plage, avec une vue magnifique sur la mer. La villa, le logement d\u2019appoint, le jardin et la piscine se trouvent sur un terrain priv\u00e9. Ainsi vous ne serez [&hellip;]<\/p>\n","protected":false},"author":2,"featured_media":0,"parent":0,"menu_order":0,"comment_status":"closed","ping_status":"closed","template":"template-contact.php","meta":{"_acf_changed":false,"_exactmetrics_skip_tracking":false,"_exactmetrics_sitenote_active":false,"_exactmetrics_sitenote_note":"","_exactmetrics_sitenote_category":0,"footnotes":""},"class_list":["post-119","page","type-page","status-publish","hentry"],"acf":[],"yoast_head":"<!-- This site is optimized with the Yoast SEO plugin v27.4 - https:\/\/yoast.com\/product\/yoast-seo-wordpress\/ -->\n<title>Maison de vacances \u00e0 Bali | Villa Pelangi | Bali 1-12 personnes<\/title>\n<meta name=\"description\" content=\"Maison de vacances \u00e0 Bali \/ 6 chambres et 4 salles de bains, et peut accueillir jusqu&#039;\u00e0 12 personnes. Directement sur la mer.\" \/>\n<meta name=\"robots\" content=\"index, follow, max-snippet:-1, max-image-preview:large, max-video-preview:-1\" \/>\n<link rel=\"canonical\" href=\"https:\/\/villapelangi.nl\/fr\/maison-de-vacances-a-bali\/\" \/>\n<meta property=\"og:locale\" content=\"fr_FR\" \/>\n<meta property=\"og:type\" content=\"article\" \/>\n<meta property=\"og:title\" content=\"Maison de vacances \u00e0 Bali | Villa Pelangi | Bali 1-12 personnes\" \/>\n<meta property=\"og:description\" content=\"Maison de vacances \u00e0 Bali \/ 6 chambres et 4 salles de bains, et peut accueillir jusqu&#039;\u00e0 12 personnes. Directement sur la mer.\" \/>\n<meta property=\"og:url\" content=\"https:\/\/villapelangi.nl\/fr\/maison-de-vacances-a-bali\/\" \/>\n<meta property=\"og:site_name\" content=\"Villa Pelangi | Bali\" \/>\n<meta property=\"article:modified_time\" content=\"2022-03-18T09:49:18+00:00\" \/>\n<meta property=\"og:image\" content=\"https:\/\/villapelangi.nl\/wp-content\/uploads\/2018\/07\/welkom2-300x203.jpg\" \/>\n<meta name=\"twitter:card\" content=\"summary_large_image\" \/>\n<meta name=\"twitter:label1\" content=\"Dur\u00e9e de lecture estim\u00e9e\" \/>\n\t<meta name=\"twitter:data1\" content=\"2 minutes\" \/>\n<script type=\"application\/ld+json\" class=\"yoast-schema-graph\">{\"@context\":\"https:\\\/\\\/schema.org\",\"@graph\":[{\"@type\":\"WebPage\",\"@id\":\"https:\\\/\\\/villapelangi.nl\\\/fr\\\/maison-de-vacances-a-bali\\\/\",\"url\":\"https:\\\/\\\/villapelangi.nl\\\/fr\\\/maison-de-vacances-a-bali\\\/\",\"name\":\"Maison de vacances \u00e0 Bali | Villa Pelangi | Bali 1-12 personnes\",\"isPartOf\":{\"@id\":\"https:\\\/\\\/villapelangi.nl\\\/#website\"},\"primaryImageOfPage\":{\"@id\":\"https:\\\/\\\/villapelangi.nl\\\/fr\\\/maison-de-vacances-a-bali\\\/#primaryimage\"},\"image\":{\"@id\":\"https:\\\/\\\/villapelangi.nl\\\/fr\\\/maison-de-vacances-a-bali\\\/#primaryimage\"},\"thumbnailUrl\":\"https:\\\/\\\/villapelangi.nl\\\/wp-content\\\/uploads\\\/2018\\\/07\\\/welkom2-300x203.jpg\",\"datePublished\":\"2018-06-29T12:56:15+00:00\",\"dateModified\":\"2022-03-18T09:49:18+00:00\",\"description\":\"Maison de vacances \u00e0 Bali \\\/ 6 chambres et 4 salles de bains, et peut accueillir jusqu'\u00e0 12 personnes. Directement sur la mer.\",\"breadcrumb\":{\"@id\":\"https:\\\/\\\/villapelangi.nl\\\/fr\\\/maison-de-vacances-a-bali\\\/#breadcrumb\"},\"inLanguage\":\"fr-FR\",\"potentialAction\":[{\"@type\":\"ReadAction\",\"target\":[\"https:\\\/\\\/villapelangi.nl\\\/fr\\\/maison-de-vacances-a-bali\\\/\"]}]},{\"@type\":\"ImageObject\",\"inLanguage\":\"fr-FR\",\"@id\":\"https:\\\/\\\/villapelangi.nl\\\/fr\\\/maison-de-vacances-a-bali\\\/#primaryimage\",\"url\":\"https:\\\/\\\/villapelangi.nl\\\/wp-content\\\/uploads\\\/2018\\\/07\\\/welkom2-300x203.jpg\",\"contentUrl\":\"https:\\\/\\\/villapelangi.nl\\\/wp-content\\\/uploads\\\/2018\\\/07\\\/welkom2-300x203.jpg\"},{\"@type\":\"BreadcrumbList\",\"@id\":\"https:\\\/\\\/villapelangi.nl\\\/fr\\\/maison-de-vacances-a-bali\\\/#breadcrumb\",\"itemListElement\":[{\"@type\":\"ListItem\",\"position\":1,\"name\":\"Home\",\"item\":\"https:\\\/\\\/villapelangi.nl\\\/fr\\\/\"},{\"@type\":\"ListItem\",\"position\":2,\"name\":\"Maison de vacances \u00e0 Bali\"}]},{\"@type\":\"WebSite\",\"@id\":\"https:\\\/\\\/villapelangi.nl\\\/#website\",\"url\":\"https:\\\/\\\/villapelangi.nl\\\/\",\"name\":\"Villa Pelangi | Bali\",\"description\":\"verhuur vakantie huis op Bali\",\"potentialAction\":[{\"@type\":\"SearchAction\",\"target\":{\"@type\":\"EntryPoint\",\"urlTemplate\":\"https:\\\/\\\/villapelangi.nl\\\/?s={search_term_string}\"},\"query-input\":{\"@type\":\"PropertyValueSpecification\",\"valueRequired\":true,\"valueName\":\"search_term_string\"}}],\"inLanguage\":\"fr-FR\"}]}<\/script>\n<!-- \/ Yoast SEO plugin. -->","yoast_head_json":{"title":"Maison de vacances \u00e0 Bali | Villa Pelangi | Bali 1-12 personnes","description":"Maison de vacances \u00e0 Bali \/ 6 chambres et 4 salles de bains, et peut accueillir jusqu'\u00e0 12 personnes. Directement sur la mer.","robots":{"index":"index","follow":"follow","max-snippet":"max-snippet:-1","max-image-preview":"max-image-preview:large","max-video-preview":"max-video-preview:-1"},"canonical":"https:\/\/villapelangi.nl\/fr\/maison-de-vacances-a-bali\/","og_locale":"fr_FR","og_type":"article","og_title":"Maison de vacances \u00e0 Bali | Villa Pelangi | Bali 1-12 personnes","og_description":"Maison de vacances \u00e0 Bali \/ 6 chambres et 4 salles de bains, et peut accueillir jusqu'\u00e0 12 personnes. Directement sur la mer.","og_url":"https:\/\/villapelangi.nl\/fr\/maison-de-vacances-a-bali\/","og_site_name":"Villa Pelangi | Bali","article_modified_time":"2022-03-18T09:49:18+00:00","og_image":[{"url":"https:\/\/villapelangi.nl\/wp-content\/uploads\/2018\/07\/welkom2-300x203.jpg","type":"","width":"","height":""}],"twitter_card":"summary_large_image","twitter_misc":{"Dur\u00e9e de lecture estim\u00e9e":"2 minutes"},"schema":{"@context":"https:\/\/schema.org","@graph":[{"@type":"WebPage","@id":"https:\/\/villapelangi.nl\/fr\/maison-de-vacances-a-bali\/","url":"https:\/\/villapelangi.nl\/fr\/maison-de-vacances-a-bali\/","name":"Maison de vacances \u00e0 Bali | Villa Pelangi | Bali 1-12 personnes","isPartOf":{"@id":"https:\/\/villapelangi.nl\/#website"},"primaryImageOfPage":{"@id":"https:\/\/villapelangi.nl\/fr\/maison-de-vacances-a-bali\/#primaryimage"},"image":{"@id":"https:\/\/villapelangi.nl\/fr\/maison-de-vacances-a-bali\/#primaryimage"},"thumbnailUrl":"https:\/\/villapelangi.nl\/wp-content\/uploads\/2018\/07\/welkom2-300x203.jpg","datePublished":"2018-06-29T12:56:15+00:00","dateModified":"2022-03-18T09:49:18+00:00","description":"Maison de vacances \u00e0 Bali \/ 6 chambres et 4 salles de bains, et peut accueillir jusqu'\u00e0 12 personnes. Directement sur la mer.","breadcrumb":{"@id":"https:\/\/villapelangi.nl\/fr\/maison-de-vacances-a-bali\/#breadcrumb"},"inLanguage":"fr-FR","potentialAction":[{"@type":"ReadAction","target":["https:\/\/villapelangi.nl\/fr\/maison-de-vacances-a-bali\/"]}]},{"@type":"ImageObject","inLanguage":"fr-FR","@id":"https:\/\/villapelangi.nl\/fr\/maison-de-vacances-a-bali\/#primaryimage","url":"https:\/\/villapelangi.nl\/wp-content\/uploads\/2018\/07\/welkom2-300x203.jpg","contentUrl":"https:\/\/villapelangi.nl\/wp-content\/uploads\/2018\/07\/welkom2-300x203.jpg"},{"@type":"BreadcrumbList","@id":"https:\/\/villapelangi.nl\/fr\/maison-de-vacances-a-bali\/#breadcrumb","itemListElement":[{"@type":"ListItem","position":1,"name":"Home","item":"https:\/\/villapelangi.nl\/fr\/"},{"@type":"ListItem","position":2,"name":"Maison de vacances \u00e0 Bali"}]},{"@type":"WebSite","@id":"https:\/\/villapelangi.nl\/#website","url":"https:\/\/villapelangi.nl\/","name":"Villa Pelangi | Bali","description":"verhuur vakantie huis op Bali","potentialAction":[{"@type":"SearchAction","target":{"@type":"EntryPoint","urlTemplate":"https:\/\/villapelangi.nl\/?s={search_term_string}"},"query-input":{"@type":"PropertyValueSpecification","valueRequired":true,"valueName":"search_term_string"}}],"inLanguage":"fr-FR"}]}},"_links":{"self":[{"href":"https:\/\/villapelangi.nl\/fr\/wp-json\/wp\/v2\/pages\/119","targetHints":{"allow":["GET"]}}],"collection":[{"href":"https:\/\/villapelangi.nl\/fr\/wp-json\/wp\/v2\/pages"}],"about":[{"href":"https:\/\/villapelangi.nl\/fr\/wp-json\/wp\/v2\/types\/page"}],"author":[{"embeddable":true,"href":"https:\/\/villapelangi.nl\/fr\/wp-json\/wp\/v2\/users\/2"}],"replies":[{"embeddable":true,"href":"https:\/\/villapelangi.nl\/fr\/wp-json\/wp\/v2\/comments?post=119"}],"version-history":[{"count":8,"href":"https:\/\/villapelangi.nl\/fr\/wp-json\/wp\/v2\/pages\/119\/revisions"}],"predecessor-version":[{"id":9425,"href":"https:\/\/villapelangi.nl\/fr\/wp-json\/wp\/v2\/pages\/119\/revisions\/9425"}],"wp:attachment":[{"href":"https:\/\/villapelangi.nl\/fr\/wp-json\/wp\/v2\/media?parent=119"}],"curies":[{"name":"wp","href":"https:\/\/api.w.org\/{rel}","templated":true}]}}