{"id":128,"date":"2018-06-29T12:59:28","date_gmt":"2018-06-29T12:59:28","guid":{"rendered":"https:\/\/villapelangi.nl\/?page_id=128"},"modified":"2020-05-27T19:39:36","modified_gmt":"2020-05-27T18:39:36","slug":"carte","status":"publish","type":"page","link":"https:\/\/villapelangi.nl\/fr\/carte\/","title":{"rendered":"Carte"},"content":{"rendered":"<p><span class=\"tlid-translation translation\" lang=\"fr\"><span class=\"\" title=\"\">Disposition du trac\u00e9<\/span><\/span><\/p>\n<h2>Carte<\/h2>\n<p><strong>Plan de la villa sur la plage de Bali<\/strong><\/p>\n<p>Villa Pelangi Bali, villa luxueuse avec piscine priv\u00e9e situ\u00e9e en bord de plage,<br \/>\nsur un grand terrain de 2100 m\u00b2.<\/p>\n<p><a href=\"https:\/\/villapelangi.nl\/wp-content\/uploads\/2018\/07\/platte-grond-villa-1.jpg\"><img loading=\"lazy\" decoding=\"async\" class=\"alignnone wp-image-442\" src=\"https:\/\/villapelangi.nl\/wp-content\/uploads\/2018\/07\/platte-grond-villa-1-e1534149810841.jpg\" alt=\"\" width=\"620\" height=\"444\" srcset=\"https:\/\/villapelangi.nl\/wp-content\/uploads\/2018\/07\/platte-grond-villa-1-e1534149810841.jpg 567w, https:\/\/villapelangi.nl\/wp-content\/uploads\/2018\/07\/platte-grond-villa-1-e1534149810841-300x215.jpg 300w\" sizes=\"auto, (max-width: 620px) 100vw, 620px\" \/><\/a><\/p>\n<p>&nbsp;<\/p>\n<p><a href=\"https:\/\/villapelangi.nl\/wp-content\/uploads\/2018\/07\/platte-grond-villa-2-.jpg\"><img loading=\"lazy\" decoding=\"async\" class=\"alignnone wp-image-443 size-full\" src=\"https:\/\/villapelangi.nl\/wp-content\/uploads\/2018\/07\/platte-grond-villa-2-.jpg\" alt=\"\" width=\"695\" height=\"619\" srcset=\"https:\/\/villapelangi.nl\/wp-content\/uploads\/2018\/07\/platte-grond-villa-2-.jpg 695w, https:\/\/villapelangi.nl\/wp-content\/uploads\/2018\/07\/platte-grond-villa-2--300x267.jpg 300w\" sizes=\"auto, (max-width: 695px) 100vw, 695px\" \/><\/a><\/p>\n<p>&nbsp;<\/p>\n<p><a href=\"https:\/\/villapelangi.nl\/wp-content\/uploads\/2018\/07\/platte-grond-villa-4.jpg\"><img loading=\"lazy\" decoding=\"async\" class=\"alignnone wp-image-445 size-large\" src=\"https:\/\/villapelangi.nl\/wp-content\/uploads\/2018\/07\/platte-grond-villa-4-1024x567.jpg\" alt=\"\" width=\"1024\" height=\"567\" srcset=\"https:\/\/villapelangi.nl\/wp-content\/uploads\/2018\/07\/platte-grond-villa-4-1024x567.jpg 1024w, https:\/\/villapelangi.nl\/wp-content\/uploads\/2018\/07\/platte-grond-villa-4-300x166.jpg 300w, https:\/\/villapelangi.nl\/wp-content\/uploads\/2018\/07\/platte-grond-villa-4-768x425.jpg 768w, https:\/\/villapelangi.nl\/wp-content\/uploads\/2018\/07\/platte-grond-villa-4.jpg 1111w\" sizes=\"auto, (max-width: 1024px) 100vw, 1024px\" \/><\/a><\/p>\n<p>&nbsp;<\/p>\n<p><a href=\"https:\/\/villapelangi.nl\/wp-content\/uploads\/2018\/07\/platte-grond-villa-3.jpg\"><img loading=\"lazy\" decoding=\"async\" class=\"alignnone wp-image-444 size-full\" src=\"https:\/\/villapelangi.nl\/wp-content\/uploads\/2018\/07\/platte-grond-villa-3.jpg\" alt=\"\" width=\"693\" height=\"608\" srcset=\"https:\/\/villapelangi.nl\/wp-content\/uploads\/2018\/07\/platte-grond-villa-3.jpg 693w, https:\/\/villapelangi.nl\/wp-content\/uploads\/2018\/07\/platte-grond-villa-3-300x263.jpg 300w\" sizes=\"auto, (max-width: 693px) 100vw, 693px\" \/><\/a><\/p>\n","protected":false},"excerpt":{"rendered":"<p>Disposition du trac\u00e9 Carte Plan de la villa sur la plage de Bali Villa Pelangi Bali, villa luxueuse avec piscine priv\u00e9e situ\u00e9e en bord de plage, sur un grand terrain de 2100 m\u00b2. &nbsp; &nbsp; &nbsp;<\/p>\n","protected":false},"author":2,"featured_media":0,"parent":0,"menu_order":0,"comment_status":"closed","ping_status":"closed","template":"","meta":{"_acf_changed":false,"_exactmetrics_skip_tracking":false,"_exactmetrics_sitenote_active":false,"_exactmetrics_sitenote_note":"","_exactmetrics_sitenote_category":0,"footnotes":""},"class_list":["post-128","page","type-page","status-publish","hentry"],"acf":[],"yoast_head":"<!-- This site is optimized with the Yoast SEO plugin v27.4 - https:\/\/yoast.com\/product\/yoast-seo-wordpress\/ -->\n<title>Carte | Villa Pelangi | Bali<\/title>\n<meta name=\"description\" content=\"Villa Pelangi Bali, villa de vacances de luxe sur la plage avec piscine private sur un terrain de 2.000 m2.\" \/>\n<meta name=\"robots\" content=\"index, follow, max-snippet:-1, max-image-preview:large, max-video-preview:-1\" \/>\n<link rel=\"canonical\" href=\"https:\/\/villapelangi.nl\/fr\/carte\/\" \/>\n<meta property=\"og:locale\" content=\"fr_FR\" \/>\n<meta property=\"og:type\" content=\"article\" \/>\n<meta property=\"og:title\" content=\"Carte | Villa Pelangi | Bali\" \/>\n<meta property=\"og:description\" content=\"Villa Pelangi Bali, villa de vacances de luxe sur la plage avec piscine private sur un terrain de 2.000 m2.\" \/>\n<meta property=\"og:url\" content=\"https:\/\/villapelangi.nl\/fr\/carte\/\" \/>\n<meta property=\"og:site_name\" content=\"Villa Pelangi | Bali\" \/>\n<meta property=\"article:modified_time\" content=\"2020-05-27T18:39:36+00:00\" \/>\n<meta property=\"og:image\" content=\"https:\/\/villapelangi.nl\/wp-content\/uploads\/2018\/07\/platte-grond-villa-1-e1534149810841.jpg\" \/>\n<meta name=\"twitter:card\" content=\"summary_large_image\" \/>\n<script type=\"application\/ld+json\" class=\"yoast-schema-graph\">{\"@context\":\"https:\\\/\\\/schema.org\",\"@graph\":[{\"@type\":\"WebPage\",\"@id\":\"https:\\\/\\\/villapelangi.nl\\\/fr\\\/carte\\\/\",\"url\":\"https:\\\/\\\/villapelangi.nl\\\/fr\\\/carte\\\/\",\"name\":\"Carte | Villa Pelangi | Bali\",\"isPartOf\":{\"@id\":\"https:\\\/\\\/villapelangi.nl\\\/#website\"},\"primaryImageOfPage\":{\"@id\":\"https:\\\/\\\/villapelangi.nl\\\/fr\\\/carte\\\/#primaryimage\"},\"image\":{\"@id\":\"https:\\\/\\\/villapelangi.nl\\\/fr\\\/carte\\\/#primaryimage\"},\"thumbnailUrl\":\"https:\\\/\\\/villapelangi.nl\\\/wp-content\\\/uploads\\\/2018\\\/07\\\/platte-grond-villa-1-e1534149810841.jpg\",\"datePublished\":\"2018-06-29T12:59:28+00:00\",\"dateModified\":\"2020-05-27T18:39:36+00:00\",\"description\":\"Villa Pelangi Bali, villa de vacances de luxe sur la plage avec piscine private sur un terrain de 2.000 m2.\",\"breadcrumb\":{\"@id\":\"https:\\\/\\\/villapelangi.nl\\\/fr\\\/carte\\\/#breadcrumb\"},\"inLanguage\":\"fr-FR\",\"potentialAction\":[{\"@type\":\"ReadAction\",\"target\":[\"https:\\\/\\\/villapelangi.nl\\\/fr\\\/carte\\\/\"]}]},{\"@type\":\"ImageObject\",\"inLanguage\":\"fr-FR\",\"@id\":\"https:\\\/\\\/villapelangi.nl\\\/fr\\\/carte\\\/#primaryimage\",\"url\":\"https:\\\/\\\/villapelangi.nl\\\/wp-content\\\/uploads\\\/2018\\\/07\\\/platte-grond-villa-1-e1534149810841.jpg\",\"contentUrl\":\"https:\\\/\\\/villapelangi.nl\\\/wp-content\\\/uploads\\\/2018\\\/07\\\/platte-grond-villa-1-e1534149810841.jpg\"},{\"@type\":\"BreadcrumbList\",\"@id\":\"https:\\\/\\\/villapelangi.nl\\\/fr\\\/carte\\\/#breadcrumb\",\"itemListElement\":[{\"@type\":\"ListItem\",\"position\":1,\"name\":\"Home\",\"item\":\"https:\\\/\\\/villapelangi.nl\\\/fr\\\/\"},{\"@type\":\"ListItem\",\"position\":2,\"name\":\"Carte\"}]},{\"@type\":\"WebSite\",\"@id\":\"https:\\\/\\\/villapelangi.nl\\\/#website\",\"url\":\"https:\\\/\\\/villapelangi.nl\\\/\",\"name\":\"Villa Pelangi | Bali\",\"description\":\"verhuur vakantie huis op Bali\",\"potentialAction\":[{\"@type\":\"SearchAction\",\"target\":{\"@type\":\"EntryPoint\",\"urlTemplate\":\"https:\\\/\\\/villapelangi.nl\\\/?s={search_term_string}\"},\"query-input\":{\"@type\":\"PropertyValueSpecification\",\"valueRequired\":true,\"valueName\":\"search_term_string\"}}],\"inLanguage\":\"fr-FR\"}]}<\/script>\n<!-- \/ Yoast SEO plugin. -->","yoast_head_json":{"title":"Carte | Villa Pelangi | Bali","description":"Villa Pelangi Bali, villa de vacances de luxe sur la plage avec piscine private sur un terrain de 2.000 m2.","robots":{"index":"index","follow":"follow","max-snippet":"max-snippet:-1","max-image-preview":"max-image-preview:large","max-video-preview":"max-video-preview:-1"},"canonical":"https:\/\/villapelangi.nl\/fr\/carte\/","og_locale":"fr_FR","og_type":"article","og_title":"Carte | Villa Pelangi | Bali","og_description":"Villa Pelangi Bali, villa de vacances de luxe sur la plage avec piscine private sur un terrain de 2.000 m2.","og_url":"https:\/\/villapelangi.nl\/fr\/carte\/","og_site_name":"Villa Pelangi | Bali","article_modified_time":"2020-05-27T18:39:36+00:00","og_image":[{"url":"https:\/\/villapelangi.nl\/wp-content\/uploads\/2018\/07\/platte-grond-villa-1-e1534149810841.jpg","type":"","width":"","height":""}],"twitter_card":"summary_large_image","schema":{"@context":"https:\/\/schema.org","@graph":[{"@type":"WebPage","@id":"https:\/\/villapelangi.nl\/fr\/carte\/","url":"https:\/\/villapelangi.nl\/fr\/carte\/","name":"Carte | Villa Pelangi | Bali","isPartOf":{"@id":"https:\/\/villapelangi.nl\/#website"},"primaryImageOfPage":{"@id":"https:\/\/villapelangi.nl\/fr\/carte\/#primaryimage"},"image":{"@id":"https:\/\/villapelangi.nl\/fr\/carte\/#primaryimage"},"thumbnailUrl":"https:\/\/villapelangi.nl\/wp-content\/uploads\/2018\/07\/platte-grond-villa-1-e1534149810841.jpg","datePublished":"2018-06-29T12:59:28+00:00","dateModified":"2020-05-27T18:39:36+00:00","description":"Villa Pelangi Bali, villa de vacances de luxe sur la plage avec piscine private sur un terrain de 2.000 m2.","breadcrumb":{"@id":"https:\/\/villapelangi.nl\/fr\/carte\/#breadcrumb"},"inLanguage":"fr-FR","potentialAction":[{"@type":"ReadAction","target":["https:\/\/villapelangi.nl\/fr\/carte\/"]}]},{"@type":"ImageObject","inLanguage":"fr-FR","@id":"https:\/\/villapelangi.nl\/fr\/carte\/#primaryimage","url":"https:\/\/villapelangi.nl\/wp-content\/uploads\/2018\/07\/platte-grond-villa-1-e1534149810841.jpg","contentUrl":"https:\/\/villapelangi.nl\/wp-content\/uploads\/2018\/07\/platte-grond-villa-1-e1534149810841.jpg"},{"@type":"BreadcrumbList","@id":"https:\/\/villapelangi.nl\/fr\/carte\/#breadcrumb","itemListElement":[{"@type":"ListItem","position":1,"name":"Home","item":"https:\/\/villapelangi.nl\/fr\/"},{"@type":"ListItem","position":2,"name":"Carte"}]},{"@type":"WebSite","@id":"https:\/\/villapelangi.nl\/#website","url":"https:\/\/villapelangi.nl\/","name":"Villa Pelangi | Bali","description":"verhuur vakantie huis op Bali","potentialAction":[{"@type":"SearchAction","target":{"@type":"EntryPoint","urlTemplate":"https:\/\/villapelangi.nl\/?s={search_term_string}"},"query-input":{"@type":"PropertyValueSpecification","valueRequired":true,"valueName":"search_term_string"}}],"inLanguage":"fr-FR"}]}},"_links":{"self":[{"href":"https:\/\/villapelangi.nl\/fr\/wp-json\/wp\/v2\/pages\/128","targetHints":{"allow":["GET"]}}],"collection":[{"href":"https:\/\/villapelangi.nl\/fr\/wp-json\/wp\/v2\/pages"}],"about":[{"href":"https:\/\/villapelangi.nl\/fr\/wp-json\/wp\/v2\/types\/page"}],"author":[{"embeddable":true,"href":"https:\/\/villapelangi.nl\/fr\/wp-json\/wp\/v2\/users\/2"}],"replies":[{"embeddable":true,"href":"https:\/\/villapelangi.nl\/fr\/wp-json\/wp\/v2\/comments?post=128"}],"version-history":[{"count":6,"href":"https:\/\/villapelangi.nl\/fr\/wp-json\/wp\/v2\/pages\/128\/revisions"}],"predecessor-version":[{"id":6112,"href":"https:\/\/villapelangi.nl\/fr\/wp-json\/wp\/v2\/pages\/128\/revisions\/6112"}],"wp:attachment":[{"href":"https:\/\/villapelangi.nl\/fr\/wp-json\/wp\/v2\/media?parent=128"}],"curies":[{"name":"wp","href":"https:\/\/api.w.org\/{rel}","templated":true}]}}