{"id":135,"date":"2018-06-29T13:03:14","date_gmt":"2018-06-29T13:03:14","guid":{"rendered":"https:\/\/villapelangi.nl\/?page_id=135"},"modified":"2022-03-18T09:45:40","modified_gmt":"2022-03-18T08:45:40","slug":"equipements","status":"publish","type":"page","link":"https:\/\/villapelangi.nl\/fr\/equipements\/","title":{"rendered":"Equipements"},"content":{"rendered":"<p><span class=\"tlid-translation translation\" lang=\"fr\"><span class=\"\" title=\"\">Villa en bord de mer avec personnel<\/span><\/span><\/p>\n<h2>Equipements<\/h2>\n<p><strong>Service et personnel<\/strong><br \/>\n6 jours par semaine, le personnel s\u2019occupe de la cuisine, de la lessive et du m\u00e9nage. <em><span style=\"text-decoration: underline;\"><span class=\"VIiyi\" lang=\"fr\"><span class=\"JLqJ4b ChMk0b\" data-language-for-alternatives=\"fr\" data-language-to-translate-into=\"nl\" data-phrase-index=\"0\" data-number-of-phrases=\"1\">(notre personnel est enti\u00e8rement vaccin\u00e9, y compris la vaccination de rappel)<\/span><\/span>\u00a0<\/span><\/em><\/p>\n<table border=\"0\" width=\"230\" align=\"right\">\n<tbody>\n<tr>\n<td colspan=\"5\" align=\"center\"><a href=\"https:\/\/villapelangi.nl\/wp-content\/uploads\/2018\/07\/faciliteiten.jpg\"><img loading=\"lazy\" decoding=\"async\" class=\"alignnone size-medium wp-image-430\" src=\"https:\/\/villapelangi.nl\/wp-content\/uploads\/2018\/07\/faciliteiten-300x225.jpg\" alt=\"\" width=\"300\" height=\"225\" srcset=\"https:\/\/villapelangi.nl\/wp-content\/uploads\/2018\/07\/faciliteiten-300x225.jpg 300w, https:\/\/villapelangi.nl\/wp-content\/uploads\/2018\/07\/faciliteiten-768x576.jpg 768w, https:\/\/villapelangi.nl\/wp-content\/uploads\/2018\/07\/faciliteiten.jpg 1024w\" sizes=\"auto, (max-width: 300px) 100vw, 300px\" \/><\/a><\/td>\n<\/tr>\n<tr>\n<td><\/td>\n<td><\/td>\n<td><\/td>\n<td><\/td>\n<td><\/td>\n<\/tr>\n<\/tbody>\n<\/table>\n<p>Ils font aussi \u00e9ventuellement les courses qui bien entendu sont \u00e0 vos frais, mais dont les co\u00fbts ne sont jamais tr\u00e8s \u00e9lev\u00e9s. La piscine et le jardin sont entretenus 6 jours par semaine.<\/p>\n<p><strong>S\u00e9curit\u00e9<\/strong><br \/>\nLa villa dispose de son propre poste de s\u00e9curit\u00e9, occup\u00e9 le soir et la nuit, afin que vous puissiez dormir sur vos deux oreilles.<\/p>\n<p><strong>Chauffeur<br \/>\n<\/strong>Si vous le souhaitez, un chauffeur peut vous conduire de la villa \u00e0 l\u2019a\u00e9roport (service pick-up). La dur\u00e9e du trajet est de 2,5 heures environ. Il vous attendra alors \u00e0 la sortir de l\u2019a\u00e9roport, muni d\u2019un panneau mentionnant votre nom. Le co\u00fbt de ce trajet s\u2019\u00e9l\u00e8vent \u00e0 650.000 roupies indon\u00e9siennes par voiture (45 \u00e0 50 euros selon le cours). Il est \u00e0 vos propres frais. <span id=\"result_box\" class=\"\" lang=\"fr\"><span class=\"\">Cliquez <span style=\"text-decoration: underline;\"><strong><a href=\"https:\/\/villapelangi.nl\/en\/transfer-luchthaven-villa-pelangi\/\">ici<\/a> <\/strong><\/span>pour un aper\u00e7u des co\u00fbts et des options du v\u00e9hicule<\/span><\/span><\/p>\n<p>la possibilit\u00e9 vous est \u00e9galement offerte de r\u00e9server ce ou ces chauffeurs pour vos excursions. Ils saurons vous monter les plus beaux endroits de Bali. Vous pouvez vous-m\u00eame effectuer les r\u00e9servations aupr\u00e8s du chauffeur. Nous vous d\u00e9conseillons de rouler vous-m\u00eames si vous n&#8217;\u00eates pas familiaris\u00e9 avec la conduite \u00e0 gauche, du fait de l&#8217;intense circulation, notamment dans le sud de l&#8217;\u00eele.<\/p>\n<p><strong>Assistance t\u00e9l\u00e9phonique<br \/>\n<\/strong>Nous disposons \u00e9galement d\u2019une assistance t\u00e9l\u00e9phonique o\u00f9 vous pouvez poser toutes vos questions concernant la villa \u2013 en cas de panne par exemple. Vous trouverez toutes les informations dans le dossier qui se trouve dans la villa.<\/p>\n<p><strong>Dossier d\u2019informations<\/strong><br \/>\nVous trouverez dans ce dossier toutes les informations pratiques concernant la villa, les environs, les num\u00e9ros de t\u00e9l\u00e9phone du chauffeur, du m\u00e9decin, de l\u2019assistance t\u00e9l\u00e9phonique, et d\u2019autres informations pratiques.<\/p>\n","protected":false},"excerpt":{"rendered":"<p>Villa en bord de mer avec personnel Equipements Service et personnel 6 jours par semaine, le personnel s\u2019occupe de la cuisine, de la lessive et du m\u00e9nage. (notre personnel est enti\u00e8rement vaccin\u00e9, y compris la vaccination de rappel)\u00a0 Ils font aussi \u00e9ventuellement les courses qui bien entendu sont \u00e0 vos frais, mais dont les co\u00fbts [&hellip;]<\/p>\n","protected":false},"author":2,"featured_media":0,"parent":0,"menu_order":0,"comment_status":"closed","ping_status":"closed","template":"","meta":{"_acf_changed":false,"_exactmetrics_skip_tracking":false,"_exactmetrics_sitenote_active":false,"_exactmetrics_sitenote_note":"","_exactmetrics_sitenote_category":0,"footnotes":""},"class_list":["post-135","page","type-page","status-publish","hentry"],"acf":[],"yoast_head":"<!-- This site is optimized with the Yoast SEO plugin v27.3 - https:\/\/yoast.com\/product\/yoast-seo-wordpress\/ -->\n<title>Equipements | Villa Pelangi | Bali<\/title>\n<meta name=\"description\" content=\"Luxe villa sur la plage de Bali avec service et le personnel pour ce que vous cuisinez, lavage et de nettoyage.\" \/>\n<meta name=\"robots\" content=\"index, follow, max-snippet:-1, max-image-preview:large, max-video-preview:-1\" \/>\n<link rel=\"canonical\" href=\"https:\/\/villapelangi.nl\/fr\/equipements\/\" \/>\n<meta property=\"og:locale\" content=\"fr_FR\" \/>\n<meta property=\"og:type\" content=\"article\" \/>\n<meta property=\"og:title\" content=\"Equipements | Villa Pelangi | Bali\" \/>\n<meta property=\"og:description\" content=\"Luxe villa sur la plage de Bali avec service et le personnel pour ce que vous cuisinez, lavage et de nettoyage.\" \/>\n<meta property=\"og:url\" content=\"https:\/\/villapelangi.nl\/fr\/equipements\/\" \/>\n<meta property=\"og:site_name\" content=\"Villa Pelangi | Bali\" \/>\n<meta property=\"article:modified_time\" content=\"2022-03-18T08:45:40+00:00\" \/>\n<meta property=\"og:image\" content=\"https:\/\/villapelangi.nl\/wp-content\/uploads\/2018\/07\/faciliteiten-300x225.jpg\" \/>\n<meta name=\"twitter:card\" content=\"summary_large_image\" \/>\n<meta name=\"twitter:label1\" content=\"Dur\u00e9e de lecture estim\u00e9e\" \/>\n\t<meta name=\"twitter:data1\" content=\"2 minutes\" \/>\n<script type=\"application\/ld+json\" class=\"yoast-schema-graph\">{\"@context\":\"https:\\\/\\\/schema.org\",\"@graph\":[{\"@type\":\"WebPage\",\"@id\":\"https:\\\/\\\/villapelangi.nl\\\/fr\\\/equipements\\\/\",\"url\":\"https:\\\/\\\/villapelangi.nl\\\/fr\\\/equipements\\\/\",\"name\":\"Equipements | Villa Pelangi | Bali\",\"isPartOf\":{\"@id\":\"https:\\\/\\\/villapelangi.nl\\\/#website\"},\"primaryImageOfPage\":{\"@id\":\"https:\\\/\\\/villapelangi.nl\\\/fr\\\/equipements\\\/#primaryimage\"},\"image\":{\"@id\":\"https:\\\/\\\/villapelangi.nl\\\/fr\\\/equipements\\\/#primaryimage\"},\"thumbnailUrl\":\"https:\\\/\\\/villapelangi.nl\\\/wp-content\\\/uploads\\\/2018\\\/07\\\/faciliteiten-300x225.jpg\",\"datePublished\":\"2018-06-29T13:03:14+00:00\",\"dateModified\":\"2022-03-18T08:45:40+00:00\",\"description\":\"Luxe villa sur la plage de Bali avec service et le personnel pour ce que vous cuisinez, lavage et de nettoyage.\",\"breadcrumb\":{\"@id\":\"https:\\\/\\\/villapelangi.nl\\\/fr\\\/equipements\\\/#breadcrumb\"},\"inLanguage\":\"fr-FR\",\"potentialAction\":[{\"@type\":\"ReadAction\",\"target\":[\"https:\\\/\\\/villapelangi.nl\\\/fr\\\/equipements\\\/\"]}]},{\"@type\":\"ImageObject\",\"inLanguage\":\"fr-FR\",\"@id\":\"https:\\\/\\\/villapelangi.nl\\\/fr\\\/equipements\\\/#primaryimage\",\"url\":\"https:\\\/\\\/villapelangi.nl\\\/wp-content\\\/uploads\\\/2018\\\/07\\\/faciliteiten-300x225.jpg\",\"contentUrl\":\"https:\\\/\\\/villapelangi.nl\\\/wp-content\\\/uploads\\\/2018\\\/07\\\/faciliteiten-300x225.jpg\"},{\"@type\":\"BreadcrumbList\",\"@id\":\"https:\\\/\\\/villapelangi.nl\\\/fr\\\/equipements\\\/#breadcrumb\",\"itemListElement\":[{\"@type\":\"ListItem\",\"position\":1,\"name\":\"Home\",\"item\":\"https:\\\/\\\/villapelangi.nl\\\/fr\\\/\"},{\"@type\":\"ListItem\",\"position\":2,\"name\":\"Equipements\"}]},{\"@type\":\"WebSite\",\"@id\":\"https:\\\/\\\/villapelangi.nl\\\/#website\",\"url\":\"https:\\\/\\\/villapelangi.nl\\\/\",\"name\":\"Villa Pelangi | Bali\",\"description\":\"verhuur vakantie huis op Bali\",\"potentialAction\":[{\"@type\":\"SearchAction\",\"target\":{\"@type\":\"EntryPoint\",\"urlTemplate\":\"https:\\\/\\\/villapelangi.nl\\\/?s={search_term_string}\"},\"query-input\":{\"@type\":\"PropertyValueSpecification\",\"valueRequired\":true,\"valueName\":\"search_term_string\"}}],\"inLanguage\":\"fr-FR\"}]}<\/script>\n<!-- \/ Yoast SEO plugin. -->","yoast_head_json":{"title":"Equipements | Villa Pelangi | Bali","description":"Luxe villa sur la plage de Bali avec service et le personnel pour ce que vous cuisinez, lavage et de nettoyage.","robots":{"index":"index","follow":"follow","max-snippet":"max-snippet:-1","max-image-preview":"max-image-preview:large","max-video-preview":"max-video-preview:-1"},"canonical":"https:\/\/villapelangi.nl\/fr\/equipements\/","og_locale":"fr_FR","og_type":"article","og_title":"Equipements | Villa Pelangi | Bali","og_description":"Luxe villa sur la plage de Bali avec service et le personnel pour ce que vous cuisinez, lavage et de nettoyage.","og_url":"https:\/\/villapelangi.nl\/fr\/equipements\/","og_site_name":"Villa Pelangi | Bali","article_modified_time":"2022-03-18T08:45:40+00:00","og_image":[{"url":"https:\/\/villapelangi.nl\/wp-content\/uploads\/2018\/07\/faciliteiten-300x225.jpg","type":"","width":"","height":""}],"twitter_card":"summary_large_image","twitter_misc":{"Dur\u00e9e de lecture estim\u00e9e":"2 minutes"},"schema":{"@context":"https:\/\/schema.org","@graph":[{"@type":"WebPage","@id":"https:\/\/villapelangi.nl\/fr\/equipements\/","url":"https:\/\/villapelangi.nl\/fr\/equipements\/","name":"Equipements | Villa Pelangi | Bali","isPartOf":{"@id":"https:\/\/villapelangi.nl\/#website"},"primaryImageOfPage":{"@id":"https:\/\/villapelangi.nl\/fr\/equipements\/#primaryimage"},"image":{"@id":"https:\/\/villapelangi.nl\/fr\/equipements\/#primaryimage"},"thumbnailUrl":"https:\/\/villapelangi.nl\/wp-content\/uploads\/2018\/07\/faciliteiten-300x225.jpg","datePublished":"2018-06-29T13:03:14+00:00","dateModified":"2022-03-18T08:45:40+00:00","description":"Luxe villa sur la plage de Bali avec service et le personnel pour ce que vous cuisinez, lavage et de nettoyage.","breadcrumb":{"@id":"https:\/\/villapelangi.nl\/fr\/equipements\/#breadcrumb"},"inLanguage":"fr-FR","potentialAction":[{"@type":"ReadAction","target":["https:\/\/villapelangi.nl\/fr\/equipements\/"]}]},{"@type":"ImageObject","inLanguage":"fr-FR","@id":"https:\/\/villapelangi.nl\/fr\/equipements\/#primaryimage","url":"https:\/\/villapelangi.nl\/wp-content\/uploads\/2018\/07\/faciliteiten-300x225.jpg","contentUrl":"https:\/\/villapelangi.nl\/wp-content\/uploads\/2018\/07\/faciliteiten-300x225.jpg"},{"@type":"BreadcrumbList","@id":"https:\/\/villapelangi.nl\/fr\/equipements\/#breadcrumb","itemListElement":[{"@type":"ListItem","position":1,"name":"Home","item":"https:\/\/villapelangi.nl\/fr\/"},{"@type":"ListItem","position":2,"name":"Equipements"}]},{"@type":"WebSite","@id":"https:\/\/villapelangi.nl\/#website","url":"https:\/\/villapelangi.nl\/","name":"Villa Pelangi | Bali","description":"verhuur vakantie huis op Bali","potentialAction":[{"@type":"SearchAction","target":{"@type":"EntryPoint","urlTemplate":"https:\/\/villapelangi.nl\/?s={search_term_string}"},"query-input":{"@type":"PropertyValueSpecification","valueRequired":true,"valueName":"search_term_string"}}],"inLanguage":"fr-FR"}]}},"_links":{"self":[{"href":"https:\/\/villapelangi.nl\/fr\/wp-json\/wp\/v2\/pages\/135","targetHints":{"allow":["GET"]}}],"collection":[{"href":"https:\/\/villapelangi.nl\/fr\/wp-json\/wp\/v2\/pages"}],"about":[{"href":"https:\/\/villapelangi.nl\/fr\/wp-json\/wp\/v2\/types\/page"}],"author":[{"embeddable":true,"href":"https:\/\/villapelangi.nl\/fr\/wp-json\/wp\/v2\/users\/2"}],"replies":[{"embeddable":true,"href":"https:\/\/villapelangi.nl\/fr\/wp-json\/wp\/v2\/comments?post=135"}],"version-history":[{"count":7,"href":"https:\/\/villapelangi.nl\/fr\/wp-json\/wp\/v2\/pages\/135\/revisions"}],"predecessor-version":[{"id":9420,"href":"https:\/\/villapelangi.nl\/fr\/wp-json\/wp\/v2\/pages\/135\/revisions\/9420"}],"wp:attachment":[{"href":"https:\/\/villapelangi.nl\/fr\/wp-json\/wp\/v2\/media?parent=135"}],"curies":[{"name":"wp","href":"https:\/\/api.w.org\/{rel}","templated":true}]}}