{"id":154,"date":"2018-06-29T13:29:53","date_gmt":"2018-06-29T13:29:53","guid":{"rendered":"https:\/\/villapelangi.nl\/?page_id=154"},"modified":"2025-10-27T06:32:44","modified_gmt":"2025-10-27T05:32:44","slug":"prix","status":"publish","type":"page","link":"https:\/\/villapelangi.nl\/fr\/prix\/","title":{"rendered":"Prix"},"content":{"rendered":"<p><span class=\"tlid-translation translation\" lang=\"fr\"><span class=\"\" title=\"\">Voir nos tarifs de location attractifs ici<\/span><\/span><\/p>\n<h2>Prix<\/h2>\n<p><strong>Prix de la villa de vacances \u00e0 Bali<\/strong><\/p>\n<table class=\"table\">\n<tbody>\n<tr>\n<td>Haute saison:<\/td>\n<td>du 1\u00a0 j<span class=\"HwtZe\" lang=\"fr\"><span class=\"jCAhz ChMk0b\"><span class=\"ryNqvb\">uin<\/span><\/span><\/span> au 31 a<span class=\"HwtZe\" lang=\"fr\"><span class=\"jCAhz ChMk0b\"><span class=\"ryNqvb\">o\u00fbt<\/span><\/span><\/span><br \/>\ndu 20 d\u00e9cembre au 5 janvier<\/td>\n<\/tr>\n<tr>\n<td>Basse saison:<\/td>\n<td>du 6 janvier au 30 j<span class=\"HwtZe\" lang=\"fr\"><span class=\"jCAhz ChMk0b\"><span class=\"ryNqvb\">uin<\/span><\/span><\/span><br \/>\ndu 1 septembre au 19 d\u00e9cembre<\/td>\n<\/tr>\n<\/tbody>\n<\/table>\n<table class=\"table table-responsive-sm\" style=\"width: 97.7768%;\">\n<thead>\n<tr>\n<th style=\"width: 48.8563%;\" scope=\"col\">Prix<\/th>\n<th style=\"width: 237.48%;\" colspan=\"2\" scope=\"col\">Basse saison<\/th>\n<\/tr>\n<\/thead>\n<tbody>\n<tr>\n<td style=\"width: 48.8563%;\"><\/td>\n<td style=\"width: 29.9439%;\">par semaine<\/td>\n<td style=\"width: 207.536%;\">par nuit<\/td>\n<\/tr>\n<tr>\n<td style=\"width: 48.8563%;\">1 \u00e0 4 personne<\/td>\n<td style=\"width: 29.9439%;\">\u20ac 998,-<\/td>\n<td style=\"width: 207.536%;\">\u20ac 142,-<\/td>\n<\/tr>\n<tr>\n<td style=\"width: 48.8563%;\">5 \u00e0 6 personne<\/td>\n<td style=\"width: 29.9439%;\">\u20ac 1204,-<\/td>\n<td style=\"width: 207.536%;\">\u20ac 172,-<\/td>\n<\/tr>\n<tr>\n<td style=\"width: 48.8563%;\">7 \u00e0 8 personne<\/td>\n<td style=\"width: 29.9439%;\">\u20ac 1414,-<\/td>\n<td style=\"width: 207.536%;\">\u20ac 202,-<\/td>\n<\/tr>\n<tr>\n<td style=\"width: 48.8563%;\">9 \u00e0 10 personne<\/td>\n<td style=\"width: 29.9439%;\">\u20ac 1624,-<\/td>\n<td style=\"width: 207.536%;\">\u20ac 232,-<\/td>\n<\/tr>\n<tr>\n<td style=\"width: 48.8563%;\">11 \u00e0 12 personne<\/td>\n<td style=\"width: 29.9439%;\">\u20ac 1834,-<\/td>\n<td style=\"width: 207.536%;\">\u20ac 262,-<\/td>\n<\/tr>\n<\/tbody>\n<\/table>\n<table class=\"table table-responsive-sm\" style=\"width: 97.7167%;\">\n<thead>\n<tr>\n<th style=\"width: 49.1628%;\" scope=\"col\">Prix<\/th>\n<th style=\"width: 240.014%;\" colspan=\"2\" scope=\"col\">Haute saison<\/th>\n<\/tr>\n<\/thead>\n<tbody>\n<tr>\n<td style=\"width: 49.1628%;\"><\/td>\n<td style=\"width: 29.79%;\">par semaine<\/td>\n<td style=\"width: 210.224%;\">par nuit<\/td>\n<\/tr>\n<tr>\n<td style=\"width: 49.1628%;\">1 \u00e0 4 personne<\/td>\n<td style=\"width: 29.79%;\">\u20ac 1246,-<\/td>\n<td style=\"width: 210.224%; text-align: left;\">\u20ac 178,-<\/td>\n<\/tr>\n<tr>\n<td style=\"width: 49.1628%;\">5 \u00e0 6 personne<\/td>\n<td style=\"width: 29.79%;\">\u20ac 1456,-<\/td>\n<td style=\"width: 210.224%;\">\u20ac 208,-<\/td>\n<\/tr>\n<tr>\n<td style=\"width: 49.1628%;\">7 \u00e0 8 personne<\/td>\n<td style=\"width: 29.79%;\">\u20ac 1666,-<\/td>\n<td style=\"width: 210.224%;\">\u20ac 238,-<\/td>\n<\/tr>\n<tr>\n<td style=\"width: 49.1628%;\">9 \u00e0 10 personne<\/td>\n<td style=\"width: 29.79%;\">\u20ac 1876,-<\/td>\n<td style=\"width: 210.224%;\">\u20ac 268,-<\/td>\n<\/tr>\n<tr>\n<td style=\"width: 49.1628%;\">11 \u00e0 12 personne<\/td>\n<td style=\"width: 29.79%;\">\u20ac 2086,-<\/td>\n<td style=\"width: 210.224%;\">\u20ac 298,-<\/td>\n<\/tr>\n<\/tbody>\n<\/table>\n<p>Les prix sont en Euros. Ils incluent la location de la villa et du logement d\u2019appoint. Ce ne sont donc pas des prix par personne. Si vous louez la villa pour une p\u00e9riode plus longue, le prix est adapt\u00e9.<\/p>\n<h2>Calculez ici rapidement le co\u00fbt de votre s\u00e9jour<\/h2>\n\n\t\t<div id=\"villapelangi_huurprijzen\">\n\n\t\t\t<div class=\"row\">\n\n\t\t\t\t<div class=\"col-lg-6 col-md-12\">\n\t\t\t\t\t<label for=\"periode\">Choisissez la p\u00e9riode<\/label>\n\t\t\t\t\t<input id=\"periode\" name=\"periode\" type=\"text\" class=\"form-control\">\n\t\t\t\t<\/div>\n\t\t\t\t<div class=\"col-lg-6 col-md-12\">\n\t\t\t\t\t<label for=\"periode\">Nombre d'invit\u00e9s<\/label>\n\t\t\t\t\t<select name=\"gasten\" id=\"gasten\" class=\"form-control\" >\n\t\t\t\t\t\t<option value=\"1\">1<\/option>\n\t\t\t\t\t\t<option value=\"2\">2<\/option>\n\t\t\t\t\t\t<option value=\"3\">3<\/option>\n\t\t\t\t\t\t<option value=\"4\">4<\/option>\n\t\t\t\t\t\t<option value=\"5\">5<\/option>\n\t\t\t\t\t\t<option value=\"6\">6<\/option>\n\t\t\t\t\t\t<option value=\"7\">7<\/option>\n\t\t\t\t\t\t<option value=\"8\">8<\/option>\n\t\t\t\t\t\t<option value=\"9\">9<\/option>\n\t\t\t\t\t\t<option value=\"10\">10<\/option>\n\t\t\t\t\t\t<option value=\"11\">11<\/option>\n\t\t\t\t\t\t<option value=\"12\">12<\/option>\n\t\t\t\t\t<\/select>\n\t\t\t\n\t\t\t\t<\/div>\n\n\t\t\t<\/div>\n\n\t\t\t<div class=\"row\">\n\n\t\t\t\t<div class=\"col-lg-9 col-md-12\">\n\n\t\t\t\t\t<h4>Prix total de location<\/h4>\n\t\t\t\t\t<p>Taxes et frais inclus<\/p>\n\n\t\t\t\t<\/div>\n\n\t\t\t\t<div class=\"col-lg-3 col-md-12\">\n\n\t\t\t\t\t<h4 id=\"kosten\">&euro; <span> - <\/span><\/h4>\n\t\t\t\t\t<p id=\"nachten\"><span> - <\/span> nuits<\/p>\n\n\t\t\t\t<\/div>\n\n\t\t\t<\/div>\n\n\t\t\t<div class=\"row\">\n\n\t\t\t\t<div class=\"col-12\">\n\t\t\t\t\t<p class=\"text-center\"><a href=\"https:\/\/villapelangi.nl\/fr\/reservering\/\" class=\"btn btn-primary\">Demande de r\u00e9servation<\/a><\/p>\n\t\t\t\t<\/div>\n\t\t\t<\/div>\n\n\t\t\t\n\n\t\t<\/div>\n\t\t\n<p><strong>Offres de DERNI\u00c8RE MINUTE BALI<\/strong>:<br \/>\n<span class=\"VIiyi\" lang=\"fr\"><span class=\"JLqJ4b ChMk0b\" data-language-for-alternatives=\"fr\" data-language-to-translate-into=\"nl\" data-phrase-index=\"0\" data-number-of-phrases=\"5\"><span class=\"Q4iAWc\">R\u00e9ductions de derni\u00e8re minute possibles dans les 4 semaines avant l&#8217;arriv\u00e9e.<\/span><\/span><br \/>\n<span class=\"JLqJ4b ChMk0b\" data-language-for-alternatives=\"fr\" data-language-to-translate-into=\"nl\" data-phrase-index=\"2\" data-number-of-phrases=\"5\"><span class=\"Q4iAWc\">Renseignez-vous sur toute r\u00e9duction sur le prix de la location (P\u00e9riode de location minimum 7 nuits <span class=\"HwtZe\" lang=\"fr\"><span class=\"jCAhz ChMk0b\"><span class=\"ryNqvb\">autour de la p\u00e9riode de No\u00ebl<\/span><\/span><\/span> \/3ou en consultation).<br \/>\n<\/span><\/span> <span class=\"JLqJ4b ChMk0b\" data-language-for-alternatives=\"fr\" data-language-to-translate-into=\"nl\" data-phrase-index=\"4\" data-number-of-phrases=\"5\"><span class=\"Q4iAWc\">Un suppl\u00e9ment peut \u00eatre factur\u00e9 pour les s\u00e9jours de moins de 7 nuits.<\/span><\/span><\/span><\/p>\n<p><strong>Dur\u00e9e de location minimum: <\/strong><\/p>\n<table style=\"border-collapse: collapse; width: 71.6437%; height: 96px;\">\n<tbody>\n<tr style=\"height: 24px;\">\n<td style=\"width: 47.7025%; height: 24px;\">06-01 | 30-06<\/td>\n<td style=\"width: 27.0481%; height: 24px; text-align: left;\">3 nuits<\/td>\n<\/tr>\n<tr style=\"height: 24px;\">\n<td style=\"width: 47.7025%; height: 24px;\">01-07 | 31-08<\/td>\n<td style=\"width: 27.0481%; height: 24px; text-align: left;\">5 nuits<\/td>\n<\/tr>\n<tr style=\"height: 24px;\">\n<td style=\"width: 47.7025%; height: 24px;\">01-09 | 15-12<\/td>\n<td style=\"width: 27.0481%; height: 24px; text-align: left;\">3 nuits<\/td>\n<\/tr>\n<tr style=\"height: 24px;\">\n<td style=\"width: 47.7025%; height: 24px;\">16-12 | 05-01<\/td>\n<td style=\"width: 27.0481%; height: 24px; text-align: left;\">7 nuits<\/td>\n<\/tr>\n<\/tbody>\n<\/table>\n<p><em><span style=\"text-decoration: underline;\"><span class=\"HwtZe\" lang=\"fr\"><span class=\"jCAhz ChMk0b\"><span class=\"ryNqvb\">Supposons qu&#8217;il n&#8217;y ait pas le nombre de nuits requis entre 2 p\u00e9riodes de location, alors il est toujours possible de louer, merci de nous contacter.<\/span><\/span><\/span><\/span><\/em><\/p>\n<p>check out 11:00 heures \/ check in 15:00 heures<\/p>\n<p>La caution s\u2019\u00e9l\u00e8ve \u00e0 150,00 \u20ac.<\/p>\n<p><strong><span id=\"result_box\" class=\"short_text\" lang=\"fr\"><span class=\"hps\">Les prix<\/span>\u00a0<span class=\"hps\">sont valables jusqu&#8217;au<\/span><\/span> 31-12-2026 <span id=\"result_box\" class=\"short_text\" lang=\"fr\"><span class=\"hps\">et comprenant<\/span><\/span>:<br \/>\n<\/strong><\/p>\n<ul>\n<li>Gaz et eau<\/li>\n<li>\u00c9lectricit\u00e9<\/li>\n<li>Personnel<\/li>\n<li>S\u00e9curit\u00e9<\/li>\n<li>Assistance t\u00e9l\u00e9phonique<\/li>\n<li><span id=\"result_box\" class=\"short_text\" lang=\"fr\"><span class=\"hps\">les imp\u00f4ts locaux<\/span><\/span><\/li>\n<li><span id=\"result_box\" class=\"short_text\" lang=\"fr\"><span class=\"hps\">TVA<\/span>\u00a0<\/span><\/li>\n<li>Usage des draps, serviettes, serviettes de bain<\/li>\n<li>Appareils \u00e9lectriques<\/li>\n<li>\n<div dir=\"ltr\"><span id=\"result_box\" class=\"short_text\" lang=\"fr\"><span class=\"hps atn\">Utilisation d&#8217;<\/span>Internet sans fil.<\/span><\/div>\n<\/li>\n<li>\n<div dir=\"ltr\"><span class=\"short_text\" lang=\"fr\">Repas de bienvenue et des boissons\u00a0<em>(s\u00e9jour minimum de 5 nuits)<\/em><\/span><\/div>\n<\/li>\n<li>\n<div dir=\"ltr\">\n<div dir=\"ltr\"><span id=\"result_box\" class=\"short_text\" lang=\"fr\"><span class=\"hps\">Eau glac\u00e9e<\/span><\/span><\/div>\n<\/div>\n<\/li>\n<\/ul>\n<p><a href=\"https:\/\/villapelangi.nl\/prijzen_vanaf_01012013\"><strong><br \/>\n<\/strong><\/a>La location inclut \u00e9galement les co\u00fbts du gaz, de l\u2019eau et de l\u2019\u00e9lectricit\u00e9. En cas d\u2019utilisation normale, les frais sont compris entre 10 et 15 euros par jour suivant l\u2019occupation de la villa. Ce montant augmente rapidement lorsque l\u2019on laisse fonctionner la climatisation inutilement. Nous conseillons de ne la mettre en route qu\u2019une demi-heure avant de se coucher. Nous nous r\u00e9servons le droit, en cas de consommation\u00a0<strong>excessive<\/strong>\u00a0d\u2019\u00e9nergie, de soustraire les sommes encourues de la caution.<\/p>\n<p><strong>R\u00e9servations et paiements<\/strong><br \/>\nPour r\u00e9server, renvoyez le formulaire de demande. Nous vous conformons la r\u00e9servation le plus rapidement possible.<br \/>\n<strong>Paiement :\u00a0<\/strong>50% de la somme due doit \u00eatre r\u00e9gl\u00e9e dans un d\u00e9lai de 5 jours. Ce n\u2019est qu\u2019alors que la r\u00e9servation est d\u00e9finitive. Les 50% restants en la caution doivent \u00eatre r\u00e9gl\u00e9s au minimum 6 semaines avant l\u2019arriv\u00e9e \u00e0 la villa.<\/p>\n<p><strong>R\u00e9servations effectu\u00e9es plus d&#8217;un an avant l&#8217;arriv\u00e9e<\/strong>\u00a0\u00e0 la villa :<br \/>\n<strong>Paiement :<\/strong>\u00a025% de la somme de location doit \u00eatre vers\u00e9e dans les 5 jours suivant la r\u00e9servation. ce n&#8217;est qu&#8217;alors que la r\u00e9servation est d\u00e9finitive. Ensuite, 25% de la somme de la location doit \u00eatre vers\u00e9e 8 mois avant l&#8217;arriv\u00e9e \u00e0 la villa. Les 50% restants ainsi que la caution doivent \u00eatre r\u00e9gl\u00e9s au plus tard 6 semaines avant l&#8217;arriv\u00e9e \u00e0 la villa. Nous vous faisons bien entendu parvenir une confirmation de paiement apr\u00e8s chaque versement re\u00e7u.<\/p>\n<p><strong>Les arrhes ne sont pas remboursables.<\/strong> Nous vous conseillons donc de cotiser une assurance voyage. La caution est retourn\u00e9e 14 jours apr\u00e8s votre d\u00e9part. La villa et le logement d\u2019appoint sont contr\u00f4l\u00e9s par le personnel \u00e0 l\u2019arriv\u00e9e et au d\u00e9part. Les dommages ou pertes sont d\u00e9duites de la caution.<\/p>\n<p><span class=\"VIiyi\" lang=\"fr\"><span class=\"JLqJ4b ChMk0b\" data-language-for-alternatives=\"fr\" data-language-to-translate-into=\"nl\" data-phrase-index=\"0\"><strong>Conditions de l&#8217;accord<\/strong><br \/>\n<\/span> <span class=\"JLqJ4b ChMk0b\" data-language-for-alternatives=\"fr\" data-language-to-translate-into=\"nl\" data-phrase-index=\"2\">Si vous avez effectu\u00e9 une r\u00e9servation et que le premier acompte a \u00e9t\u00e9 re\u00e7u, cela implique automatiquement que vous acceptez tous les termes et conditions \u00e9nonc\u00e9s sur ce site.<\/span><\/span><\/p>\n<h3><strong><span class=\"tlid-translation translation\" lang=\"fr\"><span class=\"\" title=\"\">Avis sur Villa Pelangi Bali \u00e0 ZOOVER<\/span><\/span><br \/>\n<\/strong><\/h3>\n<p>&nbsp;<\/p>\n<hr \/>\n<table style=\"border-collapse: collapse; width: 100%;\">\n<tbody>\n<tr>\n<td style=\"width: 31.3851%;\"><a href=\"https:\/\/www.zoover.nl\/indonesie\/bali\/lovina\/pelangi\/villa\" target=\"_blank\" rel=\"noopener\"><img loading=\"lazy\" decoding=\"async\" class=\"alignleft wp-image-9752 size-full\" src=\"https:\/\/villapelangi.nl\/wp-content\/uploads\/2022\/04\/Zoover.png\" alt=\"\" width=\"250\" height=\"150\" \/><\/a><\/td>\n<td style=\"width: 38.615%;\"><img loading=\"lazy\" decoding=\"async\" class=\"wp-image-1246 alignnone\" src=\"https:\/\/villapelangi.nl\/wp-content\/uploads\/2018\/08\/bali-juni-2010-006-1024x768.jpg\" alt=\"\" width=\"620\" height=\"465\" srcset=\"https:\/\/villapelangi.nl\/wp-content\/uploads\/2018\/08\/bali-juni-2010-006-1024x768.jpg 1024w, https:\/\/villapelangi.nl\/wp-content\/uploads\/2018\/08\/bali-juni-2010-006-300x225.jpg 300w, https:\/\/villapelangi.nl\/wp-content\/uploads\/2018\/08\/bali-juni-2010-006-768x576.jpg 768w\" sizes=\"auto, (max-width: 620px) 100vw, 620px\" \/><\/td>\n<\/tr>\n<\/tbody>\n<\/table>\n<p>&nbsp;<\/p>\n","protected":false},"excerpt":{"rendered":"<p>Voir nos tarifs de location attractifs ici Prix Prix de la villa de vacances \u00e0 Bali Haute saison: du 1\u00a0 juin au 31 ao\u00fbt du 20 d\u00e9cembre au 5 janvier Basse saison: du 6 janvier au 30 juin du 1 septembre au 19 d\u00e9cembre Prix Basse saison par semaine par nuit 1 \u00e0 4 personne [&hellip;]<\/p>\n","protected":false},"author":2,"featured_media":0,"parent":0,"menu_order":0,"comment_status":"closed","ping_status":"closed","template":"","meta":{"_acf_changed":false,"_exactmetrics_skip_tracking":false,"_exactmetrics_sitenote_active":false,"_exactmetrics_sitenote_note":"","_exactmetrics_sitenote_category":0,"footnotes":""},"class_list":["post-154","page","type-page","status-publish","hentry"],"acf":[],"yoast_head":"<!-- This site is optimized with the Yoast SEO plugin v27.4 - https:\/\/yoast.com\/product\/yoast-seo-wordpress\/ -->\n<title>Prix | Villa Pelangi | Bali<\/title>\n<meta name=\"description\" content=\"Location de vacances de villa \u00c3\u00a0 Bali \u00c3\u00a0 louer en haute saison et basse.\" \/>\n<meta name=\"robots\" content=\"index, follow, max-snippet:-1, max-image-preview:large, max-video-preview:-1\" \/>\n<link rel=\"canonical\" href=\"https:\/\/villapelangi.nl\/fr\/prix\/\" \/>\n<meta property=\"og:locale\" content=\"fr_FR\" \/>\n<meta property=\"og:type\" content=\"article\" \/>\n<meta property=\"og:title\" content=\"Prix | Villa Pelangi | Bali\" \/>\n<meta property=\"og:description\" content=\"Location de vacances de villa \u00c3\u00a0 Bali \u00c3\u00a0 louer en haute saison et basse.\" \/>\n<meta property=\"og:url\" content=\"https:\/\/villapelangi.nl\/fr\/prix\/\" \/>\n<meta property=\"og:site_name\" content=\"Villa Pelangi | Bali\" \/>\n<meta property=\"article:modified_time\" content=\"2025-10-27T05:32:44+00:00\" \/>\n<meta property=\"og:image\" content=\"https:\/\/villapelangi.nl\/wp-content\/uploads\/2022\/04\/Zoover.png\" \/>\n\t<meta property=\"og:image:width\" content=\"250\" \/>\n\t<meta property=\"og:image:height\" content=\"150\" \/>\n\t<meta property=\"og:image:type\" content=\"image\/png\" \/>\n<meta name=\"twitter:card\" content=\"summary_large_image\" \/>\n<meta name=\"twitter:label1\" content=\"Dur\u00e9e de lecture estim\u00e9e\" \/>\n\t<meta name=\"twitter:data1\" content=\"4 minutes\" \/>\n<script type=\"application\/ld+json\" class=\"yoast-schema-graph\">{\"@context\":\"https:\\\/\\\/schema.org\",\"@graph\":[{\"@type\":\"WebPage\",\"@id\":\"https:\\\/\\\/villapelangi.nl\\\/fr\\\/prix\\\/\",\"url\":\"https:\\\/\\\/villapelangi.nl\\\/fr\\\/prix\\\/\",\"name\":\"Prix | Villa Pelangi | Bali\",\"isPartOf\":{\"@id\":\"https:\\\/\\\/villapelangi.nl\\\/#website\"},\"primaryImageOfPage\":{\"@id\":\"https:\\\/\\\/villapelangi.nl\\\/fr\\\/prix\\\/#primaryimage\"},\"image\":{\"@id\":\"https:\\\/\\\/villapelangi.nl\\\/fr\\\/prix\\\/#primaryimage\"},\"thumbnailUrl\":\"https:\\\/\\\/villapelangi.nl\\\/wp-content\\\/uploads\\\/2022\\\/04\\\/Zoover.png\",\"datePublished\":\"2018-06-29T13:29:53+00:00\",\"dateModified\":\"2025-10-27T05:32:44+00:00\",\"description\":\"Location de vacances de villa \u00c3\u00a0 Bali \u00c3\u00a0 louer en haute saison et basse.\",\"breadcrumb\":{\"@id\":\"https:\\\/\\\/villapelangi.nl\\\/fr\\\/prix\\\/#breadcrumb\"},\"inLanguage\":\"fr-FR\",\"potentialAction\":[{\"@type\":\"ReadAction\",\"target\":[\"https:\\\/\\\/villapelangi.nl\\\/fr\\\/prix\\\/\"]}]},{\"@type\":\"ImageObject\",\"inLanguage\":\"fr-FR\",\"@id\":\"https:\\\/\\\/villapelangi.nl\\\/fr\\\/prix\\\/#primaryimage\",\"url\":\"https:\\\/\\\/villapelangi.nl\\\/wp-content\\\/uploads\\\/2022\\\/04\\\/Zoover.png\",\"contentUrl\":\"https:\\\/\\\/villapelangi.nl\\\/wp-content\\\/uploads\\\/2022\\\/04\\\/Zoover.png\"},{\"@type\":\"BreadcrumbList\",\"@id\":\"https:\\\/\\\/villapelangi.nl\\\/fr\\\/prix\\\/#breadcrumb\",\"itemListElement\":[{\"@type\":\"ListItem\",\"position\":1,\"name\":\"Home\",\"item\":\"https:\\\/\\\/villapelangi.nl\\\/fr\\\/\"},{\"@type\":\"ListItem\",\"position\":2,\"name\":\"Prix\"}]},{\"@type\":\"WebSite\",\"@id\":\"https:\\\/\\\/villapelangi.nl\\\/#website\",\"url\":\"https:\\\/\\\/villapelangi.nl\\\/\",\"name\":\"Villa Pelangi | Bali\",\"description\":\"verhuur vakantie huis op Bali\",\"potentialAction\":[{\"@type\":\"SearchAction\",\"target\":{\"@type\":\"EntryPoint\",\"urlTemplate\":\"https:\\\/\\\/villapelangi.nl\\\/?s={search_term_string}\"},\"query-input\":{\"@type\":\"PropertyValueSpecification\",\"valueRequired\":true,\"valueName\":\"search_term_string\"}}],\"inLanguage\":\"fr-FR\"}]}<\/script>\n<!-- \/ Yoast SEO plugin. -->","yoast_head_json":{"title":"Prix | Villa Pelangi | Bali","description":"Location de vacances de villa \u00c3\u00a0 Bali \u00c3\u00a0 louer en haute saison et basse.","robots":{"index":"index","follow":"follow","max-snippet":"max-snippet:-1","max-image-preview":"max-image-preview:large","max-video-preview":"max-video-preview:-1"},"canonical":"https:\/\/villapelangi.nl\/fr\/prix\/","og_locale":"fr_FR","og_type":"article","og_title":"Prix | Villa Pelangi | Bali","og_description":"Location de vacances de villa \u00c3\u00a0 Bali \u00c3\u00a0 louer en haute saison et basse.","og_url":"https:\/\/villapelangi.nl\/fr\/prix\/","og_site_name":"Villa Pelangi | Bali","article_modified_time":"2025-10-27T05:32:44+00:00","og_image":[{"width":250,"height":150,"url":"https:\/\/villapelangi.nl\/wp-content\/uploads\/2022\/04\/Zoover.png","type":"image\/png"}],"twitter_card":"summary_large_image","twitter_misc":{"Dur\u00e9e de lecture estim\u00e9e":"4 minutes"},"schema":{"@context":"https:\/\/schema.org","@graph":[{"@type":"WebPage","@id":"https:\/\/villapelangi.nl\/fr\/prix\/","url":"https:\/\/villapelangi.nl\/fr\/prix\/","name":"Prix | Villa Pelangi | Bali","isPartOf":{"@id":"https:\/\/villapelangi.nl\/#website"},"primaryImageOfPage":{"@id":"https:\/\/villapelangi.nl\/fr\/prix\/#primaryimage"},"image":{"@id":"https:\/\/villapelangi.nl\/fr\/prix\/#primaryimage"},"thumbnailUrl":"https:\/\/villapelangi.nl\/wp-content\/uploads\/2022\/04\/Zoover.png","datePublished":"2018-06-29T13:29:53+00:00","dateModified":"2025-10-27T05:32:44+00:00","description":"Location de vacances de villa \u00c3\u00a0 Bali \u00c3\u00a0 louer en haute saison et basse.","breadcrumb":{"@id":"https:\/\/villapelangi.nl\/fr\/prix\/#breadcrumb"},"inLanguage":"fr-FR","potentialAction":[{"@type":"ReadAction","target":["https:\/\/villapelangi.nl\/fr\/prix\/"]}]},{"@type":"ImageObject","inLanguage":"fr-FR","@id":"https:\/\/villapelangi.nl\/fr\/prix\/#primaryimage","url":"https:\/\/villapelangi.nl\/wp-content\/uploads\/2022\/04\/Zoover.png","contentUrl":"https:\/\/villapelangi.nl\/wp-content\/uploads\/2022\/04\/Zoover.png"},{"@type":"BreadcrumbList","@id":"https:\/\/villapelangi.nl\/fr\/prix\/#breadcrumb","itemListElement":[{"@type":"ListItem","position":1,"name":"Home","item":"https:\/\/villapelangi.nl\/fr\/"},{"@type":"ListItem","position":2,"name":"Prix"}]},{"@type":"WebSite","@id":"https:\/\/villapelangi.nl\/#website","url":"https:\/\/villapelangi.nl\/","name":"Villa Pelangi | Bali","description":"verhuur vakantie huis op Bali","potentialAction":[{"@type":"SearchAction","target":{"@type":"EntryPoint","urlTemplate":"https:\/\/villapelangi.nl\/?s={search_term_string}"},"query-input":{"@type":"PropertyValueSpecification","valueRequired":true,"valueName":"search_term_string"}}],"inLanguage":"fr-FR"}]}},"_links":{"self":[{"href":"https:\/\/villapelangi.nl\/fr\/wp-json\/wp\/v2\/pages\/154","targetHints":{"allow":["GET"]}}],"collection":[{"href":"https:\/\/villapelangi.nl\/fr\/wp-json\/wp\/v2\/pages"}],"about":[{"href":"https:\/\/villapelangi.nl\/fr\/wp-json\/wp\/v2\/types\/page"}],"author":[{"embeddable":true,"href":"https:\/\/villapelangi.nl\/fr\/wp-json\/wp\/v2\/users\/2"}],"replies":[{"embeddable":true,"href":"https:\/\/villapelangi.nl\/fr\/wp-json\/wp\/v2\/comments?post=154"}],"version-history":[{"count":47,"href":"https:\/\/villapelangi.nl\/fr\/wp-json\/wp\/v2\/pages\/154\/revisions"}],"predecessor-version":[{"id":22849,"href":"https:\/\/villapelangi.nl\/fr\/wp-json\/wp\/v2\/pages\/154\/revisions\/22849"}],"wp:attachment":[{"href":"https:\/\/villapelangi.nl\/fr\/wp-json\/wp\/v2\/media?parent=154"}],"curies":[{"name":"wp","href":"https:\/\/api.w.org\/{rel}","templated":true}]}}