{"id":167,"date":"2018-06-29T13:34:56","date_gmt":"2018-06-29T13:34:56","guid":{"rendered":"https:\/\/villapelangi.nl\/?page_id=167"},"modified":"2022-03-18T14:08:46","modified_gmt":"2022-03-18T13:08:46","slug":"louer-un-bungalow-a-bali","status":"publish","type":"page","link":"https:\/\/villapelangi.nl\/fr\/louer-un-bungalow-a-bali\/","title":{"rendered":"louer un bungalow \u00e0 Bali"},"content":{"rendered":"<h2>Video \/ louer un bungalow \u00e0 Bali<\/h2>\n<p><strong>Vid\u00e9o de cette villa de luxe \u00e0 Bali \/ louer un bungalow \u00e0 Bali<br \/>\n<\/strong><\/p>\n<table style=\"border-collapse: collapse; width: 100%;\">\n<tbody>\n<tr>\n<td style=\"width: 100%;\"><img loading=\"lazy\" decoding=\"async\" class=\"alignleft wp-image-9015\" title=\"louer un bungalow \u00e0 Bali\" src=\"https:\/\/villapelangi.nl\/wp-content\/uploads\/2022\/02\/IMG_0926-kopie-1024x562.jpg\" alt=\"louer un bungalow \u00e0 Bali\" width=\"639\" height=\"351\" srcset=\"https:\/\/villapelangi.nl\/wp-content\/uploads\/2022\/02\/IMG_0926-kopie-1024x562.jpg 1024w, https:\/\/villapelangi.nl\/wp-content\/uploads\/2022\/02\/IMG_0926-kopie-300x165.jpg 300w, https:\/\/villapelangi.nl\/wp-content\/uploads\/2022\/02\/IMG_0926-kopie-768x422.jpg 768w, https:\/\/villapelangi.nl\/wp-content\/uploads\/2022\/02\/IMG_0926-kopie-1536x844.jpg 1536w, https:\/\/villapelangi.nl\/wp-content\/uploads\/2022\/02\/IMG_0926-kopie-scaled.jpg 2048w\" sizes=\"auto, (max-width: 639px) 100vw, 639px\" \/><\/td>\n<\/tr>\n<\/tbody>\n<\/table>\n<p>Vous trouverez ci-dessous une vid\u00e9o de la Villa Pelangi \u00e0 Bali.\u00a0 <span class=\"VIiyi\" lang=\"fr\"><span class=\"JLqJ4b ChMk0b\" data-language-for-alternatives=\"fr\" data-language-to-translate-into=\"nl\" data-phrase-index=\"0\" data-number-of-phrases=\"1\">Cliquez <a href=\"https:\/\/villapelangi.nl\/fr\/disponibilite\/\" target=\"_blank\" rel=\"noopener\">ici<\/a> pour voir si la villa est toujours disponible<\/span><\/span><\/p>\n<p><iframe loading=\"lazy\" src=\"\/\/www.youtube.com\/embed\/raRKq-LJAzk\" width=\"640\" height=\"360\" frameborder=\"0\" allowfullscreen=\"allowfullscreen\"><\/iframe><\/p>\n<p>&nbsp;<\/p>\n","protected":false},"excerpt":{"rendered":"<p>Video \/ louer un bungalow \u00e0 Bali Vid\u00e9o de cette villa de luxe \u00e0 Bali \/ louer un bungalow \u00e0 Bali Vous trouverez ci-dessous une vid\u00e9o de la Villa Pelangi \u00e0 Bali.\u00a0 Cliquez ici pour voir si la villa est toujours disponible &nbsp;<\/p>\n","protected":false},"author":2,"featured_media":0,"parent":0,"menu_order":0,"comment_status":"closed","ping_status":"closed","template":"","meta":{"_acf_changed":false,"_exactmetrics_skip_tracking":false,"_exactmetrics_sitenote_active":false,"_exactmetrics_sitenote_note":"","_exactmetrics_sitenote_category":0,"footnotes":""},"class_list":["post-167","page","type-page","status-publish","hentry"],"acf":[],"yoast_head":"<!-- This site is optimized with the Yoast SEO plugin v27.4 - https:\/\/yoast.com\/product\/yoast-seo-wordpress\/ -->\n<title>louer un bungalow \u00e0 Bali | Villa Pelangi | Bali louer un bungalow \u00e0 Bali<\/title>\n<meta name=\"description\" content=\"louer un bungalow \u00e0 Bali. Vid\u00e9o maison de vacances \u00e0 Bali en bord de mer avec grande piscine 75m2 et grand jardin 2100 m2\" \/>\n<meta name=\"robots\" content=\"index, follow, max-snippet:-1, max-image-preview:large, max-video-preview:-1\" \/>\n<link rel=\"canonical\" href=\"https:\/\/villapelangi.nl\/fr\/louer-un-bungalow-a-bali\/\" \/>\n<meta property=\"og:locale\" content=\"fr_FR\" \/>\n<meta property=\"og:type\" content=\"article\" \/>\n<meta property=\"og:title\" content=\"louer un bungalow \u00e0 Bali | Villa Pelangi | Bali louer un bungalow \u00e0 Bali\" \/>\n<meta property=\"og:description\" content=\"louer un bungalow \u00e0 Bali. Vid\u00e9o maison de vacances \u00e0 Bali en bord de mer avec grande piscine 75m2 et grand jardin 2100 m2\" \/>\n<meta property=\"og:url\" content=\"https:\/\/villapelangi.nl\/fr\/louer-un-bungalow-a-bali\/\" \/>\n<meta property=\"og:site_name\" content=\"Villa Pelangi | Bali\" \/>\n<meta property=\"article:modified_time\" content=\"2022-03-18T13:08:46+00:00\" \/>\n<meta property=\"og:image\" content=\"https:\/\/villapelangi.nl\/wp-content\/uploads\/2022\/02\/IMG_0926-kopie-1024x562.jpg\" \/>\n<meta name=\"twitter:card\" content=\"summary_large_image\" \/>\n<meta name=\"twitter:label1\" content=\"Dur\u00e9e de lecture estim\u00e9e\" \/>\n\t<meta name=\"twitter:data1\" content=\"1 minute\" \/>\n<script type=\"application\/ld+json\" class=\"yoast-schema-graph\">{\"@context\":\"https:\\\/\\\/schema.org\",\"@graph\":[{\"@type\":\"WebPage\",\"@id\":\"https:\\\/\\\/villapelangi.nl\\\/fr\\\/louer-un-bungalow-a-bali\\\/\",\"url\":\"https:\\\/\\\/villapelangi.nl\\\/fr\\\/louer-un-bungalow-a-bali\\\/\",\"name\":\"louer un bungalow \u00e0 Bali | Villa Pelangi | Bali louer un bungalow \u00e0 Bali\",\"isPartOf\":{\"@id\":\"https:\\\/\\\/villapelangi.nl\\\/#website\"},\"primaryImageOfPage\":{\"@id\":\"https:\\\/\\\/villapelangi.nl\\\/fr\\\/louer-un-bungalow-a-bali\\\/#primaryimage\"},\"image\":{\"@id\":\"https:\\\/\\\/villapelangi.nl\\\/fr\\\/louer-un-bungalow-a-bali\\\/#primaryimage\"},\"thumbnailUrl\":\"https:\\\/\\\/villapelangi.nl\\\/wp-content\\\/uploads\\\/2022\\\/02\\\/IMG_0926-kopie-1024x562.jpg\",\"datePublished\":\"2018-06-29T13:34:56+00:00\",\"dateModified\":\"2022-03-18T13:08:46+00:00\",\"description\":\"louer un bungalow \u00e0 Bali. Vid\u00e9o maison de vacances \u00e0 Bali en bord de mer avec grande piscine 75m2 et grand jardin 2100 m2\",\"breadcrumb\":{\"@id\":\"https:\\\/\\\/villapelangi.nl\\\/fr\\\/louer-un-bungalow-a-bali\\\/#breadcrumb\"},\"inLanguage\":\"fr-FR\",\"potentialAction\":[{\"@type\":\"ReadAction\",\"target\":[\"https:\\\/\\\/villapelangi.nl\\\/fr\\\/louer-un-bungalow-a-bali\\\/\"]}]},{\"@type\":\"ImageObject\",\"inLanguage\":\"fr-FR\",\"@id\":\"https:\\\/\\\/villapelangi.nl\\\/fr\\\/louer-un-bungalow-a-bali\\\/#primaryimage\",\"url\":\"https:\\\/\\\/villapelangi.nl\\\/wp-content\\\/uploads\\\/2022\\\/02\\\/IMG_0926-kopie-1024x562.jpg\",\"contentUrl\":\"https:\\\/\\\/villapelangi.nl\\\/wp-content\\\/uploads\\\/2022\\\/02\\\/IMG_0926-kopie-1024x562.jpg\"},{\"@type\":\"BreadcrumbList\",\"@id\":\"https:\\\/\\\/villapelangi.nl\\\/fr\\\/louer-un-bungalow-a-bali\\\/#breadcrumb\",\"itemListElement\":[{\"@type\":\"ListItem\",\"position\":1,\"name\":\"Home\",\"item\":\"https:\\\/\\\/villapelangi.nl\\\/fr\\\/\"},{\"@type\":\"ListItem\",\"position\":2,\"name\":\"louer un bungalow \u00e0 Bali\"}]},{\"@type\":\"WebSite\",\"@id\":\"https:\\\/\\\/villapelangi.nl\\\/#website\",\"url\":\"https:\\\/\\\/villapelangi.nl\\\/\",\"name\":\"Villa Pelangi | Bali\",\"description\":\"verhuur vakantie huis op Bali\",\"potentialAction\":[{\"@type\":\"SearchAction\",\"target\":{\"@type\":\"EntryPoint\",\"urlTemplate\":\"https:\\\/\\\/villapelangi.nl\\\/?s={search_term_string}\"},\"query-input\":{\"@type\":\"PropertyValueSpecification\",\"valueRequired\":true,\"valueName\":\"search_term_string\"}}],\"inLanguage\":\"fr-FR\"}]}<\/script>\n<!-- \/ Yoast SEO plugin. -->","yoast_head_json":{"title":"louer un bungalow \u00e0 Bali | Villa Pelangi | Bali louer un bungalow \u00e0 Bali","description":"louer un bungalow \u00e0 Bali. Vid\u00e9o maison de vacances \u00e0 Bali en bord de mer avec grande piscine 75m2 et grand jardin 2100 m2","robots":{"index":"index","follow":"follow","max-snippet":"max-snippet:-1","max-image-preview":"max-image-preview:large","max-video-preview":"max-video-preview:-1"},"canonical":"https:\/\/villapelangi.nl\/fr\/louer-un-bungalow-a-bali\/","og_locale":"fr_FR","og_type":"article","og_title":"louer un bungalow \u00e0 Bali | Villa Pelangi | Bali louer un bungalow \u00e0 Bali","og_description":"louer un bungalow \u00e0 Bali. Vid\u00e9o maison de vacances \u00e0 Bali en bord de mer avec grande piscine 75m2 et grand jardin 2100 m2","og_url":"https:\/\/villapelangi.nl\/fr\/louer-un-bungalow-a-bali\/","og_site_name":"Villa Pelangi | Bali","article_modified_time":"2022-03-18T13:08:46+00:00","og_image":[{"url":"https:\/\/villapelangi.nl\/wp-content\/uploads\/2022\/02\/IMG_0926-kopie-1024x562.jpg","type":"","width":"","height":""}],"twitter_card":"summary_large_image","twitter_misc":{"Dur\u00e9e de lecture estim\u00e9e":"1 minute"},"schema":{"@context":"https:\/\/schema.org","@graph":[{"@type":"WebPage","@id":"https:\/\/villapelangi.nl\/fr\/louer-un-bungalow-a-bali\/","url":"https:\/\/villapelangi.nl\/fr\/louer-un-bungalow-a-bali\/","name":"louer un bungalow \u00e0 Bali | Villa Pelangi | Bali louer un bungalow \u00e0 Bali","isPartOf":{"@id":"https:\/\/villapelangi.nl\/#website"},"primaryImageOfPage":{"@id":"https:\/\/villapelangi.nl\/fr\/louer-un-bungalow-a-bali\/#primaryimage"},"image":{"@id":"https:\/\/villapelangi.nl\/fr\/louer-un-bungalow-a-bali\/#primaryimage"},"thumbnailUrl":"https:\/\/villapelangi.nl\/wp-content\/uploads\/2022\/02\/IMG_0926-kopie-1024x562.jpg","datePublished":"2018-06-29T13:34:56+00:00","dateModified":"2022-03-18T13:08:46+00:00","description":"louer un bungalow \u00e0 Bali. Vid\u00e9o maison de vacances \u00e0 Bali en bord de mer avec grande piscine 75m2 et grand jardin 2100 m2","breadcrumb":{"@id":"https:\/\/villapelangi.nl\/fr\/louer-un-bungalow-a-bali\/#breadcrumb"},"inLanguage":"fr-FR","potentialAction":[{"@type":"ReadAction","target":["https:\/\/villapelangi.nl\/fr\/louer-un-bungalow-a-bali\/"]}]},{"@type":"ImageObject","inLanguage":"fr-FR","@id":"https:\/\/villapelangi.nl\/fr\/louer-un-bungalow-a-bali\/#primaryimage","url":"https:\/\/villapelangi.nl\/wp-content\/uploads\/2022\/02\/IMG_0926-kopie-1024x562.jpg","contentUrl":"https:\/\/villapelangi.nl\/wp-content\/uploads\/2022\/02\/IMG_0926-kopie-1024x562.jpg"},{"@type":"BreadcrumbList","@id":"https:\/\/villapelangi.nl\/fr\/louer-un-bungalow-a-bali\/#breadcrumb","itemListElement":[{"@type":"ListItem","position":1,"name":"Home","item":"https:\/\/villapelangi.nl\/fr\/"},{"@type":"ListItem","position":2,"name":"louer un bungalow \u00e0 Bali"}]},{"@type":"WebSite","@id":"https:\/\/villapelangi.nl\/#website","url":"https:\/\/villapelangi.nl\/","name":"Villa Pelangi | Bali","description":"verhuur vakantie huis op Bali","potentialAction":[{"@type":"SearchAction","target":{"@type":"EntryPoint","urlTemplate":"https:\/\/villapelangi.nl\/?s={search_term_string}"},"query-input":{"@type":"PropertyValueSpecification","valueRequired":true,"valueName":"search_term_string"}}],"inLanguage":"fr-FR"}]}},"_links":{"self":[{"href":"https:\/\/villapelangi.nl\/fr\/wp-json\/wp\/v2\/pages\/167","targetHints":{"allow":["GET"]}}],"collection":[{"href":"https:\/\/villapelangi.nl\/fr\/wp-json\/wp\/v2\/pages"}],"about":[{"href":"https:\/\/villapelangi.nl\/fr\/wp-json\/wp\/v2\/types\/page"}],"author":[{"embeddable":true,"href":"https:\/\/villapelangi.nl\/fr\/wp-json\/wp\/v2\/users\/2"}],"replies":[{"embeddable":true,"href":"https:\/\/villapelangi.nl\/fr\/wp-json\/wp\/v2\/comments?post=167"}],"version-history":[{"count":6,"href":"https:\/\/villapelangi.nl\/fr\/wp-json\/wp\/v2\/pages\/167\/revisions"}],"predecessor-version":[{"id":9430,"href":"https:\/\/villapelangi.nl\/fr\/wp-json\/wp\/v2\/pages\/167\/revisions\/9430"}],"wp:attachment":[{"href":"https:\/\/villapelangi.nl\/fr\/wp-json\/wp\/v2\/media?parent=167"}],"curies":[{"name":"wp","href":"https:\/\/api.w.org\/{rel}","templated":true}]}}