{"id":1913,"date":"2018-07-02T14:36:23","date_gmt":"2018-07-02T14:36:23","guid":{"rendered":"https:\/\/villapelangi.nl\/20_personen\/"},"modified":"2025-03-31T01:20:08","modified_gmt":"2025-03-31T00:20:08","slug":"maison-de-vacances-a-louer-20-personnes","status":"publish","type":"page","link":"https:\/\/villapelangi.nl\/fr\/maison-de-vacances-a-louer-20-personnes\/","title":{"rendered":"20_personen"},"content":{"rendered":"<h2><span class=\"tlid-translation translation\"><span class=\"\" title=\"\">Jusqu&#8217;\u00e0 20 personnes restent \u00e0 Bali<\/span><\/span><\/h2>\n<p><strong><span class=\"tlid-translation translation\"><span class=\"\" title=\"\">Option de rester avec un maximum de 20 personnes.<\/span><\/span><br \/>\n<\/strong><\/p>\n<p>If you want to stay with more than 12 persons we work together with our neighbor.<br \/>\nYou have the option to rent this villa\u00a0<em>(also like our villa including staff they cook and clean for you)<\/em>\u00a0together with our villa.\u00a0<em>(if available)<\/em><br \/>\nThe beachfront properties are separated by a wall, both villas are mutually easily reached, through beach\u00a0<em>(20m)<\/em>\u00a0street side<em>\u00a0(10m).<\/em><\/p>\n<p>The villa has 3 queen sized bedrooms + bathrooms and shower; additional air-conditioned\u00a0<em>(queen sized bed)<\/em>\u00a0room upstairs, with a deck that over-looks the pool and faces the sea with shared bathroom downstairs. The Villa accommodates up to 8 people comfortably. The three main floor bedrooms provide a small safety box for personal usage.<\/p>\n<p><u><strong>Information about prices and availability on request<\/strong><\/u>. mail to: info@villapelangi.nl <em><br \/>\n<\/em><\/p>\n<p>&nbsp;<\/p>\n<p>&nbsp;<\/p>\n","protected":false},"excerpt":{"rendered":"<p>Jusqu&#8217;\u00e0 20 personnes restent \u00e0 Bali Option de rester avec un maximum de 20 personnes. If you want to stay with more than 12 persons we work together with our neighbor. You have the option to rent this villa\u00a0(also like our villa including staff they cook and clean for you)\u00a0together with our villa.\u00a0(if available) The [&hellip;]<\/p>\n","protected":false},"author":2,"featured_media":0,"parent":0,"menu_order":0,"comment_status":"closed","ping_status":"closed","template":"","meta":{"_acf_changed":false,"_exactmetrics_skip_tracking":false,"_exactmetrics_sitenote_active":false,"_exactmetrics_sitenote_note":"","_exactmetrics_sitenote_category":0,"footnotes":""},"class_list":["post-1913","page","type-page","status-publish","hentry"],"acf":[],"yoast_head":"<!-- This site is optimized with the Yoast SEO plugin v27.4 - https:\/\/yoast.com\/product\/yoast-seo-wordpress\/ -->\n<title>20_personen | Villa Pelangi | Bali maison de vacances 20 personnes<\/title>\n<meta name=\"description\" content=\"Location de vacances au nord de Bali en bord de mer pour un grand groupe de 20 personnes maximum. Quelque chose \u00e0 c\u00e9l\u00e9brer, par exemple, un mariage \u00e0 Bali\" \/>\n<meta name=\"robots\" content=\"index, follow, max-snippet:-1, max-image-preview:large, max-video-preview:-1\" \/>\n<link rel=\"canonical\" href=\"https:\/\/villapelangi.nl\/fr\/maison-de-vacances-a-louer-20-personnes\/\" \/>\n<meta property=\"og:locale\" content=\"fr_FR\" \/>\n<meta property=\"og:type\" content=\"article\" \/>\n<meta property=\"og:title\" content=\"20_personen | Villa Pelangi | Bali maison de vacances 20 personnes\" \/>\n<meta property=\"og:description\" content=\"Location de vacances au nord de Bali en bord de mer pour un grand groupe de 20 personnes maximum. Quelque chose \u00e0 c\u00e9l\u00e9brer, par exemple, un mariage \u00e0 Bali\" \/>\n<meta property=\"og:url\" content=\"https:\/\/villapelangi.nl\/fr\/maison-de-vacances-a-louer-20-personnes\/\" \/>\n<meta property=\"og:site_name\" content=\"Villa Pelangi | Bali\" \/>\n<meta property=\"article:modified_time\" content=\"2025-03-31T00:20:08+00:00\" \/>\n<meta name=\"twitter:card\" content=\"summary_large_image\" \/>\n<meta name=\"twitter:label1\" content=\"Dur\u00e9e de lecture estim\u00e9e\" \/>\n\t<meta name=\"twitter:data1\" content=\"1 minute\" \/>\n<script type=\"application\/ld+json\" class=\"yoast-schema-graph\">{\"@context\":\"https:\\\/\\\/schema.org\",\"@graph\":[{\"@type\":\"WebPage\",\"@id\":\"https:\\\/\\\/villapelangi.nl\\\/fr\\\/maison-de-vacances-a-louer-20-personnes\\\/\",\"url\":\"https:\\\/\\\/villapelangi.nl\\\/fr\\\/maison-de-vacances-a-louer-20-personnes\\\/\",\"name\":\"20_personen | Villa Pelangi | Bali maison de vacances 20 personnes\",\"isPartOf\":{\"@id\":\"https:\\\/\\\/villapelangi.nl\\\/#website\"},\"datePublished\":\"2018-07-02T14:36:23+00:00\",\"dateModified\":\"2025-03-31T00:20:08+00:00\",\"description\":\"Location de vacances au nord de Bali en bord de mer pour un grand groupe de 20 personnes maximum. Quelque chose \u00e0 c\u00e9l\u00e9brer, par exemple, un mariage \u00e0 Bali\",\"breadcrumb\":{\"@id\":\"https:\\\/\\\/villapelangi.nl\\\/fr\\\/maison-de-vacances-a-louer-20-personnes\\\/#breadcrumb\"},\"inLanguage\":\"fr-FR\",\"potentialAction\":[{\"@type\":\"ReadAction\",\"target\":[\"https:\\\/\\\/villapelangi.nl\\\/fr\\\/maison-de-vacances-a-louer-20-personnes\\\/\"]}]},{\"@type\":\"BreadcrumbList\",\"@id\":\"https:\\\/\\\/villapelangi.nl\\\/fr\\\/maison-de-vacances-a-louer-20-personnes\\\/#breadcrumb\",\"itemListElement\":[{\"@type\":\"ListItem\",\"position\":1,\"name\":\"Home\",\"item\":\"https:\\\/\\\/villapelangi.nl\\\/fr\\\/\"},{\"@type\":\"ListItem\",\"position\":2,\"name\":\"20_personen\"}]},{\"@type\":\"WebSite\",\"@id\":\"https:\\\/\\\/villapelangi.nl\\\/#website\",\"url\":\"https:\\\/\\\/villapelangi.nl\\\/\",\"name\":\"Villa Pelangi | Bali\",\"description\":\"verhuur vakantie huis op Bali\",\"potentialAction\":[{\"@type\":\"SearchAction\",\"target\":{\"@type\":\"EntryPoint\",\"urlTemplate\":\"https:\\\/\\\/villapelangi.nl\\\/?s={search_term_string}\"},\"query-input\":{\"@type\":\"PropertyValueSpecification\",\"valueRequired\":true,\"valueName\":\"search_term_string\"}}],\"inLanguage\":\"fr-FR\"}]}<\/script>\n<!-- \/ Yoast SEO plugin. -->","yoast_head_json":{"title":"20_personen | Villa Pelangi | Bali maison de vacances 20 personnes","description":"Location de vacances au nord de Bali en bord de mer pour un grand groupe de 20 personnes maximum. Quelque chose \u00e0 c\u00e9l\u00e9brer, par exemple, un mariage \u00e0 Bali","robots":{"index":"index","follow":"follow","max-snippet":"max-snippet:-1","max-image-preview":"max-image-preview:large","max-video-preview":"max-video-preview:-1"},"canonical":"https:\/\/villapelangi.nl\/fr\/maison-de-vacances-a-louer-20-personnes\/","og_locale":"fr_FR","og_type":"article","og_title":"20_personen | Villa Pelangi | Bali maison de vacances 20 personnes","og_description":"Location de vacances au nord de Bali en bord de mer pour un grand groupe de 20 personnes maximum. Quelque chose \u00e0 c\u00e9l\u00e9brer, par exemple, un mariage \u00e0 Bali","og_url":"https:\/\/villapelangi.nl\/fr\/maison-de-vacances-a-louer-20-personnes\/","og_site_name":"Villa Pelangi | Bali","article_modified_time":"2025-03-31T00:20:08+00:00","twitter_card":"summary_large_image","twitter_misc":{"Dur\u00e9e de lecture estim\u00e9e":"1 minute"},"schema":{"@context":"https:\/\/schema.org","@graph":[{"@type":"WebPage","@id":"https:\/\/villapelangi.nl\/fr\/maison-de-vacances-a-louer-20-personnes\/","url":"https:\/\/villapelangi.nl\/fr\/maison-de-vacances-a-louer-20-personnes\/","name":"20_personen | Villa Pelangi | Bali maison de vacances 20 personnes","isPartOf":{"@id":"https:\/\/villapelangi.nl\/#website"},"datePublished":"2018-07-02T14:36:23+00:00","dateModified":"2025-03-31T00:20:08+00:00","description":"Location de vacances au nord de Bali en bord de mer pour un grand groupe de 20 personnes maximum. Quelque chose \u00e0 c\u00e9l\u00e9brer, par exemple, un mariage \u00e0 Bali","breadcrumb":{"@id":"https:\/\/villapelangi.nl\/fr\/maison-de-vacances-a-louer-20-personnes\/#breadcrumb"},"inLanguage":"fr-FR","potentialAction":[{"@type":"ReadAction","target":["https:\/\/villapelangi.nl\/fr\/maison-de-vacances-a-louer-20-personnes\/"]}]},{"@type":"BreadcrumbList","@id":"https:\/\/villapelangi.nl\/fr\/maison-de-vacances-a-louer-20-personnes\/#breadcrumb","itemListElement":[{"@type":"ListItem","position":1,"name":"Home","item":"https:\/\/villapelangi.nl\/fr\/"},{"@type":"ListItem","position":2,"name":"20_personen"}]},{"@type":"WebSite","@id":"https:\/\/villapelangi.nl\/#website","url":"https:\/\/villapelangi.nl\/","name":"Villa Pelangi | Bali","description":"verhuur vakantie huis op Bali","potentialAction":[{"@type":"SearchAction","target":{"@type":"EntryPoint","urlTemplate":"https:\/\/villapelangi.nl\/?s={search_term_string}"},"query-input":{"@type":"PropertyValueSpecification","valueRequired":true,"valueName":"search_term_string"}}],"inLanguage":"fr-FR"}]}},"_links":{"self":[{"href":"https:\/\/villapelangi.nl\/fr\/wp-json\/wp\/v2\/pages\/1913","targetHints":{"allow":["GET"]}}],"collection":[{"href":"https:\/\/villapelangi.nl\/fr\/wp-json\/wp\/v2\/pages"}],"about":[{"href":"https:\/\/villapelangi.nl\/fr\/wp-json\/wp\/v2\/types\/page"}],"author":[{"embeddable":true,"href":"https:\/\/villapelangi.nl\/fr\/wp-json\/wp\/v2\/users\/2"}],"replies":[{"embeddable":true,"href":"https:\/\/villapelangi.nl\/fr\/wp-json\/wp\/v2\/comments?post=1913"}],"version-history":[{"count":5,"href":"https:\/\/villapelangi.nl\/fr\/wp-json\/wp\/v2\/pages\/1913\/revisions"}],"predecessor-version":[{"id":22482,"href":"https:\/\/villapelangi.nl\/fr\/wp-json\/wp\/v2\/pages\/1913\/revisions\/22482"}],"wp:attachment":[{"href":"https:\/\/villapelangi.nl\/fr\/wp-json\/wp\/v2\/media?parent=1913"}],"curies":[{"name":"wp","href":"https:\/\/api.w.org\/{rel}","templated":true}]}}