{"id":213,"date":"2018-07-02T09:30:37","date_gmt":"2018-07-02T09:30:37","guid":{"rendered":"https:\/\/villapelangi.nl\/?page_id=213"},"modified":"2021-05-18T15:31:22","modified_gmt":"2021-05-18T14:31:22","slug":"reservering","status":"publish","type":"page","link":"https:\/\/villapelangi.nl\/fr\/reservering\/","title":{"rendered":"R\u00e9servation"},"content":{"rendered":"<h1><strong>Louer la villa \u00e0 Bali<\/strong><\/h1>\n<p><span class=\"VIiyi\" lang=\"fr\"><span class=\"JLqJ4b ChMk0b\" data-language-for-alternatives=\"fr\" data-language-to-translate-into=\"nl\" data-phrase-index=\"0\"><br \/>\n<a href=\"mailto:info@villapelangi.nl\" target=\"_blank\" rel=\"noopener\">info@villapelangi.nl<\/a><\/span><\/span><\/p>\n<p>Remplissez le formulaire ci-dessous pour r\u00e9server \/ louer la villa en bord de plage &#8220;Villa Pelangi&#8221;.<\/p>\n<div class=\"text-wrap tlid-copy-target\">\n<div class=\"result-shield-container tlid-copy-target\"><span class=\"tlid-translation translation\"><span style=\"text-decoration: underline;\"><strong><span class=\"\" title=\"\">ATTENTION!<\/span><\/strong><\/span> <span class=\"\" title=\"\">notre site Web est prot\u00e9g\u00e9 contre le spam, ne placez pas de site Web ni d&#8217;adresses \u00e9lectroniques dans la fen\u00eatre de message, vous recevrez un message d&#8217;erreur.<\/span><br \/>\n<span title=\"\">Votre message ne peut pas \u00eatre envoy\u00e9.<\/span><\/span><\/div>\n<\/div>\n<div class=\"tlid-result-transliteration-container result-transliteration-container transliteration-container\">\n<div class=\"tlid-transliteration-content transliteration-content full\"><\/div>\n<\/div>\n<div class=\"row\">\n<div class=\"col-12 col-sm-8\">\n<div class=\"wpcf7 no-js\" id=\"wpcf7-f212-o1\" lang=\"nl-NL\" dir=\"ltr\" data-wpcf7-id=\"212\">\n<div class=\"screen-reader-response\"><p role=\"status\" aria-live=\"polite\" aria-atomic=\"true\"><\/p> <ul><\/ul><\/div>\n<form action=\"\/fr\/wp-json\/wp\/v2\/pages\/213#wpcf7-f212-o1\" method=\"post\" class=\"wpcf7-form init\" aria-label=\"Formulaire de contact\" novalidate=\"novalidate\" data-status=\"init\">\n<fieldset class=\"hidden-fields-container\"><input type=\"hidden\" name=\"_wpcf7\" value=\"212\" \/><input type=\"hidden\" name=\"_wpcf7_version\" value=\"6.1.5\" \/><input type=\"hidden\" name=\"_wpcf7_locale\" value=\"nl_NL\" \/><input type=\"hidden\" name=\"_wpcf7_unit_tag\" value=\"wpcf7-f212-o1\" \/><input type=\"hidden\" name=\"_wpcf7_container_post\" value=\"0\" \/><input type=\"hidden\" name=\"_wpcf7_posted_data_hash\" value=\"\" \/><input type=\"hidden\" name=\"_wpcf7_recaptcha_response\" value=\"\" \/>\n<\/fieldset>\n<p><label>Pr\u00e9nom:*<br \/>\n<span class=\"wpcf7-form-control-wrap\" data-name=\"your-name\"><input size=\"40\" maxlength=\"400\" class=\"wpcf7-form-control wpcf7-text wpcf7-validates-as-required\" aria-required=\"true\" aria-invalid=\"false\" value=\"\" type=\"text\" name=\"your-name\" \/><\/span> <\/label><br \/>\n<label>Nom:*<br \/>\n<span class=\"wpcf7-form-control-wrap\" data-name=\"your-surname\"><input size=\"40\" maxlength=\"400\" class=\"wpcf7-form-control wpcf7-text wpcf7-validates-as-required\" aria-required=\"true\" aria-invalid=\"false\" value=\"\" type=\"text\" name=\"your-surname\" \/><\/span> <\/label><br \/>\n<label>Courriel:*<br \/>\n<span class=\"wpcf7-form-control-wrap\" data-name=\"your-email\"><input size=\"40\" maxlength=\"400\" class=\"wpcf7-form-control wpcf7-email wpcf7-validates-as-required wpcf7-text wpcf7-validates-as-email\" aria-required=\"true\" aria-invalid=\"false\" value=\"\" type=\"email\" name=\"your-email\" \/><\/span> <\/label><br \/>\n<label>N\u00b0 de t\u00e9l\u00e9phone:*<br \/>\n<span class=\"wpcf7-form-control-wrap\" data-name=\"your-tel\"><input size=\"40\" maxlength=\"400\" class=\"wpcf7-form-control wpcf7-tel wpcf7-validates-as-required wpcf7-text wpcf7-validates-as-tel\" aria-required=\"true\" aria-invalid=\"false\" value=\"\" type=\"tel\" name=\"your-tel\" \/><\/span> <\/label><br \/>\n<label>Adresse:*<br \/>\n<span class=\"wpcf7-form-control-wrap\" data-name=\"your-adres\"><input size=\"40\" maxlength=\"400\" class=\"wpcf7-form-control wpcf7-text wpcf7-validates-as-required\" aria-required=\"true\" aria-invalid=\"false\" value=\"\" type=\"text\" name=\"your-adres\" \/><\/span> <\/label><br \/>\n<label>Localit\u00e9:*<br \/>\n<span class=\"wpcf7-form-control-wrap\" data-name=\"your-place\"><input size=\"40\" maxlength=\"400\" class=\"wpcf7-form-control wpcf7-text wpcf7-validates-as-required\" aria-required=\"true\" aria-invalid=\"false\" value=\"\" type=\"text\" name=\"your-place\" \/><\/span> <\/label><br \/>\n<label>Pays:*<br \/>\n<span class=\"wpcf7-form-control-wrap\" data-name=\"your-country\"><select class=\"wpcf7-form-control wpcf7-select\" aria-invalid=\"false\" name=\"your-country\"><option value=\"Aruba\">Aruba<\/option><option value=\"Afghanistan\">Afghanistan<\/option><option value=\"Angola\">Angola<\/option><option value=\"Albania\">Albania<\/option><option value=\"Andorra\">Andorra<\/option><option value=\"United Arab Emirates\">United Arab Emirates<\/option><option value=\"Argentina\">Argentina<\/option><option value=\"Armenia\">Armenia<\/option><option value=\"American Samoa\">American Samoa<\/option><option value=\"Antigua and Barbuda\">Antigua and Barbuda<\/option><option value=\"Australia\">Australia<\/option><option value=\"Austria\">Austria<\/option><option value=\"Azerbaijan\">Azerbaijan<\/option><option value=\"Burundi\">Burundi<\/option><option value=\"Belgium\">Belgium<\/option><option value=\"Benin\">Benin<\/option><option value=\"Burkina Faso\">Burkina Faso<\/option><option value=\"Bangladesh\">Bangladesh<\/option><option value=\"Bulgaria\">Bulgaria<\/option><option value=\"Bahrain\">Bahrain<\/option><option value=\"Bahamas\">Bahamas<\/option><option value=\"Bosnia and Herzegovina\">Bosnia and Herzegovina<\/option><option value=\"Belarus\">Belarus<\/option><option value=\"Belize\">Belize<\/option><option value=\"Bermuda\">Bermuda<\/option><option value=\"Bolivia, Plurinational State of\">Bolivia, Plurinational State of<\/option><option value=\"Brazil\">Brazil<\/option><option value=\"Barbados\">Barbados<\/option><option value=\"Brunei Darussalam\">Brunei Darussalam<\/option><option value=\"Bhutan\">Bhutan<\/option><option value=\"Botswana\">Botswana<\/option><option value=\"Central African Republic\">Central African Republic<\/option><option value=\"Canada\">Canada<\/option><option value=\"Switzerland\">Switzerland<\/option><option value=\"Chile\">Chile<\/option><option value=\"China\">China<\/option><option value=\"C\u00f4te d&#039;Ivoire\">C\u00f4te d&#039;Ivoire<\/option><option value=\"Cameroon\">Cameroon<\/option><option value=\"Congo, Democratic Republic of the\">Congo, Democratic Republic of the<\/option><option value=\"Congo\">Congo<\/option><option value=\"Cook Islands\">Cook Islands<\/option><option value=\"Colombia\">Colombia<\/option><option value=\"Comoros\">Comoros<\/option><option value=\"Cabo Verde\">Cabo Verde<\/option><option value=\"Costa Rica\">Costa Rica<\/option><option value=\"Cuba\">Cuba<\/option><option value=\"Cayman Islands\">Cayman Islands<\/option><option value=\"Cyprus\">Cyprus<\/option><option value=\"Czechia\">Czechia<\/option><option value=\"Germany\">Germany<\/option><option value=\"Djibouti\">Djibouti<\/option><option value=\"Dominica\">Dominica<\/option><option value=\"Denmark\">Denmark<\/option><option value=\"Dominican Republic\">Dominican Republic<\/option><option value=\"Algeria\">Algeria<\/option><option value=\"Ecuador\">Ecuador<\/option><option value=\"Egypt\">Egypt<\/option><option value=\"Eritrea\">Eritrea<\/option><option value=\"Spain\">Spain<\/option><option value=\"Estonia\">Estonia<\/option><option value=\"Ethiopia\">Ethiopia<\/option><option value=\"Finland\">Finland<\/option><option value=\"Fiji\">Fiji<\/option><option value=\"France\">France<\/option><option value=\"Micronesia, Federated States of\">Micronesia, Federated States of<\/option><option value=\"Gabon\">Gabon<\/option><option value=\"United Kingdom of Great Britain and Northern Ireland\">United Kingdom of Great Britain and Northern Ireland<\/option><option value=\"Georgia\">Georgia<\/option><option value=\"Ghana\">Ghana<\/option><option value=\"Guinea\">Guinea<\/option><option value=\"Gambia\">Gambia<\/option><option value=\"Guinea-Bissau\">Guinea-Bissau<\/option><option value=\"Equatorial Guinea\">Equatorial Guinea<\/option><option value=\"Greece\">Greece<\/option><option value=\"Grenada\">Grenada<\/option><option value=\"Guatemala\">Guatemala<\/option><option value=\"Guam\">Guam<\/option><option value=\"Guyana\">Guyana<\/option><option value=\"Hong Kong\">Hong Kong<\/option><option value=\"Honduras\">Honduras<\/option><option value=\"Croatia\">Croatia<\/option><option value=\"Haiti\">Haiti<\/option><option value=\"Hungary\">Hungary<\/option><option value=\"Indonesia\">Indonesia<\/option><option value=\"India\">India<\/option><option value=\"Ireland\">Ireland<\/option><option value=\"Iran, Islamic Republic of\">Iran, Islamic Republic of<\/option><option value=\"Iraq\">Iraq<\/option><option value=\"Iceland\">Iceland<\/option><option value=\"Israel\">Israel<\/option><option value=\"Italy\">Italy<\/option><option value=\"Jamaica\">Jamaica<\/option><option value=\"Jordan\">Jordan<\/option><option value=\"Japan\">Japan<\/option><option value=\"Kazakhstan\">Kazakhstan<\/option><option value=\"Kenya\">Kenya<\/option><option value=\"Kyrgyzstan\">Kyrgyzstan<\/option><option value=\"Cambodia\">Cambodia<\/option><option value=\"Kiribati\">Kiribati<\/option><option value=\"Saint Kitts and Nevis\">Saint Kitts and Nevis<\/option><option value=\"Korea, Republic of\">Korea, Republic of<\/option><option value=\"Kuwait\">Kuwait<\/option><option value=\"Lao People&#039;s Democratic Republic\">Lao People&#039;s Democratic Republic<\/option><option value=\"Lebanon\">Lebanon<\/option><option value=\"Liberia\">Liberia<\/option><option value=\"Libya\">Libya<\/option><option value=\"Saint Lucia\">Saint Lucia<\/option><option value=\"Liechtenstein\">Liechtenstein<\/option><option value=\"Sri Lanka\">Sri Lanka<\/option><option value=\"Lesotho\">Lesotho<\/option><option value=\"Lithuania\">Lithuania<\/option><option value=\"Luxembourg\">Luxembourg<\/option><option value=\"Latvia\">Latvia<\/option><option value=\"Morocco\">Morocco<\/option><option value=\"Monaco\">Monaco<\/option><option value=\"Moldova, Republic of\">Moldova, Republic of<\/option><option value=\"Madagascar\">Madagascar<\/option><option value=\"Maldives\">Maldives<\/option><option value=\"Mexico\">Mexico<\/option><option value=\"Marshall Islands\">Marshall Islands<\/option><option value=\"North Macedonia\">North Macedonia<\/option><option value=\"Mali\">Mali<\/option><option value=\"Malta\">Malta<\/option><option value=\"Myanmar\">Myanmar<\/option><option value=\"Montenegro\">Montenegro<\/option><option value=\"Mongolia\">Mongolia<\/option><option value=\"Mozambique\">Mozambique<\/option><option value=\"Mauritania\">Mauritania<\/option><option value=\"Mauritius\">Mauritius<\/option><option value=\"Malawi\">Malawi<\/option><option value=\"Malaysia\">Malaysia<\/option><option value=\"Namibia\">Namibia<\/option><option value=\"Niger\">Niger<\/option><option value=\"Nigeria\">Nigeria<\/option><option value=\"Nicaragua\">Nicaragua<\/option><option value=\"Netherlands, Kingdom of the\">Netherlands, Kingdom of the<\/option><option value=\"Norway\">Norway<\/option><option value=\"Nepal\">Nepal<\/option><option value=\"Nauru\">Nauru<\/option><option value=\"New Zealand\">New Zealand<\/option><option value=\"Oman\">Oman<\/option><option value=\"Pakistan\">Pakistan<\/option><option value=\"Panama\">Panama<\/option><option value=\"Peru\">Peru<\/option><option value=\"Philippines\">Philippines<\/option><option value=\"Palau\">Palau<\/option><option value=\"Papua New Guinea\">Papua New Guinea<\/option><option value=\"Poland\">Poland<\/option><option value=\"Puerto Rico\">Puerto Rico<\/option><option value=\"Korea, Democratic People&#039;s Republic of\">Korea, Democratic People&#039;s Republic of<\/option><option value=\"Portugal\">Portugal<\/option><option value=\"Paraguay\">Paraguay<\/option><option value=\"Palestine, State of\">Palestine, State of<\/option><option value=\"Qatar\">Qatar<\/option><option value=\"Romania\">Romania<\/option><option value=\"Russian Federation\">Russian Federation<\/option><option value=\"Rwanda\">Rwanda<\/option><option value=\"Saudi Arabia\">Saudi Arabia<\/option><option value=\"Sudan\">Sudan<\/option><option value=\"Senegal\">Senegal<\/option><option value=\"Singapore\">Singapore<\/option><option value=\"Solomon Islands\">Solomon Islands<\/option><option value=\"Sierra Leone\">Sierra Leone<\/option><option value=\"El Salvador\">El Salvador<\/option><option value=\"San Marino\">San Marino<\/option><option value=\"Somalia\">Somalia<\/option><option value=\"Serbia\">Serbia<\/option><option value=\"South Sudan\">South Sudan<\/option><option value=\"Sao Tome and Principe\">Sao Tome and Principe<\/option><option value=\"Suriname\">Suriname<\/option><option value=\"Slovakia\">Slovakia<\/option><option value=\"Slovenia\">Slovenia<\/option><option value=\"Sweden\">Sweden<\/option><option value=\"Eswatini\">Eswatini<\/option><option value=\"Seychelles\">Seychelles<\/option><option value=\"Syrian Arab Republic\">Syrian Arab Republic<\/option><option value=\"Chad\">Chad<\/option><option value=\"Togo\">Togo<\/option><option value=\"Thailand\">Thailand<\/option><option value=\"Tajikistan\">Tajikistan<\/option><option value=\"Turkmenistan\">Turkmenistan<\/option><option value=\"Timor-Leste\">Timor-Leste<\/option><option value=\"Tonga\">Tonga<\/option><option value=\"Trinidad and Tobago\">Trinidad and Tobago<\/option><option value=\"Tunisia\">Tunisia<\/option><option value=\"T\u00fcrkiye\">T\u00fcrkiye<\/option><option value=\"Tuvalu\">Tuvalu<\/option><option value=\"Taiwan, Province of China\">Taiwan, Province of China<\/option><option value=\"Tanzania, United Republic of\">Tanzania, United Republic of<\/option><option value=\"Uganda\">Uganda<\/option><option value=\"Ukraine\">Ukraine<\/option><option value=\"Uruguay\">Uruguay<\/option><option value=\"United States of America\">United States of America<\/option><option value=\"Uzbekistan\">Uzbekistan<\/option><option value=\"Saint Vincent and the Grenadines\">Saint Vincent and the Grenadines<\/option><option value=\"Venezuela, Bolivarian Republic of\">Venezuela, Bolivarian Republic of<\/option><option value=\"Virgin Islands, British\">Virgin Islands, British<\/option><option value=\"Virgin Islands, U.S.\">Virgin Islands, U.S.<\/option><option value=\"Viet Nam\">Viet Nam<\/option><option value=\"Vanuatu\">Vanuatu<\/option><option value=\"Samoa\">Samoa<\/option><option value=\"Yemen\">Yemen<\/option><option value=\"South Africa\">South Africa<\/option><option value=\"Zambia\">Zambia<\/option><option value=\"Zimbabwe\">Zimbabwe<\/option><\/select><\/span> <\/label><br \/>\n<label>Date d\u2019arriv\u00e9e:*<br \/>\n<span class=\"wpcf7-form-control-wrap\" data-name=\"your-aankomst\"><input class=\"wpcf7-form-control wpcf7-date wpcf7-validates-as-required wpcf7-validates-as-date required\" min=\"2018-01-01\" max=\"2030-12-31\" step=\"1\" aria-required=\"true\" aria-invalid=\"false\" value=\"\" type=\"date\" name=\"your-aankomst\" \/><\/span> <\/label><label>Date de d\u00e9part:*<br \/>\n<span class=\"wpcf7-form-control-wrap\" data-name=\"your-vertrek\"><input class=\"wpcf7-form-control wpcf7-date wpcf7-validates-as-required wpcf7-validates-as-date required\" min=\"2018-01-01\" max=\"2030-12-31\" step=\"1\" aria-required=\"true\" aria-invalid=\"false\" value=\"\" type=\"date\" name=\"your-vertrek\" \/><\/span> <\/label><br \/>\n<label>Nombre de personnes:*<br \/>\n<span class=\"wpcf7-form-control-wrap\" data-name=\"your-personen\"><select class=\"wpcf7-form-control wpcf7-select wpcf7-validates-as-required\" aria-required=\"true\" aria-invalid=\"false\" name=\"your-personen\"><option value=\"\">&#8212;Veuillez choisir une option&#8212;<\/option><option value=\"1\">1<\/option><option value=\"2\">2<\/option><option value=\"3\">3<\/option><option value=\"4\">4<\/option><option value=\"5\">5<\/option><option value=\"6\">6<\/option><option value=\"7\">7<\/option><option value=\"8\">8<\/option><option value=\"9\">9<\/option><option value=\"10\">10<\/option><option value=\"11\">11<\/option><option value=\"12\">12<\/option><\/select><\/span> <\/label><br \/>\n<label>Autres questions:<br \/>\n<span class=\"wpcf7-form-control-wrap\" data-name=\"your-bericht\"><textarea cols=\"40\" rows=\"10\" maxlength=\"2000\" class=\"wpcf7-form-control wpcf7-textarea\" aria-invalid=\"false\" name=\"your-bericht\"><\/textarea><\/span>\t <\/label><br \/>\n\n<\/p>\n<p><input class=\"wpcf7-form-control wpcf7-submit has-spinner\" type=\"submit\" value=\"Envoyer\" \/>\n<\/p>\n<p>(* Champs obligatoires)\n<\/p><div class=\"wpcf7-response-output\" aria-hidden=\"true\"><\/div>\n<\/form>\n<\/div>\n<\/div>\n<div class=\"col-12 col-sm-4\">\n<p><a href=\"https:\/\/villapelangi.nl\/wp-content\/uploads\/2018\/07\/waterval-7.jpg\"><img loading=\"lazy\" decoding=\"async\" class=\"alignnone wp-image-364\" src=\"https:\/\/villapelangi.nl\/wp-content\/uploads\/2018\/07\/waterval-7-300x282.jpg\" alt=\"\" width=\"197\" height=\"185\" srcset=\"https:\/\/villapelangi.nl\/wp-content\/uploads\/2018\/07\/waterval-7-300x282.jpg 300w, https:\/\/villapelangi.nl\/wp-content\/uploads\/2018\/07\/waterval-7.jpg 319w\" sizes=\"auto, (max-width: 197px) 100vw, 197px\" \/><\/a> <a href=\"https:\/\/villapelangi.nl\/wp-content\/uploads\/2018\/07\/Botanische-tuin-2.jpg\"><img loading=\"lazy\" decoding=\"async\" class=\"alignnone wp-image-385\" src=\"https:\/\/villapelangi.nl\/wp-content\/uploads\/2018\/07\/Botanische-tuin-2-300x207.jpg\" alt=\"\" width=\"268\" height=\"185\" srcset=\"https:\/\/villapelangi.nl\/wp-content\/uploads\/2018\/07\/Botanische-tuin-2-300x207.jpg 300w, https:\/\/villapelangi.nl\/wp-content\/uploads\/2018\/07\/Botanische-tuin-2.jpg 350w\" sizes=\"auto, (max-width: 268px) 100vw, 268px\" \/><\/a><\/p>\n<div class=\"imright\"><\/div>\n<\/div>\n<\/div>\n","protected":false},"excerpt":{"rendered":"<p>Louer la villa \u00e0 Bali info@villapelangi.nl Remplissez le formulaire ci-dessous pour r\u00e9server \/ louer la villa en bord de plage &#8220;Villa Pelangi&#8221;. ATTENTION! notre site Web est prot\u00e9g\u00e9 contre le spam, ne placez pas de site Web ni d&#8217;adresses \u00e9lectroniques dans la fen\u00eatre de message, vous recevrez un message d&#8217;erreur. Votre message ne peut pas [&hellip;]<\/p>\n","protected":false},"author":2,"featured_media":0,"parent":0,"menu_order":0,"comment_status":"closed","ping_status":"closed","template":"","meta":{"_acf_changed":false,"_exactmetrics_skip_tracking":false,"_exactmetrics_sitenote_active":false,"_exactmetrics_sitenote_note":"","_exactmetrics_sitenote_category":0,"footnotes":""},"class_list":["post-213","page","type-page","status-publish","hentry"],"acf":[],"yoast_head":"<!-- This site is optimized with the Yoast SEO plugin v27.4 - https:\/\/yoast.com\/product\/yoast-seo-wordpress\/ -->\n<title>R\u00e9servation | Villa Pelangi | Bali<\/title>\n<meta name=\"description\" content=\"Reservation location de vacances de Prestige villa Villa Pelangi Bali\" \/>\n<meta name=\"robots\" content=\"index, follow, max-snippet:-1, max-image-preview:large, max-video-preview:-1\" \/>\n<link rel=\"canonical\" href=\"https:\/\/villapelangi.nl\/fr\/reservering\/\" \/>\n<meta property=\"og:locale\" content=\"fr_FR\" \/>\n<meta property=\"og:type\" content=\"article\" \/>\n<meta property=\"og:title\" content=\"R\u00e9servation | Villa Pelangi | Bali\" \/>\n<meta property=\"og:description\" content=\"Reservation location de vacances de Prestige villa Villa Pelangi Bali\" \/>\n<meta property=\"og:url\" content=\"https:\/\/villapelangi.nl\/fr\/reservering\/\" \/>\n<meta property=\"og:site_name\" content=\"Villa Pelangi | Bali\" \/>\n<meta property=\"article:modified_time\" content=\"2021-05-18T14:31:22+00:00\" \/>\n<meta property=\"og:image\" content=\"https:\/\/villapelangi.nl\/wp-content\/uploads\/2018\/07\/waterval-7-300x282.jpg\" \/>\n<meta name=\"twitter:card\" content=\"summary_large_image\" \/>\n<meta name=\"twitter:label1\" content=\"Dur\u00e9e de lecture estim\u00e9e\" \/>\n\t<meta name=\"twitter:data1\" content=\"1 minute\" \/>\n<script type=\"application\/ld+json\" class=\"yoast-schema-graph\">{\"@context\":\"https:\\\/\\\/schema.org\",\"@graph\":[{\"@type\":\"WebPage\",\"@id\":\"https:\\\/\\\/villapelangi.nl\\\/fr\\\/reservering\\\/\",\"url\":\"https:\\\/\\\/villapelangi.nl\\\/fr\\\/reservering\\\/\",\"name\":\"R\u00e9servation | Villa Pelangi | Bali\",\"isPartOf\":{\"@id\":\"https:\\\/\\\/villapelangi.nl\\\/#website\"},\"primaryImageOfPage\":{\"@id\":\"https:\\\/\\\/villapelangi.nl\\\/fr\\\/reservering\\\/#primaryimage\"},\"image\":{\"@id\":\"https:\\\/\\\/villapelangi.nl\\\/fr\\\/reservering\\\/#primaryimage\"},\"thumbnailUrl\":\"https:\\\/\\\/villapelangi.nl\\\/wp-content\\\/uploads\\\/2018\\\/07\\\/waterval-7-300x282.jpg\",\"datePublished\":\"2018-07-02T09:30:37+00:00\",\"dateModified\":\"2021-05-18T14:31:22+00:00\",\"description\":\"Reservation location de vacances de Prestige villa Villa Pelangi Bali\",\"breadcrumb\":{\"@id\":\"https:\\\/\\\/villapelangi.nl\\\/fr\\\/reservering\\\/#breadcrumb\"},\"inLanguage\":\"fr-FR\",\"potentialAction\":[{\"@type\":\"ReadAction\",\"target\":[\"https:\\\/\\\/villapelangi.nl\\\/fr\\\/reservering\\\/\"]}]},{\"@type\":\"ImageObject\",\"inLanguage\":\"fr-FR\",\"@id\":\"https:\\\/\\\/villapelangi.nl\\\/fr\\\/reservering\\\/#primaryimage\",\"url\":\"https:\\\/\\\/villapelangi.nl\\\/wp-content\\\/uploads\\\/2018\\\/07\\\/waterval-7-300x282.jpg\",\"contentUrl\":\"https:\\\/\\\/villapelangi.nl\\\/wp-content\\\/uploads\\\/2018\\\/07\\\/waterval-7-300x282.jpg\"},{\"@type\":\"BreadcrumbList\",\"@id\":\"https:\\\/\\\/villapelangi.nl\\\/fr\\\/reservering\\\/#breadcrumb\",\"itemListElement\":[{\"@type\":\"ListItem\",\"position\":1,\"name\":\"Home\",\"item\":\"https:\\\/\\\/villapelangi.nl\\\/fr\\\/\"},{\"@type\":\"ListItem\",\"position\":2,\"name\":\"R\u00e9servation\"}]},{\"@type\":\"WebSite\",\"@id\":\"https:\\\/\\\/villapelangi.nl\\\/#website\",\"url\":\"https:\\\/\\\/villapelangi.nl\\\/\",\"name\":\"Villa Pelangi | Bali\",\"description\":\"verhuur vakantie huis op Bali\",\"potentialAction\":[{\"@type\":\"SearchAction\",\"target\":{\"@type\":\"EntryPoint\",\"urlTemplate\":\"https:\\\/\\\/villapelangi.nl\\\/?s={search_term_string}\"},\"query-input\":{\"@type\":\"PropertyValueSpecification\",\"valueRequired\":true,\"valueName\":\"search_term_string\"}}],\"inLanguage\":\"fr-FR\"}]}<\/script>\n<!-- \/ Yoast SEO plugin. -->","yoast_head_json":{"title":"R\u00e9servation | Villa Pelangi | Bali","description":"Reservation location de vacances de Prestige villa Villa Pelangi Bali","robots":{"index":"index","follow":"follow","max-snippet":"max-snippet:-1","max-image-preview":"max-image-preview:large","max-video-preview":"max-video-preview:-1"},"canonical":"https:\/\/villapelangi.nl\/fr\/reservering\/","og_locale":"fr_FR","og_type":"article","og_title":"R\u00e9servation | Villa Pelangi | Bali","og_description":"Reservation location de vacances de Prestige villa Villa Pelangi Bali","og_url":"https:\/\/villapelangi.nl\/fr\/reservering\/","og_site_name":"Villa Pelangi | Bali","article_modified_time":"2021-05-18T14:31:22+00:00","og_image":[{"url":"https:\/\/villapelangi.nl\/wp-content\/uploads\/2018\/07\/waterval-7-300x282.jpg","type":"","width":"","height":""}],"twitter_card":"summary_large_image","twitter_misc":{"Dur\u00e9e de lecture estim\u00e9e":"1 minute"},"schema":{"@context":"https:\/\/schema.org","@graph":[{"@type":"WebPage","@id":"https:\/\/villapelangi.nl\/fr\/reservering\/","url":"https:\/\/villapelangi.nl\/fr\/reservering\/","name":"R\u00e9servation | Villa Pelangi | Bali","isPartOf":{"@id":"https:\/\/villapelangi.nl\/#website"},"primaryImageOfPage":{"@id":"https:\/\/villapelangi.nl\/fr\/reservering\/#primaryimage"},"image":{"@id":"https:\/\/villapelangi.nl\/fr\/reservering\/#primaryimage"},"thumbnailUrl":"https:\/\/villapelangi.nl\/wp-content\/uploads\/2018\/07\/waterval-7-300x282.jpg","datePublished":"2018-07-02T09:30:37+00:00","dateModified":"2021-05-18T14:31:22+00:00","description":"Reservation location de vacances de Prestige villa Villa Pelangi Bali","breadcrumb":{"@id":"https:\/\/villapelangi.nl\/fr\/reservering\/#breadcrumb"},"inLanguage":"fr-FR","potentialAction":[{"@type":"ReadAction","target":["https:\/\/villapelangi.nl\/fr\/reservering\/"]}]},{"@type":"ImageObject","inLanguage":"fr-FR","@id":"https:\/\/villapelangi.nl\/fr\/reservering\/#primaryimage","url":"https:\/\/villapelangi.nl\/wp-content\/uploads\/2018\/07\/waterval-7-300x282.jpg","contentUrl":"https:\/\/villapelangi.nl\/wp-content\/uploads\/2018\/07\/waterval-7-300x282.jpg"},{"@type":"BreadcrumbList","@id":"https:\/\/villapelangi.nl\/fr\/reservering\/#breadcrumb","itemListElement":[{"@type":"ListItem","position":1,"name":"Home","item":"https:\/\/villapelangi.nl\/fr\/"},{"@type":"ListItem","position":2,"name":"R\u00e9servation"}]},{"@type":"WebSite","@id":"https:\/\/villapelangi.nl\/#website","url":"https:\/\/villapelangi.nl\/","name":"Villa Pelangi | Bali","description":"verhuur vakantie huis op Bali","potentialAction":[{"@type":"SearchAction","target":{"@type":"EntryPoint","urlTemplate":"https:\/\/villapelangi.nl\/?s={search_term_string}"},"query-input":{"@type":"PropertyValueSpecification","valueRequired":true,"valueName":"search_term_string"}}],"inLanguage":"fr-FR"}]}},"_links":{"self":[{"href":"https:\/\/villapelangi.nl\/fr\/wp-json\/wp\/v2\/pages\/213","targetHints":{"allow":["GET"]}}],"collection":[{"href":"https:\/\/villapelangi.nl\/fr\/wp-json\/wp\/v2\/pages"}],"about":[{"href":"https:\/\/villapelangi.nl\/fr\/wp-json\/wp\/v2\/types\/page"}],"author":[{"embeddable":true,"href":"https:\/\/villapelangi.nl\/fr\/wp-json\/wp\/v2\/users\/2"}],"replies":[{"embeddable":true,"href":"https:\/\/villapelangi.nl\/fr\/wp-json\/wp\/v2\/comments?post=213"}],"version-history":[{"count":13,"href":"https:\/\/villapelangi.nl\/fr\/wp-json\/wp\/v2\/pages\/213\/revisions"}],"predecessor-version":[{"id":7530,"href":"https:\/\/villapelangi.nl\/fr\/wp-json\/wp\/v2\/pages\/213\/revisions\/7530"}],"wp:attachment":[{"href":"https:\/\/villapelangi.nl\/fr\/wp-json\/wp\/v2\/media?parent=213"}],"curies":[{"name":"wp","href":"https:\/\/api.w.org\/{rel}","templated":true}]}}