{"id":47,"date":"2018-06-29T09:55:35","date_gmt":"2018-06-29T09:55:35","guid":{"rendered":"https:\/\/villapelangi.nl\/?page_id=47"},"modified":"2025-10-08T05:09:51","modified_gmt":"2025-10-08T04:09:51","slug":"louer-une-villa-a-bali","status":"publish","type":"page","link":"https:\/\/villapelangi.nl\/fr\/","title":{"rendered":"Louer une villa \u00e0 Bali"},"content":{"rendered":"<div id=\"content\">\n<div id=\"content\">\n<h2>Bienvenue \/ <span id=\"result_box\" class=\"short_text\" lang=\"fr\"><span class=\"\">maison de vacances en bord de mer \u00e0 Bali<\/span><\/span><\/h2>\n<p><strong>Louer cette grande villa luxueuse \u00e0 Bali\u00a0<\/strong><em>(6 chambres \/ 4 salles de bains) <\/em>Louer une villa \u00e0 Bali.<br \/>\n<strong><em>Villa Pelangi is a CHSE certified Bali Hotels Association Member property CHSE NO 05527\/2021<\/em><\/strong><\/p>\n<p>Apr\u00e8s un voyage long et probablement fatigant, il est temps de go\u00fbter un repos bien m\u00e9rit\u00e9. Durant votre s\u00e9jour dans cette maison de vacances situ\u00e9e sur l\u2019\u00eele de Bali, notre personnel sera aux petits soins.<br \/>\nVous n\u2019aurez pas \u00e0 vous occuper de quoi que ce soit : cuisine, lessive, m\u00e9nage, courses, jardin ou piscine, notre personnel se charge de tout. Il ne vous restera plus qu\u2019\u00e0 vous d\u00e9tendre au bord de votre propre piscine, situ\u00e9e dans un magnifique jardin tropical avec vue sur la mer.<\/p>\n<table style=\"border-collapse: collapse; width: 100%;\">\n<tbody>\n<tr>\n<td style=\"width: 100%;\"><img loading=\"lazy\" decoding=\"async\" class=\"alignleft wp-image-15274\" title=\"Louer une villa \u00e0 Bali\" src=\"https:\/\/villapelangi.nl\/wp-content\/uploads\/2023\/02\/1-hoofd-foto.jpg\" alt=\"Louer une villa \u00e0 Bali\" width=\"338\" height=\"185\" srcset=\"https:\/\/villapelangi.nl\/wp-content\/uploads\/2023\/02\/1-hoofd-foto.jpg 1020w, https:\/\/villapelangi.nl\/wp-content\/uploads\/2023\/02\/1-hoofd-foto-300x164.jpg 300w, https:\/\/villapelangi.nl\/wp-content\/uploads\/2023\/02\/1-hoofd-foto-768x420.jpg 768w\" sizes=\"auto, (max-width: 338px) 100vw, 338px\" \/><img loading=\"lazy\" decoding=\"async\" class=\"alignleft wp-image-1240\" title=\"Louer une villa \u00e0 Bali\" src=\"https:\/\/villapelangi.nl\/wp-content\/uploads\/2018\/08\/bali-juni-2010-002-1024x768.jpg\" alt=\"Louer une villa \u00e0 Bali\" width=\"247\" height=\"185\" srcset=\"https:\/\/villapelangi.nl\/wp-content\/uploads\/2018\/08\/bali-juni-2010-002-1024x768.jpg 1024w, https:\/\/villapelangi.nl\/wp-content\/uploads\/2018\/08\/bali-juni-2010-002-300x225.jpg 300w, https:\/\/villapelangi.nl\/wp-content\/uploads\/2018\/08\/bali-juni-2010-002-768x576.jpg 768w\" sizes=\"auto, (max-width: 247px) 100vw, 247px\" \/><img loading=\"lazy\" decoding=\"async\" class=\"alignleft wp-image-1162\" title=\"Louer une villa \u00e0 Bali\" src=\"https:\/\/villapelangi.nl\/wp-content\/uploads\/2018\/08\/bali-juni-2009-189-1024x691.jpg\" alt=\"Louer une villa \u00e0 Bali\" width=\"274\" height=\"185\" srcset=\"https:\/\/villapelangi.nl\/wp-content\/uploads\/2018\/08\/bali-juni-2009-189-1024x691.jpg 1024w, https:\/\/villapelangi.nl\/wp-content\/uploads\/2018\/08\/bali-juni-2009-189-300x203.jpg 300w, https:\/\/villapelangi.nl\/wp-content\/uploads\/2018\/08\/bali-juni-2009-189-768x519.jpg 768w\" sizes=\"auto, (max-width: 274px) 100vw, 274px\" \/><\/td>\n<\/tr>\n<\/tbody>\n<\/table>\n<h3>\u00a0 <strong>Des vacances de r\u00eave dans une villa luxueuse sur la plage de Bali<\/strong><\/h3>\n<p>Louer une villa \u00e0 Bali<br \/>\nCe site Internet fournit toutes les informations concernant la location de cette villa de vacances, situ\u00e9e \u00e0 un des plus beaux endroits de l\u2019\u00eele de Bali, \u00e0 15 minutes en voiture de Lovina. Cette villa peut accueillir jusqu\u2019\u00e0 12 personnes. Notre personnel se tient \u00e0 votre disposition 6 jours par semaine afin que vos vacances soient inoubliables, et ceci est inclus dans le prix.<\/p>\n<p><iframe loading=\"lazy\" src=\"https:\/\/www.youtube.com\/embed\/raRKq-LJAzk\" width=\"100%\" height=\"400px\" frameborder=\"0\" allowfullscreen=\"allowfullscreen\" data-mce-fragment=\"1\"><\/iframe><\/p>\n<table style=\"border-collapse: collapse; width: 100%;\">\n<tbody>\n<tr>\n<td style=\"width: 100%;\"><\/td>\n<\/tr>\n<\/tbody>\n<\/table>\n<\/div>\n<\/div>\n","protected":false},"excerpt":{"rendered":"<p>Bienvenue \/ maison de vacances en bord de mer \u00e0 Bali Louer cette grande villa luxueuse \u00e0 Bali\u00a0(6 chambres \/ 4 salles de bains) Louer une villa \u00e0 Bali. Villa Pelangi is a CHSE certified Bali Hotels Association Member property CHSE NO 05527\/2021 Apr\u00e8s un voyage long et probablement fatigant, il est temps de go\u00fbter [&hellip;]<\/p>\n","protected":false},"author":2,"featured_media":0,"parent":0,"menu_order":0,"comment_status":"closed","ping_status":"closed","template":"","meta":{"_acf_changed":false,"_exactmetrics_skip_tracking":false,"_exactmetrics_sitenote_active":false,"_exactmetrics_sitenote_note":"","_exactmetrics_sitenote_category":0,"footnotes":""},"class_list":["post-47","page","type-page","status-publish","hentry"],"acf":[],"yoast_head":"<!-- This site is optimized with the Yoast SEO plugin v27.4 - https:\/\/yoast.com\/product\/yoast-seo-wordpress\/ -->\n<title>Louer une villa \u00e0 Bali | Villa Pelangi | Bali 12 personnes<\/title>\n<meta name=\"description\" content=\"Louer une villa \u00e0 Bali. Des vacances de r\u00eave dans une villa luxueuse sur la plage de Bali. \u00a0Cette villa peut accueillir jusqu\u2019\u00e0 12 personnes.\" \/>\n<meta name=\"robots\" content=\"index, follow, max-snippet:-1, max-image-preview:large, max-video-preview:-1\" \/>\n<link rel=\"canonical\" href=\"https:\/\/villapelangi.nl\/fr\/\" \/>\n<meta property=\"og:locale\" content=\"fr_FR\" \/>\n<meta property=\"og:type\" content=\"article\" \/>\n<meta property=\"og:title\" content=\"Louer une villa \u00e0 Bali\" \/>\n<meta property=\"og:description\" content=\"Louer cette grande villa luxueuse \u00e0 Bali\u00a0(6 chambres \/ 4 salles de bains) Louer une villa \u00e0 Bali.\" \/>\n<meta property=\"og:url\" content=\"https:\/\/villapelangi.nl\/fr\/\" \/>\n<meta property=\"og:site_name\" content=\"Villa Pelangi | Bali\" \/>\n<meta property=\"article:modified_time\" content=\"2025-10-08T04:09:51+00:00\" \/>\n<meta property=\"og:image\" content=\"https:\/\/villapelangi.nl\/wp-content\/uploads\/2023\/02\/1-hoofd-foto.jpg\" \/>\n\t<meta property=\"og:image:width\" content=\"1020\" \/>\n\t<meta property=\"og:image:height\" content=\"558\" \/>\n\t<meta property=\"og:image:type\" content=\"image\/jpeg\" \/>\n<meta name=\"twitter:card\" content=\"summary_large_image\" \/>\n<meta name=\"twitter:label1\" content=\"Dur\u00e9e de lecture estim\u00e9e\" \/>\n\t<meta name=\"twitter:data1\" content=\"2 minutes\" \/>\n<script type=\"application\/ld+json\" class=\"yoast-schema-graph\">{\"@context\":\"https:\\\/\\\/schema.org\",\"@graph\":[{\"@type\":\"WebPage\",\"@id\":\"https:\\\/\\\/villapelangi.nl\\\/fr\\\/\",\"url\":\"https:\\\/\\\/villapelangi.nl\\\/fr\\\/\",\"name\":\"Louer une villa \u00e0 Bali | Villa Pelangi | Bali 12 personnes\",\"isPartOf\":{\"@id\":\"https:\\\/\\\/villapelangi.nl\\\/#website\"},\"primaryImageOfPage\":{\"@id\":\"https:\\\/\\\/villapelangi.nl\\\/fr\\\/#primaryimage\"},\"image\":{\"@id\":\"https:\\\/\\\/villapelangi.nl\\\/fr\\\/#primaryimage\"},\"thumbnailUrl\":\"https:\\\/\\\/villapelangi.nl\\\/wp-content\\\/uploads\\\/2023\\\/02\\\/1-hoofd-foto.jpg\",\"datePublished\":\"2018-06-29T09:55:35+00:00\",\"dateModified\":\"2025-10-08T04:09:51+00:00\",\"description\":\"Louer une villa \u00e0 Bali. Des vacances de r\u00eave dans une villa luxueuse sur la plage de Bali. \u00a0Cette villa peut accueillir jusqu\u2019\u00e0 12 personnes.\",\"breadcrumb\":{\"@id\":\"https:\\\/\\\/villapelangi.nl\\\/fr\\\/#breadcrumb\"},\"inLanguage\":\"fr-FR\",\"potentialAction\":[{\"@type\":\"ReadAction\",\"target\":[\"https:\\\/\\\/villapelangi.nl\\\/fr\\\/\"]}]},{\"@type\":\"ImageObject\",\"inLanguage\":\"fr-FR\",\"@id\":\"https:\\\/\\\/villapelangi.nl\\\/fr\\\/#primaryimage\",\"url\":\"https:\\\/\\\/villapelangi.nl\\\/wp-content\\\/uploads\\\/2023\\\/02\\\/1-hoofd-foto.jpg\",\"contentUrl\":\"https:\\\/\\\/villapelangi.nl\\\/wp-content\\\/uploads\\\/2023\\\/02\\\/1-hoofd-foto.jpg\"},{\"@type\":\"BreadcrumbList\",\"@id\":\"https:\\\/\\\/villapelangi.nl\\\/fr\\\/#breadcrumb\",\"itemListElement\":[{\"@type\":\"ListItem\",\"position\":1,\"name\":\"Home\",\"item\":\"https:\\\/\\\/villapelangi.nl\\\/fr\\\/\"},{\"@type\":\"ListItem\",\"position\":2,\"name\":\"Louer une villa \u00e0 Bali\"}]},{\"@type\":\"WebSite\",\"@id\":\"https:\\\/\\\/villapelangi.nl\\\/#website\",\"url\":\"https:\\\/\\\/villapelangi.nl\\\/\",\"name\":\"Villa Pelangi | Bali\",\"description\":\"verhuur vakantie huis op Bali\",\"potentialAction\":[{\"@type\":\"SearchAction\",\"target\":{\"@type\":\"EntryPoint\",\"urlTemplate\":\"https:\\\/\\\/villapelangi.nl\\\/?s={search_term_string}\"},\"query-input\":{\"@type\":\"PropertyValueSpecification\",\"valueRequired\":true,\"valueName\":\"search_term_string\"}}],\"inLanguage\":\"fr-FR\"}]}<\/script>\n<!-- \/ Yoast SEO plugin. -->","yoast_head_json":{"title":"Louer une villa \u00e0 Bali | Villa Pelangi | Bali 12 personnes","description":"Louer une villa \u00e0 Bali. Des vacances de r\u00eave dans une villa luxueuse sur la plage de Bali. \u00a0Cette villa peut accueillir jusqu\u2019\u00e0 12 personnes.","robots":{"index":"index","follow":"follow","max-snippet":"max-snippet:-1","max-image-preview":"max-image-preview:large","max-video-preview":"max-video-preview:-1"},"canonical":"https:\/\/villapelangi.nl\/fr\/","og_locale":"fr_FR","og_type":"article","og_title":"Louer une villa \u00e0 Bali","og_description":"Louer cette grande villa luxueuse \u00e0 Bali\u00a0(6 chambres \/ 4 salles de bains) Louer une villa \u00e0 Bali.","og_url":"https:\/\/villapelangi.nl\/fr\/","og_site_name":"Villa Pelangi | Bali","article_modified_time":"2025-10-08T04:09:51+00:00","og_image":[{"width":1020,"height":558,"url":"https:\/\/villapelangi.nl\/wp-content\/uploads\/2023\/02\/1-hoofd-foto.jpg","type":"image\/jpeg"}],"twitter_card":"summary_large_image","twitter_misc":{"Dur\u00e9e de lecture estim\u00e9e":"2 minutes"},"schema":{"@context":"https:\/\/schema.org","@graph":[{"@type":"WebPage","@id":"https:\/\/villapelangi.nl\/fr\/","url":"https:\/\/villapelangi.nl\/fr\/","name":"Louer une villa \u00e0 Bali | Villa Pelangi | Bali 12 personnes","isPartOf":{"@id":"https:\/\/villapelangi.nl\/#website"},"primaryImageOfPage":{"@id":"https:\/\/villapelangi.nl\/fr\/#primaryimage"},"image":{"@id":"https:\/\/villapelangi.nl\/fr\/#primaryimage"},"thumbnailUrl":"https:\/\/villapelangi.nl\/wp-content\/uploads\/2023\/02\/1-hoofd-foto.jpg","datePublished":"2018-06-29T09:55:35+00:00","dateModified":"2025-10-08T04:09:51+00:00","description":"Louer une villa \u00e0 Bali. Des vacances de r\u00eave dans une villa luxueuse sur la plage de Bali. \u00a0Cette villa peut accueillir jusqu\u2019\u00e0 12 personnes.","breadcrumb":{"@id":"https:\/\/villapelangi.nl\/fr\/#breadcrumb"},"inLanguage":"fr-FR","potentialAction":[{"@type":"ReadAction","target":["https:\/\/villapelangi.nl\/fr\/"]}]},{"@type":"ImageObject","inLanguage":"fr-FR","@id":"https:\/\/villapelangi.nl\/fr\/#primaryimage","url":"https:\/\/villapelangi.nl\/wp-content\/uploads\/2023\/02\/1-hoofd-foto.jpg","contentUrl":"https:\/\/villapelangi.nl\/wp-content\/uploads\/2023\/02\/1-hoofd-foto.jpg"},{"@type":"BreadcrumbList","@id":"https:\/\/villapelangi.nl\/fr\/#breadcrumb","itemListElement":[{"@type":"ListItem","position":1,"name":"Home","item":"https:\/\/villapelangi.nl\/fr\/"},{"@type":"ListItem","position":2,"name":"Louer une villa \u00e0 Bali"}]},{"@type":"WebSite","@id":"https:\/\/villapelangi.nl\/#website","url":"https:\/\/villapelangi.nl\/","name":"Villa Pelangi | Bali","description":"verhuur vakantie huis op Bali","potentialAction":[{"@type":"SearchAction","target":{"@type":"EntryPoint","urlTemplate":"https:\/\/villapelangi.nl\/?s={search_term_string}"},"query-input":{"@type":"PropertyValueSpecification","valueRequired":true,"valueName":"search_term_string"}}],"inLanguage":"fr-FR"}]}},"_links":{"self":[{"href":"https:\/\/villapelangi.nl\/fr\/wp-json\/wp\/v2\/pages\/47","targetHints":{"allow":["GET"]}}],"collection":[{"href":"https:\/\/villapelangi.nl\/fr\/wp-json\/wp\/v2\/pages"}],"about":[{"href":"https:\/\/villapelangi.nl\/fr\/wp-json\/wp\/v2\/types\/page"}],"author":[{"embeddable":true,"href":"https:\/\/villapelangi.nl\/fr\/wp-json\/wp\/v2\/users\/2"}],"replies":[{"embeddable":true,"href":"https:\/\/villapelangi.nl\/fr\/wp-json\/wp\/v2\/comments?post=47"}],"version-history":[{"count":15,"href":"https:\/\/villapelangi.nl\/fr\/wp-json\/wp\/v2\/pages\/47\/revisions"}],"predecessor-version":[{"id":22813,"href":"https:\/\/villapelangi.nl\/fr\/wp-json\/wp\/v2\/pages\/47\/revisions\/22813"}],"wp:attachment":[{"href":"https:\/\/villapelangi.nl\/fr\/wp-json\/wp\/v2\/media?parent=47"}],"curies":[{"name":"wp","href":"https:\/\/api.w.org\/{rel}","templated":true}]}}