{"id":96,"date":"2018-06-29T12:34:26","date_gmt":"2018-06-29T12:34:26","guid":{"rendered":"https:\/\/villapelangi.nl\/?page_id=96"},"modified":"2022-03-18T10:30:15","modified_gmt":"2022-03-18T09:30:15","slug":"villa-sur-la-plage-a-bali","status":"publish","type":"page","link":"https:\/\/villapelangi.nl\/fr\/villa-sur-la-plage-a-bali\/","title":{"rendered":"Villa sur la plage \u00e0 Bali"},"content":{"rendered":"<p><span class=\"tlid-translation translation\" lang=\"fr\"><span class=\"\" title=\"\">Location maison vacances Lovina \/ Bali, Villa sur la plage \u00e0 Bali<br \/>\n<\/span><\/span><\/p>\n<h2>Villa Pelangi Bali \/ <span id=\"result_box\" class=\"short_text\" lang=\"fr\"><span class=\"\"><span class=\"VIiyi\" lang=\"fr\"><span class=\"JLqJ4b ChMk0b\" data-language-for-alternatives=\"fr\" data-language-to-translate-into=\"nl\" data-phrase-index=\"0\" data-number-of-phrases=\"1\">Villa sur la plage \u00e0 Bali<\/span><\/span><br \/>\n<\/span><\/span><\/h2>\n<p><strong>Louer une villa sur l\u2019\u00eele de Bali<\/strong><br \/>\nEn plus de la villa situ\u00e9e sur l\u2019\u00eele de Bali, le terrain de 2100 m\u00b2 inclut \u00e9galement un logement d\u2019appoint.<br \/>\nEnsemble, ils peuvent accueillir jusqu\u2019\u00e0 12 personnes \u2013 8 dans la villa et 4 dans le logement d\u2019appoint.<\/p>\n<p><a href=\"https:\/\/villapelangi.nl\/wp-content\/uploads\/2018\/07\/Villa-Pelangi-Bali-1.jpg\"><img loading=\"lazy\" decoding=\"async\" class=\"alignnone wp-image-448\" title=\"Villa sur la plage \u00e0 Bali \" src=\"https:\/\/villapelangi.nl\/wp-content\/uploads\/2018\/07\/Villa-Pelangi-Bali-1-300x225.jpg\" alt=\"Villa sur la plage \u00e0 Bali \" width=\"420\" height=\"315\" srcset=\"https:\/\/villapelangi.nl\/wp-content\/uploads\/2018\/07\/Villa-Pelangi-Bali-1-300x225.jpg 300w, https:\/\/villapelangi.nl\/wp-content\/uploads\/2018\/07\/Villa-Pelangi-Bali-1-768x576.jpg 768w, https:\/\/villapelangi.nl\/wp-content\/uploads\/2018\/07\/Villa-Pelangi-Bali-1-1024x768.jpg 1024w, https:\/\/villapelangi.nl\/wp-content\/uploads\/2018\/07\/Villa-Pelangi-Bali-1.jpg 2007w\" sizes=\"auto, (max-width: 420px) 100vw, 420px\" \/><\/a><img loading=\"lazy\" decoding=\"async\" class=\"alignright wp-image-925\" title=\"Villa sur la plage \u00e0 Bali \" src=\"https:\/\/villapelangi.nl\/wp-content\/uploads\/2018\/08\/CIMG6946-1024x768.jpg\" alt=\"Villa sur la plage \u00e0 Bali \" width=\"420\" height=\"315\" srcset=\"https:\/\/villapelangi.nl\/wp-content\/uploads\/2018\/08\/CIMG6946-1024x768.jpg 1024w, https:\/\/villapelangi.nl\/wp-content\/uploads\/2018\/08\/CIMG6946-300x225.jpg 300w, https:\/\/villapelangi.nl\/wp-content\/uploads\/2018\/08\/CIMG6946-768x576.jpg 768w\" sizes=\"auto, (max-width: 420px) 100vw, 420px\" \/><\/p>\n<p><strong>Villa \u00e0 Bali avec 6 chambres<\/strong><br \/>\nLa villa de Bali dispose de 4 chambres \u00e0 coucher avec lits \u00e0 baldaquins et moustiquaires, 3 salles de bains, une cuisine et un s\u00e9jour spacieux dont les portes-fen\u00eatres donnent sur la terrasse avec vue sur la mer. Le logement d\u2019appoint est compos\u00e9 deux chambre \u00e0 coucher, d\u2019une salle de bains. Toutes les chambres \u00e0 coucher sont \u00e9quip\u00e9es de la climatisation pour une temp\u00e9rature nocturne plus agr\u00e9able. Les draps et les linges de bain sont fournis. Chaque chambre \u00e0 coucher dispose d&#8217;un coffrefort o\u00f9 pouvez ranger vos papiers et votre argent en toute s\u00e9cutit\u00e9.<\/p>\n<p><a href=\"https:\/\/villapelangi.nl\/wp-content\/uploads\/2018\/07\/Villa-Pelangi-Bali-6.jpg\"><img loading=\"lazy\" decoding=\"async\" class=\"alignnone wp-image-453\" title=\"Villa sur la plage \u00e0 Bali \" src=\"https:\/\/villapelangi.nl\/wp-content\/uploads\/2018\/07\/Villa-Pelangi-Bali-6-300x225.jpg\" alt=\"Villa sur la plage \u00e0 Bali \" width=\"267\" height=\"200\" srcset=\"https:\/\/villapelangi.nl\/wp-content\/uploads\/2018\/07\/Villa-Pelangi-Bali-6-300x225.jpg 300w, https:\/\/villapelangi.nl\/wp-content\/uploads\/2018\/07\/Villa-Pelangi-Bali-6-768x576.jpg 768w, https:\/\/villapelangi.nl\/wp-content\/uploads\/2018\/07\/Villa-Pelangi-Bali-6-1024x768.jpg 1024w\" sizes=\"auto, (max-width: 267px) 100vw, 267px\" \/><\/a> <a href=\"https:\/\/villapelangi.nl\/wp-content\/uploads\/2018\/07\/Villa-Pelangi-Bali-7.jpg\"><img loading=\"lazy\" decoding=\"async\" class=\"alignnone wp-image-454\" title=\"Villa sur la plage \u00e0 Bali \" src=\"https:\/\/villapelangi.nl\/wp-content\/uploads\/2018\/07\/Villa-Pelangi-Bali-7-300x203.jpg\" alt=\"Villa sur la plage \u00e0 Bali \" width=\"296\" height=\"200\" srcset=\"https:\/\/villapelangi.nl\/wp-content\/uploads\/2018\/07\/Villa-Pelangi-Bali-7-300x203.jpg 300w, https:\/\/villapelangi.nl\/wp-content\/uploads\/2018\/07\/Villa-Pelangi-Bali-7-768x519.jpg 768w, https:\/\/villapelangi.nl\/wp-content\/uploads\/2018\/07\/Villa-Pelangi-Bali-7-1024x691.jpg 1024w\" sizes=\"auto, (max-width: 296px) 100vw, 296px\" \/><\/a> <a href=\"https:\/\/villapelangi.nl\/wp-content\/uploads\/2018\/07\/Villa-Pelangi-Bali-5.jpg\"><img loading=\"lazy\" decoding=\"async\" class=\"alignnone wp-image-452\" title=\"Villa sur la plage \u00e0 Bali \" src=\"https:\/\/villapelangi.nl\/wp-content\/uploads\/2018\/07\/Villa-Pelangi-Bali-5-300x203.jpg\" alt=\"Villa sur la plage \u00e0 Bali \" width=\"296\" height=\"200\" srcset=\"https:\/\/villapelangi.nl\/wp-content\/uploads\/2018\/07\/Villa-Pelangi-Bali-5-300x203.jpg 300w, https:\/\/villapelangi.nl\/wp-content\/uploads\/2018\/07\/Villa-Pelangi-Bali-5-768x519.jpg 768w, https:\/\/villapelangi.nl\/wp-content\/uploads\/2018\/07\/Villa-Pelangi-Bali-5-1024x691.jpg 1024w\" sizes=\"auto, (max-width: 296px) 100vw, 296px\" \/><\/a><\/p>\n<p><a href=\"https:\/\/villapelangi.nl\/wp-content\/uploads\/2018\/07\/Villa-Pelangi-Bali-4-1.jpg\"><img loading=\"lazy\" decoding=\"async\" class=\"alignnone wp-image-451\" src=\"https:\/\/villapelangi.nl\/wp-content\/uploads\/2018\/07\/Villa-Pelangi-Bali-4-1-300x203.jpg\" alt=\"\" width=\"289\" height=\"195\" srcset=\"https:\/\/villapelangi.nl\/wp-content\/uploads\/2018\/07\/Villa-Pelangi-Bali-4-1-300x203.jpg 300w, https:\/\/villapelangi.nl\/wp-content\/uploads\/2018\/07\/Villa-Pelangi-Bali-4-1-768x519.jpg 768w, https:\/\/villapelangi.nl\/wp-content\/uploads\/2018\/07\/Villa-Pelangi-Bali-4-1-1024x691.jpg 1024w\" sizes=\"auto, (max-width: 289px) 100vw, 289px\" \/><\/a> <a href=\"https:\/\/villapelangi.nl\/wp-content\/uploads\/2018\/07\/Villa-Pelangi-Bali-2.jpg\"><img loading=\"lazy\" decoding=\"async\" class=\"alignnone wp-image-449\" src=\"https:\/\/villapelangi.nl\/wp-content\/uploads\/2018\/07\/Villa-Pelangi-Bali-2-300x203.jpg\" alt=\"\" width=\"289\" height=\"195\" srcset=\"https:\/\/villapelangi.nl\/wp-content\/uploads\/2018\/07\/Villa-Pelangi-Bali-2-300x203.jpg 300w, https:\/\/villapelangi.nl\/wp-content\/uploads\/2018\/07\/Villa-Pelangi-Bali-2-768x519.jpg 768w, https:\/\/villapelangi.nl\/wp-content\/uploads\/2018\/07\/Villa-Pelangi-Bali-2-1024x691.jpg 1024w\" sizes=\"auto, (max-width: 289px) 100vw, 289px\" \/><\/a><a href=\"https:\/\/villapelangi.nl\/wp-content\/uploads\/2018\/07\/Villa-Pelangi-Bali-3.jpg\"><img loading=\"lazy\" decoding=\"async\" class=\"alignnone wp-image-450\" src=\"https:\/\/villapelangi.nl\/wp-content\/uploads\/2018\/07\/Villa-Pelangi-Bali-3-300x203.jpg\" alt=\"\" width=\"289\" height=\"195\" srcset=\"https:\/\/villapelangi.nl\/wp-content\/uploads\/2018\/07\/Villa-Pelangi-Bali-3-300x203.jpg 300w, https:\/\/villapelangi.nl\/wp-content\/uploads\/2018\/07\/Villa-Pelangi-Bali-3-768x519.jpg 768w, https:\/\/villapelangi.nl\/wp-content\/uploads\/2018\/07\/Villa-Pelangi-Bali-3-1024x691.jpg 1024w\" sizes=\"auto, (max-width: 289px) 100vw, 289px\" \/><\/a><\/p>\n<p><strong>Am\u00e9nagement de la maison de vacances \u00e0 Bali<\/strong><br \/>\nLa pi\u00e8ce principale est compos\u00e9e d\u2019un grand coin repas pour huit personnes, d\u2019un grand canap\u00e9 en angle et de fauteuils, d\u2019une table de salon et d\u2019une TV LCD \/ DVD \/ cha\u00eene hifi. La cuisine est \u00e9quip\u00e9e d\u2019un r\u00e9frig\u00e9rateur\/cong\u00e9lateur, d\u2019un rafra\u00eechisseur d\u2019eau, et de tout ce qu\u2019il faut pour servir un repas d\u00e9licieux.<br \/>\n<span id=\"result_box\" class=\"short_text\" lang=\"fr\"><span class=\"hps\">l&#8217;utilisation gratuite<\/span>\u00a0<span class=\"hps\">d&#8217;Internet sans fil<\/span><\/span>.<\/p>\n<p><a href=\"https:\/\/villapelangi.nl\/wp-content\/uploads\/2018\/08\/bali-juni-2009-175.jpg\"><img loading=\"lazy\" decoding=\"async\" class=\"alignleft wp-image-1217\" title=\"Villa sur la plage \u00e0 Bali \" src=\"https:\/\/villapelangi.nl\/wp-content\/uploads\/2018\/08\/bali-juni-2009-175-1024x691.jpg\" alt=\"Villa sur la plage \u00e0 Bali \" width=\"289\" height=\"195\" srcset=\"https:\/\/villapelangi.nl\/wp-content\/uploads\/2018\/08\/bali-juni-2009-175-1024x691.jpg 1024w, https:\/\/villapelangi.nl\/wp-content\/uploads\/2018\/08\/bali-juni-2009-175-300x203.jpg 300w, https:\/\/villapelangi.nl\/wp-content\/uploads\/2018\/08\/bali-juni-2009-175-768x519.jpg 768w\" sizes=\"auto, (max-width: 289px) 100vw, 289px\" \/><\/a> <a href=\"https:\/\/villapelangi.nl\/wp-content\/uploads\/2018\/08\/bali-jan.-2009-095.jpg\"><img loading=\"lazy\" decoding=\"async\" class=\"alignnone wp-image-1213\" title=\"Villa sur la plage \u00e0 Bali \" src=\"https:\/\/villapelangi.nl\/wp-content\/uploads\/2018\/08\/bali-jan.-2009-095-1024x691.jpg\" alt=\"Villa sur la plage \u00e0 Bali \" width=\"289\" height=\"195\" srcset=\"https:\/\/villapelangi.nl\/wp-content\/uploads\/2018\/08\/bali-jan.-2009-095-1024x691.jpg 1024w, https:\/\/villapelangi.nl\/wp-content\/uploads\/2018\/08\/bali-jan.-2009-095-300x203.jpg 300w, https:\/\/villapelangi.nl\/wp-content\/uploads\/2018\/08\/bali-jan.-2009-095-768x519.jpg 768w\" sizes=\"auto, (max-width: 289px) 100vw, 289px\" \/><\/a><a href=\"https:\/\/villapelangi.nl\/wp-content\/uploads\/2018\/08\/bali-juni-2009-178.jpg\"><img loading=\"lazy\" decoding=\"async\" class=\"alignnone wp-image-1158\" title=\"Villa sur la plage \u00e0 Bali \" src=\"https:\/\/villapelangi.nl\/wp-content\/uploads\/2018\/08\/bali-juni-2009-178-1024x691.jpg\" alt=\"Villa sur la plage \u00e0 Bali \" width=\"289\" height=\"195\" srcset=\"https:\/\/villapelangi.nl\/wp-content\/uploads\/2018\/08\/bali-juni-2009-178-1024x691.jpg 1024w, https:\/\/villapelangi.nl\/wp-content\/uploads\/2018\/08\/bali-juni-2009-178-300x203.jpg 300w, https:\/\/villapelangi.nl\/wp-content\/uploads\/2018\/08\/bali-juni-2009-178-768x519.jpg 768w\" sizes=\"auto, (max-width: 289px) 100vw, 289px\" \/><\/a><\/p>\n","protected":false},"excerpt":{"rendered":"<p>Location maison vacances Lovina \/ Bali, Villa sur la plage \u00e0 Bali Villa Pelangi Bali \/ Villa sur la plage \u00e0 Bali Louer une villa sur l\u2019\u00eele de Bali En plus de la villa situ\u00e9e sur l\u2019\u00eele de Bali, le terrain de 2100 m\u00b2 inclut \u00e9galement un logement d\u2019appoint. Ensemble, ils peuvent accueillir jusqu\u2019\u00e0 12 [&hellip;]<\/p>\n","protected":false},"author":2,"featured_media":0,"parent":0,"menu_order":0,"comment_status":"closed","ping_status":"closed","template":"","meta":{"_acf_changed":false,"_exactmetrics_skip_tracking":false,"_exactmetrics_sitenote_active":false,"_exactmetrics_sitenote_note":"","_exactmetrics_sitenote_category":0,"footnotes":""},"class_list":["post-96","page","type-page","status-publish","hentry"],"acf":[],"yoast_head":"<!-- This site is optimized with the Yoast SEO plugin v27.3 - https:\/\/yoast.com\/product\/yoast-seo-wordpress\/ -->\n<title>Villa sur la plage \u00e0 Bali | Villa sur la plage \u00e0 Bali y compris le personnel<\/title>\n<meta name=\"description\" content=\"Villa sur la plage \u00e0 Bali. Louez une villa \u00e0 Bali avec du personnel qui cuisine et nettoie pour vous. Prix \u200b\u200binclus. Grande piscine\" \/>\n<meta name=\"robots\" content=\"index, follow, max-snippet:-1, max-image-preview:large, max-video-preview:-1\" \/>\n<link rel=\"canonical\" href=\"https:\/\/villapelangi.nl\/fr\/villa-sur-la-plage-a-bali\/\" \/>\n<meta property=\"og:locale\" content=\"fr_FR\" \/>\n<meta property=\"og:type\" content=\"article\" \/>\n<meta property=\"og:title\" content=\"Villa sur la plage \u00e0 Bali | Villa sur la plage \u00e0 Bali y compris le personnel\" \/>\n<meta property=\"og:description\" content=\"Villa sur la plage \u00e0 Bali. Louez une villa \u00e0 Bali avec du personnel qui cuisine et nettoie pour vous. Prix \u200b\u200binclus. Grande piscine\" \/>\n<meta property=\"og:url\" content=\"https:\/\/villapelangi.nl\/fr\/villa-sur-la-plage-a-bali\/\" \/>\n<meta property=\"og:site_name\" content=\"Villa Pelangi | Bali\" \/>\n<meta property=\"article:modified_time\" content=\"2022-03-18T09:30:15+00:00\" \/>\n<meta property=\"og:image\" content=\"https:\/\/villapelangi.nl\/wp-content\/uploads\/2018\/07\/Villa-Pelangi-Bali-1-300x225.jpg\" \/>\n<meta name=\"twitter:card\" content=\"summary_large_image\" \/>\n<meta name=\"twitter:label1\" content=\"Dur\u00e9e de lecture estim\u00e9e\" \/>\n\t<meta name=\"twitter:data1\" content=\"4 minutes\" \/>\n<script type=\"application\/ld+json\" class=\"yoast-schema-graph\">{\"@context\":\"https:\\\/\\\/schema.org\",\"@graph\":[{\"@type\":\"WebPage\",\"@id\":\"https:\\\/\\\/villapelangi.nl\\\/fr\\\/villa-sur-la-plage-a-bali\\\/\",\"url\":\"https:\\\/\\\/villapelangi.nl\\\/fr\\\/villa-sur-la-plage-a-bali\\\/\",\"name\":\"Villa sur la plage \u00e0 Bali | Villa sur la plage \u00e0 Bali y compris le personnel\",\"isPartOf\":{\"@id\":\"https:\\\/\\\/villapelangi.nl\\\/#website\"},\"primaryImageOfPage\":{\"@id\":\"https:\\\/\\\/villapelangi.nl\\\/fr\\\/villa-sur-la-plage-a-bali\\\/#primaryimage\"},\"image\":{\"@id\":\"https:\\\/\\\/villapelangi.nl\\\/fr\\\/villa-sur-la-plage-a-bali\\\/#primaryimage\"},\"thumbnailUrl\":\"https:\\\/\\\/villapelangi.nl\\\/wp-content\\\/uploads\\\/2018\\\/07\\\/Villa-Pelangi-Bali-1-300x225.jpg\",\"datePublished\":\"2018-06-29T12:34:26+00:00\",\"dateModified\":\"2022-03-18T09:30:15+00:00\",\"description\":\"Villa sur la plage \u00e0 Bali. Louez une villa \u00e0 Bali avec du personnel qui cuisine et nettoie pour vous. Prix \u200b\u200binclus. Grande piscine\",\"breadcrumb\":{\"@id\":\"https:\\\/\\\/villapelangi.nl\\\/fr\\\/villa-sur-la-plage-a-bali\\\/#breadcrumb\"},\"inLanguage\":\"fr-FR\",\"potentialAction\":[{\"@type\":\"ReadAction\",\"target\":[\"https:\\\/\\\/villapelangi.nl\\\/fr\\\/villa-sur-la-plage-a-bali\\\/\"]}]},{\"@type\":\"ImageObject\",\"inLanguage\":\"fr-FR\",\"@id\":\"https:\\\/\\\/villapelangi.nl\\\/fr\\\/villa-sur-la-plage-a-bali\\\/#primaryimage\",\"url\":\"https:\\\/\\\/villapelangi.nl\\\/wp-content\\\/uploads\\\/2018\\\/07\\\/Villa-Pelangi-Bali-1-300x225.jpg\",\"contentUrl\":\"https:\\\/\\\/villapelangi.nl\\\/wp-content\\\/uploads\\\/2018\\\/07\\\/Villa-Pelangi-Bali-1-300x225.jpg\"},{\"@type\":\"BreadcrumbList\",\"@id\":\"https:\\\/\\\/villapelangi.nl\\\/fr\\\/villa-sur-la-plage-a-bali\\\/#breadcrumb\",\"itemListElement\":[{\"@type\":\"ListItem\",\"position\":1,\"name\":\"Home\",\"item\":\"https:\\\/\\\/villapelangi.nl\\\/fr\\\/\"},{\"@type\":\"ListItem\",\"position\":2,\"name\":\"Villa sur la plage \u00e0 Bali\"}]},{\"@type\":\"WebSite\",\"@id\":\"https:\\\/\\\/villapelangi.nl\\\/#website\",\"url\":\"https:\\\/\\\/villapelangi.nl\\\/\",\"name\":\"Villa Pelangi | Bali\",\"description\":\"verhuur vakantie huis op Bali\",\"potentialAction\":[{\"@type\":\"SearchAction\",\"target\":{\"@type\":\"EntryPoint\",\"urlTemplate\":\"https:\\\/\\\/villapelangi.nl\\\/?s={search_term_string}\"},\"query-input\":{\"@type\":\"PropertyValueSpecification\",\"valueRequired\":true,\"valueName\":\"search_term_string\"}}],\"inLanguage\":\"fr-FR\"}]}<\/script>\n<!-- \/ Yoast SEO plugin. -->","yoast_head_json":{"title":"Villa sur la plage \u00e0 Bali | Villa sur la plage \u00e0 Bali y compris le personnel","description":"Villa sur la plage \u00e0 Bali. Louez une villa \u00e0 Bali avec du personnel qui cuisine et nettoie pour vous. Prix \u200b\u200binclus. Grande piscine","robots":{"index":"index","follow":"follow","max-snippet":"max-snippet:-1","max-image-preview":"max-image-preview:large","max-video-preview":"max-video-preview:-1"},"canonical":"https:\/\/villapelangi.nl\/fr\/villa-sur-la-plage-a-bali\/","og_locale":"fr_FR","og_type":"article","og_title":"Villa sur la plage \u00e0 Bali | Villa sur la plage \u00e0 Bali y compris le personnel","og_description":"Villa sur la plage \u00e0 Bali. Louez une villa \u00e0 Bali avec du personnel qui cuisine et nettoie pour vous. Prix \u200b\u200binclus. Grande piscine","og_url":"https:\/\/villapelangi.nl\/fr\/villa-sur-la-plage-a-bali\/","og_site_name":"Villa Pelangi | Bali","article_modified_time":"2022-03-18T09:30:15+00:00","og_image":[{"url":"https:\/\/villapelangi.nl\/wp-content\/uploads\/2018\/07\/Villa-Pelangi-Bali-1-300x225.jpg","type":"","width":"","height":""}],"twitter_card":"summary_large_image","twitter_misc":{"Dur\u00e9e de lecture estim\u00e9e":"4 minutes"},"schema":{"@context":"https:\/\/schema.org","@graph":[{"@type":"WebPage","@id":"https:\/\/villapelangi.nl\/fr\/villa-sur-la-plage-a-bali\/","url":"https:\/\/villapelangi.nl\/fr\/villa-sur-la-plage-a-bali\/","name":"Villa sur la plage \u00e0 Bali | Villa sur la plage \u00e0 Bali y compris le personnel","isPartOf":{"@id":"https:\/\/villapelangi.nl\/#website"},"primaryImageOfPage":{"@id":"https:\/\/villapelangi.nl\/fr\/villa-sur-la-plage-a-bali\/#primaryimage"},"image":{"@id":"https:\/\/villapelangi.nl\/fr\/villa-sur-la-plage-a-bali\/#primaryimage"},"thumbnailUrl":"https:\/\/villapelangi.nl\/wp-content\/uploads\/2018\/07\/Villa-Pelangi-Bali-1-300x225.jpg","datePublished":"2018-06-29T12:34:26+00:00","dateModified":"2022-03-18T09:30:15+00:00","description":"Villa sur la plage \u00e0 Bali. Louez une villa \u00e0 Bali avec du personnel qui cuisine et nettoie pour vous. Prix \u200b\u200binclus. Grande piscine","breadcrumb":{"@id":"https:\/\/villapelangi.nl\/fr\/villa-sur-la-plage-a-bali\/#breadcrumb"},"inLanguage":"fr-FR","potentialAction":[{"@type":"ReadAction","target":["https:\/\/villapelangi.nl\/fr\/villa-sur-la-plage-a-bali\/"]}]},{"@type":"ImageObject","inLanguage":"fr-FR","@id":"https:\/\/villapelangi.nl\/fr\/villa-sur-la-plage-a-bali\/#primaryimage","url":"https:\/\/villapelangi.nl\/wp-content\/uploads\/2018\/07\/Villa-Pelangi-Bali-1-300x225.jpg","contentUrl":"https:\/\/villapelangi.nl\/wp-content\/uploads\/2018\/07\/Villa-Pelangi-Bali-1-300x225.jpg"},{"@type":"BreadcrumbList","@id":"https:\/\/villapelangi.nl\/fr\/villa-sur-la-plage-a-bali\/#breadcrumb","itemListElement":[{"@type":"ListItem","position":1,"name":"Home","item":"https:\/\/villapelangi.nl\/fr\/"},{"@type":"ListItem","position":2,"name":"Villa sur la plage \u00e0 Bali"}]},{"@type":"WebSite","@id":"https:\/\/villapelangi.nl\/#website","url":"https:\/\/villapelangi.nl\/","name":"Villa Pelangi | Bali","description":"verhuur vakantie huis op Bali","potentialAction":[{"@type":"SearchAction","target":{"@type":"EntryPoint","urlTemplate":"https:\/\/villapelangi.nl\/?s={search_term_string}"},"query-input":{"@type":"PropertyValueSpecification","valueRequired":true,"valueName":"search_term_string"}}],"inLanguage":"fr-FR"}]}},"_links":{"self":[{"href":"https:\/\/villapelangi.nl\/fr\/wp-json\/wp\/v2\/pages\/96","targetHints":{"allow":["GET"]}}],"collection":[{"href":"https:\/\/villapelangi.nl\/fr\/wp-json\/wp\/v2\/pages"}],"about":[{"href":"https:\/\/villapelangi.nl\/fr\/wp-json\/wp\/v2\/types\/page"}],"author":[{"embeddable":true,"href":"https:\/\/villapelangi.nl\/fr\/wp-json\/wp\/v2\/users\/2"}],"replies":[{"embeddable":true,"href":"https:\/\/villapelangi.nl\/fr\/wp-json\/wp\/v2\/comments?post=96"}],"version-history":[{"count":10,"href":"https:\/\/villapelangi.nl\/fr\/wp-json\/wp\/v2\/pages\/96\/revisions"}],"predecessor-version":[{"id":9423,"href":"https:\/\/villapelangi.nl\/fr\/wp-json\/wp\/v2\/pages\/96\/revisions\/9423"}],"wp:attachment":[{"href":"https:\/\/villapelangi.nl\/fr\/wp-json\/wp\/v2\/media?parent=96"}],"curies":[{"name":"wp","href":"https:\/\/api.w.org\/{rel}","templated":true}]}}